{"id":4252,"date":"2024-08-19T03:52:14","date_gmt":"2024-08-19T03:52:14","guid":{"rendered":"https:\/\/www.hg-cooker.com\/?post_type=product&#038;p=4252"},"modified":"2024-08-19T04:37:16","modified_gmt":"2024-08-19T04:37:16","slug":"olla-de-leche-hirviendo-de-acero-inoxidable-al-por-mayor-20","status":"publish","type":"product","link":"https:\/\/www.hg-cooker.com\/es\/producto\/olla-de-leche-hirviendo-de-acero-inoxidable-al-por-mayor-20\/","title":{"rendered":"Mayorista Olla T\u00e9rmica de Cer\u00e1mica 4.5L(4.75qt)"},"content":{"rendered":"<div class=\"wp-block-columns is-layout-flex wp-container-core-columns-is-layout-9d6595d7 wp-block-columns-is-layout-flex\">\n<div class=\"wp-block-column is-layout-flow wp-block-column-is-layout-flow\">\n<h3 class=\"wp-block-heading\">Par\u00e1metros de la olla t\u00e9rmica<\/h3>\n\n\n\n<div class=\"wp-block-group\"><div class=\"wp-block-group__inner-container is-layout-constrained wp-block-group-is-layout-constrained\">\n<div class=\"wp-block-columns is-layout-flex wp-container-core-columns-is-layout-9d6595d7 wp-block-columns-is-layout-flex\">\n<div class=\"wp-block-column is-layout-flow wp-block-column-is-layout-flow\" style=\"flex-basis:100%\">\n<figure class=\"wp-block-table\"><table class=\"has-fixed-layout\"><tbody><tr><td>Lugar de origen<\/td><td>Tipo<\/td><td>Marca<\/td><td>N\u00famero de modelo<\/td><td>Tapa<\/td><td>Color<\/td><td>Utilizaci\u00f3n<\/td><td>Talla<\/td><td>Hora de seguir hirviendo<\/td><td>Embalaje<\/td><td>Composici\u00f3n<\/td><td>Nombre del producto<\/td><\/tr><tr><td>Guangdong, China<\/td><td>Cocedor de sopa<\/td><td>Hengguang<\/td><td>HG7-4.5C<\/td><td>Tapa exterior de pl\u00e1stico y tapa interior de cer\u00e1mica<\/td><td>Rosa \/ Verde \/ Azul<\/td><td>Cocina Cocinero<\/td><td>4.5L<\/td><td>Unos 20 minutos<\/td><td>Bolsas de PP, espuma y caja de color<\/td><td>Tapa de cer\u00e1mica + Olla interior de cer\u00e1mica + Olla exterior<\/td><td>Termoestufa de cer\u00e1mica al vac\u00edo Heng-guang<\/td><\/tr><\/tbody><\/table><\/figure>\n<\/div>\n<\/div>\n<\/div><\/div>\n<\/div>\n<\/div>\n\n\n\n<div class=\"wp-block-columns is-layout-flex wp-container-core-columns-is-layout-9d6595d7 wp-block-columns-is-layout-flex\">\n<div class=\"wp-block-column is-layout-flow wp-block-column-is-layout-flow\">\n<h3 class=\"wp-block-heading\">Opciones de ollas t\u00e9rmicas personalizadas OEM&amp;ODM<\/h3>\n\n\n\n<p><strong>Logotipo<\/strong>: Personalice el logotipo de su marca en la olla t\u00e9rmica y el envase.<br><br><strong>Talla<\/strong>: Personalice diferentes tama\u00f1os de olla t\u00e9rmica seg\u00fan sus necesidades.<br><br><strong>Paquete<\/strong>: cart\u00f3n\/caja de color.<br><br><a href=\"https:\/\/www.hg-cooker.com\/es\/custom-solution\/\" data-type=\"page\" data-id=\"2793\" target=\"_blank\" rel=\"noreferrer noopener\"><strong>Explore m\u00e1s detalles personalizados OEM&amp;ODM<\/strong><\/a><\/p>\n<\/div>\n<\/div>\n\n\n\n<div class=\"wp-block-columns is-layout-flex wp-container-core-columns-is-layout-9d6595d7 wp-block-columns-is-layout-flex\">\n<div class=\"wp-block-column is-layout-flow wp-block-column-is-layout-flow\">\n<figure class=\"wp-block-image size-full\"><img fetchpriority=\"high\" decoding=\"async\" width=\"800\" height=\"800\" src=\"https:\/\/www.hg-cooker.com\/wp-content\/uploads\/2024\/08\/Hengguang-thermal-cooking-pot-3.webp\" alt=\"Olla t\u00e9rmica Hengguang (3)\" class=\"wp-image-4255\" srcset=\"https:\/\/www.hg-cooker.com\/wp-content\/uploads\/2024\/08\/Hengguang-thermal-cooking-pot-3.webp 800w, https:\/\/www.hg-cooker.com\/wp-content\/uploads\/2024\/08\/Hengguang-thermal-cooking-pot-3-150x150.webp 150w, https:\/\/www.hg-cooker.com\/wp-content\/uploads\/2024\/08\/Hengguang-thermal-cooking-pot-3-660x660.webp 660w, https:\/\/www.hg-cooker.com\/wp-content\/uploads\/2024\/08\/Hengguang-thermal-cooking-pot-3-300x300.webp 300w, https:\/\/www.hg-cooker.com\/wp-content\/uploads\/2024\/08\/Hengguang-thermal-cooking-pot-3-768x768.webp 768w, https:\/\/www.hg-cooker.com\/wp-content\/uploads\/2024\/08\/Hengguang-thermal-cooking-pot-3-12x12.webp 12w, https:\/\/www.hg-cooker.com\/wp-content\/uploads\/2024\/08\/Hengguang-thermal-cooking-pot-3-285x285.webp 285w, https:\/\/www.hg-cooker.com\/wp-content\/uploads\/2024\/08\/Hengguang-thermal-cooking-pot-3-270x270.webp 270w, https:\/\/www.hg-cooker.com\/wp-content\/uploads\/2024\/08\/Hengguang-thermal-cooking-pot-3-540x540.webp 540w\" sizes=\"(max-width: 800px) 100vw, 800px\" \/><\/figure>\n<\/div>\n\n\n\n<div class=\"wp-block-column is-layout-flow wp-block-column-is-layout-flow\">\n<figure class=\"wp-block-image size-full\"><img decoding=\"async\" width=\"800\" height=\"800\" src=\"https:\/\/www.hg-cooker.com\/wp-content\/uploads\/2024\/08\/thermal-cooking-pot-color.webp\" alt=\"olla t\u00e9rmica color\" class=\"wp-image-4257\" srcset=\"https:\/\/www.hg-cooker.com\/wp-content\/uploads\/2024\/08\/thermal-cooking-pot-color.webp 800w, https:\/\/www.hg-cooker.com\/wp-content\/uploads\/2024\/08\/thermal-cooking-pot-color-150x150.webp 150w, https:\/\/www.hg-cooker.com\/wp-content\/uploads\/2024\/08\/thermal-cooking-pot-color-660x660.webp 660w, https:\/\/www.hg-cooker.com\/wp-content\/uploads\/2024\/08\/thermal-cooking-pot-color-300x300.webp 300w, https:\/\/www.hg-cooker.com\/wp-content\/uploads\/2024\/08\/thermal-cooking-pot-color-768x768.webp 768w, https:\/\/www.hg-cooker.com\/wp-content\/uploads\/2024\/08\/thermal-cooking-pot-color-12x12.webp 12w, https:\/\/www.hg-cooker.com\/wp-content\/uploads\/2024\/08\/thermal-cooking-pot-color-285x285.webp 285w, https:\/\/www.hg-cooker.com\/wp-content\/uploads\/2024\/08\/thermal-cooking-pot-color-270x270.webp 270w, https:\/\/www.hg-cooker.com\/wp-content\/uploads\/2024\/08\/thermal-cooking-pot-color-540x540.webp 540w\" sizes=\"(max-width: 800px) 100vw, 800px\" \/><\/figure>\n<\/div>\n<\/div>","protected":false},"excerpt":{"rendered":"<p>La olla t\u00e9rmica Hengguang puede mejorar la eficacia de la cocci\u00f3n y mantener los alimentos frescos y sabrosos. Es adecuado para su uso en hogares, escuelas, oficinas y otros escenarios. La capacidad de 4.5L puede cubrir las necesidades de 2-3 personas, permitiendo que usted disfrute de la comida deliciosa con la familia o los amigos outside.We le proporcionan el pote de cocinar termal al por mayor en la f\u00e1brica price.Welcome para entrarnos en contacto con.<\/p>\n<h3>Caracter\u00edsticas de la olla t\u00e9rmica de vac\u00edo<\/h3>\n<p>1.<strong>Cocina f\u00e1cil<\/strong>: La olla t\u00e9rmica de Hengguang es una innovadora bater\u00eda de cocina de conservaci\u00f3n del calor y cocci\u00f3n que ahorra energ\u00eda y puede lograr una c\u00f3moda experiencia de \"cocci\u00f3n de conservaci\u00f3n del calor\".<\/p>\n<p>2.<strong>Conservaci\u00f3n del calor a largo plazo<\/strong>: La tecnolog\u00eda de preservaci\u00f3n del calor de alta eficiencia al vac\u00edo de doble capa de la olla exterior garantiza que la temperatura en la olla sea duradera y estable durante la cocci\u00f3n, igual que el calentamiento continuo del fuego, ahorrando energ\u00eda.<\/p>\n<p>3.<strong>Se adaptan a diversas fuentes de calor<\/strong>: La olla t\u00e9rmica de Hengguang es compatible con las cocinas de gas tradicionales y las modernas cocinas de inducci\u00f3n.<\/p>\n<p>4.<strong>Adecuado para una gran variedad de escenarios<\/strong>: Adecuada para una gran variedad de escenarios, como oficinas y exteriores, la olla t\u00e9rmica de Hengguang es un buen aliado indispensable para los amantes de los picnics al aire libre o las acampadas. Su dise\u00f1o compacto y port\u00e1til hace que sea f\u00e1cil de llevar a cualquier lugar al aire libre.<\/p>\n<p>5.<strong>Servicio mayorista<\/strong>: Ofrecemos servicios de venta al por mayor de ollas t\u00e9rmicas para proporcionarle una soluci\u00f3n de adquisici\u00f3n \u00fanica y rentable.<\/p>\n<p>6.<strong>Servicio a medida<\/strong>:Ofrecemos servicios de personalizaci\u00f3n de colores para ollas t\u00e9rmicas y soluciones detalladas personalizadas para ollas t\u00e9rmicas. Si es necesario, p\u00f3ngase en contacto con nosotros.<\/p>","protected":false},"featured_media":4253,"comment_status":"closed","ping_status":"closed","template":"","meta":[],"product_brand":[],"product_cat":[50],"product_tag":[],"class_list":{"0":"post-4252","1":"product","2":"type-product","3":"status-publish","4":"has-post-thumbnail","6":"product_cat-vacuum-thermal-cooker","8":"first","9":"instock","10":"shipping-taxable","11":"product-type-simple"},"_links":{"self":[{"href":"https:\/\/www.hg-cooker.com\/es\/wp-json\/wp\/v2\/product\/4252","targetHints":{"allow":["GET"]}}],"collection":[{"href":"https:\/\/www.hg-cooker.com\/es\/wp-json\/wp\/v2\/product"}],"about":[{"href":"https:\/\/www.hg-cooker.com\/es\/wp-json\/wp\/v2\/types\/product"}],"replies":[{"embeddable":true,"href":"https:\/\/www.hg-cooker.com\/es\/wp-json\/wp\/v2\/comments?post=4252"}],"wp:featuredmedia":[{"embeddable":true,"href":"https:\/\/www.hg-cooker.com\/es\/wp-json\/wp\/v2\/media\/4253"}],"wp:attachment":[{"href":"https:\/\/www.hg-cooker.com\/es\/wp-json\/wp\/v2\/media?parent=4252"}],"wp:term":[{"taxonomy":"product_brand","embeddable":true,"href":"https:\/\/www.hg-cooker.com\/es\/wp-json\/wp\/v2\/product_brand?post=4252"},{"taxonomy":"product_cat","embeddable":true,"href":"https:\/\/www.hg-cooker.com\/es\/wp-json\/wp\/v2\/product_cat?post=4252"},{"taxonomy":"product_tag","embeddable":true,"href":"https:\/\/www.hg-cooker.com\/es\/wp-json\/wp\/v2\/product_tag?post=4252"}],"curies":[{"name":"wp","href":"https:\/\/api.w.org\/{rel}","templated":true}]}}