{"id":4242,"date":"2024-08-19T02:58:25","date_gmt":"2024-08-19T02:58:25","guid":{"rendered":"https:\/\/www.hg-cooker.com\/?post_type=product&#038;p=4242"},"modified":"2024-08-19T03:47:45","modified_gmt":"2024-08-19T03:47:45","slug":"olla-de-leche-hirviendo-de-acero-inoxidable-al-por-mayor-19","status":"publish","type":"product","link":"https:\/\/www.hg-cooker.com\/es\/producto\/olla-de-leche-hirviendo-de-acero-inoxidable-al-por-mayor-19\/","title":{"rendered":"Mayorista Mejor Olla T\u00e9rmica para Retenci\u00f3n Eficiente del Calor - Venta Directa de F\u00e1brica"},"content":{"rendered":"<div class=\"wp-block-columns is-layout-flex wp-container-core-columns-is-layout-9d6595d7 wp-block-columns-is-layout-flex\">\n<div class=\"wp-block-column is-layout-flow wp-block-column-is-layout-flow\">\n<h3 class=\"wp-block-heading\">Par\u00e1metros de la cocina t\u00e9rmica<\/h3>\n\n\n\n<div class=\"wp-block-group\"><div class=\"wp-block-group__inner-container is-layout-constrained wp-block-group-is-layout-constrained\">\n<div class=\"wp-block-columns is-layout-flex wp-container-core-columns-is-layout-9d6595d7 wp-block-columns-is-layout-flex\">\n<div class=\"wp-block-column is-layout-flow wp-block-column-is-layout-flow\" style=\"flex-basis:100%\">\n<div class=\"wp-block-group\"><div class=\"wp-block-group__inner-container is-layout-constrained wp-block-group-is-layout-constrained\">\n<figure class=\"wp-block-table\"><table class=\"has-fixed-layout\"><tbody><tr><td>Lugar de origen<\/td><td>Tipo<\/td><td>N\u00famero de modelo<\/td><td>Nombre<\/td><td>Descripci\u00f3n<\/td><td>Material<\/td><td>Mango<\/td><td>Composici\u00f3n<\/td><td>Caracter\u00edstica<\/td><td>Capacidad<\/td><td>Color<\/td><td>Ventaja<\/td><td>Comprador comercial<\/td><\/tr><tr><td>China<\/td><td>Olla combinada<\/td><td>HG7-4.5<\/td><td>Olla de bajo consumo<\/td><td>Olla T\u00e9rmica Reutilizable<\/td><td>Acero inoxidable 304<\/td><td>Mango de acero inoxidable<\/td><td>Tapa de cer\u00e1mica + Olla interior + Olla exterior<\/td><td>Doble capa<\/td><td>4.5L, 7L<\/td><td>Se aceptan colores personalizados<\/td><td>Ahorrar energ\u00eda<\/td><td>Grandes almacenes<\/td><\/tr><\/tbody><\/table><\/figure>\n<\/div><\/div>\n<\/div>\n<\/div>\n<\/div><\/div>\n<\/div>\n<\/div>\n\n\n\n<div class=\"wp-block-columns is-layout-flex wp-container-core-columns-is-layout-9d6595d7 wp-block-columns-is-layout-flex\">\n<div class=\"wp-block-column is-layout-flow wp-block-column-is-layout-flow\">\n<h3 class=\"wp-block-heading\">Opciones de cocinas t\u00e9rmicas personalizadas OEM&amp;ODM<\/h3>\n\n\n\n<p><strong>Logotipo<\/strong>: Personalice el logotipo de su marca en la olla t\u00e9rmica y en el envase.<br><br><strong>Talla<\/strong>: Personalice diferentes tama\u00f1os de olla a presi\u00f3n seg\u00fan sus necesidades.<br><br><strong>Paquete<\/strong>: cart\u00f3n\/caja de color.<br><br><a href=\"https:\/\/www.hg-cooker.com\/es\/custom-solution\/\" data-type=\"page\" data-id=\"2793\" target=\"_blank\" rel=\"noreferrer noopener\"><strong>Explore m\u00e1s detalles personalizados OEM&amp;ODM<\/strong><\/a><\/p>\n<\/div>\n<\/div>\n\n\n\n<div class=\"wp-block-columns is-layout-flex wp-container-core-columns-is-layout-9d6595d7 wp-block-columns-is-layout-flex\">\n<div class=\"wp-block-column is-layout-flow wp-block-column-is-layout-flow\">\n<figure class=\"wp-block-image size-full\"><img fetchpriority=\"high\" decoding=\"async\" width=\"800\" height=\"800\" src=\"https:\/\/www.hg-cooker.com\/wp-content\/uploads\/2024\/08\/wholesale-best-thermal-cooker-5.webp\" alt=\"venta al por mayor mejor cocina termica (5)\" class=\"wp-image-4247\" srcset=\"https:\/\/www.hg-cooker.com\/wp-content\/uploads\/2024\/08\/wholesale-best-thermal-cooker-5.webp 800w, https:\/\/www.hg-cooker.com\/wp-content\/uploads\/2024\/08\/wholesale-best-thermal-cooker-5-150x150.webp 150w, https:\/\/www.hg-cooker.com\/wp-content\/uploads\/2024\/08\/wholesale-best-thermal-cooker-5-660x660.webp 660w, https:\/\/www.hg-cooker.com\/wp-content\/uploads\/2024\/08\/wholesale-best-thermal-cooker-5-300x300.webp 300w, https:\/\/www.hg-cooker.com\/wp-content\/uploads\/2024\/08\/wholesale-best-thermal-cooker-5-768x768.webp 768w, https:\/\/www.hg-cooker.com\/wp-content\/uploads\/2024\/08\/wholesale-best-thermal-cooker-5-12x12.webp 12w, https:\/\/www.hg-cooker.com\/wp-content\/uploads\/2024\/08\/wholesale-best-thermal-cooker-5-285x285.webp 285w, https:\/\/www.hg-cooker.com\/wp-content\/uploads\/2024\/08\/wholesale-best-thermal-cooker-5-270x270.webp 270w, https:\/\/www.hg-cooker.com\/wp-content\/uploads\/2024\/08\/wholesale-best-thermal-cooker-5-540x540.webp 540w\" sizes=\"(max-width: 800px) 100vw, 800px\" \/><\/figure>\n<\/div>\n\n\n\n<div class=\"wp-block-column is-layout-flow wp-block-column-is-layout-flow\">\n<figure class=\"wp-block-image size-full\"><img decoding=\"async\" width=\"800\" height=\"800\" src=\"https:\/\/www.hg-cooker.com\/wp-content\/uploads\/2024\/08\/wholesale-best-thermal-cooker-2.webp\" alt=\"venta al por mayor mejor cocina termica (2)\" class=\"wp-image-4244\" srcset=\"https:\/\/www.hg-cooker.com\/wp-content\/uploads\/2024\/08\/wholesale-best-thermal-cooker-2.webp 800w, https:\/\/www.hg-cooker.com\/wp-content\/uploads\/2024\/08\/wholesale-best-thermal-cooker-2-150x150.webp 150w, https:\/\/www.hg-cooker.com\/wp-content\/uploads\/2024\/08\/wholesale-best-thermal-cooker-2-660x660.webp 660w, https:\/\/www.hg-cooker.com\/wp-content\/uploads\/2024\/08\/wholesale-best-thermal-cooker-2-300x300.webp 300w, https:\/\/www.hg-cooker.com\/wp-content\/uploads\/2024\/08\/wholesale-best-thermal-cooker-2-768x768.webp 768w, https:\/\/www.hg-cooker.com\/wp-content\/uploads\/2024\/08\/wholesale-best-thermal-cooker-2-12x12.webp 12w, https:\/\/www.hg-cooker.com\/wp-content\/uploads\/2024\/08\/wholesale-best-thermal-cooker-2-285x285.webp 285w, https:\/\/www.hg-cooker.com\/wp-content\/uploads\/2024\/08\/wholesale-best-thermal-cooker-2-270x270.webp 270w, https:\/\/www.hg-cooker.com\/wp-content\/uploads\/2024\/08\/wholesale-best-thermal-cooker-2-540x540.webp 540w\" sizes=\"(max-width: 800px) 100vw, 800px\" \/><\/figure>\n<\/div>\n<\/div>","protected":false},"excerpt":{"rendered":"<p>El termo de Hengguang tiene dos capacidades: 7L (7,4qt) y 4,5L (4,75qt). El dise\u00f1o de la olla interior grande puede acomodar f\u00e1cilmente comida para 3-5 personas. Ya sea para un picnic al aire libre, una reuni\u00f3n familiar o para cocinar a diario, es un compa\u00f1ero ideal indispensable en su cocina. Le ofrecemos termos al por mayor a precios de f\u00e1brica. P\u00f3ngase en contacto con nosotros para solicitar un presupuesto.<\/p>\n<h3>Caracter\u00edsticas de la olla t\u00e9rmica de vac\u00edo<\/h3>\n<p><strong>1.Ahorro de energ\u00eda<\/strong>: Utilice la olla interior para cocinar y luego ponga la olla exterior para conservar el calor. El eficiente dise\u00f1o de conservaci\u00f3n del calor de esta olla t\u00e9rmica puede mantener la temperatura de la olla interior durante mucho tiempo sin necesidad de calentarla continuamente, lo que reduce en gran medida el consumo de energ\u00eda.<\/p>\n<p><strong>2.304 Material de acero inoxidable<\/strong>: Fabricado en acero inoxidable 304 apto para alimentos, el material es resistente a la corrosi\u00f3n y al calor, por lo que es seguro para cocinar y saludable para las comidas.<\/p>\n<p><strong>3.Diferentes capacidades<\/strong>: Est\u00e1 disponible en capacidades de 4,5 litros y 7 litros para satisfacer las necesidades de familias o reuniones en las que participen varias personas, adem\u00e1s de ser vers\u00e1til.<\/p>\n<p><strong>4.Dise\u00f1o humanizado<\/strong>: Esta olla t\u00e9rmica tiene un mango de acero inoxidable que es c\u00f3modo, duradero y f\u00e1cil de transportar cuando est\u00e1 en uso.<\/p>\n<p><strong>5.Servicio al por mayor<\/strong>: Esta cocina t\u00e9rmica se utiliza en diferentes lugares como el hogar, al aire libre y la industria de la hospitalidad, as\u00ed como adecuado para los grandes almacenes.<\/p>\n<p><strong>6.Color personalizado: <\/strong>El color de esta cocina t\u00e9rmica puede personalizarse para satisfacer las necesidades est\u00e9ticas de los distintos consumidores.<\/p>","protected":false},"featured_media":4243,"comment_status":"closed","ping_status":"closed","template":"","meta":[],"product_brand":[],"product_cat":[50],"product_tag":[],"class_list":{"0":"post-4242","1":"product","2":"type-product","3":"status-publish","4":"has-post-thumbnail","6":"product_cat-vacuum-thermal-cooker","8":"first","9":"instock","10":"shipping-taxable","11":"product-type-simple"},"_links":{"self":[{"href":"https:\/\/www.hg-cooker.com\/es\/wp-json\/wp\/v2\/product\/4242","targetHints":{"allow":["GET"]}}],"collection":[{"href":"https:\/\/www.hg-cooker.com\/es\/wp-json\/wp\/v2\/product"}],"about":[{"href":"https:\/\/www.hg-cooker.com\/es\/wp-json\/wp\/v2\/types\/product"}],"replies":[{"embeddable":true,"href":"https:\/\/www.hg-cooker.com\/es\/wp-json\/wp\/v2\/comments?post=4242"}],"wp:featuredmedia":[{"embeddable":true,"href":"https:\/\/www.hg-cooker.com\/es\/wp-json\/wp\/v2\/media\/4243"}],"wp:attachment":[{"href":"https:\/\/www.hg-cooker.com\/es\/wp-json\/wp\/v2\/media?parent=4242"}],"wp:term":[{"taxonomy":"product_brand","embeddable":true,"href":"https:\/\/www.hg-cooker.com\/es\/wp-json\/wp\/v2\/product_brand?post=4242"},{"taxonomy":"product_cat","embeddable":true,"href":"https:\/\/www.hg-cooker.com\/es\/wp-json\/wp\/v2\/product_cat?post=4242"},{"taxonomy":"product_tag","embeddable":true,"href":"https:\/\/www.hg-cooker.com\/es\/wp-json\/wp\/v2\/product_tag?post=4242"}],"curies":[{"name":"wp","href":"https:\/\/api.w.org\/{rel}","templated":true}]}}