{"id":4219,"date":"2024-08-13T22:36:58","date_gmt":"2024-08-13T22:36:58","guid":{"rendered":"https:\/\/www.hg-cooker.com\/?post_type=product&#038;p=4219"},"modified":"2025-03-08T10:06:50","modified_gmt":"2025-03-08T10:06:50","slug":"olla-de-leche-hirviendo-de-acero-inoxidable-al-por-mayor-18","status":"publish","type":"product","link":"https:\/\/www.hg-cooker.com\/es\/producto\/olla-de-leche-hirviendo-de-acero-inoxidable-al-por-mayor-18\/","title":{"rendered":"Mayorista Olla a Presi\u00f3n de Alta Calidad, Ahorro de Energ\u00eda y Eficiencia - Fabricante de Ollas a Presi\u00f3n Hengguang"},"content":{"rendered":"<div class=\"wp-block-columns is-layout-flex wp-container-core-columns-is-layout-9d6595d7 wp-block-columns-is-layout-flex\">\n<div class=\"wp-block-column is-layout-flow wp-block-column-is-layout-flow\">\n<h3 class=\"wp-block-heading\">Par\u00e1metros de una olla a presi\u00f3n de alta calidad<\/h3>\n\n\n\n<div class=\"wp-block-group\"><div class=\"wp-block-group__inner-container is-layout-constrained wp-block-group-is-layout-constrained\">\n<div class=\"wp-block-columns is-layout-flex wp-container-core-columns-is-layout-9d6595d7 wp-block-columns-is-layout-flex\">\n<div class=\"wp-block-column is-layout-flow wp-block-column-is-layout-flow\" style=\"flex-basis:100%\">\n<div class=\"wp-block-group\"><div class=\"wp-block-group__inner-container is-layout-constrained wp-block-group-is-layout-constrained\">\n<figure class=\"wp-block-table\"><table class=\"has-fixed-layout\"><tbody><tr><td>Lugar de origen<\/td><td>N\u00famero de modelo<\/td><td>Tipo<\/td><td>Estufa aplicable<\/td><td>Material<\/td><td>Capacidad<\/td><td>Color<\/td><td>Mango<\/td><\/tr><tr><td>Guangdong, China<\/td><td>HG-UXYLG<\/td><td>Ollas a presi\u00f3n<\/td><td>Uso general para cocina de gas e inducci\u00f3n<\/td><td>Acero inoxidable 304<\/td><td>3L\/4L\/5L\/6L\/8L\/10L\/13L\/16L<\/td><td>Plata<\/td><td>Mango de baquelita negra resistente al calor<\/td><\/tr><\/tbody><\/table><\/figure>\n<\/div><\/div>\n<\/div>\n<\/div>\n<\/div><\/div>\n<\/div>\n<\/div>\n\n\n\n<div class=\"wp-block-columns is-layout-flex wp-container-core-columns-is-layout-9d6595d7 wp-block-columns-is-layout-flex\">\n<div class=\"wp-block-column is-layout-flow wp-block-column-is-layout-flow\">\n<h3 class=\"wp-block-heading\">Opciones de ollas a presi\u00f3n personalizadas OEM&amp;ODM<\/h3>\n\n\n\n<p><strong>Logotipo<\/strong>: Personalice el logotipo de su marca en la olla a presi\u00f3n y en el envase.<br><br><strong>Talla<\/strong>: Personalice diferentes tama\u00f1os de olla a presi\u00f3n seg\u00fan sus necesidades.<br><br><strong>Paquete<\/strong>: cart\u00f3n\/caja de color.<br><br><a href=\"https:\/\/www.hg-cooker.com\/es\/custom-solution\/\" data-type=\"page\" data-id=\"2793\" target=\"_blank\" rel=\"noreferrer noopener\"><strong>Explore m\u00e1s detalles personalizados OEM&amp;ODM<\/strong><\/a><\/p>\n<\/div>\n<\/div>\n\n\n\n<div class=\"wp-block-columns is-layout-flex wp-container-core-columns-is-layout-9d6595d7 wp-block-columns-is-layout-flex\">\n<div class=\"wp-block-column is-layout-flow wp-block-column-is-layout-flow\">\n<figure class=\"wp-block-image size-full\"><img fetchpriority=\"high\" decoding=\"async\" width=\"750\" height=\"750\" src=\"https:\/\/www.hg-cooker.com\/wp-content\/uploads\/2024\/08\/1.5-ltr-pressure-cooker-1.png\" alt=\"Olla a presi\u00f3n de 1,5 litros (1)\" class=\"wp-image-4220\" srcset=\"https:\/\/www.hg-cooker.com\/wp-content\/uploads\/2024\/08\/1.5-ltr-pressure-cooker-1.png 750w, https:\/\/www.hg-cooker.com\/wp-content\/uploads\/2024\/08\/1.5-ltr-pressure-cooker-1-150x150.png 150w, https:\/\/www.hg-cooker.com\/wp-content\/uploads\/2024\/08\/1.5-ltr-pressure-cooker-1-660x660.png 660w, https:\/\/www.hg-cooker.com\/wp-content\/uploads\/2024\/08\/1.5-ltr-pressure-cooker-1-300x300.png 300w, https:\/\/www.hg-cooker.com\/wp-content\/uploads\/2024\/08\/1.5-ltr-pressure-cooker-1-12x12.png 12w, https:\/\/www.hg-cooker.com\/wp-content\/uploads\/2024\/08\/1.5-ltr-pressure-cooker-1-285x285.png 285w, https:\/\/www.hg-cooker.com\/wp-content\/uploads\/2024\/08\/1.5-ltr-pressure-cooker-1-270x270.png 270w, https:\/\/www.hg-cooker.com\/wp-content\/uploads\/2024\/08\/1.5-ltr-pressure-cooker-1-540x540.png 540w\" sizes=\"(max-width: 750px) 100vw, 750px\" \/><\/figure>\n<\/div>\n\n\n\n<div class=\"wp-block-column is-layout-flow wp-block-column-is-layout-flow\">\n<figure class=\"wp-block-image size-full\"><img decoding=\"async\" width=\"750\" height=\"750\" src=\"https:\/\/www.hg-cooker.com\/wp-content\/uploads\/2024\/08\/1.5-ltr-pressure-cooker-5.png\" alt=\"Olla a presi\u00f3n de 1,5 litros (5)\" class=\"wp-image-4224\" srcset=\"https:\/\/www.hg-cooker.com\/wp-content\/uploads\/2024\/08\/1.5-ltr-pressure-cooker-5.png 750w, https:\/\/www.hg-cooker.com\/wp-content\/uploads\/2024\/08\/1.5-ltr-pressure-cooker-5-150x150.png 150w, https:\/\/www.hg-cooker.com\/wp-content\/uploads\/2024\/08\/1.5-ltr-pressure-cooker-5-660x660.png 660w, https:\/\/www.hg-cooker.com\/wp-content\/uploads\/2024\/08\/1.5-ltr-pressure-cooker-5-300x300.png 300w, https:\/\/www.hg-cooker.com\/wp-content\/uploads\/2024\/08\/1.5-ltr-pressure-cooker-5-12x12.png 12w, https:\/\/www.hg-cooker.com\/wp-content\/uploads\/2024\/08\/1.5-ltr-pressure-cooker-5-285x285.png 285w, https:\/\/www.hg-cooker.com\/wp-content\/uploads\/2024\/08\/1.5-ltr-pressure-cooker-5-270x270.png 270w, https:\/\/www.hg-cooker.com\/wp-content\/uploads\/2024\/08\/1.5-ltr-pressure-cooker-5-540x540.png 540w\" sizes=\"(max-width: 750px) 100vw, 750px\" \/><\/figure>\n<\/div>\n<\/div>","protected":false},"excerpt":{"rendered":"<p>Hengguang proporciona ollas a presi\u00f3n de acero inoxidable de alta calidad, fabricadas con materiales de alta calidad y excelente artesan\u00eda, muy duraderas y mantienen un excelente rendimiento en el uso diario. Apoyamos la personalizaci\u00f3n OEM y ODM. P\u00f3ngase en contacto con nosotros para un presupuesto.<\/p>\n<h3>Caracter\u00edsticas y ventajas de la olla a presi\u00f3n al por mayor<\/h3>\n<p><strong>Mejora de la eficiencia del 70%:<\/strong> Nuestras ollas a presi\u00f3n al por mayor pueden mejorar significativamente la eficiencia de la cocci\u00f3n, ahorrando m\u00e1s de 70% de tiempo en comparaci\u00f3n con los m\u00e9todos de guisado tradicionales, especialmente adecuados para la carne y las jud\u00edas que requieren largos tiempos de cocci\u00f3n.<\/p>\n<p><strong>Estampaci\u00f3n en una sola pieza:<\/strong> Nuestras ollas a presi\u00f3n al por mayor utilizan un proceso de estampaci\u00f3n integrado para proporcionar una experiencia de uso m\u00e1s estable y segura. Pueden utilizarse de forma continuada durante m\u00e1s de 30 a\u00f1os y son una inversi\u00f3n ideal para cocinas dom\u00e9sticas y comerciales.<\/p>\n<p><strong>Adecuado para una gran variedad de cocciones:<\/strong> Las ollas a presi\u00f3n no s\u00f3lo son adecuadas para los m\u00e9todos de cocci\u00f3n tradicionales, como guisar, hervir y cocer al vapor, sino que tambi\u00e9n pueden utilizarse para preparar una gran variedad de platos, como sopas de cocci\u00f3n r\u00e1pida, estofados, carnes marinadas, arroz, postres, etc.<\/p>\n<p><strong>Compatible con una gran variedad de estufas:<\/strong> Nuestras ollas a presi\u00f3n al por mayor son compatibles con una gran variedad de cocinas, incluyendo cocinas de gas, cocinas de inducci\u00f3n, etc., proporcionando una gran comodidad.<\/p>","protected":false},"featured_media":4220,"comment_status":"closed","ping_status":"closed","template":"","meta":[],"product_brand":[],"product_cat":[54],"product_tag":[],"class_list":{"0":"post-4219","1":"product","2":"type-product","3":"status-publish","4":"has-post-thumbnail","6":"product_cat-pressure-cooker","8":"first","9":"instock","10":"shipping-taxable","11":"product-type-simple"},"_links":{"self":[{"href":"https:\/\/www.hg-cooker.com\/es\/wp-json\/wp\/v2\/product\/4219","targetHints":{"allow":["GET"]}}],"collection":[{"href":"https:\/\/www.hg-cooker.com\/es\/wp-json\/wp\/v2\/product"}],"about":[{"href":"https:\/\/www.hg-cooker.com\/es\/wp-json\/wp\/v2\/types\/product"}],"replies":[{"embeddable":true,"href":"https:\/\/www.hg-cooker.com\/es\/wp-json\/wp\/v2\/comments?post=4219"}],"wp:featuredmedia":[{"embeddable":true,"href":"https:\/\/www.hg-cooker.com\/es\/wp-json\/wp\/v2\/media\/4220"}],"wp:attachment":[{"href":"https:\/\/www.hg-cooker.com\/es\/wp-json\/wp\/v2\/media?parent=4219"}],"wp:term":[{"taxonomy":"product_brand","embeddable":true,"href":"https:\/\/www.hg-cooker.com\/es\/wp-json\/wp\/v2\/product_brand?post=4219"},{"taxonomy":"product_cat","embeddable":true,"href":"https:\/\/www.hg-cooker.com\/es\/wp-json\/wp\/v2\/product_cat?post=4219"},{"taxonomy":"product_tag","embeddable":true,"href":"https:\/\/www.hg-cooker.com\/es\/wp-json\/wp\/v2\/product_tag?post=4219"}],"curies":[{"name":"wp","href":"https:\/\/api.w.org\/{rel}","templated":true}]}}