{"id":4218,"date":"2024-09-12T15:26:19","date_gmt":"2024-09-12T15:26:19","guid":{"rendered":"https:\/\/www.hg-cooker.com\/?post_type=product&#038;p=4218"},"modified":"2025-11-13T02:26:26","modified_gmt":"2025-11-13T02:26:26","slug":"olla-de-leche-hirviendo-de-acero-inoxidable-al-por-mayor-17","status":"publish","type":"product","link":"https:\/\/www.hg-cooker.com\/es\/producto\/olla-de-leche-hirviendo-de-acero-inoxidable-al-por-mayor-17\/","title":{"rendered":"Venta directa de f\u00e1brica de olla a presi\u00f3n multifuncional a granel - Fabricante de ollas a presi\u00f3n Hengguang"},"content":{"rendered":"<div class=\"wp-block-columns is-layout-flex wp-container-core-columns-is-layout-9d6595d7 wp-block-columns-is-layout-flex\">\n<div class=\"wp-block-column is-layout-flow wp-block-column-is-layout-flow\">\n<h2 class=\"wp-block-heading\">Par\u00e1metros de la olla a presi\u00f3n multifunci\u00f3n<\/h2>\n\n\n\n<div class=\"wp-block-group\"><div class=\"wp-block-group__inner-container is-layout-constrained wp-block-group-is-layout-constrained\">\n<div class=\"wp-block-columns is-layout-flex wp-container-core-columns-is-layout-9d6595d7 wp-block-columns-is-layout-flex\">\n<div class=\"wp-block-column is-layout-flow wp-block-column-is-layout-flow\" style=\"flex-basis:100%\">\n<div class=\"wp-block-group\"><div class=\"wp-block-group__inner-container is-layout-constrained wp-block-group-is-layout-constrained\">\n<figure class=\"wp-block-table\"><table class=\"has-fixed-layout\"><tbody><tr><td>Lugar de origen<\/td><td>N\u00famero de modelo<\/td><td>Tipo<\/td><td>Estufa aplicable<\/td><td>Tipo de metal<\/td><td>Estructura compuesta inferior<\/td><td>Material del asa<\/td><td>Color<\/td><td>MOQ<\/td><\/tr><tr><td>Guangdong, China<\/td><td>HGYLG-20\/22\/24\/26\/28\/30\/32<\/td><td>Ollas a presi\u00f3n<\/td><td>Uso general para cocina de gas e inducci\u00f3n<\/td><td>Acero inoxidable 304<\/td><td>Acero inoxidable+Aluminio+Acero inoxidable<\/td><td>baquelita negra resistente al calor<\/td><td>Plata<\/td><td>2000 unidades<\/td><\/tr><\/tbody><\/table><\/figure>\n<\/div><\/div>\n<\/div>\n<\/div>\n<\/div><\/div>\n<\/div>\n<\/div>\n\n\n\n<div class=\"wp-block-columns is-layout-flex wp-container-core-columns-is-layout-9d6595d7 wp-block-columns-is-layout-flex\">\n<div class=\"wp-block-column is-layout-flow wp-block-column-is-layout-flow\">\n<h2 class=\"wp-block-heading\">Opciones de ollas a presi\u00f3n personalizadas OEM&amp;ODM<\/h2>\n\n\n\n<p><strong>Logotipo<\/strong>: Personalice el logotipo de su marca en la olla a presi\u00f3n y en el envase.<br><br><strong>Talla<\/strong>: Tama\u00f1os de olla a presi\u00f3n personalizados.<br><br><strong>Paquete<\/strong>: cart\u00f3n\/caja de color.<br><br><a href=\"https:\/\/www.hg-cooker.com\/es\/custom-solution\/\" data-type=\"page\" data-id=\"2793\" target=\"_blank\" rel=\"noreferrer noopener\"><strong>Explore m\u00e1s detalles de la olla a presi\u00f3n personalizada OEM&amp;ODM<\/strong><\/a><\/p>\n<\/div>\n<\/div>\n\n\n\n<div class=\"wp-block-columns is-layout-flex wp-container-core-columns-is-layout-9d6595d7 wp-block-columns-is-layout-flex\">\n<div class=\"wp-block-column is-layout-flow wp-block-column-is-layout-flow\">\n<figure class=\"wp-block-image size-full\"><img fetchpriority=\"high\" decoding=\"async\" width=\"750\" height=\"750\" src=\"https:\/\/www.hg-cooker.com\/wp-content\/uploads\/2024\/08\/Wholesale-pressure-cookers-manufactured-by-Hengguang-Factory-1.webp\" alt=\"Mayorista de ollas a presi\u00f3n fabricadas por Hengguang Factory (1)\" class=\"wp-image-4202\" srcset=\"https:\/\/www.hg-cooker.com\/wp-content\/uploads\/2024\/08\/Wholesale-pressure-cookers-manufactured-by-Hengguang-Factory-1.webp 750w, https:\/\/www.hg-cooker.com\/wp-content\/uploads\/2024\/08\/Wholesale-pressure-cookers-manufactured-by-Hengguang-Factory-1-150x150.webp 150w, https:\/\/www.hg-cooker.com\/wp-content\/uploads\/2024\/08\/Wholesale-pressure-cookers-manufactured-by-Hengguang-Factory-1-660x660.webp 660w, https:\/\/www.hg-cooker.com\/wp-content\/uploads\/2024\/08\/Wholesale-pressure-cookers-manufactured-by-Hengguang-Factory-1-300x300.webp 300w, https:\/\/www.hg-cooker.com\/wp-content\/uploads\/2024\/08\/Wholesale-pressure-cookers-manufactured-by-Hengguang-Factory-1-12x12.webp 12w, https:\/\/www.hg-cooker.com\/wp-content\/uploads\/2024\/08\/Wholesale-pressure-cookers-manufactured-by-Hengguang-Factory-1-285x285.webp 285w, https:\/\/www.hg-cooker.com\/wp-content\/uploads\/2024\/08\/Wholesale-pressure-cookers-manufactured-by-Hengguang-Factory-1-270x270.webp 270w, https:\/\/www.hg-cooker.com\/wp-content\/uploads\/2024\/08\/Wholesale-pressure-cookers-manufactured-by-Hengguang-Factory-1-540x540.webp 540w\" sizes=\"(max-width: 750px) 100vw, 750px\" \/><\/figure>\n<\/div>\n\n\n\n<div class=\"wp-block-column is-layout-flow wp-block-column-is-layout-flow\">\n<figure class=\"wp-block-image size-full\"><img decoding=\"async\" width=\"750\" height=\"750\" src=\"https:\/\/www.hg-cooker.com\/wp-content\/uploads\/2024\/08\/Wholesale-pressure-cookers-manufactured-by-Hengguang-Factory-2.webp\" alt=\"Mayorista de ollas a presi\u00f3n fabricadas por Hengguang Factory (2)\" class=\"wp-image-4203\" srcset=\"https:\/\/www.hg-cooker.com\/wp-content\/uploads\/2024\/08\/Wholesale-pressure-cookers-manufactured-by-Hengguang-Factory-2.webp 750w, https:\/\/www.hg-cooker.com\/wp-content\/uploads\/2024\/08\/Wholesale-pressure-cookers-manufactured-by-Hengguang-Factory-2-150x150.webp 150w, https:\/\/www.hg-cooker.com\/wp-content\/uploads\/2024\/08\/Wholesale-pressure-cookers-manufactured-by-Hengguang-Factory-2-660x660.webp 660w, https:\/\/www.hg-cooker.com\/wp-content\/uploads\/2024\/08\/Wholesale-pressure-cookers-manufactured-by-Hengguang-Factory-2-300x300.webp 300w, https:\/\/www.hg-cooker.com\/wp-content\/uploads\/2024\/08\/Wholesale-pressure-cookers-manufactured-by-Hengguang-Factory-2-12x12.webp 12w, https:\/\/www.hg-cooker.com\/wp-content\/uploads\/2024\/08\/Wholesale-pressure-cookers-manufactured-by-Hengguang-Factory-2-285x285.webp 285w, https:\/\/www.hg-cooker.com\/wp-content\/uploads\/2024\/08\/Wholesale-pressure-cookers-manufactured-by-Hengguang-Factory-2-270x270.webp 270w, https:\/\/www.hg-cooker.com\/wp-content\/uploads\/2024\/08\/Wholesale-pressure-cookers-manufactured-by-Hengguang-Factory-2-540x540.webp 540w\" sizes=\"(max-width: 750px) 100vw, 750px\" \/><\/figure>\n<\/div>\n<\/div>","protected":false},"excerpt":{"rendered":"<p>Venta al por mayor de ollas a presi\u00f3n de distintas capacidades a precios de f\u00e1brica para satisfacer diferentes necesidades culinarias. Nuestra gama de productos abarca ollas a presi\u00f3n de 3 litros y ollas a presi\u00f3n de gran capacidad de 16 litros adecuadas para cocinas comerciales. P\u00f3ngase en contacto con nosotros y le proporcionaremos servicios profesionales de ollas a presi\u00f3n personalizadas OEM y ODM, as\u00ed como precios competitivos.<\/p>\n<h3>Caracter\u00edsticas y ventajas de la olla a presi\u00f3n al por mayor<\/h3>\n<p><strong>Artesan\u00eda profesional:<\/strong> Nuestra olla a presi\u00f3n multifunci\u00f3n est\u00e1 hecha con artesan\u00eda profesional, que puede bloquear el vapor m\u00e1s firmemente, aumentando as\u00ed la presi\u00f3n, bloqueando el calor y la humedad, asegurando que cada plato pueda presentar el sabor m\u00e1s perfecto.<\/p>\n<p><strong>Fondo compuesto de tres capas de acero inoxidable:<\/strong> La olla a presi\u00f3n a granel tiene un fondo compuesto de tres capas especialmente dise\u00f1ado para garantizar una transferencia uniforme del calor, evitar eficazmente que los alimentos se quemen y conservar la frescura natural de los ingredientes.<\/p>\n<p><strong>Compatible con m\u00faltiples fuentes de calor:<\/strong> Esta olla a presi\u00f3n es adecuada para las cocinas de gas de uso com\u00fan en los hogares, y tambi\u00e9n puede adaptarse f\u00e1cilmente a las cocinas de inducci\u00f3n de las cocinas modernas para satisfacer sus diversas necesidades culinarias.<\/p>\n<p><strong>Precio competitivo:<\/strong> Como uno de los mayores fabricantes de ollas a presi\u00f3n de Guangdong, China, nuestra producci\u00f3n a gran escala hace que nuestras ollas a presi\u00f3n al por mayor sean menos costosas de producir, lo que ofrece precios m\u00e1s asequibles a los compradores.<\/p>\n<p><strong>Soporte de muestras:<\/strong> Puede hacer primero un pedido de muestra y luego un pedido formal de producci\u00f3n tras comprobar que la muestra le satisface.<\/p>","protected":false},"featured_media":4202,"comment_status":"closed","ping_status":"closed","template":"","meta":[],"product_brand":[],"product_cat":[54],"product_tag":[],"class_list":{"0":"post-4218","1":"product","2":"type-product","3":"status-publish","4":"has-post-thumbnail","6":"product_cat-pressure-cooker","8":"first","9":"instock","10":"shipping-taxable","11":"product-type-simple"},"_links":{"self":[{"href":"https:\/\/www.hg-cooker.com\/es\/wp-json\/wp\/v2\/product\/4218","targetHints":{"allow":["GET"]}}],"collection":[{"href":"https:\/\/www.hg-cooker.com\/es\/wp-json\/wp\/v2\/product"}],"about":[{"href":"https:\/\/www.hg-cooker.com\/es\/wp-json\/wp\/v2\/types\/product"}],"replies":[{"embeddable":true,"href":"https:\/\/www.hg-cooker.com\/es\/wp-json\/wp\/v2\/comments?post=4218"}],"wp:featuredmedia":[{"embeddable":true,"href":"https:\/\/www.hg-cooker.com\/es\/wp-json\/wp\/v2\/media\/4202"}],"wp:attachment":[{"href":"https:\/\/www.hg-cooker.com\/es\/wp-json\/wp\/v2\/media?parent=4218"}],"wp:term":[{"taxonomy":"product_brand","embeddable":true,"href":"https:\/\/www.hg-cooker.com\/es\/wp-json\/wp\/v2\/product_brand?post=4218"},{"taxonomy":"product_cat","embeddable":true,"href":"https:\/\/www.hg-cooker.com\/es\/wp-json\/wp\/v2\/product_cat?post=4218"},{"taxonomy":"product_tag","embeddable":true,"href":"https:\/\/www.hg-cooker.com\/es\/wp-json\/wp\/v2\/product_tag?post=4218"}],"curies":[{"name":"wp","href":"https:\/\/api.w.org\/{rel}","templated":true}]}}