{"id":4201,"date":"2025-08-13T07:57:03","date_gmt":"2025-08-13T07:57:03","guid":{"rendered":"https:\/\/www.hg-cooker.com\/?post_type=product&#038;p=4201"},"modified":"2025-11-13T02:18:56","modified_gmt":"2025-11-13T02:18:56","slug":"olla-de-leche-hirviendo-de-acero-inoxidable-al-por-mayor-16","status":"publish","type":"product","link":"https:\/\/www.hg-cooker.com\/es\/producto\/olla-de-leche-hirviendo-de-acero-inoxidable-al-por-mayor-16\/","title":{"rendered":"Olla a presi\u00f3n de inducci\u00f3n de alto rendimiento -- Ideal para cocinar eficazmente en cocinas de inducci\u00f3n"},"content":{"rendered":"<div class=\"wp-block-columns is-layout-flex wp-container-core-columns-is-layout-9d6595d7 wp-block-columns-is-layout-flex\">\n<div class=\"wp-block-column is-layout-flow wp-block-column-is-layout-flow\">\n<h2 class=\"wp-block-heading\">Par\u00e1metros de la olla a presi\u00f3n de inducci\u00f3n <\/h2>\n\n\n\n<div class=\"wp-block-group\"><div class=\"wp-block-group__inner-container is-layout-constrained wp-block-group-is-layout-constrained\">\n<div class=\"wp-block-columns is-layout-flex wp-container-core-columns-is-layout-9d6595d7 wp-block-columns-is-layout-flex\">\n<div class=\"wp-block-column is-layout-flow wp-block-column-is-layout-flow\" style=\"flex-basis:100%\">\n<div class=\"wp-block-group\"><div class=\"wp-block-group__inner-container is-layout-constrained wp-block-group-is-layout-constrained\">\n<figure class=\"wp-block-table\"><table class=\"has-fixed-layout\"><tbody><tr><td>Lugar de origen<\/td><td>N\u00famero de modelo<\/td><td>Tipo<\/td><td>Estufa aplicable<\/td><td>Tipo de metal<\/td><td>Capacidad<\/td><td>Color<\/td><td>Mango<\/td><td>MOQ<\/td><td>Tama\u00f1o de envase individual:<\/td><td>Peso bruto \u00fanico:<\/td><\/tr><tr><td>Guangdong, China<\/td><td>HG-UXYLG-18\/20\/22\/24\/26\/28\/30\/32<\/td><td>Ollas a presi\u00f3n<\/td><td>Uso general para cocina de gas e inducci\u00f3n<\/td><td>Acero inoxidable 304<\/td><td>18\/20\/22\/24\/26\/28\/30\/32CM<\/td><td>Plata<\/td><td>Mango de baquelita negra resistente al calor<\/td><td>500 unidades<\/td><td>50X50X50 cm<\/td><td>5.000 kg<\/td><\/tr><\/tbody><\/table><\/figure>\n<\/div><\/div>\n<\/div>\n<\/div>\n<\/div><\/div>\n<\/div>\n<\/div>\n\n\n\n<div class=\"wp-block-columns is-layout-flex wp-container-core-columns-is-layout-9d6595d7 wp-block-columns-is-layout-flex\">\n<div class=\"wp-block-column is-layout-flow wp-block-column-is-layout-flow\">\n<h2 class=\"wp-block-heading\">Opciones de ollas a presi\u00f3n personalizadas OEM&amp;ODM<\/h2>\n\n\n\n<p><strong>Logotipo<\/strong>: Personalice el logotipo de su marca en la olla a presi\u00f3n y en el envase.<br><br><strong>Talla<\/strong>: Personalice diferentes tama\u00f1os de olla a presi\u00f3n seg\u00fan sus necesidades.<br><br><strong>Paquete<\/strong>: cart\u00f3n\/caja de color.<br><br><a href=\"https:\/\/www.hg-cooker.com\/es\/custom-solution\/\" data-type=\"page\" data-id=\"2793\" target=\"_blank\" rel=\"noreferrer noopener\"><strong>Explore m\u00e1s detalles personalizados OEM&amp;ODM<\/strong><\/a><\/p>\n<\/div>\n<\/div>\n\n\n\n<div class=\"wp-block-columns is-layout-flex wp-container-core-columns-is-layout-9d6595d7 wp-block-columns-is-layout-flex\">\n<div class=\"wp-block-column is-layout-flow wp-block-column-is-layout-flow\">\n<figure class=\"wp-block-image size-full\"><img fetchpriority=\"high\" decoding=\"async\" width=\"750\" height=\"750\" src=\"https:\/\/www.hg-cooker.com\/wp-content\/uploads\/2024\/08\/Hengguang-induction-pressure-cooker-3.webp\" alt=\"Olla a presi\u00f3n de inducci\u00f3n Hengguang (3)\" class=\"wp-image-4210\" srcset=\"https:\/\/www.hg-cooker.com\/wp-content\/uploads\/2024\/08\/Hengguang-induction-pressure-cooker-3.webp 750w, https:\/\/www.hg-cooker.com\/wp-content\/uploads\/2024\/08\/Hengguang-induction-pressure-cooker-3-150x150.webp 150w, https:\/\/www.hg-cooker.com\/wp-content\/uploads\/2024\/08\/Hengguang-induction-pressure-cooker-3-660x660.webp 660w, https:\/\/www.hg-cooker.com\/wp-content\/uploads\/2024\/08\/Hengguang-induction-pressure-cooker-3-300x300.webp 300w, https:\/\/www.hg-cooker.com\/wp-content\/uploads\/2024\/08\/Hengguang-induction-pressure-cooker-3-12x12.webp 12w, https:\/\/www.hg-cooker.com\/wp-content\/uploads\/2024\/08\/Hengguang-induction-pressure-cooker-3-285x285.webp 285w, https:\/\/www.hg-cooker.com\/wp-content\/uploads\/2024\/08\/Hengguang-induction-pressure-cooker-3-270x270.webp 270w, https:\/\/www.hg-cooker.com\/wp-content\/uploads\/2024\/08\/Hengguang-induction-pressure-cooker-3-540x540.webp 540w\" sizes=\"(max-width: 750px) 100vw, 750px\" \/><\/figure>\n<\/div>\n\n\n\n<div class=\"wp-block-column is-layout-flow wp-block-column-is-layout-flow\">\n<figure class=\"wp-block-image size-full\"><img decoding=\"async\" width=\"750\" height=\"750\" src=\"https:\/\/www.hg-cooker.com\/wp-content\/uploads\/2024\/08\/Hengguang-induction-pressure-cooker-2.webp\" alt=\"Olla a presi\u00f3n de inducci\u00f3n Hengguang (2)\" class=\"wp-image-4209\" srcset=\"https:\/\/www.hg-cooker.com\/wp-content\/uploads\/2024\/08\/Hengguang-induction-pressure-cooker-2.webp 750w, https:\/\/www.hg-cooker.com\/wp-content\/uploads\/2024\/08\/Hengguang-induction-pressure-cooker-2-150x150.webp 150w, https:\/\/www.hg-cooker.com\/wp-content\/uploads\/2024\/08\/Hengguang-induction-pressure-cooker-2-660x660.webp 660w, https:\/\/www.hg-cooker.com\/wp-content\/uploads\/2024\/08\/Hengguang-induction-pressure-cooker-2-300x300.webp 300w, https:\/\/www.hg-cooker.com\/wp-content\/uploads\/2024\/08\/Hengguang-induction-pressure-cooker-2-12x12.webp 12w, https:\/\/www.hg-cooker.com\/wp-content\/uploads\/2024\/08\/Hengguang-induction-pressure-cooker-2-285x285.webp 285w, https:\/\/www.hg-cooker.com\/wp-content\/uploads\/2024\/08\/Hengguang-induction-pressure-cooker-2-270x270.webp 270w, https:\/\/www.hg-cooker.com\/wp-content\/uploads\/2024\/08\/Hengguang-induction-pressure-cooker-2-540x540.webp 540w\" sizes=\"(max-width: 750px) 100vw, 750px\" \/><\/figure>\n<\/div>\n<\/div>","protected":false},"excerpt":{"rendered":"<p>La base de nuestra olla a presi\u00f3n al por mayor est\u00e1 hecha de tres capas de acero inoxidable, que tiene una excelente conductividad t\u00e9rmica y vida \u00fatil. Este dise\u00f1o no s\u00f3lo mejora la eficiencia t\u00e9rmica, sino que tambi\u00e9n le permite utilizar la olla a presi\u00f3n en una cocina de inducci\u00f3n. Soporta OEM y ODM, bienvenido a comprar al por mayor.<\/p>\n<h2>Caracter\u00edsticas y ventajas de la olla a presi\u00f3n de inducci\u00f3n<\/h2>\n<p><strong>Apto para varias estufas:<\/strong> El fondo de la olla a presi\u00f3n de acero inoxidable al por mayor est\u00e1 hecho de tres capas de acero inoxidable, que cubren todo el fondo de la olla a presi\u00f3n, lo que hace que la olla a presi\u00f3n sea adecuada para m\u00faltiples cocinas, como cocinas de inducci\u00f3n y cocinas de gas.<\/p>\n<p><strong>Acero inoxidable de calidad alimentaria:<\/strong> La olla a presi\u00f3n est\u00e1 fabricada en acero inoxidable apto para uso alimentario, de gran resistencia, larga vida \u00fatil y muy resistente a la corrosi\u00f3n.<\/p>\n<p><strong>M\u00faltiples especificaciones:<\/strong> Ofrecemos ollas a presi\u00f3n aptas para inducci\u00f3n de 3L a 16L para satisfacer las necesidades de hogares y restaurantes.<\/p>\n<p><strong>Servicio de asistencia personalizado:<\/strong> Como fabricante profesional de ollas a presi\u00f3n, podemos personalizar las ollas a presi\u00f3n seg\u00fan sus necesidades, incluyendo tama\u00f1os personalizados, logotipos, accesorios, etc.<\/p>\n<p><strong>Anillo de silicona a prueba de fugas:<\/strong> El anillo de sellado de silicona alimentaria es resistente a altas temperaturas de 260\u00b0C y ha sido sometido a pruebas de envejecimiento de 5.000 ciclos, lo que elimina por completo el riesgo de fugas de agua.<\/p>","protected":false},"featured_media":5045,"comment_status":"closed","ping_status":"closed","template":"","meta":[],"product_brand":[],"product_cat":[54],"product_tag":[],"class_list":{"0":"post-4201","1":"product","2":"type-product","3":"status-publish","4":"has-post-thumbnail","6":"product_cat-pressure-cooker","8":"first","9":"instock","10":"shipping-taxable","11":"product-type-simple"},"_links":{"self":[{"href":"https:\/\/www.hg-cooker.com\/es\/wp-json\/wp\/v2\/product\/4201","targetHints":{"allow":["GET"]}}],"collection":[{"href":"https:\/\/www.hg-cooker.com\/es\/wp-json\/wp\/v2\/product"}],"about":[{"href":"https:\/\/www.hg-cooker.com\/es\/wp-json\/wp\/v2\/types\/product"}],"replies":[{"embeddable":true,"href":"https:\/\/www.hg-cooker.com\/es\/wp-json\/wp\/v2\/comments?post=4201"}],"wp:featuredmedia":[{"embeddable":true,"href":"https:\/\/www.hg-cooker.com\/es\/wp-json\/wp\/v2\/media\/5045"}],"wp:attachment":[{"href":"https:\/\/www.hg-cooker.com\/es\/wp-json\/wp\/v2\/media?parent=4201"}],"wp:term":[{"taxonomy":"product_brand","embeddable":true,"href":"https:\/\/www.hg-cooker.com\/es\/wp-json\/wp\/v2\/product_brand?post=4201"},{"taxonomy":"product_cat","embeddable":true,"href":"https:\/\/www.hg-cooker.com\/es\/wp-json\/wp\/v2\/product_cat?post=4201"},{"taxonomy":"product_tag","embeddable":true,"href":"https:\/\/www.hg-cooker.com\/es\/wp-json\/wp\/v2\/product_tag?post=4201"}],"curies":[{"name":"wp","href":"https:\/\/api.w.org\/{rel}","templated":true}]}}