{"id":4193,"date":"2025-08-15T06:38:30","date_gmt":"2025-08-15T06:38:30","guid":{"rendered":"https:\/\/www.hg-cooker.com\/?post_type=product&#038;p=4193"},"modified":"2025-11-13T02:25:47","modified_gmt":"2025-11-13T02:25:47","slug":"olla-de-leche-hirviendo-de-acero-inoxidable-al-por-mayor-15","status":"publish","type":"product","link":"https:\/\/www.hg-cooker.com\/es\/producto\/olla-de-leche-hirviendo-de-acero-inoxidable-al-por-mayor-15\/","title":{"rendered":"Olla a presi\u00f3n de alta calidad de China--Venta directa de f\u00e1brica de China"},"content":{"rendered":"<div class=\"wp-block-columns is-layout-flex wp-container-core-columns-is-layout-9d6595d7 wp-block-columns-is-layout-flex\">\n<div class=\"wp-block-column is-layout-flow wp-block-column-is-layout-flow\">\n<h2 class=\"wp-block-heading\">Par\u00e1metros de la mini olla a presi\u00f3n<\/h2>\n\n\n\n<figure class=\"wp-block-table\"><table class=\"has-fixed-layout\"><tbody><tr><td>Lugar de origen<\/td><td>Tipo<\/td><td>Estufa aplicable<\/td><td>Material<\/td><td>Capacidad<\/td><td>Mango<\/td><td>Color<\/td><td>Utilizaci\u00f3n<\/td><td>Talla<\/td><\/tr><tr><td>Guangdong,China<\/td><td>Ollas a presi\u00f3n<\/td><td>Uso general para cocina de gas e inducci\u00f3n<\/td><td>Acero inoxidable 304<\/td><td>3L\/4L\/5L\/6L\/8L\/10L\/13L\/16L<\/td><td>Asa de baquelita negra<\/td><td>Plata<\/td><td>Cocina casera<\/td><td>18\/20\/22\/24\/26\/28\/30\/32cm<\/td><\/tr><\/tbody><\/table><\/figure>\n<\/div>\n<\/div>\n\n\n\n<div class=\"wp-block-columns is-layout-flex wp-container-core-columns-is-layout-9d6595d7 wp-block-columns-is-layout-flex\">\n<div class=\"wp-block-column is-layout-flow wp-block-column-is-layout-flow\">\n<h2 class=\"wp-block-heading\">Opciones de ollas a presi\u00f3n personalizadas OEM&amp;ODM<\/h2>\n\n\n\n<p><strong>Logotipo<\/strong>: Personalice el logotipo de su marca en la olla a presi\u00f3n y en el envase.<br><br><strong>Talla<\/strong>: Personalice diferentes tama\u00f1os de olla a presi\u00f3n seg\u00fan sus necesidades.<br><br><strong>Paquete<\/strong>: cart\u00f3n\/caja de color.<br><br><a href=\"https:\/\/www.hg-cooker.com\/es\/custom-solution\/\" data-type=\"page\" data-id=\"2793\" target=\"_blank\" rel=\"noreferrer noopener\"><strong>Explore m\u00e1s detalles personalizados OEM&amp;ODM<\/strong><\/a><\/p>\n<\/div>\n<\/div>\n\n\n\n<div class=\"wp-block-columns is-layout-flex wp-container-core-columns-is-layout-9d6595d7 wp-block-columns-is-layout-flex\">\n<div class=\"wp-block-column is-layout-flow wp-block-column-is-layout-flow\">\n<figure class=\"wp-block-image size-full\"><img fetchpriority=\"high\" decoding=\"async\" width=\"800\" height=\"800\" src=\"https:\/\/www.hg-cooker.com\/wp-content\/uploads\/2024\/08\/China-high-quality-stainless-steel-pressure-cooker-1.webp\" alt=\"China olla a presi\u00f3n de acero inoxidable de alta calidad (1)\" class=\"wp-image-4194\" srcset=\"https:\/\/www.hg-cooker.com\/wp-content\/uploads\/2024\/08\/China-high-quality-stainless-steel-pressure-cooker-1.webp 800w, https:\/\/www.hg-cooker.com\/wp-content\/uploads\/2024\/08\/China-high-quality-stainless-steel-pressure-cooker-1-150x150.webp 150w, https:\/\/www.hg-cooker.com\/wp-content\/uploads\/2024\/08\/China-high-quality-stainless-steel-pressure-cooker-1-660x660.webp 660w, https:\/\/www.hg-cooker.com\/wp-content\/uploads\/2024\/08\/China-high-quality-stainless-steel-pressure-cooker-1-300x300.webp 300w, https:\/\/www.hg-cooker.com\/wp-content\/uploads\/2024\/08\/China-high-quality-stainless-steel-pressure-cooker-1-768x768.webp 768w, https:\/\/www.hg-cooker.com\/wp-content\/uploads\/2024\/08\/China-high-quality-stainless-steel-pressure-cooker-1-12x12.webp 12w, https:\/\/www.hg-cooker.com\/wp-content\/uploads\/2024\/08\/China-high-quality-stainless-steel-pressure-cooker-1-285x285.webp 285w, https:\/\/www.hg-cooker.com\/wp-content\/uploads\/2024\/08\/China-high-quality-stainless-steel-pressure-cooker-1-270x270.webp 270w, https:\/\/www.hg-cooker.com\/wp-content\/uploads\/2024\/08\/China-high-quality-stainless-steel-pressure-cooker-1-540x540.webp 540w\" sizes=\"(max-width: 800px) 100vw, 800px\" \/><\/figure>\n<\/div>\n\n\n\n<div class=\"wp-block-column is-layout-flow wp-block-column-is-layout-flow\">\n<figure class=\"wp-block-image size-full\"><img decoding=\"async\" width=\"800\" height=\"800\" src=\"https:\/\/www.hg-cooker.com\/wp-content\/uploads\/2024\/08\/China-high-quality-stainless-steel-pressure-cooker-6.webp\" alt=\"China olla a presi\u00f3n de acero inoxidable de alta calidad (6)\" class=\"wp-image-4199\" srcset=\"https:\/\/www.hg-cooker.com\/wp-content\/uploads\/2024\/08\/China-high-quality-stainless-steel-pressure-cooker-6.webp 800w, https:\/\/www.hg-cooker.com\/wp-content\/uploads\/2024\/08\/China-high-quality-stainless-steel-pressure-cooker-6-150x150.webp 150w, https:\/\/www.hg-cooker.com\/wp-content\/uploads\/2024\/08\/China-high-quality-stainless-steel-pressure-cooker-6-660x660.webp 660w, https:\/\/www.hg-cooker.com\/wp-content\/uploads\/2024\/08\/China-high-quality-stainless-steel-pressure-cooker-6-300x300.webp 300w, https:\/\/www.hg-cooker.com\/wp-content\/uploads\/2024\/08\/China-high-quality-stainless-steel-pressure-cooker-6-768x768.webp 768w, https:\/\/www.hg-cooker.com\/wp-content\/uploads\/2024\/08\/China-high-quality-stainless-steel-pressure-cooker-6-12x12.webp 12w, https:\/\/www.hg-cooker.com\/wp-content\/uploads\/2024\/08\/China-high-quality-stainless-steel-pressure-cooker-6-285x285.webp 285w, https:\/\/www.hg-cooker.com\/wp-content\/uploads\/2024\/08\/China-high-quality-stainless-steel-pressure-cooker-6-270x270.webp 270w, https:\/\/www.hg-cooker.com\/wp-content\/uploads\/2024\/08\/China-high-quality-stainless-steel-pressure-cooker-6-540x540.webp 540w\" sizes=\"(max-width: 800px) 100vw, 800px\" \/><\/figure>\n<\/div>\n<\/div>","protected":false},"excerpt":{"rendered":"<p>Hengguang es uno de los principales fabricantes de ollas a presi\u00f3n de acero inoxidable de China. Nuestras ollas a presi\u00f3n de acero inoxidable est\u00e1n cuidadosamente construidas con materiales de primera calidad, presentan una alta eficiencia y un rendimiento fiable, lo que las convierte en la primera opci\u00f3n de m\u00e1s de un mill\u00f3n de familias chinas. Ofrecemos ollas a presi\u00f3n al por mayor en varios tama\u00f1os, desde ollas a presi\u00f3n de 3 litros hasta ollas a presi\u00f3n de 16 litros. Nuestros productos van desde los peque\u00f1os a los grandes para cocinas comerciales. Elija Hengguang China Pressure Cooker Factory, podr\u00e1 encontrar la olla a presi\u00f3n ideal para cualquier necesidad culinaria.<\/p>\n<h3>Caracter\u00edsticas de la olla a presi\u00f3n china Hengguang<\/h3>\n<p>1.<strong>Cocina vers\u00e1til<\/strong>: Esta olla a presi\u00f3n puede cocinar muy bien ma\u00edz, patatas o jud\u00edas estofadas y carne. Al sellar eficazmente el vapor, el dise\u00f1o \u00fanico garantiza que cada cocci\u00f3n tenga el sabor perfecto mezclando el calor, la humedad y el sabor de los ingredientes.<\/p>\n<p>2.<strong>Selecci\u00f3n de gran capacidad<\/strong>: Esta olla a presi\u00f3n tiene una capacidad de 8 a 16 litros, con lo que puede hacer frente f\u00e1cilmente a un gran n\u00famero de necesidades culinarias, ya se trate de un restaurante, el comedor de una f\u00e1brica o una reuni\u00f3n familiar.<\/p>\n<p>3.<strong>F\u00e1cil de limpiar<\/strong>: La olla a presi\u00f3n de acero inoxidable es f\u00e1cil de limpiar, lo que acorta enormemente el tiempo de limpieza. Tras retirar simplemente la junta y la v\u00e1lvula de presi\u00f3n, puede meterla con seguridad en el lavavajillas y disfrutar de la facilidad de la limpieza con un solo clic.<\/p>\n<p>4.<strong>Accesorios de alta calidad<\/strong>: Equipado con juntas de silicona de alta calidad, no contiene BPA y tiene una vida \u00fatil ultralarga, lo que garantiza una cocci\u00f3n sin preocupaciones.<\/p>\n<p>5.<strong>C\u00f3moda empu\u00f1adura<\/strong>: El mango est\u00e1 fabricado con un material de primera calidad que resulta agradable al tacto, y tiene un cuerpo que se adapta a la palma de la mano. No tiene que preocuparse de que el mango se afloje. Aumenta el nivel de comodidad en el uso, adem\u00e1s de dar la oportunidad de llevar m\u00e1s f\u00e1cil al tiempo que garantiza la seguridad y la tranquilidad en las operaciones.<\/p>","protected":false},"featured_media":4194,"comment_status":"closed","ping_status":"closed","template":"","meta":[],"product_brand":[],"product_cat":[54],"product_tag":[],"class_list":{"0":"post-4193","1":"product","2":"type-product","3":"status-publish","4":"has-post-thumbnail","6":"product_cat-pressure-cooker","8":"first","9":"instock","10":"shipping-taxable","11":"product-type-simple"},"_links":{"self":[{"href":"https:\/\/www.hg-cooker.com\/es\/wp-json\/wp\/v2\/product\/4193","targetHints":{"allow":["GET"]}}],"collection":[{"href":"https:\/\/www.hg-cooker.com\/es\/wp-json\/wp\/v2\/product"}],"about":[{"href":"https:\/\/www.hg-cooker.com\/es\/wp-json\/wp\/v2\/types\/product"}],"replies":[{"embeddable":true,"href":"https:\/\/www.hg-cooker.com\/es\/wp-json\/wp\/v2\/comments?post=4193"}],"wp:featuredmedia":[{"embeddable":true,"href":"https:\/\/www.hg-cooker.com\/es\/wp-json\/wp\/v2\/media\/4194"}],"wp:attachment":[{"href":"https:\/\/www.hg-cooker.com\/es\/wp-json\/wp\/v2\/media?parent=4193"}],"wp:term":[{"taxonomy":"product_brand","embeddable":true,"href":"https:\/\/www.hg-cooker.com\/es\/wp-json\/wp\/v2\/product_brand?post=4193"},{"taxonomy":"product_cat","embeddable":true,"href":"https:\/\/www.hg-cooker.com\/es\/wp-json\/wp\/v2\/product_cat?post=4193"},{"taxonomy":"product_tag","embeddable":true,"href":"https:\/\/www.hg-cooker.com\/es\/wp-json\/wp\/v2\/product_tag?post=4193"}],"curies":[{"name":"wp","href":"https:\/\/api.w.org\/{rel}","templated":true}]}}