{"id":4075,"date":"2025-05-07T01:07:17","date_gmt":"2025-05-07T01:07:17","guid":{"rendered":"https:\/\/www.hg-cooker.com\/?post_type=product&#038;p=4075"},"modified":"2025-11-13T02:31:00","modified_gmt":"2025-11-13T02:31:00","slug":"olla-de-leche-hirviendo-de-acero-inoxidable-al-por-mayor-14","status":"publish","type":"product","link":"https:\/\/www.hg-cooker.com\/es\/producto\/olla-de-leche-hirviendo-de-acero-inoxidable-al-por-mayor-14\/","title":{"rendered":"Discos\/placas redondas de acero inoxidable compuesto trilaminado a medida Materia prima"},"content":{"rendered":"<div class=\"wp-block-columns is-layout-flex wp-container-core-columns-is-layout-9d6595d7 wp-block-columns-is-layout-flex\">\n<div class=\"wp-block-column is-layout-flow wp-block-column-is-layout-flow\">\n<h2 class=\"wp-block-heading\">Par\u00e1metros de los discos de acero inoxidable trilaminares<\/h2>\n\n\n\n<p><strong>Nombre del producto<\/strong>:Discos de acero inoxidable compuesto de tres capas<\/p>\n\n\n\n<p><strong>Material del producto<\/strong>Acero inoxidable 304\/316 + aluminio + acero inoxidable 430<br><br><strong>Espesor opcional del producto<\/strong>:<br>1.8mm\/2.0mm\/2.2mm\/2.5mm\/3.0mm<\/p>\n\n\n\n<p><strong>Formas del producto<\/strong>:circular \/ forma especial<\/p>\n\n\n\n<p><strong>Tama\u00f1o opcional del producto<\/strong>:<br>El tama\u00f1o circular puede ser de 250 mm a 500 mm. <br>El tama\u00f1o de forma especial puede ser de 900 mm.<\/p>\n<\/div>\n\n\n\n<div class=\"wp-block-column is-layout-flow wp-block-column-is-layout-flow\">\n<h2 class=\"wp-block-heading\">Opciones de menaje personalizables<\/h2>\n\n\n\n<p><strong>Patr\u00f3n<\/strong>Personalice todo tipo de dise\u00f1os en los discos de acero inoxidable de tres capas.<br><br><strong>Material<\/strong>Acero inoxidable 304\/316 + aluminio + acero inoxidable 430<br><br><strong>Talla<\/strong>:Personalice diferentes tama\u00f1os de los discos trilaminados de acero inoxidable.<br><br><strong>Formas<\/strong>:Placas redondas \/ Cualquier forma especial<br><br><strong>MOQ<\/strong>:1000 piezas<\/p>\n\n\n\n<p><a href=\"https:\/\/www.hg-cooker.com\/es\/discos-tricapa-de-acero-inoxidable\/\" target=\"_blank\" data-type=\"link\" data-id=\"https:\/\/www.hg-cooker.com\/tri-ply-stainless-steel-discs\/\" rel=\"noreferrer noopener\"><strong>Explore m\u00e1s detalles de personalizaci\u00f3n de los discos trilaminados de acero inoxidable<\/strong><\/a><\/p>\n<\/div>\n<\/div>\n\n\n\n<div class=\"wp-block-columns is-layout-flex wp-container-core-columns-is-layout-9d6595d7 wp-block-columns-is-layout-flex\">\n<div class=\"wp-block-column is-layout-flow wp-block-column-is-layout-flow\">\n<figure class=\"wp-block-image size-full is-resized\"><img fetchpriority=\"high\" decoding=\"async\" width=\"1191\" height=\"921\" src=\"https:\/\/www.hg-cooker.com\/wp-content\/uploads\/2024\/07\/tri-ply-stainless-steel-discs-detail-2.webp\" alt=\"detalle de discos triples de acero inoxidable (2)\" class=\"wp-image-4089\" style=\"width:583px;height:auto\" srcset=\"https:\/\/www.hg-cooker.com\/wp-content\/uploads\/2024\/07\/tri-ply-stainless-steel-discs-detail-2.webp 1191w, https:\/\/www.hg-cooker.com\/wp-content\/uploads\/2024\/07\/tri-ply-stainless-steel-discs-detail-2-150x116.webp 150w, https:\/\/www.hg-cooker.com\/wp-content\/uploads\/2024\/07\/tri-ply-stainless-steel-discs-detail-2-660x510.webp 660w, https:\/\/www.hg-cooker.com\/wp-content\/uploads\/2024\/07\/tri-ply-stainless-steel-discs-detail-2-300x232.webp 300w, https:\/\/www.hg-cooker.com\/wp-content\/uploads\/2024\/07\/tri-ply-stainless-steel-discs-detail-2-768x594.webp 768w, https:\/\/www.hg-cooker.com\/wp-content\/uploads\/2024\/07\/tri-ply-stainless-steel-discs-detail-2-16x12.webp 16w, https:\/\/www.hg-cooker.com\/wp-content\/uploads\/2024\/07\/tri-ply-stainless-steel-discs-detail-2-285x220.webp 285w\" sizes=\"(max-width: 1191px) 100vw, 1191px\" \/><\/figure>\n<\/div>\n\n\n\n<div class=\"wp-block-column is-layout-flow wp-block-column-is-layout-flow\">\n<figure class=\"wp-block-image size-full is-resized\"><img decoding=\"async\" width=\"540\" height=\"604\" src=\"https:\/\/www.hg-cooker.com\/wp-content\/uploads\/2024\/07\/tri-ply-stainless-steel-discs-detail.webp\" alt=\"detalle de los discos trilobulares de acero inoxidable\" class=\"wp-image-4083\" style=\"width:412px;height:auto\" srcset=\"https:\/\/www.hg-cooker.com\/wp-content\/uploads\/2024\/07\/tri-ply-stainless-steel-discs-detail.webp 540w, https:\/\/www.hg-cooker.com\/wp-content\/uploads\/2024\/07\/tri-ply-stainless-steel-discs-detail-134x150.webp 134w, https:\/\/www.hg-cooker.com\/wp-content\/uploads\/2024\/07\/tri-ply-stainless-steel-discs-detail-268x300.webp 268w, https:\/\/www.hg-cooker.com\/wp-content\/uploads\/2024\/07\/tri-ply-stainless-steel-discs-detail-11x12.webp 11w, https:\/\/www.hg-cooker.com\/wp-content\/uploads\/2024\/07\/tri-ply-stainless-steel-discs-detail-285x319.webp 285w\" sizes=\"(max-width: 540px) 100vw, 540px\" \/><\/figure>\n<\/div>\n<\/div>\n\n\n\n<div class=\"wp-block-columns is-layout-flex wp-container-core-columns-is-layout-9d6595d7 wp-block-columns-is-layout-flex\">\n<div class=\"wp-block-column is-layout-flow wp-block-column-is-layout-flow\"><\/div>\n\n\n\n<div class=\"wp-block-column is-layout-flow wp-block-column-is-layout-flow\"><\/div>\n<\/div>","protected":false},"excerpt":{"rendered":"<p>Hengguang se especializa en el suministro de materias primas personalizadas de discos tricapa de acero inoxidable (placa redonda). Nuestros productos utilizan tecnolog\u00eda compuesta de tres capas de alta calidad, combinando acero inoxidable 304\/316, aluminio y acero inoxidable 430, con una excelente conductividad t\u00e9rmica, durabilidad y resistencia a la corrosi\u00f3n. Es una materia prima importante para la fabricaci\u00f3n de utensilios de cocina y vajilla de gama alta. Ofrecemos servicios integrales de personalizaci\u00f3n en tama\u00f1o, grosor, dise\u00f1o y forma. P\u00f3ngase en contacto con nosotros para empezar a personalizar su placa redonda de acero inoxidable.<\/p>\n<h3>Caracter\u00edsticas y ventajas de los discos de acero inoxidable Tri Ply<\/h3>\n<div>\n<ul>\n<li><strong>Excelente durabilidad<\/strong>: Las capas exterior e interior est\u00e1n hechas de acero inoxidable de alta calidad, que tiene una durabilidad extremadamente alta. En el campo de la fabricaci\u00f3n de utensilios de cocina de acero inoxidable, puede mejorar significativamente la vida \u00fatil y el rendimiento del producto y satisfacer las necesidades de uso de alta frecuencia y entornos dif\u00edciles.\n<\/li>\n<li><strong>Excelente conductividad t\u00e9rmica<\/strong>: La capa intermedia de los discos triples de acero inoxidable es de aluminio de alta conductividad t\u00e9rmica, lo que mejora eficazmente la conductividad t\u00e9rmica global. En el campo de los utensilios de cocina de acero inoxidable, el uso de discos m\u00e1s finos calentar\u00e1 los utensilios de cocina m\u00e1s r\u00e1pidamente, lo que se utiliza generalmente en la fabricaci\u00f3n de sartenes y cacerolas de leche. El uso de discos m\u00e1s gruesos har\u00e1 que la conductividad t\u00e9rmica global de la bater\u00eda de cocina sea uniforme, lo que se utiliza generalmente en la fabricaci\u00f3n de grandes bater\u00edas de cocina, como los woks.\n<\/li>\n<li><strong>Excelente resistencia a la corrosi\u00f3n<\/strong>: Nuestros discos triples de acero inoxidable est\u00e1n hechos de material de acero inoxidable de alta calidad, que tiene una fuerte resistencia a la corrosi\u00f3n. La resistencia a la corrosi\u00f3n es muy importante para la calidad de los productos de acero inoxidable, y una excelente resistencia a la corrosi\u00f3n prolonga la vida \u00fatil de los productos de acero inoxidable.\n<\/li>\n<li><strong>Control dimensional preciso<\/strong>: Nuestro proceso de fabricaci\u00f3n permite controlar con precisi\u00f3n el tama\u00f1o y el grosor de los discos, garantizando que cada producto cumpla normas estrictas de peso, grosor y planitud.\n<\/li>\n<li><strong>Producci\u00f3n a medida<\/strong>: Atendemos una gran variedad de necesidades personalizadas y personalizamos discos de diferentes tama\u00f1os, formas, funciones y patrones de acuerdo con sus requisitos espec\u00edficos. Tanto si se utilizan en el campo de la fabricaci\u00f3n de utensilios de cocina, equipos de calentamiento industrial o equipos m\u00e9dicos, podemos ofrecer las soluciones personalizadas m\u00e1s adecuadas.\n<\/li>\n<li>Ofrecemos servicio de venta al por mayor de discos trilaminados de acero inoxidable.\n<\/li>\n<li><a href=\"https:\/\/www.hg-cooker.com\/es\/discos-tricapa-de-acero-inoxidable\/\" target=\"_blank\" rel=\"noopener\"><strong>Ofrecemos soluciones OEM&amp;ODM a medida para discos trilaminares de acero inoxidable.<\/strong><\/a><\/li>\n<\/ul>\n<\/div>","protected":false},"featured_media":4085,"comment_status":"open","ping_status":"closed","template":"","meta":[],"product_brand":[],"product_cat":[53],"product_tag":[],"class_list":{"0":"post-4075","1":"product","2":"type-product","3":"status-publish","4":"has-post-thumbnail","6":"product_cat-tri-ply-stainless-steel-discs","8":"first","9":"instock","10":"shipping-taxable","11":"product-type-simple"},"_links":{"self":[{"href":"https:\/\/www.hg-cooker.com\/es\/wp-json\/wp\/v2\/product\/4075","targetHints":{"allow":["GET"]}}],"collection":[{"href":"https:\/\/www.hg-cooker.com\/es\/wp-json\/wp\/v2\/product"}],"about":[{"href":"https:\/\/www.hg-cooker.com\/es\/wp-json\/wp\/v2\/types\/product"}],"replies":[{"embeddable":true,"href":"https:\/\/www.hg-cooker.com\/es\/wp-json\/wp\/v2\/comments?post=4075"}],"wp:featuredmedia":[{"embeddable":true,"href":"https:\/\/www.hg-cooker.com\/es\/wp-json\/wp\/v2\/media\/4085"}],"wp:attachment":[{"href":"https:\/\/www.hg-cooker.com\/es\/wp-json\/wp\/v2\/media?parent=4075"}],"wp:term":[{"taxonomy":"product_brand","embeddable":true,"href":"https:\/\/www.hg-cooker.com\/es\/wp-json\/wp\/v2\/product_brand?post=4075"},{"taxonomy":"product_cat","embeddable":true,"href":"https:\/\/www.hg-cooker.com\/es\/wp-json\/wp\/v2\/product_cat?post=4075"},{"taxonomy":"product_tag","embeddable":true,"href":"https:\/\/www.hg-cooker.com\/es\/wp-json\/wp\/v2\/product_tag?post=4075"}],"curies":[{"name":"wp","href":"https:\/\/api.w.org\/{rel}","templated":true}]}}