{"id":4063,"date":"2025-09-03T14:20:03","date_gmt":"2025-09-03T14:20:03","guid":{"rendered":"https:\/\/www.hg-cooker.com\/?post_type=product&#038;p=4063"},"modified":"2025-09-13T02:03:29","modified_gmt":"2025-09-13T02:03:29","slug":"olla-de-leche-hirviendo-de-acero-inoxidable-al-por-mayor-13","status":"publish","type":"product","link":"https:\/\/www.hg-cooker.com\/es\/producto\/olla-de-leche-hirviendo-de-acero-inoxidable-al-por-mayor-13\/","title":{"rendered":"Mayorista Tri Ply utensilios de cocina, utensilios de cocina personalizables - Hennguang Cookware Manufacturer"},"content":{"rendered":"<div class=\"wp-block-columns is-layout-flex wp-container-core-columns-is-layout-9d6595d7 wp-block-columns-is-layout-flex\">\n<div class=\"wp-block-column is-layout-flow wp-block-column-is-layout-flow\">\n<h3 class=\"wp-block-heading\">Par\u00e1metros de la bater\u00eda de cocina Tri Ply<\/h3>\n\n\n\n<figure class=\"wp-block-table\"><table class=\"has-fixed-layout\"><tbody><tr><td>Nombre del producto<\/td><td>Bater\u00eda de cocina personalizada de acero inoxidable<\/td><\/tr><tr><td>Material del producto<\/td><td>Acero inoxidable 304 y acero inoxidable compuesto de tres capas<\/td><\/tr><tr><td rowspan=\"2\">Especificaciones del producto<\/td><td>Olla: 20cm \/ 22cm \/ 24cm \/ 26cm<\/td><\/tr><tr><td>Tarro de leche: 14cm \/ 16cm \/ 18cm<\/td><\/tr><tr><td>Estufa adecuada<\/td><td>Cocina Radiante, Horno Hal\u00f3geno, Cocina de Gas, Cocina de Inducci\u00f3n<\/td><\/tr><\/tbody><\/table><\/figure>\n\n\n\n<h3 class=\"wp-block-heading\">Utensilios de cocina personalizados<\/h3>\n\n\n\n<figure class=\"wp-block-table\"><table class=\"has-fixed-layout\"><tbody><tr><td>Opci\u00f3n de personalizaci\u00f3n<\/td><td>Detalles<\/td><\/tr><tr><td>Logotipo<\/td><td>Personalice el logotipo de su marca en el producto y el envase.<\/td><\/tr><tr><td>Material<\/td><td>Acero inoxidable triple \/ Acero inoxidable 304 \/ Acero inoxidable 316<\/td><\/tr><tr><td>Revestimiento<\/td><td>Revestimiento f\u00edsico antiadherente de nido de abeja \/ Acero inoxidable (sin revestimiento)<\/td><\/tr><tr><td>Talla<\/td><td>Personalice los tama\u00f1os de los utensilios de cocina seg\u00fan sus necesidades.<\/td><\/tr><tr><td>Paquete<\/td><td>Cart\u00f3n \/ Caja de color<\/td><\/tr><\/tbody><\/table><\/figure>\n\n\n\n<p><a href=\"https:\/\/www.hg-cooker.com\/es\/custom-solution\/\" data-type=\"page\" data-id=\"2793\" target=\"_blank\" rel=\"noreferrer noopener\"><strong>Explorar m\u00e1s detalles de utensilios de cocina personalizados<\/strong><\/a><\/p>\n<\/div>\n<\/div>\n\n\n\n<div class=\"wp-block-columns is-layout-flex wp-container-core-columns-is-layout-9d6595d7 wp-block-columns-is-layout-flex\">\n<div class=\"wp-block-column is-layout-flow wp-block-column-is-layout-flow\">\n<figure class=\"wp-block-image size-full\"><img fetchpriority=\"high\" decoding=\"async\" width=\"790\" height=\"950\" src=\"https:\/\/www.hg-cooker.com\/wp-content\/uploads\/2024\/07\/custom-cookware-detail-1.webp\" alt=\"detalle de bater\u00eda de cocina a medida (1)\" class=\"wp-image-4683\" srcset=\"https:\/\/www.hg-cooker.com\/wp-content\/uploads\/2024\/07\/custom-cookware-detail-1.webp 790w, https:\/\/www.hg-cooker.com\/wp-content\/uploads\/2024\/07\/custom-cookware-detail-1-125x150.webp 125w, https:\/\/www.hg-cooker.com\/wp-content\/uploads\/2024\/07\/custom-cookware-detail-1-549x660.webp 549w, https:\/\/www.hg-cooker.com\/wp-content\/uploads\/2024\/07\/custom-cookware-detail-1-249x300.webp 249w, https:\/\/www.hg-cooker.com\/wp-content\/uploads\/2024\/07\/custom-cookware-detail-1-768x924.webp 768w, https:\/\/www.hg-cooker.com\/wp-content\/uploads\/2024\/07\/custom-cookware-detail-1-10x12.webp 10w, https:\/\/www.hg-cooker.com\/wp-content\/uploads\/2024\/07\/custom-cookware-detail-1-285x343.webp 285w\" sizes=\"(max-width: 790px) 100vw, 790px\" \/><\/figure>\n<\/div>\n\n\n\n<div class=\"wp-block-column is-layout-flow wp-block-column-is-layout-flow\">\n<figure class=\"wp-block-image size-full\"><img decoding=\"async\" width=\"790\" height=\"950\" src=\"https:\/\/www.hg-cooker.com\/wp-content\/uploads\/2024\/07\/custom-cookware-detail-2.webp\" alt=\"detalle de bater\u00eda de cocina a medida (2)\" class=\"wp-image-4684\" srcset=\"https:\/\/www.hg-cooker.com\/wp-content\/uploads\/2024\/07\/custom-cookware-detail-2.webp 790w, https:\/\/www.hg-cooker.com\/wp-content\/uploads\/2024\/07\/custom-cookware-detail-2-125x150.webp 125w, https:\/\/www.hg-cooker.com\/wp-content\/uploads\/2024\/07\/custom-cookware-detail-2-549x660.webp 549w, https:\/\/www.hg-cooker.com\/wp-content\/uploads\/2024\/07\/custom-cookware-detail-2-249x300.webp 249w, https:\/\/www.hg-cooker.com\/wp-content\/uploads\/2024\/07\/custom-cookware-detail-2-768x924.webp 768w, https:\/\/www.hg-cooker.com\/wp-content\/uploads\/2024\/07\/custom-cookware-detail-2-10x12.webp 10w, https:\/\/www.hg-cooker.com\/wp-content\/uploads\/2024\/07\/custom-cookware-detail-2-285x343.webp 285w\" sizes=\"(max-width: 790px) 100vw, 790px\" \/><\/figure>\n<\/div>\n<\/div>\n\n\n\n<div class=\"wp-block-columns is-layout-flex wp-container-core-columns-is-layout-9d6595d7 wp-block-columns-is-layout-flex\">\n<div class=\"wp-block-column is-layout-flow wp-block-column-is-layout-flow\">\n<figure class=\"wp-block-image size-full\"><img decoding=\"async\" width=\"790\" height=\"790\" src=\"https:\/\/www.hg-cooker.com\/wp-content\/uploads\/2024\/07\/Regular-Stainless-Steel-Cookware-Dimensions-1.webp\" alt=\"Dimensiones de la bater\u00eda de cocina normal de acero inoxidable (1)\" class=\"wp-image-4685\" srcset=\"https:\/\/www.hg-cooker.com\/wp-content\/uploads\/2024\/07\/Regular-Stainless-Steel-Cookware-Dimensions-1.webp 790w, https:\/\/www.hg-cooker.com\/wp-content\/uploads\/2024\/07\/Regular-Stainless-Steel-Cookware-Dimensions-1-150x150.webp 150w, https:\/\/www.hg-cooker.com\/wp-content\/uploads\/2024\/07\/Regular-Stainless-Steel-Cookware-Dimensions-1-660x660.webp 660w, https:\/\/www.hg-cooker.com\/wp-content\/uploads\/2024\/07\/Regular-Stainless-Steel-Cookware-Dimensions-1-300x300.webp 300w, https:\/\/www.hg-cooker.com\/wp-content\/uploads\/2024\/07\/Regular-Stainless-Steel-Cookware-Dimensions-1-768x768.webp 768w, https:\/\/www.hg-cooker.com\/wp-content\/uploads\/2024\/07\/Regular-Stainless-Steel-Cookware-Dimensions-1-12x12.webp 12w, https:\/\/www.hg-cooker.com\/wp-content\/uploads\/2024\/07\/Regular-Stainless-Steel-Cookware-Dimensions-1-285x285.webp 285w, https:\/\/www.hg-cooker.com\/wp-content\/uploads\/2024\/07\/Regular-Stainless-Steel-Cookware-Dimensions-1-270x270.webp 270w, https:\/\/www.hg-cooker.com\/wp-content\/uploads\/2024\/07\/Regular-Stainless-Steel-Cookware-Dimensions-1-540x540.webp 540w\" sizes=\"(max-width: 790px) 100vw, 790px\" \/><\/figure>\n<\/div>\n\n\n\n<div class=\"wp-block-column is-layout-flow wp-block-column-is-layout-flow\">\n<figure class=\"wp-block-image size-full\"><img loading=\"lazy\" decoding=\"async\" width=\"790\" height=\"790\" src=\"https:\/\/www.hg-cooker.com\/wp-content\/uploads\/2024\/07\/Regular-Stainless-Steel-Cookware-Dimensions-2.webp\" alt=\"Dimensiones de la bater\u00eda de cocina normal de acero inoxidable (2)\" class=\"wp-image-4686\" srcset=\"https:\/\/www.hg-cooker.com\/wp-content\/uploads\/2024\/07\/Regular-Stainless-Steel-Cookware-Dimensions-2.webp 790w, https:\/\/www.hg-cooker.com\/wp-content\/uploads\/2024\/07\/Regular-Stainless-Steel-Cookware-Dimensions-2-150x150.webp 150w, https:\/\/www.hg-cooker.com\/wp-content\/uploads\/2024\/07\/Regular-Stainless-Steel-Cookware-Dimensions-2-660x660.webp 660w, https:\/\/www.hg-cooker.com\/wp-content\/uploads\/2024\/07\/Regular-Stainless-Steel-Cookware-Dimensions-2-300x300.webp 300w, https:\/\/www.hg-cooker.com\/wp-content\/uploads\/2024\/07\/Regular-Stainless-Steel-Cookware-Dimensions-2-768x768.webp 768w, https:\/\/www.hg-cooker.com\/wp-content\/uploads\/2024\/07\/Regular-Stainless-Steel-Cookware-Dimensions-2-12x12.webp 12w, https:\/\/www.hg-cooker.com\/wp-content\/uploads\/2024\/07\/Regular-Stainless-Steel-Cookware-Dimensions-2-285x285.webp 285w, https:\/\/www.hg-cooker.com\/wp-content\/uploads\/2024\/07\/Regular-Stainless-Steel-Cookware-Dimensions-2-270x270.webp 270w, https:\/\/www.hg-cooker.com\/wp-content\/uploads\/2024\/07\/Regular-Stainless-Steel-Cookware-Dimensions-2-540x540.webp 540w\" sizes=\"(max-width: 790px) 100vw, 790px\" \/><\/figure>\n<\/div>\n<\/div>","protected":false},"excerpt":{"rendered":"<p>Juego de utensilios de cocina de acero inoxidable triples personalizables al por mayor, que incluye olla de leche y olla de guiso, todo el cuerpo de la olla est\u00e1 hecho de acero inoxidable triples, que tiene mejor durabilidad y conductividad t\u00e9rmica que otros utensilios de cocina de acero inoxidable. Este juego satisface perfectamente las necesidades de las cocinas dom\u00e9sticas y comerciales. Apoyamos la personalizaci\u00f3n OEM y ODM, las opciones de personalizaci\u00f3n incluyen material de utensilios de cocina personalizados, forma, tama\u00f1o, embalaje, etc., bienvenido a contactarnos.<\/p>\n<h3>Caracter\u00edsticas de la bater\u00eda de cocina de acero inoxidable Tri Ply<\/h3>\n<div>\n<p><strong>Servicio personalizado:<\/strong> Proporcionamos servicios integrales de OEM y ODM de utensilios de cocina personalizados, incluidos el tama\u00f1o, la forma, el revestimiento y el embalaje personalizados de los utensilios de cocina, adecuados para cocinas comerciales y proveedores de utensilios de cocina de marca que necesitan utensilios de cocina exclusivos.<\/p>\n<p><strong>Amplia aplicaci\u00f3n:<\/strong> La bater\u00eda de cocina fabricada por Hennguang adopta un fondo triple de acero inoxidable, que es adecuado para una gran variedad de cocinas, incluidas las cocinas de inducci\u00f3n, las cocinas de gas, las cocinas de radiaci\u00f3n y las cocinas hal\u00f3genas.<\/p>\n<p><strong>Artesan\u00eda de alta gama:<\/strong> Esta bater\u00eda de cocina tricapa adopta una avanzada tecnolog\u00eda de conexi\u00f3n y soldadura sin juntas, tiene una vida \u00fatil m\u00e1s larga y evita eficazmente la acumulaci\u00f3n de residuos de alimentos.<\/p>\n<p><strong>Seguridad y salud:<\/strong> Las superficies de contacto de la bater\u00eda de cocina de acero inoxidable son de acero inoxidable 304 de calidad alimentaria, muy resistente a la corrosi\u00f3n y seguro en contacto con los alimentos, lo que le ayudar\u00e1 a cocinar alimentos sanos.<\/p>\n<p><strong>Exportaci\u00f3n y asistencia en todo el mundo:<\/strong> Nuestro experimentado equipo puede garantizar el suministro de soluciones de utensilios de cocina personalizadas adecuadas y asistencia para diferentes mercados.<\/p>\n<\/div>","protected":false},"featured_media":4720,"comment_status":"closed","ping_status":"closed","template":"","meta":[],"product_brand":[],"product_cat":[52],"product_tag":[],"class_list":{"0":"post-4063","1":"product","2":"type-product","3":"status-publish","4":"has-post-thumbnail","6":"product_cat-stainless-steel-cookware","8":"first","9":"instock","10":"shipping-taxable","11":"product-type-simple"},"_links":{"self":[{"href":"https:\/\/www.hg-cooker.com\/es\/wp-json\/wp\/v2\/product\/4063","targetHints":{"allow":["GET"]}}],"collection":[{"href":"https:\/\/www.hg-cooker.com\/es\/wp-json\/wp\/v2\/product"}],"about":[{"href":"https:\/\/www.hg-cooker.com\/es\/wp-json\/wp\/v2\/types\/product"}],"replies":[{"embeddable":true,"href":"https:\/\/www.hg-cooker.com\/es\/wp-json\/wp\/v2\/comments?post=4063"}],"wp:featuredmedia":[{"embeddable":true,"href":"https:\/\/www.hg-cooker.com\/es\/wp-json\/wp\/v2\/media\/4720"}],"wp:attachment":[{"href":"https:\/\/www.hg-cooker.com\/es\/wp-json\/wp\/v2\/media?parent=4063"}],"wp:term":[{"taxonomy":"product_brand","embeddable":true,"href":"https:\/\/www.hg-cooker.com\/es\/wp-json\/wp\/v2\/product_brand?post=4063"},{"taxonomy":"product_cat","embeddable":true,"href":"https:\/\/www.hg-cooker.com\/es\/wp-json\/wp\/v2\/product_cat?post=4063"},{"taxonomy":"product_tag","embeddable":true,"href":"https:\/\/www.hg-cooker.com\/es\/wp-json\/wp\/v2\/product_tag?post=4063"}],"curies":[{"name":"wp","href":"https:\/\/api.w.org\/{rel}","templated":true}]}}