{"id":4045,"date":"2025-09-10T12:52:08","date_gmt":"2025-09-10T12:52:08","guid":{"rendered":"https:\/\/www.hg-cooker.com\/?post_type=product&#038;p=4045"},"modified":"2025-09-13T01:36:14","modified_gmt":"2025-09-13T01:36:14","slug":"olla-de-leche-hirviendo-de-acero-inoxidable-al-por-mayor-12","status":"publish","type":"product","link":"https:\/\/www.hg-cooker.com\/es\/producto\/olla-de-leche-hirviendo-de-acero-inoxidable-al-por-mayor-12\/","title":{"rendered":"Mayorista Antiadherente Inducci\u00f3n Bater\u00eda de Cocina, Tri Ply Acero Inoxidable Bater\u00eda de Cocina Venta Directa de F\u00e1brica"},"content":{"rendered":"<div class=\"wp-block-columns is-layout-flex wp-container-core-columns-is-layout-9d6595d7 wp-block-columns-is-layout-flex\">\n<div class=\"wp-block-column is-layout-flow wp-block-column-is-layout-flow\">\n<h3 class=\"wp-block-heading\">Par\u00e1metros de la bater\u00eda de inducci\u00f3n antiadherente<\/h3>\n\n\n\n<figure class=\"wp-block-table\"><table class=\"has-fixed-layout\"><tbody><tr><td>Nombre del producto<\/td><td>Bater\u00eda de inducci\u00f3n antiadherente<\/td><\/tr><tr><td>Material del producto<\/td><td>Acero inoxidable 304 y acero inoxidable compuesto tricapa<\/td><\/tr><tr><td>Especificaciones del producto<\/td><td>Sart\u00e9n panal: 24cm \/ 26cm; <br>Lechera de acero inoxidable: 14cm \/ 16cm \/ 18cm<\/td><\/tr><tr><td>Estufas aplicables<\/td><td>Cocina radiante, Cocina hal\u00f3gena, Cocina de gas, Cocina de inducci\u00f3n<\/td><\/tr><\/tbody><\/table><\/figure>\n\n\n\n<h3 class=\"wp-block-heading\">Opciones de bater\u00eda de cocina a medida<\/h3>\n\n\n\n<figure class=\"wp-block-table\"><table class=\"has-fixed-layout\"><tbody><tr><td>Opciones personalizadas<\/td><td>Detalles<\/td><\/tr><tr><td>Logotipo<\/td><td>Personalice el logotipo de su marca en el producto y el envase.<\/td><\/tr><tr><td>Material<\/td><td>Triple acero inoxidable\/304 acero inoxidable\/316 acero inoxidable<\/td><\/tr><tr><td>Revestimiento<\/td><td>Revestimiento antiadherente\/panal de abeja Revestimiento f\u00edsico antiadherente\/acero inoxidable (sin revestimiento)<\/td><\/tr><tr><td>Talla<\/td><td>Tama\u00f1os de bater\u00eda de cocina a medida.<\/td><\/tr><tr><td>Paquete<\/td><td>Cart\u00f3n, Caja de color<\/td><\/tr><\/tbody><\/table><\/figure>\n<\/div>\n<\/div>\n\n\n\n<div class=\"wp-block-columns is-layout-flex wp-container-core-columns-is-layout-9d6595d7 wp-block-columns-is-layout-flex\">\n<div class=\"wp-block-column is-layout-flow wp-block-column-is-layout-flow\">\n<figure class=\"wp-block-image size-full\"><img fetchpriority=\"high\" decoding=\"async\" width=\"790\" height=\"750\" src=\"https:\/\/www.hg-cooker.com\/wp-content\/uploads\/2024\/07\/Parameters-of-the-milk-pot.webp\" alt=\"Par\u00e1metros del tarro de leche\" class=\"wp-image-4616\" srcset=\"https:\/\/www.hg-cooker.com\/wp-content\/uploads\/2024\/07\/Parameters-of-the-milk-pot.webp 790w, https:\/\/www.hg-cooker.com\/wp-content\/uploads\/2024\/07\/Parameters-of-the-milk-pot-150x142.webp 150w, https:\/\/www.hg-cooker.com\/wp-content\/uploads\/2024\/07\/Parameters-of-the-milk-pot-660x627.webp 660w, https:\/\/www.hg-cooker.com\/wp-content\/uploads\/2024\/07\/Parameters-of-the-milk-pot-300x285.webp 300w, https:\/\/www.hg-cooker.com\/wp-content\/uploads\/2024\/07\/Parameters-of-the-milk-pot-768x729.webp 768w, https:\/\/www.hg-cooker.com\/wp-content\/uploads\/2024\/07\/Parameters-of-the-milk-pot-13x12.webp 13w, https:\/\/www.hg-cooker.com\/wp-content\/uploads\/2024\/07\/Parameters-of-the-milk-pot-285x271.webp 285w\" sizes=\"(max-width: 790px) 100vw, 790px\" \/><\/figure>\n<\/div>\n\n\n\n<div class=\"wp-block-column is-layout-flow wp-block-column-is-layout-flow\">\n<figure class=\"wp-block-image size-full\"><img decoding=\"async\" width=\"790\" height=\"750\" src=\"https:\/\/www.hg-cooker.com\/wp-content\/uploads\/2024\/07\/Parameters-of-the-frying-pan.webp\" alt=\"Par\u00e1metros de la sart\u00e9n\" class=\"wp-image-4615\" srcset=\"https:\/\/www.hg-cooker.com\/wp-content\/uploads\/2024\/07\/Parameters-of-the-frying-pan.webp 790w, https:\/\/www.hg-cooker.com\/wp-content\/uploads\/2024\/07\/Parameters-of-the-frying-pan-150x142.webp 150w, https:\/\/www.hg-cooker.com\/wp-content\/uploads\/2024\/07\/Parameters-of-the-frying-pan-660x627.webp 660w, https:\/\/www.hg-cooker.com\/wp-content\/uploads\/2024\/07\/Parameters-of-the-frying-pan-300x285.webp 300w, https:\/\/www.hg-cooker.com\/wp-content\/uploads\/2024\/07\/Parameters-of-the-frying-pan-768x729.webp 768w, https:\/\/www.hg-cooker.com\/wp-content\/uploads\/2024\/07\/Parameters-of-the-frying-pan-13x12.webp 13w, https:\/\/www.hg-cooker.com\/wp-content\/uploads\/2024\/07\/Parameters-of-the-frying-pan-285x271.webp 285w\" sizes=\"(max-width: 790px) 100vw, 790px\" \/><\/figure>\n<\/div>\n<\/div>\n\n\n\n<div class=\"wp-block-columns is-layout-flex wp-container-core-columns-is-layout-9d6595d7 wp-block-columns-is-layout-flex\">\n<div class=\"wp-block-column is-layout-flow wp-block-column-is-layout-flow\">\n<figure class=\"wp-block-image size-full\"><img decoding=\"async\" width=\"790\" height=\"1234\" src=\"https:\/\/www.hg-cooker.com\/wp-content\/uploads\/2024\/07\/Induction-Cookware-Set-Detail-1.webp\" alt=\"Bater\u00eda de inducci\u00f3n Detalle (1)\" class=\"wp-image-4613\" srcset=\"https:\/\/www.hg-cooker.com\/wp-content\/uploads\/2024\/07\/Induction-Cookware-Set-Detail-1.webp 790w, https:\/\/www.hg-cooker.com\/wp-content\/uploads\/2024\/07\/Induction-Cookware-Set-Detail-1-96x150.webp 96w, https:\/\/www.hg-cooker.com\/wp-content\/uploads\/2024\/07\/Induction-Cookware-Set-Detail-1-423x660.webp 423w, https:\/\/www.hg-cooker.com\/wp-content\/uploads\/2024\/07\/Induction-Cookware-Set-Detail-1-192x300.webp 192w, https:\/\/www.hg-cooker.com\/wp-content\/uploads\/2024\/07\/Induction-Cookware-Set-Detail-1-768x1200.webp 768w, https:\/\/www.hg-cooker.com\/wp-content\/uploads\/2024\/07\/Induction-Cookware-Set-Detail-1-8x12.webp 8w, https:\/\/www.hg-cooker.com\/wp-content\/uploads\/2024\/07\/Induction-Cookware-Set-Detail-1-285x445.webp 285w\" sizes=\"(max-width: 790px) 100vw, 790px\" \/><\/figure>\n<\/div>\n\n\n\n<div class=\"wp-block-column is-layout-flow wp-block-column-is-layout-flow\">\n<figure class=\"wp-block-image size-full\"><img loading=\"lazy\" decoding=\"async\" width=\"790\" height=\"1234\" src=\"https:\/\/www.hg-cooker.com\/wp-content\/uploads\/2024\/07\/Induction-Cookware-Set-Detail-2.webp\" alt=\"Bater\u00eda de inducci\u00f3n Detalle (2)\" class=\"wp-image-4614\" srcset=\"https:\/\/www.hg-cooker.com\/wp-content\/uploads\/2024\/07\/Induction-Cookware-Set-Detail-2.webp 790w, https:\/\/www.hg-cooker.com\/wp-content\/uploads\/2024\/07\/Induction-Cookware-Set-Detail-2-96x150.webp 96w, https:\/\/www.hg-cooker.com\/wp-content\/uploads\/2024\/07\/Induction-Cookware-Set-Detail-2-423x660.webp 423w, https:\/\/www.hg-cooker.com\/wp-content\/uploads\/2024\/07\/Induction-Cookware-Set-Detail-2-192x300.webp 192w, https:\/\/www.hg-cooker.com\/wp-content\/uploads\/2024\/07\/Induction-Cookware-Set-Detail-2-768x1200.webp 768w, https:\/\/www.hg-cooker.com\/wp-content\/uploads\/2024\/07\/Induction-Cookware-Set-Detail-2-8x12.webp 8w, https:\/\/www.hg-cooker.com\/wp-content\/uploads\/2024\/07\/Induction-Cookware-Set-Detail-2-285x445.webp 285w\" sizes=\"(max-width: 790px) 100vw, 790px\" \/><\/figure>\n<\/div>\n<\/div>\n\n\n\n<p><\/p>","protected":false},"excerpt":{"rendered":"<p>Mayorista Juego de utensilios de cocina antiadherentes para inducci\u00f3n, este juego de utensilios de cocina est\u00e1 fabricado en triple acero inoxidable y permite cocinar con placas de inducci\u00f3n. Este conjunto de utensilios de cocina incluye una cacerola de leche y una sart\u00e9n, que puede ayudarle a completar diversas tareas de cocina, como cocinar sopa, saltear, hacer salsas y mucho m\u00e1s. Le ofrecemos varios estilos de bater\u00edas de cocina para combinar, invitamos a mayoristas y distribuidores a ponerse en contacto con nosotros.<\/p>\n<h3>Caracter\u00edsticas y ventajas de la bater\u00eda de inducci\u00f3n antiadherente<\/h3>\n<div>\n<p><strong>Buena durabilidad:<\/strong> La bater\u00eda de cocina est\u00e1 fabricada con material de acero inoxidable triple grueso de alta calidad, que puede mantener su brillo y rendimiento durante mucho tiempo, adecuado para cocinas dom\u00e9sticas y comerciales de uso frecuente.<\/p>\n<p><strong>Dise\u00f1o elegante:<\/strong> Esta bater\u00eda de cocina adopta un dise\u00f1o de apariencia sencilla y elegante, que puede combinar perfectamente con cualquier estilo y decoraci\u00f3n de cocina, realzando la belleza general de la cocina.<\/p>\n<p><strong>Dise\u00f1o pr\u00e1ctico:<\/strong> Adopta un mango resistente al calor especialmente dise\u00f1ado para evitar quemaduras en las manos. Y esta bater\u00eda de cocina tiene un excelente equilibrio de peso, agarre c\u00f3modo, ligero y f\u00e1cil de manejar.<\/p>\n<p><strong>Opciones de revestimiento:<\/strong> Ofrecemos dos opciones de revestimiento antiadherente de panal y sin revestimiento para satisfacer las necesidades de los distintos usuarios.<\/p>\n<p><strong>Servicio OEM&amp;ODM:<\/strong> Proporcionamos soluciones integrales al por mayor y a medida para utensilios de cocina, incluidos materiales personalizados, especificaciones, dise\u00f1o funcional y soluciones de embalaje personalizadas.<br \/><a href=\"https:\/\/www.hg-cooker.com\/es\/sulucion-personalizada\/\" target=\"_blank\" rel=\"noopener\"><strong>M\u00e1s informaci\u00f3n sobre utensilios de cocina personalizados<\/strong><\/a><\/p>\n<\/div>","protected":false},"featured_media":4617,"comment_status":"open","ping_status":"closed","template":"","meta":[],"product_brand":[],"product_cat":[52],"product_tag":[],"class_list":{"0":"post-4045","1":"product","2":"type-product","3":"status-publish","4":"has-post-thumbnail","6":"product_cat-stainless-steel-cookware","8":"first","9":"instock","10":"shipping-taxable","11":"product-type-simple"},"_links":{"self":[{"href":"https:\/\/www.hg-cooker.com\/es\/wp-json\/wp\/v2\/product\/4045","targetHints":{"allow":["GET"]}}],"collection":[{"href":"https:\/\/www.hg-cooker.com\/es\/wp-json\/wp\/v2\/product"}],"about":[{"href":"https:\/\/www.hg-cooker.com\/es\/wp-json\/wp\/v2\/types\/product"}],"replies":[{"embeddable":true,"href":"https:\/\/www.hg-cooker.com\/es\/wp-json\/wp\/v2\/comments?post=4045"}],"wp:featuredmedia":[{"embeddable":true,"href":"https:\/\/www.hg-cooker.com\/es\/wp-json\/wp\/v2\/media\/4617"}],"wp:attachment":[{"href":"https:\/\/www.hg-cooker.com\/es\/wp-json\/wp\/v2\/media?parent=4045"}],"wp:term":[{"taxonomy":"product_brand","embeddable":true,"href":"https:\/\/www.hg-cooker.com\/es\/wp-json\/wp\/v2\/product_brand?post=4045"},{"taxonomy":"product_cat","embeddable":true,"href":"https:\/\/www.hg-cooker.com\/es\/wp-json\/wp\/v2\/product_cat?post=4045"},{"taxonomy":"product_tag","embeddable":true,"href":"https:\/\/www.hg-cooker.com\/es\/wp-json\/wp\/v2\/product_tag?post=4045"}],"curies":[{"name":"wp","href":"https:\/\/api.w.org\/{rel}","templated":true}]}}