{"id":4032,"date":"2025-09-11T10:48:55","date_gmt":"2025-09-11T10:48:55","guid":{"rendered":"https:\/\/www.hg-cooker.com\/?post_type=product&#038;p=4032"},"modified":"2025-09-13T01:59:43","modified_gmt":"2025-09-13T01:59:43","slug":"olla-de-leche-hirviendo-de-acero-inoxidable-al-por-mayor-11","status":"publish","type":"product","link":"https:\/\/www.hg-cooker.com\/es\/producto\/olla-de-leche-hirviendo-de-acero-inoxidable-al-por-mayor-11\/","title":{"rendered":"Venta al por mayor 2 piezas utensilios de cocina, utensilios de cocina comercial de alta calidad - Hengguang Cookware Fabricantes"},"content":{"rendered":"<div class=\"wp-block-columns is-layout-flex wp-container-core-columns-is-layout-9d6595d7 wp-block-columns-is-layout-flex\">\n<div class=\"wp-block-column is-layout-flow wp-block-column-is-layout-flow\">\n<h3 class=\"wp-block-heading\">Par\u00e1metros de la bater\u00eda de cocina de 2 piezas<\/h3>\n\n\n\n<figure class=\"wp-block-table\"><table class=\"has-fixed-layout\"><tbody><tr><td>Nombre del producto<\/td><td>Bater\u00eda de cocina de 2 piezas<\/td><\/tr><tr><td>Material del producto<\/td><td>Acero inoxidable 304 y acero inoxidable compuesto tricapa<\/td><\/tr><tr><td rowspan=\"2\">Especificaciones del producto<\/td><td>Wok de panal: 32cm<\/td><\/tr><tr><td>Lechera de acero inoxidable: 14cm \/ 16cm \/ 18cm<\/td><\/tr><tr><td>Estufa adecuada<\/td><td>Cocina Radiante, Horno Hal\u00f3geno, Cocina de Gas, Cocina de Inducci\u00f3n<\/td><\/tr><\/tbody><\/table><\/figure>\n\n\n\n<h2 class=\"wp-block-heading\">Opciones de bater\u00eda de cocina a medida<\/h2>\n\n\n\n<p><strong>Logotipo<\/strong>: Personalice el logotipo de su marca en el producto y el envase.<br><br><strong>Material<\/strong>: Acero inoxidable triple \/ Acero inoxidable 304 \/ Acero inoxidable 316<br><br><strong>Revestimiento<\/strong>: Revestimiento f\u00edsico antiadherente de nido de abeja \/ Acero inoxidable( Sin revestimiento )<br><br><strong>Talla<\/strong>: Tama\u00f1os personalizados<br><br><strong>Paquete<\/strong>:cart\u00f3n\/caja de color.<\/p>\n\n\n\n<p><a href=\"https:\/\/www.hg-cooker.com\/es\/custom-solution\/\" data-type=\"page\" data-id=\"2793\" target=\"_blank\" rel=\"noreferrer noopener\">Explorar m\u00e1s detalles de utensilios de cocina personalizados<\/a><\/p>\n<\/div>\n<\/div>\n\n\n\n<div class=\"wp-block-columns is-layout-flex wp-container-core-columns-is-layout-9d6595d7 wp-block-columns-is-layout-flex\">\n<div class=\"wp-block-column is-layout-flow wp-block-column-is-layout-flow\">\n<figure class=\"wp-block-image size-full\"><img fetchpriority=\"high\" decoding=\"async\" width=\"790\" height=\"1298\" src=\"https:\/\/www.hg-cooker.com\/wp-content\/uploads\/2024\/07\/2-piece-cookware-Set-Detail-1.webp\" alt=\"Bater\u00eda de cocina de 2 piezas Detalle (1)\" class=\"wp-image-4693\" srcset=\"https:\/\/www.hg-cooker.com\/wp-content\/uploads\/2024\/07\/2-piece-cookware-Set-Detail-1.webp 790w, https:\/\/www.hg-cooker.com\/wp-content\/uploads\/2024\/07\/2-piece-cookware-Set-Detail-1-91x150.webp 91w, https:\/\/www.hg-cooker.com\/wp-content\/uploads\/2024\/07\/2-piece-cookware-Set-Detail-1-402x660.webp 402w, https:\/\/www.hg-cooker.com\/wp-content\/uploads\/2024\/07\/2-piece-cookware-Set-Detail-1-183x300.webp 183w, https:\/\/www.hg-cooker.com\/wp-content\/uploads\/2024\/07\/2-piece-cookware-Set-Detail-1-768x1262.webp 768w, https:\/\/www.hg-cooker.com\/wp-content\/uploads\/2024\/07\/2-piece-cookware-Set-Detail-1-7x12.webp 7w, https:\/\/www.hg-cooker.com\/wp-content\/uploads\/2024\/07\/2-piece-cookware-Set-Detail-1-285x468.webp 285w\" sizes=\"(max-width: 790px) 100vw, 790px\" \/><\/figure>\n<\/div>\n\n\n\n<div class=\"wp-block-column is-layout-flow wp-block-column-is-layout-flow\">\n<figure class=\"wp-block-image size-full\"><img decoding=\"async\" width=\"790\" height=\"1300\" src=\"https:\/\/www.hg-cooker.com\/wp-content\/uploads\/2024\/07\/2-piece-cookware-Set-Detail-2.webp\" alt=\"Bater\u00eda de cocina de 2 piezas Detalle (2)\" class=\"wp-image-4694\" srcset=\"https:\/\/www.hg-cooker.com\/wp-content\/uploads\/2024\/07\/2-piece-cookware-Set-Detail-2.webp 790w, https:\/\/www.hg-cooker.com\/wp-content\/uploads\/2024\/07\/2-piece-cookware-Set-Detail-2-91x150.webp 91w, https:\/\/www.hg-cooker.com\/wp-content\/uploads\/2024\/07\/2-piece-cookware-Set-Detail-2-401x660.webp 401w, https:\/\/www.hg-cooker.com\/wp-content\/uploads\/2024\/07\/2-piece-cookware-Set-Detail-2-182x300.webp 182w, https:\/\/www.hg-cooker.com\/wp-content\/uploads\/2024\/07\/2-piece-cookware-Set-Detail-2-768x1264.webp 768w, https:\/\/www.hg-cooker.com\/wp-content\/uploads\/2024\/07\/2-piece-cookware-Set-Detail-2-7x12.webp 7w, https:\/\/www.hg-cooker.com\/wp-content\/uploads\/2024\/07\/2-piece-cookware-Set-Detail-2-285x469.webp 285w\" sizes=\"(max-width: 790px) 100vw, 790px\" \/><\/figure>\n<\/div>\n<\/div>\n\n\n\n<div class=\"wp-block-columns is-layout-flex wp-container-core-columns-is-layout-9d6595d7 wp-block-columns-is-layout-flex\">\n<div class=\"wp-block-column is-layout-flow wp-block-column-is-layout-flow\">\n<figure class=\"wp-block-image size-full\"><img decoding=\"async\" width=\"790\" height=\"750\" src=\"https:\/\/www.hg-cooker.com\/wp-content\/uploads\/2024\/07\/2-piece-cookware-Set-Sizes-1.webp\" alt=\"Juego de utensilios de cocina de 2 piezas Tama\u00f1os (1)\" class=\"wp-image-4695\" srcset=\"https:\/\/www.hg-cooker.com\/wp-content\/uploads\/2024\/07\/2-piece-cookware-Set-Sizes-1.webp 790w, https:\/\/www.hg-cooker.com\/wp-content\/uploads\/2024\/07\/2-piece-cookware-Set-Sizes-1-150x142.webp 150w, https:\/\/www.hg-cooker.com\/wp-content\/uploads\/2024\/07\/2-piece-cookware-Set-Sizes-1-660x627.webp 660w, https:\/\/www.hg-cooker.com\/wp-content\/uploads\/2024\/07\/2-piece-cookware-Set-Sizes-1-300x285.webp 300w, https:\/\/www.hg-cooker.com\/wp-content\/uploads\/2024\/07\/2-piece-cookware-Set-Sizes-1-768x729.webp 768w, https:\/\/www.hg-cooker.com\/wp-content\/uploads\/2024\/07\/2-piece-cookware-Set-Sizes-1-13x12.webp 13w, https:\/\/www.hg-cooker.com\/wp-content\/uploads\/2024\/07\/2-piece-cookware-Set-Sizes-1-285x271.webp 285w\" sizes=\"(max-width: 790px) 100vw, 790px\" \/><\/figure>\n<\/div>\n\n\n\n<div class=\"wp-block-column is-layout-flow wp-block-column-is-layout-flow\">\n<figure class=\"wp-block-image size-full\"><img loading=\"lazy\" decoding=\"async\" width=\"790\" height=\"750\" src=\"https:\/\/www.hg-cooker.com\/wp-content\/uploads\/2024\/07\/2-piece-cookware-Set-Sizes-2.webp\" alt=\"Bater\u00eda de cocina de 2 piezas Tama\u00f1os (2)\" class=\"wp-image-4696\" srcset=\"https:\/\/www.hg-cooker.com\/wp-content\/uploads\/2024\/07\/2-piece-cookware-Set-Sizes-2.webp 790w, https:\/\/www.hg-cooker.com\/wp-content\/uploads\/2024\/07\/2-piece-cookware-Set-Sizes-2-150x142.webp 150w, https:\/\/www.hg-cooker.com\/wp-content\/uploads\/2024\/07\/2-piece-cookware-Set-Sizes-2-660x627.webp 660w, https:\/\/www.hg-cooker.com\/wp-content\/uploads\/2024\/07\/2-piece-cookware-Set-Sizes-2-300x285.webp 300w, https:\/\/www.hg-cooker.com\/wp-content\/uploads\/2024\/07\/2-piece-cookware-Set-Sizes-2-768x729.webp 768w, https:\/\/www.hg-cooker.com\/wp-content\/uploads\/2024\/07\/2-piece-cookware-Set-Sizes-2-13x12.webp 13w, https:\/\/www.hg-cooker.com\/wp-content\/uploads\/2024\/07\/2-piece-cookware-Set-Sizes-2-285x271.webp 285w\" sizes=\"(max-width: 790px) 100vw, 790px\" \/><\/figure>\n<\/div>\n<\/div>\n\n\n\n<p><\/p>","protected":false},"excerpt":{"rendered":"<p>Juego de utensilios de cocina de 2 piezas al por mayor, este juego de utensilios de cocina est\u00e1 hecho de acero inoxidable de tres capas, con buena conductividad t\u00e9rmica, y larga vida \u00fatil, compatible con cocinas de inducci\u00f3n y estufas de gas, adecuado para el hogar y la cocina comercial. Ofrecemos servicios de utensilios de cocina al por mayor y soluciones de utensilios de cocina personalizados, recepci\u00f3n para entrarnos en contacto con.<\/p>\n<h3>Caracter\u00edsticas de la bater\u00eda de cocina de 2 piezas<\/h3>\n<div>\n<p><strong>Resistencia a la cocci\u00f3n a alta temperatura:<\/strong> Esta bater\u00eda de cocina de 2 piezas puede soportar altas temperaturas de cocci\u00f3n y no es f\u00e1cil de deformar. Se puede utilizar para tareas de cocina como saltear, hervir sopa, fre\u00edr, etc. Es una opci\u00f3n ideal para cocinas comerciales y chefs.<\/p>\n<p><strong>Dise\u00f1o de mango largo:<\/strong> La bater\u00eda de cocina de 2 piezas est\u00e1 equipada con un mango largo, que resulta muy c\u00f3modo. Puede reducir eficazmente el riesgo de quemaduras y es adecuado para cocinas comerciales de uso frecuente.<\/p>\n<p><strong>Materiales de alta calidad:<\/strong> El cuerpo de la olla est\u00e1 fabricado con materiales pesados de muy buena textura, lo que mejora eficazmente la estabilidad y durabilidad de la bater\u00eda de cocina.<\/p>\n<p><strong>Servicio mayorista:<\/strong> Ofrecemos utensilios de cocina al por mayor a precios de f\u00e1brica, que pueden satisfacer las necesidades de compra al por mayor y pedidos de lotes peque\u00f1os.<\/p>\n<p><strong>Servicios OEM y ODM:<\/strong> Ofrecemos servicios de utensilios de cocina personalizados OEM&amp;ODM para satisfacer las necesidades de personalizaci\u00f3n de hoteles, restaurantes y mayoristas, y personalizamos seg\u00fan las necesidades de su marca para crear utensilios de cocina de marca exclusiva.<\/p>\n<\/div>","protected":false},"featured_media":4697,"comment_status":"closed","ping_status":"closed","template":"","meta":[],"product_brand":[],"product_cat":[52],"product_tag":[],"class_list":{"0":"post-4032","1":"product","2":"type-product","3":"status-publish","4":"has-post-thumbnail","6":"product_cat-stainless-steel-cookware","8":"first","9":"instock","10":"shipping-taxable","11":"product-type-simple"},"_links":{"self":[{"href":"https:\/\/www.hg-cooker.com\/es\/wp-json\/wp\/v2\/product\/4032","targetHints":{"allow":["GET"]}}],"collection":[{"href":"https:\/\/www.hg-cooker.com\/es\/wp-json\/wp\/v2\/product"}],"about":[{"href":"https:\/\/www.hg-cooker.com\/es\/wp-json\/wp\/v2\/types\/product"}],"replies":[{"embeddable":true,"href":"https:\/\/www.hg-cooker.com\/es\/wp-json\/wp\/v2\/comments?post=4032"}],"wp:featuredmedia":[{"embeddable":true,"href":"https:\/\/www.hg-cooker.com\/es\/wp-json\/wp\/v2\/media\/4697"}],"wp:attachment":[{"href":"https:\/\/www.hg-cooker.com\/es\/wp-json\/wp\/v2\/media?parent=4032"}],"wp:term":[{"taxonomy":"product_brand","embeddable":true,"href":"https:\/\/www.hg-cooker.com\/es\/wp-json\/wp\/v2\/product_brand?post=4032"},{"taxonomy":"product_cat","embeddable":true,"href":"https:\/\/www.hg-cooker.com\/es\/wp-json\/wp\/v2\/product_cat?post=4032"},{"taxonomy":"product_tag","embeddable":true,"href":"https:\/\/www.hg-cooker.com\/es\/wp-json\/wp\/v2\/product_tag?post=4032"}],"curies":[{"name":"wp","href":"https:\/\/api.w.org\/{rel}","templated":true}]}}