{"id":3994,"date":"2025-08-20T08:09:37","date_gmt":"2025-08-20T08:09:37","guid":{"rendered":"https:\/\/www.hg-cooker.com\/?post_type=product&#038;p=3994"},"modified":"2025-11-13T02:20:31","modified_gmt":"2025-11-13T02:20:31","slug":"olla-de-leche-hirviendo-de-acero-inoxidable-al-por-mayor-10","status":"publish","type":"product","link":"https:\/\/www.hg-cooker.com\/es\/producto\/olla-de-leche-hirviendo-de-acero-inoxidable-al-por-mayor-10\/","title":{"rendered":"Mayorista Olla a Presi\u00f3n de Acero Inoxidable de 3 Litros - Hengguang Fabricante de Ollas a Presi\u00f3n"},"content":{"rendered":"<div class=\"wp-block-columns is-layout-flex wp-container-core-columns-is-layout-9d6595d7 wp-block-columns-is-layout-flex\">\n<div class=\"wp-block-column is-layout-flow wp-block-column-is-layout-flow\">\n<h2 class=\"wp-block-heading\">Par\u00e1metros de la olla a presi\u00f3n de acero inoxidable de 3 litros<\/h2>\n\n\n\n<figure class=\"wp-block-table\"><table class=\"has-fixed-layout\"><tbody><tr><td>Nombre del producto<\/td><td>Material<\/td><td>Estilo<\/td><td>Capacidad<\/td><td>Estufa adecuada<\/td><\/tr><tr><td>Olla a presi\u00f3n peque\u00f1a<\/td><td>304# Acero Inoxidable (Tapa) + Acero Inoxidable Tri-Ply (Cuerpo de la Olla)<\/td><td>Pared interior de acero inoxidable \/ Pared interior antiadherente<\/td><td>2,5L \/ 3,0L \/ 3,5L \/ 4,0L<\/td><td>Cocina de gas \/ llama abierta \/ inducci\u00f3n<\/td><\/tr><\/tbody><\/table><\/figure>\n\n\n\n<h3 class=\"wp-block-heading\">Opciones personalizadas de la mini olla a presi\u00f3n<\/h3>\n\n\n\n<p><strong>Logotipo:<\/strong> Personalice el logotipo de su marca en productos y envases.<br><br><strong>Revestimiento:<\/strong> Revestimiento antiadherente \/ Acero inoxidable <br><br><strong>Tama\u00f1o: <\/strong>Personalice diferentes tama\u00f1os de olla a presi\u00f3n seg\u00fan sus necesidades.<br><br><strong>Embalaje: <\/strong>cart\u00f3n\/caja de color.<br><br><a href=\"https:\/\/www.hg-cooker.com\/es\/custom-solution\/\" data-type=\"page\" data-id=\"2793\" target=\"_blank\" rel=\"noreferrer noopener\"><strong>M\u00e1s informaci\u00f3n sobre soluciones personalizadas para ollas a presi\u00f3n.<\/strong><\/a><br><\/p>\n<\/div>\n<\/div>\n\n\n\n<div class=\"wp-block-columns is-layout-flex wp-container-core-columns-is-layout-9d6595d7 wp-block-columns-is-layout-flex\">\n<div class=\"wp-block-column is-layout-flow wp-block-column-is-layout-flow\">\n<figure class=\"wp-block-image size-full\"><img fetchpriority=\"high\" decoding=\"async\" width=\"790\" height=\"1007\" src=\"https:\/\/www.hg-cooker.com\/wp-content\/uploads\/2024\/07\/Stainless-Steel-Pressure-Cooker-Details-5.jpg\" alt=\"Detalles de la olla a presi\u00f3n de acero inoxidable (5)\" class=\"wp-image-4854\" srcset=\"https:\/\/www.hg-cooker.com\/wp-content\/uploads\/2024\/07\/Stainless-Steel-Pressure-Cooker-Details-5.jpg 790w, https:\/\/www.hg-cooker.com\/wp-content\/uploads\/2024\/07\/Stainless-Steel-Pressure-Cooker-Details-5-118x150.jpg 118w, https:\/\/www.hg-cooker.com\/wp-content\/uploads\/2024\/07\/Stainless-Steel-Pressure-Cooker-Details-5-518x660.jpg 518w, https:\/\/www.hg-cooker.com\/wp-content\/uploads\/2024\/07\/Stainless-Steel-Pressure-Cooker-Details-5-235x300.jpg 235w, https:\/\/www.hg-cooker.com\/wp-content\/uploads\/2024\/07\/Stainless-Steel-Pressure-Cooker-Details-5-768x979.jpg 768w, https:\/\/www.hg-cooker.com\/wp-content\/uploads\/2024\/07\/Stainless-Steel-Pressure-Cooker-Details-5-9x12.jpg 9w, https:\/\/www.hg-cooker.com\/wp-content\/uploads\/2024\/07\/Stainless-Steel-Pressure-Cooker-Details-5-285x363.jpg 285w\" sizes=\"(max-width: 790px) 100vw, 790px\" \/><\/figure>\n<\/div>\n\n\n\n<div class=\"wp-block-column is-layout-flow wp-block-column-is-layout-flow\">\n<figure class=\"wp-block-image size-full\"><img decoding=\"async\" width=\"790\" height=\"1007\" src=\"https:\/\/www.hg-cooker.com\/wp-content\/uploads\/2024\/07\/Stainless-Steel-Pressure-Cooker-Details-6.jpg\" alt=\"Detalles de la olla a presi\u00f3n de acero inoxidable (6)\" class=\"wp-image-4855\" srcset=\"https:\/\/www.hg-cooker.com\/wp-content\/uploads\/2024\/07\/Stainless-Steel-Pressure-Cooker-Details-6.jpg 790w, https:\/\/www.hg-cooker.com\/wp-content\/uploads\/2024\/07\/Stainless-Steel-Pressure-Cooker-Details-6-118x150.jpg 118w, https:\/\/www.hg-cooker.com\/wp-content\/uploads\/2024\/07\/Stainless-Steel-Pressure-Cooker-Details-6-518x660.jpg 518w, https:\/\/www.hg-cooker.com\/wp-content\/uploads\/2024\/07\/Stainless-Steel-Pressure-Cooker-Details-6-235x300.jpg 235w, https:\/\/www.hg-cooker.com\/wp-content\/uploads\/2024\/07\/Stainless-Steel-Pressure-Cooker-Details-6-768x979.jpg 768w, https:\/\/www.hg-cooker.com\/wp-content\/uploads\/2024\/07\/Stainless-Steel-Pressure-Cooker-Details-6-9x12.jpg 9w, https:\/\/www.hg-cooker.com\/wp-content\/uploads\/2024\/07\/Stainless-Steel-Pressure-Cooker-Details-6-285x363.jpg 285w\" sizes=\"(max-width: 790px) 100vw, 790px\" \/><\/figure>\n<\/div>\n<\/div>","protected":false},"excerpt":{"rendered":"<p>Mayorista de ollas a presi\u00f3n de acero inoxidable de 3 litros, adecuadas para una variedad de cocinas, para satisfacer las necesidades de las cocinas dom\u00e9sticas y comerciales. Y esta olla a presi\u00f3n de acero inoxidable es f\u00e1cil de llevar, se puede utilizar para cocinar al aire libre, adecuado para viajes, camping y otros escenarios. Apoyamos OEM y ODM. P\u00f3ngase en contacto con nosotros para solicitar un presupuesto.<\/p>\n<h2>Caracter\u00edsticas y ventajas de la olla a presi\u00f3n de acero inoxidable de 3 litros<\/h2>\n<div>\n<p><strong>Apto para varias estufas:<\/strong> El cuerpo de esta olla a presi\u00f3n de acero inoxidable de 3 litros est\u00e1 fabricado en acero inoxidable de tres capas, apto para cocinas de gas y de inducci\u00f3n, y se recomienda utilizar una potencia de cocina de inducci\u00f3n de 1000w-1500w.<\/p>\n<p><strong>F\u00e1cil de manejar:<\/strong> Esta olla a presi\u00f3n de acero inoxidable de 3 litros est\u00e1 equipada con un interruptor de pomo, que es f\u00e1cil de manejar y puede ser utilizado f\u00e1cilmente incluso por principiantes en la cocina.<\/p>\n<p><strong>M\u00faltiples dispositivos de protecci\u00f3n de seguridad:<\/strong> Nuestras ollas a presi\u00f3n al por mayor tienen dise\u00f1os de seguridad como v\u00e1lvula limitadora de presi\u00f3n, v\u00e1lvula de seguridad, v\u00e1lvula de alarma, ventana de escape, etc., que son muy seguras de usar.<\/p>\n<p><strong>Dos estilos:<\/strong> Esta olla a presi\u00f3n de acero inoxidable ofrece dos opciones: pared interior sin revestimiento y pared interior con nanorrevestimiento cer\u00e1mico apto para alimentos. El nanorecubrimiento de cer\u00e1mica alimentaria tiene un buen efecto antiadherente.<\/p>\n<p><strong>M\u00faltiples opciones de capacidad:<\/strong> La olla a presi\u00f3n de acero inoxidable de 3 litros m\u00e1s popular es adecuada para individuos y familias de 2 a 4 personas. Adem\u00e1s, tambi\u00e9n ofrecemos ollas a presi\u00f3n de 2,5L, 3,5L y 4,0L.<\/p>\n<\/div>","protected":false},"featured_media":4856,"comment_status":"closed","ping_status":"closed","template":"","meta":[],"product_brand":[],"product_cat":[54],"product_tag":[],"class_list":{"0":"post-3994","1":"product","2":"type-product","3":"status-publish","4":"has-post-thumbnail","6":"product_cat-pressure-cooker","8":"first","9":"instock","10":"shipping-taxable","11":"product-type-simple"},"_links":{"self":[{"href":"https:\/\/www.hg-cooker.com\/es\/wp-json\/wp\/v2\/product\/3994","targetHints":{"allow":["GET"]}}],"collection":[{"href":"https:\/\/www.hg-cooker.com\/es\/wp-json\/wp\/v2\/product"}],"about":[{"href":"https:\/\/www.hg-cooker.com\/es\/wp-json\/wp\/v2\/types\/product"}],"replies":[{"embeddable":true,"href":"https:\/\/www.hg-cooker.com\/es\/wp-json\/wp\/v2\/comments?post=3994"}],"wp:featuredmedia":[{"embeddable":true,"href":"https:\/\/www.hg-cooker.com\/es\/wp-json\/wp\/v2\/media\/4856"}],"wp:attachment":[{"href":"https:\/\/www.hg-cooker.com\/es\/wp-json\/wp\/v2\/media?parent=3994"}],"wp:term":[{"taxonomy":"product_brand","embeddable":true,"href":"https:\/\/www.hg-cooker.com\/es\/wp-json\/wp\/v2\/product_brand?post=3994"},{"taxonomy":"product_cat","embeddable":true,"href":"https:\/\/www.hg-cooker.com\/es\/wp-json\/wp\/v2\/product_cat?post=3994"},{"taxonomy":"product_tag","embeddable":true,"href":"https:\/\/www.hg-cooker.com\/es\/wp-json\/wp\/v2\/product_tag?post=3994"}],"curies":[{"name":"wp","href":"https:\/\/api.w.org\/{rel}","templated":true}]}}