{"id":3993,"date":"2025-09-05T07:59:03","date_gmt":"2025-09-05T07:59:03","guid":{"rendered":"https:\/\/www.hg-cooker.com\/?post_type=product&#038;p=3993"},"modified":"2025-09-13T01:56:39","modified_gmt":"2025-09-13T01:56:39","slug":"olla-de-leche-hirviendo-de-acero-inoxidable-al-por-mayor-9","status":"publish","type":"product","link":"https:\/\/www.hg-cooker.com\/es\/producto\/olla-de-leche-hirviendo-de-acero-inoxidable-al-por-mayor-9\/","title":{"rendered":"Mayorista Tri-Ply Acero Inoxidable 2 Piezas Bater\u00eda de Cocina - Hengguang Cookware Manufacturer"},"content":{"rendered":"<div class=\"wp-block-columns is-layout-flex wp-container-core-columns-is-layout-9d6595d7 wp-block-columns-is-layout-flex\">\n<div class=\"wp-block-column is-layout-flow wp-block-column-is-layout-flow\">\n<h3 class=\"wp-block-heading\">Par\u00e1metros de la bater\u00eda de cocina Tri Ply de 2 piezas<\/h3>\n\n\n\n<figure class=\"wp-block-table\"><table class=\"has-fixed-layout\"><tbody><tr><td>Nombre del producto<\/td><td>Bater\u00eda de cocina de 2 piezas de acero inoxidable 304 compuesto<\/td><\/tr><tr><td>Material del producto<\/td><td>Acero inoxidable 304 y acero inoxidable compuesto de tres capas<\/td><\/tr><tr><td>Especificaciones del producto<\/td><td>Lechera antiadherente: 18cm \/ 22cm \/ 24cm<br>Lechera de acero inoxidable: 14cm \/ 16cm \/ 18cm<\/td><\/tr><tr><td>Estufas adecuadas<\/td><td>Cocina Radiante \/ Horno Hal\u00f3geno \/ Cocina de Gas \/ Cocina de Inducci\u00f3n<\/td><\/tr><\/tbody><\/table><\/figure>\n\n\n\n<h3 class=\"wp-block-heading\">Utensilios de cocina personalizados<\/h3>\n\n\n\n<figure class=\"wp-block-table\"><table class=\"has-fixed-layout\"><tbody><tr><td>Opciones personalizadas<\/td><td>Detalles<\/td><\/tr><tr><td>Logotipo<\/td><td>Personalice el logotipo de su marca en el producto y el envase.<\/td><\/tr><tr><td>Material<\/td><td>Acero inoxidable triple \/ Acero inoxidable 304 \/ Acero inoxidable 316<\/td><\/tr><tr><td>Revestimiento<\/td><td>Revestimiento antiadherente \/ nido de abeja Revestimiento f\u00edsico antiadherente \/ acero inoxidable \uff08sin revestimiento\uff09<\/td><\/tr><tr><td>Talla<\/td><td>tama\u00f1os de ollas a medida<\/td><\/tr><tr><td>Paquete<\/td><td>Cart\u00f3n, Caja de color<\/td><\/tr><\/tbody><\/table><\/figure>\n<\/div>\n<\/div>\n\n\n\n<div class=\"wp-block-columns is-layout-flex wp-container-core-columns-is-layout-9d6595d7 wp-block-columns-is-layout-flex\">\n<div class=\"wp-block-column is-layout-flow wp-block-column-is-layout-flow\">\n<figure class=\"wp-block-image size-full\"><img fetchpriority=\"high\" decoding=\"async\" width=\"790\" height=\"1320\" src=\"https:\/\/www.hg-cooker.com\/wp-content\/uploads\/2024\/07\/2-piece-cookware-detail-no-pfas-design.webp\" alt=\"detalle de la bater\u00eda de cocina de 2 piezas - dise\u00f1o sin pfas\" class=\"wp-image-4597\" srcset=\"https:\/\/www.hg-cooker.com\/wp-content\/uploads\/2024\/07\/2-piece-cookware-detail-no-pfas-design.webp 790w, https:\/\/www.hg-cooker.com\/wp-content\/uploads\/2024\/07\/2-piece-cookware-detail-no-pfas-design-90x150.webp 90w, https:\/\/www.hg-cooker.com\/wp-content\/uploads\/2024\/07\/2-piece-cookware-detail-no-pfas-design-395x660.webp 395w, https:\/\/www.hg-cooker.com\/wp-content\/uploads\/2024\/07\/2-piece-cookware-detail-no-pfas-design-180x300.webp 180w, https:\/\/www.hg-cooker.com\/wp-content\/uploads\/2024\/07\/2-piece-cookware-detail-no-pfas-design-768x1283.webp 768w, https:\/\/www.hg-cooker.com\/wp-content\/uploads\/2024\/07\/2-piece-cookware-detail-no-pfas-design-7x12.webp 7w, https:\/\/www.hg-cooker.com\/wp-content\/uploads\/2024\/07\/2-piece-cookware-detail-no-pfas-design-285x476.webp 285w\" sizes=\"(max-width: 790px) 100vw, 790px\" \/><\/figure>\n<\/div>\n\n\n\n<div class=\"wp-block-column is-layout-flow wp-block-column-is-layout-flow\">\n<figure class=\"wp-block-image size-full\"><img decoding=\"async\" width=\"790\" height=\"1320\" src=\"https:\/\/www.hg-cooker.com\/wp-content\/uploads\/2024\/07\/2-piece-cookware-detail-tri-ply-stainless-steel-bottom-design.webp\" alt=\"Detalle de bater\u00eda de cocina de 2 piezas - dise\u00f1o de fondo de acero inoxidable tricapa\" class=\"wp-image-4600\" srcset=\"https:\/\/www.hg-cooker.com\/wp-content\/uploads\/2024\/07\/2-piece-cookware-detail-tri-ply-stainless-steel-bottom-design.webp 790w, https:\/\/www.hg-cooker.com\/wp-content\/uploads\/2024\/07\/2-piece-cookware-detail-tri-ply-stainless-steel-bottom-design-90x150.webp 90w, https:\/\/www.hg-cooker.com\/wp-content\/uploads\/2024\/07\/2-piece-cookware-detail-tri-ply-stainless-steel-bottom-design-395x660.webp 395w, https:\/\/www.hg-cooker.com\/wp-content\/uploads\/2024\/07\/2-piece-cookware-detail-tri-ply-stainless-steel-bottom-design-180x300.webp 180w, https:\/\/www.hg-cooker.com\/wp-content\/uploads\/2024\/07\/2-piece-cookware-detail-tri-ply-stainless-steel-bottom-design-768x1283.webp 768w, https:\/\/www.hg-cooker.com\/wp-content\/uploads\/2024\/07\/2-piece-cookware-detail-tri-ply-stainless-steel-bottom-design-7x12.webp 7w, https:\/\/www.hg-cooker.com\/wp-content\/uploads\/2024\/07\/2-piece-cookware-detail-tri-ply-stainless-steel-bottom-design-285x476.webp 285w\" sizes=\"(max-width: 790px) 100vw, 790px\" \/><\/figure>\n<\/div>\n<\/div>\n\n\n\n<div class=\"wp-block-columns is-layout-flex wp-container-core-columns-is-layout-9d6595d7 wp-block-columns-is-layout-flex\">\n<div class=\"wp-block-column is-layout-flow wp-block-column-is-layout-flow\">\n<figure class=\"wp-block-image size-full\"><img decoding=\"async\" width=\"790\" height=\"1500\" src=\"https:\/\/www.hg-cooker.com\/wp-content\/uploads\/2024\/07\/2-piece-cookware-detail-practical-design.webp\" alt=\"Detalle de bater\u00eda de cocina de 2 piezas - dise\u00f1o pr\u00e1ctico\" class=\"wp-image-4599\" srcset=\"https:\/\/www.hg-cooker.com\/wp-content\/uploads\/2024\/07\/2-piece-cookware-detail-practical-design.webp 790w, https:\/\/www.hg-cooker.com\/wp-content\/uploads\/2024\/07\/2-piece-cookware-detail-practical-design-79x150.webp 79w, https:\/\/www.hg-cooker.com\/wp-content\/uploads\/2024\/07\/2-piece-cookware-detail-practical-design-348x660.webp 348w, https:\/\/www.hg-cooker.com\/wp-content\/uploads\/2024\/07\/2-piece-cookware-detail-practical-design-158x300.webp 158w, https:\/\/www.hg-cooker.com\/wp-content\/uploads\/2024\/07\/2-piece-cookware-detail-practical-design-768x1458.webp 768w, https:\/\/www.hg-cooker.com\/wp-content\/uploads\/2024\/07\/2-piece-cookware-detail-practical-design-6x12.webp 6w, https:\/\/www.hg-cooker.com\/wp-content\/uploads\/2024\/07\/2-piece-cookware-detail-practical-design-285x541.webp 285w\" sizes=\"(max-width: 790px) 100vw, 790px\" \/><\/figure>\n<\/div>\n\n\n\n<div class=\"wp-block-column is-layout-flow wp-block-column-is-layout-flow\">\n<figure class=\"wp-block-image size-full\"><img loading=\"lazy\" decoding=\"async\" width=\"790\" height=\"1500\" src=\"https:\/\/www.hg-cooker.com\/wp-content\/uploads\/2024\/07\/2-piece-cookware-detail-Size-parameters.webp\" alt=\"Detalle de la bater\u00eda de cocina de 2 piezas -Par\u00e1metros de tama\u00f1o\" class=\"wp-image-4602\" srcset=\"https:\/\/www.hg-cooker.com\/wp-content\/uploads\/2024\/07\/2-piece-cookware-detail-Size-parameters.webp 790w, https:\/\/www.hg-cooker.com\/wp-content\/uploads\/2024\/07\/2-piece-cookware-detail-Size-parameters-79x150.webp 79w, https:\/\/www.hg-cooker.com\/wp-content\/uploads\/2024\/07\/2-piece-cookware-detail-Size-parameters-348x660.webp 348w, https:\/\/www.hg-cooker.com\/wp-content\/uploads\/2024\/07\/2-piece-cookware-detail-Size-parameters-158x300.webp 158w, https:\/\/www.hg-cooker.com\/wp-content\/uploads\/2024\/07\/2-piece-cookware-detail-Size-parameters-768x1458.webp 768w, https:\/\/www.hg-cooker.com\/wp-content\/uploads\/2024\/07\/2-piece-cookware-detail-Size-parameters-6x12.webp 6w, https:\/\/www.hg-cooker.com\/wp-content\/uploads\/2024\/07\/2-piece-cookware-detail-Size-parameters-285x541.webp 285w\" sizes=\"(max-width: 790px) 100vw, 790px\" \/><\/figure>\n<\/div>\n<\/div>","protected":false},"excerpt":{"rendered":"<p>Juego de utensilios de cocina de 2 piezas al por mayor, este juego de utensilios de cocina incluye una olla de leche y una olla sopera, que se pueden utilizar para tareas de cocina como hervir sopa, hervir leche, guisar carne, etc. La bater\u00eda de cocina est\u00e1 fabricada con acero inoxidable de alta calidad, que tiene una vida \u00fatil m\u00e1s larga. Puede satisfacer las necesidades culinarias de cocinas dom\u00e9sticas y comerciales.<\/p>\n<p>Adem\u00e1s, Hengguang puede proporcionar m\u00e1s tipos de combinaciones de utensilios de cocina de acuerdo a sus necesidades, Por favor, p\u00f3ngase en contacto con nosotros para una cotizaci\u00f3n.<\/p>\n<h2>Caracter\u00edsticas de la bater\u00eda de cocina Tri-Ply de 2 piezas<\/h2>\n<div>\n<p><strong>Excelente conducci\u00f3n del calor:<\/strong> El fondo de esta bater\u00eda de cocina es de triple acero inoxidable, que proporciona una excelente distribuci\u00f3n y retenci\u00f3n del calor, lo que permite cocinar los alimentos de forma r\u00e1pida y uniforme.<\/p>\n<p><strong>Innovador revestimiento personalizable:<\/strong> Las opciones de revestimiento antiadherente (revestimiento antiadherente), revestimiento antiadherente f\u00edsico en forma de panal y sin revestimiento satisfacen las necesidades de distintos usuarios y son una excelente elecci\u00f3n para mayoristas y minoristas.<\/p>\n<p><strong>Aplicabilidad vers\u00e1til:<\/strong> Este juego de utensilios de cocina admite una gran variedad de cocinas, como cocinas de radiaci\u00f3n, cocinas hal\u00f3genas, cocinas de gas y cocinas de inducci\u00f3n, adapt\u00e1ndose a diferentes entornos de cocina, y es muy adecuado para cocinas dom\u00e9sticas y cocinas comerciales.<\/p>\n<p><strong>Dise\u00f1o pr\u00e1ctico:<\/strong> Esta bater\u00eda de cocina adopta un dise\u00f1o sin remaches, que es m\u00e1s f\u00e1cil de limpiar, y tiene un dise\u00f1o de mango largo, que es c\u00f3modo de sujetar y m\u00e1s pr\u00e1ctico para verter l\u00edquidos.<\/p>\n<p><strong>Servicio OEM&amp;ODM:<\/strong> Como fabricante profesional de utensilios de cocina, Hengguang ofrece soluciones integrales al por mayor y personalizadas para utensilios de cocina, con una gran variedad de estilos entre los que elegir.<\/p>\n<\/div>","protected":false},"featured_media":4603,"comment_status":"open","ping_status":"closed","template":"","meta":[],"product_brand":[],"product_cat":[52],"product_tag":[],"class_list":{"0":"post-3993","1":"product","2":"type-product","3":"status-publish","4":"has-post-thumbnail","6":"product_cat-stainless-steel-cookware","8":"first","9":"instock","10":"shipping-taxable","11":"product-type-simple"},"_links":{"self":[{"href":"https:\/\/www.hg-cooker.com\/es\/wp-json\/wp\/v2\/product\/3993","targetHints":{"allow":["GET"]}}],"collection":[{"href":"https:\/\/www.hg-cooker.com\/es\/wp-json\/wp\/v2\/product"}],"about":[{"href":"https:\/\/www.hg-cooker.com\/es\/wp-json\/wp\/v2\/types\/product"}],"replies":[{"embeddable":true,"href":"https:\/\/www.hg-cooker.com\/es\/wp-json\/wp\/v2\/comments?post=3993"}],"wp:featuredmedia":[{"embeddable":true,"href":"https:\/\/www.hg-cooker.com\/es\/wp-json\/wp\/v2\/media\/4603"}],"wp:attachment":[{"href":"https:\/\/www.hg-cooker.com\/es\/wp-json\/wp\/v2\/media?parent=3993"}],"wp:term":[{"taxonomy":"product_brand","embeddable":true,"href":"https:\/\/www.hg-cooker.com\/es\/wp-json\/wp\/v2\/product_brand?post=3993"},{"taxonomy":"product_cat","embeddable":true,"href":"https:\/\/www.hg-cooker.com\/es\/wp-json\/wp\/v2\/product_cat?post=3993"},{"taxonomy":"product_tag","embeddable":true,"href":"https:\/\/www.hg-cooker.com\/es\/wp-json\/wp\/v2\/product_tag?post=3993"}],"curies":[{"name":"wp","href":"https:\/\/api.w.org\/{rel}","templated":true}]}}