{"id":3979,"date":"2025-07-03T07:02:12","date_gmt":"2025-07-03T07:02:12","guid":{"rendered":"https:\/\/www.hg-cooker.com\/?post_type=product&#038;p=3979"},"modified":"2026-04-10T10:13:57","modified_gmt":"2026-04-10T10:13:57","slug":"olla-de-leche-hirviendo-de-acero-inoxidable-al-por-mayor-8","status":"publish","type":"product","link":"https:\/\/www.hg-cooker.com\/es\/producto\/olla-de-leche-hirviendo-de-acero-inoxidable-al-por-mayor-8\/","title":{"rendered":"Venta directa de f\u00e1brica de mini olla a presi\u00f3n a granel, con dise\u00f1o de interruptor de perilla"},"content":{"rendered":"<div class=\"wp-block-columns is-layout-flex wp-container-core-columns-is-layout-9d6595d7 wp-block-columns-is-layout-flex\">\n<div class=\"wp-block-column is-layout-flow wp-block-column-is-layout-flow\">\n<h2 class=\"wp-block-heading\">Par\u00e1metros de la mini olla a presi\u00f3n<\/h2>\n\n\n\n<p><strong>Nombre del producto<\/strong>: Hengguang mini olla a presi\u00f3n<br><br><strong>Material del producto<\/strong>: Acero inoxidable 304#S (tapa) + acero inoxidable tricapa (cuerpo de la olla) <br><br><strong>Estilo<\/strong>: Pared interior de acero inoxidable \/ Pared interior antiadherente<br><br><strong>Capacidad<\/strong>: 0,8L\/1,2L\/1,6L\/2,0L<br><br><strong>Estufa adecuada<\/strong>: La mini olla a presi\u00f3n admite cocina de gas\/llama abierta\/cocina de inducci\u00f3n<br><\/p>\n<\/div>\n\n\n\n<div class=\"wp-block-column is-layout-flow wp-block-column-is-layout-flow\">\n<h2 class=\"wp-block-heading\">Opciones personalizadas de la mini olla a presi\u00f3n<\/h2>\n\n\n\n<p><strong>Logotipo<\/strong>: Personalice el logotipo de su marca en el producto y el envase.<br><br><strong>Revestimiento<\/strong>: Revestimiento antiadherente \/ Acero inoxidable <br><br><strong>Talla<\/strong>: Personalice diferentes tama\u00f1os de mini olla a presi\u00f3n seg\u00fan sus necesidades.<br><br><strong>Paquete<\/strong>: cart\u00f3n\/caja de color.<br><br><a href=\"https:\/\/www.hg-cooker.com\/es\/custom-solution\/\" data-type=\"page\" data-id=\"2793\" target=\"_blank\" rel=\"noreferrer noopener\"><strong>M\u00e1s detalles de personalizaci\u00f3n<\/strong><\/a><\/p>\n<\/div>\n<\/div>\n\n\n\n<div class=\"wp-block-columns is-layout-flex wp-container-core-columns-is-layout-9d6595d7 wp-block-columns-is-layout-flex\">\n<div class=\"wp-block-column is-layout-flow wp-block-column-is-layout-flow\">\n<figure class=\"wp-block-image size-full\"><img fetchpriority=\"high\" decoding=\"async\" width=\"790\" height=\"1000\" src=\"https:\/\/www.hg-cooker.com\/wp-content\/uploads\/2024\/07\/Wholesale-mini-pressure-cooker-specifications-and-details-2.webp\" alt=\"Especificaciones y detalles de la mini olla a presi\u00f3n al por mayor\" class=\"wp-image-3986\" srcset=\"https:\/\/www.hg-cooker.com\/wp-content\/uploads\/2024\/07\/Wholesale-mini-pressure-cooker-specifications-and-details-2.webp 790w, https:\/\/www.hg-cooker.com\/wp-content\/uploads\/2024\/07\/Wholesale-mini-pressure-cooker-specifications-and-details-2-119x150.webp 119w, https:\/\/www.hg-cooker.com\/wp-content\/uploads\/2024\/07\/Wholesale-mini-pressure-cooker-specifications-and-details-2-521x660.webp 521w, https:\/\/www.hg-cooker.com\/wp-content\/uploads\/2024\/07\/Wholesale-mini-pressure-cooker-specifications-and-details-2-237x300.webp 237w, https:\/\/www.hg-cooker.com\/wp-content\/uploads\/2024\/07\/Wholesale-mini-pressure-cooker-specifications-and-details-2-768x972.webp 768w, https:\/\/www.hg-cooker.com\/wp-content\/uploads\/2024\/07\/Wholesale-mini-pressure-cooker-specifications-and-details-2-9x12.webp 9w, https:\/\/www.hg-cooker.com\/wp-content\/uploads\/2024\/07\/Wholesale-mini-pressure-cooker-specifications-and-details-2-285x361.webp 285w\" sizes=\"(max-width: 790px) 100vw, 790px\" \/><\/figure>\n<\/div>\n\n\n\n<div class=\"wp-block-column is-layout-flow wp-block-column-is-layout-flow\">\n<figure class=\"wp-block-image size-full\"><img decoding=\"async\" width=\"790\" height=\"1000\" src=\"https:\/\/www.hg-cooker.com\/wp-content\/uploads\/2024\/07\/Wholesale-mini-pressure-cooker-specifications-and-details-1.webp\" alt=\"Especificaciones y detalles de la mini olla a presi\u00f3n al por mayor\" class=\"wp-image-3985\" srcset=\"https:\/\/www.hg-cooker.com\/wp-content\/uploads\/2024\/07\/Wholesale-mini-pressure-cooker-specifications-and-details-1.webp 790w, https:\/\/www.hg-cooker.com\/wp-content\/uploads\/2024\/07\/Wholesale-mini-pressure-cooker-specifications-and-details-1-119x150.webp 119w, https:\/\/www.hg-cooker.com\/wp-content\/uploads\/2024\/07\/Wholesale-mini-pressure-cooker-specifications-and-details-1-521x660.webp 521w, https:\/\/www.hg-cooker.com\/wp-content\/uploads\/2024\/07\/Wholesale-mini-pressure-cooker-specifications-and-details-1-237x300.webp 237w, https:\/\/www.hg-cooker.com\/wp-content\/uploads\/2024\/07\/Wholesale-mini-pressure-cooker-specifications-and-details-1-768x972.webp 768w, https:\/\/www.hg-cooker.com\/wp-content\/uploads\/2024\/07\/Wholesale-mini-pressure-cooker-specifications-and-details-1-9x12.webp 9w, https:\/\/www.hg-cooker.com\/wp-content\/uploads\/2024\/07\/Wholesale-mini-pressure-cooker-specifications-and-details-1-285x361.webp 285w\" sizes=\"(max-width: 790px) 100vw, 790px\" \/><\/figure>\n<\/div>\n<\/div>\n\n\n\n<div class=\"wp-block-columns is-layout-flex wp-container-core-columns-is-layout-9d6595d7 wp-block-columns-is-layout-flex\">\n<div class=\"wp-block-column is-layout-flow wp-block-column-is-layout-flow\">\n<figure class=\"wp-block-image size-full\"><img decoding=\"async\" width=\"790\" height=\"1021\" src=\"https:\/\/www.hg-cooker.com\/wp-content\/uploads\/2024\/07\/Wholesale-mini-pressure-cooker-specifications-and-details-3.webp\" alt=\"Especificaciones y detalles de la mini olla a presi\u00f3n al por mayor\" class=\"wp-image-3987\" srcset=\"https:\/\/www.hg-cooker.com\/wp-content\/uploads\/2024\/07\/Wholesale-mini-pressure-cooker-specifications-and-details-3.webp 790w, https:\/\/www.hg-cooker.com\/wp-content\/uploads\/2024\/07\/Wholesale-mini-pressure-cooker-specifications-and-details-3-116x150.webp 116w, https:\/\/www.hg-cooker.com\/wp-content\/uploads\/2024\/07\/Wholesale-mini-pressure-cooker-specifications-and-details-3-511x660.webp 511w, https:\/\/www.hg-cooker.com\/wp-content\/uploads\/2024\/07\/Wholesale-mini-pressure-cooker-specifications-and-details-3-232x300.webp 232w, https:\/\/www.hg-cooker.com\/wp-content\/uploads\/2024\/07\/Wholesale-mini-pressure-cooker-specifications-and-details-3-768x993.webp 768w, https:\/\/www.hg-cooker.com\/wp-content\/uploads\/2024\/07\/Wholesale-mini-pressure-cooker-specifications-and-details-3-9x12.webp 9w, https:\/\/www.hg-cooker.com\/wp-content\/uploads\/2024\/07\/Wholesale-mini-pressure-cooker-specifications-and-details-3-285x368.webp 285w\" sizes=\"(max-width: 790px) 100vw, 790px\" \/><\/figure>\n<\/div>\n\n\n\n<div class=\"wp-block-column is-layout-flow wp-block-column-is-layout-flow\">\n<figure class=\"wp-block-image size-full\"><img loading=\"lazy\" decoding=\"async\" width=\"790\" height=\"1021\" src=\"https:\/\/www.hg-cooker.com\/wp-content\/uploads\/2024\/07\/Wholesale-mini-pressure-cooker-specifications-and-details-4.webp\" alt=\"Especificaciones y detalles de la mini olla a presi\u00f3n al por mayor\" class=\"wp-image-3988\" srcset=\"https:\/\/www.hg-cooker.com\/wp-content\/uploads\/2024\/07\/Wholesale-mini-pressure-cooker-specifications-and-details-4.webp 790w, https:\/\/www.hg-cooker.com\/wp-content\/uploads\/2024\/07\/Wholesale-mini-pressure-cooker-specifications-and-details-4-116x150.webp 116w, https:\/\/www.hg-cooker.com\/wp-content\/uploads\/2024\/07\/Wholesale-mini-pressure-cooker-specifications-and-details-4-511x660.webp 511w, https:\/\/www.hg-cooker.com\/wp-content\/uploads\/2024\/07\/Wholesale-mini-pressure-cooker-specifications-and-details-4-232x300.webp 232w, https:\/\/www.hg-cooker.com\/wp-content\/uploads\/2024\/07\/Wholesale-mini-pressure-cooker-specifications-and-details-4-768x993.webp 768w, https:\/\/www.hg-cooker.com\/wp-content\/uploads\/2024\/07\/Wholesale-mini-pressure-cooker-specifications-and-details-4-9x12.webp 9w, https:\/\/www.hg-cooker.com\/wp-content\/uploads\/2024\/07\/Wholesale-mini-pressure-cooker-specifications-and-details-4-285x368.webp 285w\" sizes=\"(max-width: 790px) 100vw, 790px\" \/><\/figure>\n<\/div>\n<\/div>","protected":false},"excerpt":{"rendered":"<p>Hengguang Fabricante de mini ollas a presi\u00f3n. Proporciona varios estilos de mini ollas a presi\u00f3n. Nuestras mini ollas a presi\u00f3n son adecuadas para solteros, familias peque\u00f1as y entusiastas de las actividades al aire libre. No son exigentes en cuanto a estufas y entornos de uso y son los mejores ayudantes de cocina. Le invitamos a ponerse en contacto con nosotros para solicitar un presupuesto.<\/p>\n<h2>Caracter\u00edsticas y ventajas de la mini olla a presi\u00f3n de acero inoxidable<\/h2>\n<div>\n<p><strong>Cocci\u00f3n r\u00e1pida:<\/strong> La mini olla a presi\u00f3n est\u00e1 hecha de acero inoxidable de tres capas de alta calidad, y la presi\u00f3n interna es de 90kpa al cocinar. El arroz se puede cocinar en 5 minutos, y los alimentos se pueden cocinar r\u00e1pidamente.<\/p>\n<p><strong>Dise\u00f1o pr\u00e1ctico:<\/strong> Esta mini olla a presi\u00f3n est\u00e1 equipada con un interruptor de perilla, que es f\u00e1cil de operar y puede ser utilizado f\u00e1cilmente incluso por los principiantes en la cocina.<\/p>\n<p><strong>Buena seguridad:<\/strong> La mini olla a presi\u00f3n cuenta con m\u00faltiples dispositivos de protecci\u00f3n de seguridad, como la v\u00e1lvula a prueba de explosiones y el cierre de seguridad. El grosor del cuerpo de la olla es de 22 mm, 2,75 veces superior al de una olla normal, lo que hace que su uso sea m\u00e1s seguro.<\/p>\n<p><strong>MOQ bajo:<\/strong> Hengguang ofrece opciones flexibles de venta al por mayor y admite MOQ bajos, lo que resulta adecuado para que minoristas y distribuidores satisfagan las diferentes necesidades de los clientes.<\/p>\n<\/div>","protected":false},"featured_media":7030,"comment_status":"closed","ping_status":"closed","template":"","meta":[],"product_brand":[],"product_cat":[49],"product_tag":[],"class_list":{"0":"post-3979","1":"product","2":"type-product","3":"status-publish","4":"has-post-thumbnail","6":"product_cat-mini-pressure-cooker","8":"first","9":"instock","10":"shipping-taxable","11":"product-type-simple"},"_links":{"self":[{"href":"https:\/\/www.hg-cooker.com\/es\/wp-json\/wp\/v2\/product\/3979","targetHints":{"allow":["GET"]}}],"collection":[{"href":"https:\/\/www.hg-cooker.com\/es\/wp-json\/wp\/v2\/product"}],"about":[{"href":"https:\/\/www.hg-cooker.com\/es\/wp-json\/wp\/v2\/types\/product"}],"replies":[{"embeddable":true,"href":"https:\/\/www.hg-cooker.com\/es\/wp-json\/wp\/v2\/comments?post=3979"}],"wp:featuredmedia":[{"embeddable":true,"href":"https:\/\/www.hg-cooker.com\/es\/wp-json\/wp\/v2\/media\/7030"}],"wp:attachment":[{"href":"https:\/\/www.hg-cooker.com\/es\/wp-json\/wp\/v2\/media?parent=3979"}],"wp:term":[{"taxonomy":"product_brand","embeddable":true,"href":"https:\/\/www.hg-cooker.com\/es\/wp-json\/wp\/v2\/product_brand?post=3979"},{"taxonomy":"product_cat","embeddable":true,"href":"https:\/\/www.hg-cooker.com\/es\/wp-json\/wp\/v2\/product_cat?post=3979"},{"taxonomy":"product_tag","embeddable":true,"href":"https:\/\/www.hg-cooker.com\/es\/wp-json\/wp\/v2\/product_tag?post=3979"}],"curies":[{"name":"wp","href":"https:\/\/api.w.org\/{rel}","templated":true}]}}