{"id":3969,"date":"2025-08-17T06:04:37","date_gmt":"2025-08-17T06:04:37","guid":{"rendered":"https:\/\/www.hg-cooker.com\/?post_type=product&#038;p=3969"},"modified":"2025-11-13T02:22:15","modified_gmt":"2025-11-13T02:22:15","slug":"olla-de-leche-hirviendo-de-acero-inoxidable-al-por-mayor-7","status":"publish","type":"product","link":"https:\/\/www.hg-cooker.com\/es\/producto\/olla-de-leche-hirviendo-de-acero-inoxidable-al-por-mayor-7\/","title":{"rendered":"Mayorista Olla a Presi\u00f3n Peque\u00f1a de Acero Inoxidable (0.8L - 2.0L), Cocci\u00f3n Eficiente, Soporte OEM y ODM"},"content":{"rendered":"<div class=\"wp-block-columns is-layout-flex wp-container-core-columns-is-layout-9d6595d7 wp-block-columns-is-layout-flex\">\n<div class=\"wp-block-column is-layout-flow wp-block-column-is-layout-flow\">\n<h3 class=\"wp-block-heading\">Par\u00e1metros de la olla a presi\u00f3n peque\u00f1a de acero inoxidable<\/h3>\n\n\n\n<figure class=\"wp-block-table\"><table class=\"has-fixed-layout\"><tbody><tr><td>Nombre del producto<\/td><td>Material<\/td><td>Estilo<\/td><td>Capacidad<\/td><td>Estufa adecuada<\/td><\/tr><tr><td>Olla a presi\u00f3n peque\u00f1a de acero inoxidable Hengguang<\/td><td>304# Acero Inoxidable (Tapa) + Acero Inoxidable Tri-Ply (Cuerpo de la Olla)<\/td><td>Acero inoxidable \/ revestimiento antiadherente<\/td><td>0,8L \/ 1,2L \/ 1,6L \/ 2,0L<\/td><td>Cocina de gas \/ llama abierta \/ inducci\u00f3n<\/td><\/tr><\/tbody><\/table><\/figure>\n\n\n\n<h3 class=\"wp-block-heading\">Opciones de ollas a presi\u00f3n de acero inoxidable personalizadas<\/h3>\n\n\n\n<p><strong>Logotipo<\/strong>: Personalice el logotipo de su marca en el producto y el envase.<br><br><strong>Revestimiento<\/strong>: Revestimiento antiadherente \/ Acero inoxidable <br><br><strong>Talla<\/strong>: Tama\u00f1os de olla a presi\u00f3n personalizados.<br><br><strong>Embalaje<\/strong>: cart\u00f3n \/ caja de color.<br><br><a href=\"https:\/\/www.hg-cooker.com\/es\/custom-solution\/\" data-type=\"page\" data-id=\"2793\" target=\"_blank\" rel=\"noreferrer noopener\"><strong>Explore m\u00e1s soluciones personalizadas de ollas a presi\u00f3n de acero inoxidable.<\/strong><\/a><\/p>\n<\/div>\n<\/div>\n\n\n\n<div class=\"wp-block-columns is-layout-flex wp-container-core-columns-is-layout-9d6595d7 wp-block-columns-is-layout-flex\">\n<div class=\"wp-block-column is-layout-flow wp-block-column-is-layout-flow\">\n<figure class=\"wp-block-image size-full\"><img fetchpriority=\"high\" decoding=\"async\" width=\"790\" height=\"1349\" src=\"https:\/\/www.hg-cooker.com\/wp-content\/uploads\/2024\/07\/small-stainless-steel-pressure-cooker-details-1.jpg\" alt=\"olla a presi\u00f3n peque\u00f1a de acero inoxidable detalles (1)\" class=\"wp-image-4893\" srcset=\"https:\/\/www.hg-cooker.com\/wp-content\/uploads\/2024\/07\/small-stainless-steel-pressure-cooker-details-1.jpg 790w, https:\/\/www.hg-cooker.com\/wp-content\/uploads\/2024\/07\/small-stainless-steel-pressure-cooker-details-1-88x150.jpg 88w, https:\/\/www.hg-cooker.com\/wp-content\/uploads\/2024\/07\/small-stainless-steel-pressure-cooker-details-1-387x660.jpg 387w, https:\/\/www.hg-cooker.com\/wp-content\/uploads\/2024\/07\/small-stainless-steel-pressure-cooker-details-1-176x300.jpg 176w, https:\/\/www.hg-cooker.com\/wp-content\/uploads\/2024\/07\/small-stainless-steel-pressure-cooker-details-1-768x1311.jpg 768w, https:\/\/www.hg-cooker.com\/wp-content\/uploads\/2024\/07\/small-stainless-steel-pressure-cooker-details-1-7x12.jpg 7w, https:\/\/www.hg-cooker.com\/wp-content\/uploads\/2024\/07\/small-stainless-steel-pressure-cooker-details-1-285x487.jpg 285w\" sizes=\"(max-width: 790px) 100vw, 790px\" \/><\/figure>\n<\/div>\n\n\n\n<div class=\"wp-block-column is-layout-flow wp-block-column-is-layout-flow\">\n<figure class=\"wp-block-image size-full\"><img decoding=\"async\" width=\"790\" height=\"1349\" src=\"https:\/\/www.hg-cooker.com\/wp-content\/uploads\/2024\/07\/small-stainless-steel-pressure-cooker-details-2.jpg\" alt=\"olla a presi\u00f3n peque\u00f1a de acero inoxidable detalles (2)\" class=\"wp-image-4894\" srcset=\"https:\/\/www.hg-cooker.com\/wp-content\/uploads\/2024\/07\/small-stainless-steel-pressure-cooker-details-2.jpg 790w, https:\/\/www.hg-cooker.com\/wp-content\/uploads\/2024\/07\/small-stainless-steel-pressure-cooker-details-2-88x150.jpg 88w, https:\/\/www.hg-cooker.com\/wp-content\/uploads\/2024\/07\/small-stainless-steel-pressure-cooker-details-2-387x660.jpg 387w, https:\/\/www.hg-cooker.com\/wp-content\/uploads\/2024\/07\/small-stainless-steel-pressure-cooker-details-2-176x300.jpg 176w, https:\/\/www.hg-cooker.com\/wp-content\/uploads\/2024\/07\/small-stainless-steel-pressure-cooker-details-2-768x1311.jpg 768w, https:\/\/www.hg-cooker.com\/wp-content\/uploads\/2024\/07\/small-stainless-steel-pressure-cooker-details-2-7x12.jpg 7w, https:\/\/www.hg-cooker.com\/wp-content\/uploads\/2024\/07\/small-stainless-steel-pressure-cooker-details-2-285x487.jpg 285w\" sizes=\"(max-width: 790px) 100vw, 790px\" \/><\/figure>\n<\/div>\n<\/div>","protected":false},"excerpt":{"rendered":"<p>Mayorista peque\u00f1a olla a presi\u00f3n de acero inoxidable, hecha de triple acero inoxidable, el espesor del cuerpo de la olla alcanza 22mm, que es 2,75 veces el de las ollas ordinarias, la presi\u00f3n interna puede alcanzar 110kpa, proporcionando una mayor eficiencia de cocci\u00f3n, adecuado para el hogar y al aire libre de cocci\u00f3n r\u00e1pida. Ofrecemos OEM y ODM, recepci\u00f3n para entrarnos en contacto con para la cita.<\/p>\n<h3>Caracter\u00edsticas y ventajas de la olla a presi\u00f3n peque\u00f1a de acero inoxidable<\/h3>\n<div>\n<p><strong>Cocci\u00f3n r\u00e1pida:<\/strong> La peque\u00f1a olla a presi\u00f3n de acero inoxidable puede cocer arroz en s\u00f3lo 5 minutos, ayudando a las familias ocupadas a disfrutar de deliciosas comidas r\u00e1pidamente.<\/p>\n<p><strong>Adecuado para 1-4 personas:<\/strong> Ofrecemos ollas a presi\u00f3n peque\u00f1as de acero inoxidable de 0,8L, 1,2L, 1,6L y 2,0L, que son especialmente adecuadas para solteros y m\u00e1s c\u00f3modas de usar.<\/p>\n<p><strong>Peque\u00f1o y port\u00e1til:<\/strong> La olla a presi\u00f3n peque\u00f1a de acero inoxidable es f\u00e1cil de transportar, muy adecuada para familias peque\u00f1as y acampadas al aire libre, y es la mejor herramienta de cocina para actividades al aire libre.<\/p>\n<p><strong>Adecuado para diversos entornos:<\/strong> Fabricado en acero inoxidable de tres capas de alta calidad, puede utilizarse en diversos entornos extremos, como mesetas y monta\u00f1as, para garantizar una cocci\u00f3n segura y eficaz.<\/p>\n<p><strong>Protecci\u00f3n de seguridad cu\u00e1druple:<\/strong> Equipada con cuatro importantes dispositivos de protecci\u00f3n de seguridad, como la v\u00e1lvula limitadora de presi\u00f3n, la v\u00e1lvula de seguridad, la v\u00e1lvula de alarma y la ventana de alivio de presi\u00f3n, para garantizar una seguridad absoluta durante la cocci\u00f3n a alta presi\u00f3n.<\/p>\n<p><strong>Admite pedidos de lotes peque\u00f1os:<\/strong> Ofrecemos servicios de pedidos de lotes peque\u00f1os para ollas a presi\u00f3n de acero inoxidable de peque\u00f1o tama\u00f1o, lo que reduce el umbral de adquisici\u00f3n y proporciona a los clientes m\u00e1s opciones.<\/p>\n<p><strong>Servicios OEM y ODM:<\/strong> Gracias a nuestra avanzada capacidad de producci\u00f3n y a nuestros experimentados equipos de dise\u00f1o, le ofrecemos soluciones personalizadas de alta calidad para ollas a presi\u00f3n<\/p>\n<\/div>","protected":false},"featured_media":4895,"comment_status":"closed","ping_status":"closed","template":"","meta":[],"product_brand":[],"product_cat":[54],"product_tag":[],"class_list":{"0":"post-3969","1":"product","2":"type-product","3":"status-publish","4":"has-post-thumbnail","6":"product_cat-pressure-cooker","8":"first","9":"instock","10":"shipping-taxable","11":"product-type-simple"},"_links":{"self":[{"href":"https:\/\/www.hg-cooker.com\/es\/wp-json\/wp\/v2\/product\/3969","targetHints":{"allow":["GET"]}}],"collection":[{"href":"https:\/\/www.hg-cooker.com\/es\/wp-json\/wp\/v2\/product"}],"about":[{"href":"https:\/\/www.hg-cooker.com\/es\/wp-json\/wp\/v2\/types\/product"}],"replies":[{"embeddable":true,"href":"https:\/\/www.hg-cooker.com\/es\/wp-json\/wp\/v2\/comments?post=3969"}],"wp:featuredmedia":[{"embeddable":true,"href":"https:\/\/www.hg-cooker.com\/es\/wp-json\/wp\/v2\/media\/4895"}],"wp:attachment":[{"href":"https:\/\/www.hg-cooker.com\/es\/wp-json\/wp\/v2\/media?parent=3969"}],"wp:term":[{"taxonomy":"product_brand","embeddable":true,"href":"https:\/\/www.hg-cooker.com\/es\/wp-json\/wp\/v2\/product_brand?post=3969"},{"taxonomy":"product_cat","embeddable":true,"href":"https:\/\/www.hg-cooker.com\/es\/wp-json\/wp\/v2\/product_cat?post=3969"},{"taxonomy":"product_tag","embeddable":true,"href":"https:\/\/www.hg-cooker.com\/es\/wp-json\/wp\/v2\/product_tag?post=3969"}],"curies":[{"name":"wp","href":"https:\/\/api.w.org\/{rel}","templated":true}]}}