{"id":3957,"date":"2024-09-28T03:20:29","date_gmt":"2024-09-28T03:20:29","guid":{"rendered":"https:\/\/www.hg-cooker.com\/?post_type=product&#038;p=3957"},"modified":"2026-04-20T09:26:52","modified_gmt":"2026-04-20T09:26:52","slug":"olla-de-leche-hirviendo-de-acero-inoxidable-al-por-mayor-6","status":"publish","type":"product","link":"https:\/\/www.hg-cooker.com\/es\/producto\/olla-de-leche-hirviendo-de-acero-inoxidable-al-por-mayor-6\/","title":{"rendered":"Mayorista Mini Olla a Presi\u00f3n para Camping, F\u00e1cil de Llevar, Adecuada para Camping y Uso al Aire Libre, Soporta OEM y ODM"},"content":{"rendered":"<div class=\"wp-block-columns is-layout-flex wp-container-core-columns-is-layout-9d6595d7 wp-block-columns-is-layout-flex\">\n<div class=\"wp-block-column is-layout-flow wp-block-column-is-layout-flow\">\n<h3 class=\"wp-block-heading\">Par\u00e1metros de la mini olla a presi\u00f3n<\/h3>\n\n\n\n<figure class=\"wp-block-table\"><table class=\"has-fixed-layout\"><tbody><tr><td>Nombre del producto<\/td><td>Material<\/td><td>Estilo<\/td><td>Capacidad<\/td><td>Estufa adecuada<\/td><\/tr><tr><td>Mini olla a presi\u00f3n Hengguang<\/td><td>304# Acero Inoxidable (Tapa) + Acero Inoxidable Tri-Ply (Cuerpo de la Olla)<\/td><td>Acero inoxidable \/ revestimiento antiadherente<\/td><td>0,8L \/ 1,2L \/ 1,6L \/ 2,0L<\/td><td>Cocina de gas \/ llama abierta \/ inducci\u00f3n<\/td><\/tr><\/tbody><\/table><\/figure>\n\n\n\n<h3 class=\"wp-block-heading\">Opciones personalizadas de la mini olla a presi\u00f3n<\/h3>\n\n\n\n<p><strong>Logotipo<\/strong>: Personalice el logotipo de su marca en productos y envases.<br><br><strong>Revestimiento<\/strong>: Revestimiento antiadherente\/ Acero inoxidable <br><br><strong>Talla<\/strong>: Personaliza el tama\u00f1o de la mini olla a presi\u00f3n<br><br><strong>Embalaje:<\/strong> cart\u00f3n\/caja de color.<br><br><a href=\"https:\/\/www.hg-cooker.com\/es\/fabricante-mayorista-de-mini-ollas-a-presion\/\" data-type=\"page\" data-id=\"2793\" target=\"_blank\" rel=\"noreferrer noopener\"><strong>Obtenga m\u00e1s informaci\u00f3n sobre soluciones personalizadas para mini ollas a presi\u00f3n.<\/strong><\/a><\/p>\n<\/div>\n<\/div>\n\n\n\n<div class=\"wp-block-columns is-layout-flex wp-container-core-columns-is-layout-9d6595d7 wp-block-columns-is-layout-flex\">\n<div class=\"wp-block-column is-layout-flow wp-block-column-is-layout-flow\">\n<figure class=\"wp-block-image size-full\"><img fetchpriority=\"high\" decoding=\"async\" width=\"790\" height=\"1252\" src=\"https:\/\/www.hg-cooker.com\/wp-content\/uploads\/2024\/07\/camping-mini-pressure-cooker-details-1.jpg\" alt=\"camping mini olla a presi\u00f3n detalles (1)\" class=\"wp-image-4888\" srcset=\"https:\/\/www.hg-cooker.com\/wp-content\/uploads\/2024\/07\/camping-mini-pressure-cooker-details-1.jpg 790w, https:\/\/www.hg-cooker.com\/wp-content\/uploads\/2024\/07\/camping-mini-pressure-cooker-details-1-95x150.jpg 95w, https:\/\/www.hg-cooker.com\/wp-content\/uploads\/2024\/07\/camping-mini-pressure-cooker-details-1-416x660.jpg 416w, https:\/\/www.hg-cooker.com\/wp-content\/uploads\/2024\/07\/camping-mini-pressure-cooker-details-1-189x300.jpg 189w, https:\/\/www.hg-cooker.com\/wp-content\/uploads\/2024\/07\/camping-mini-pressure-cooker-details-1-768x1217.jpg 768w, https:\/\/www.hg-cooker.com\/wp-content\/uploads\/2024\/07\/camping-mini-pressure-cooker-details-1-8x12.jpg 8w, https:\/\/www.hg-cooker.com\/wp-content\/uploads\/2024\/07\/camping-mini-pressure-cooker-details-1-285x452.jpg 285w\" sizes=\"(max-width: 790px) 100vw, 790px\" \/><\/figure>\n<\/div>\n\n\n\n<div class=\"wp-block-column is-layout-flow wp-block-column-is-layout-flow\">\n<figure class=\"wp-block-image size-full\"><img decoding=\"async\" width=\"790\" height=\"1252\" src=\"https:\/\/www.hg-cooker.com\/wp-content\/uploads\/2024\/07\/camping-mini-pressure-cooker-details-2.jpg\" alt=\"camping mini olla a presi\u00f3n detalles (2)\" class=\"wp-image-4889\" srcset=\"https:\/\/www.hg-cooker.com\/wp-content\/uploads\/2024\/07\/camping-mini-pressure-cooker-details-2.jpg 790w, https:\/\/www.hg-cooker.com\/wp-content\/uploads\/2024\/07\/camping-mini-pressure-cooker-details-2-95x150.jpg 95w, https:\/\/www.hg-cooker.com\/wp-content\/uploads\/2024\/07\/camping-mini-pressure-cooker-details-2-416x660.jpg 416w, https:\/\/www.hg-cooker.com\/wp-content\/uploads\/2024\/07\/camping-mini-pressure-cooker-details-2-189x300.jpg 189w, https:\/\/www.hg-cooker.com\/wp-content\/uploads\/2024\/07\/camping-mini-pressure-cooker-details-2-768x1217.jpg 768w, https:\/\/www.hg-cooker.com\/wp-content\/uploads\/2024\/07\/camping-mini-pressure-cooker-details-2-8x12.jpg 8w, https:\/\/www.hg-cooker.com\/wp-content\/uploads\/2024\/07\/camping-mini-pressure-cooker-details-2-285x452.jpg 285w\" sizes=\"(max-width: 790px) 100vw, 790px\" \/><\/figure>\n<\/div>\n<\/div>","protected":false},"excerpt":{"rendered":"<p>Mini olla a presi\u00f3n al por mayor, adecuada para acampar y actividades al aire libre, ligera y f\u00e1cil de llevar, hecha de acero inoxidable 304 de alta calidad y estructura compuesta de tres capas, soporta una variedad de estufas, como estufas de gas, cocinas de inducci\u00f3n, etc. Ofrecemos servicio al por mayor MOQ bajo, apoyamos la personalizaci\u00f3n OEM y ODM, p\u00f3ngase en contacto con nosotros para una cotizaci\u00f3n.<\/p>\n<h2>Caracter\u00edsticas y ventajas de la mini olla a presi\u00f3n<\/h2>\n<div>\n<p><strong>Cocina eficiente:<\/strong> La cocci\u00f3n a alta presi\u00f3n y alta temperatura de la mini olla a presi\u00f3n acelera enormemente la velocidad de cocci\u00f3n de los alimentos, ahorra tiempo, retiene m\u00e1s nutrientes y mejora el sabor de los alimentos.<\/p>\n<p><strong>F\u00e1cil de transportar:<\/strong> Esta mini olla a presi\u00f3n es compacta, ligera y f\u00e1cil de transportar, por lo que resulta muy adecuada para acampar, vivir aventuras al aire libre y cocinar en el exterior.<\/p>\n<p><strong>Material de alta calidad:<\/strong> El cuerpo de la olla de la mini olla a presi\u00f3n est\u00e1 hecho de triple acero inoxidable, que es resistente y duradero y no se deforma incluso durante mucho tiempo. El acero inoxidable triple tiene una mejor conductividad t\u00e9rmica, lo que hace que esta olla a presi\u00f3n sea m\u00e1s eficiente a la hora de cocinar.<\/p>\n<p><strong>M\u00faltiples estilos para elegir:<\/strong> Ofrecemos 3 estilos para elegir, con capacidades que abarcan 0,8L, 1,2L, 1,6L, 2,0L, 2,5L 3,0L y 4L, etc., para satisfacer las necesidades de personas solas, familias y varias personas.<\/p>\n<p><strong>Limpieza r\u00e1pida:<\/strong> El material de acero inoxidable de alta calidad hace que el cuerpo de la olla se adhiera menos a los alimentos, por lo que es f\u00e1cil y c\u00f3modo de limpiar.<\/p>\n<\/div>","protected":false},"featured_media":7037,"comment_status":"closed","ping_status":"closed","template":"","meta":[],"product_brand":[],"product_cat":[49],"product_tag":[],"class_list":{"0":"post-3957","1":"product","2":"type-product","3":"status-publish","4":"has-post-thumbnail","6":"product_cat-mini-pressure-cooker","8":"first","9":"instock","10":"shipping-taxable","11":"product-type-simple"},"_links":{"self":[{"href":"https:\/\/www.hg-cooker.com\/es\/wp-json\/wp\/v2\/product\/3957","targetHints":{"allow":["GET"]}}],"collection":[{"href":"https:\/\/www.hg-cooker.com\/es\/wp-json\/wp\/v2\/product"}],"about":[{"href":"https:\/\/www.hg-cooker.com\/es\/wp-json\/wp\/v2\/types\/product"}],"replies":[{"embeddable":true,"href":"https:\/\/www.hg-cooker.com\/es\/wp-json\/wp\/v2\/comments?post=3957"}],"wp:featuredmedia":[{"embeddable":true,"href":"https:\/\/www.hg-cooker.com\/es\/wp-json\/wp\/v2\/media\/7037"}],"wp:attachment":[{"href":"https:\/\/www.hg-cooker.com\/es\/wp-json\/wp\/v2\/media?parent=3957"}],"wp:term":[{"taxonomy":"product_brand","embeddable":true,"href":"https:\/\/www.hg-cooker.com\/es\/wp-json\/wp\/v2\/product_brand?post=3957"},{"taxonomy":"product_cat","embeddable":true,"href":"https:\/\/www.hg-cooker.com\/es\/wp-json\/wp\/v2\/product_cat?post=3957"},{"taxonomy":"product_tag","embeddable":true,"href":"https:\/\/www.hg-cooker.com\/es\/wp-json\/wp\/v2\/product_tag?post=3957"}],"curies":[{"name":"wp","href":"https:\/\/api.w.org\/{rel}","templated":true}]}}