{"id":3944,"date":"2025-09-06T01:47:20","date_gmt":"2025-09-06T01:47:20","guid":{"rendered":"https:\/\/www.hg-cooker.com\/?post_type=product&#038;p=3944"},"modified":"2025-09-13T01:51:53","modified_gmt":"2025-09-13T01:51:53","slug":"olla-de-leche-hirviendo-de-acero-inoxidable-al-por-mayor-5","status":"publish","type":"product","link":"https:\/\/www.hg-cooker.com\/es\/producto\/olla-de-leche-hirviendo-de-acero-inoxidable-al-por-mayor-5\/","title":{"rendered":"Mayorista Bater\u00eda de Cocina de Acero Inoxidable Tri Ply con Fondo Grueso, Bater\u00eda de Cocina de Inducci\u00f3n"},"content":{"rendered":"<div class=\"wp-block-columns is-layout-flex wp-container-core-columns-is-layout-9d6595d7 wp-block-columns-is-layout-flex\">\n<div class=\"wp-block-column is-layout-flow wp-block-column-is-layout-flow\">\n<h3 class=\"wp-block-heading\">Par\u00e1metros de las bater\u00edas de cocina espesadas<\/h3>\n\n\n\n<figure class=\"wp-block-table\"><table class=\"has-fixed-layout\"><tbody><tr><td>Nombre del producto<\/td><td>Bater\u00eda de cocina de 3 piezas<\/td><\/tr><tr><td>Material<\/td><td>Acero inoxidable 304<\/td><\/tr><tr><td>Talla<\/td><td>Cacerola 16cm, Olla 20cm, Cazuela 24cm<\/td><\/tr><tr><td>Fondo<\/td><td>Triple fondo compuesto de acero inoxidable<\/td><\/tr><\/tbody><\/table><\/figure>\n\n\n\n<h3 class=\"wp-block-heading\">Utensilios de cocina personalizados<\/h3>\n\n\n\n<p><strong>Logotipo:<\/strong> Personalice el logotipo de su marca en el producto y el envase.<br><strong>Material:<\/strong> Acero triple \/ Acero inoxidable 304 \/ Acero inoxidable 316<br><strong>Revestimiento:<\/strong> Revestimiento antiadherente\/ Acero \/ Panal antiadherente f\u00edsico<br><strong>Tama\u00f1o:<\/strong> Personalice diferentes tama\u00f1os de bater\u00edas de cocina seg\u00fan sus necesidades.<br><strong>Embalaje:<\/strong> cart\u00f3n\/caja de color.<\/p>\n<\/div>\n<\/div>\n\n\n\n<div class=\"wp-block-columns is-layout-flex wp-container-core-columns-is-layout-9d6595d7 wp-block-columns-is-layout-flex\">\n<div class=\"wp-block-column is-layout-flow wp-block-column-is-layout-flow\">\n<figure class=\"wp-block-image size-full\"><img fetchpriority=\"high\" decoding=\"async\" width=\"790\" height=\"856\" src=\"https:\/\/www.hg-cooker.com\/wp-content\/uploads\/2024\/07\/stainless-steel-cookware-set-size-1.webp\" alt=\"bater\u00eda de cocina de acero inoxidable tama\u00f1o (1)\" class=\"wp-image-4660\" srcset=\"https:\/\/www.hg-cooker.com\/wp-content\/uploads\/2024\/07\/stainless-steel-cookware-set-size-1.webp 790w, https:\/\/www.hg-cooker.com\/wp-content\/uploads\/2024\/07\/stainless-steel-cookware-set-size-1-138x150.webp 138w, https:\/\/www.hg-cooker.com\/wp-content\/uploads\/2024\/07\/stainless-steel-cookware-set-size-1-609x660.webp 609w, https:\/\/www.hg-cooker.com\/wp-content\/uploads\/2024\/07\/stainless-steel-cookware-set-size-1-277x300.webp 277w, https:\/\/www.hg-cooker.com\/wp-content\/uploads\/2024\/07\/stainless-steel-cookware-set-size-1-768x832.webp 768w, https:\/\/www.hg-cooker.com\/wp-content\/uploads\/2024\/07\/stainless-steel-cookware-set-size-1-11x12.webp 11w, https:\/\/www.hg-cooker.com\/wp-content\/uploads\/2024\/07\/stainless-steel-cookware-set-size-1-285x309.webp 285w\" sizes=\"(max-width: 790px) 100vw, 790px\" \/><\/figure>\n<\/div>\n\n\n\n<div class=\"wp-block-column is-layout-flow wp-block-column-is-layout-flow\">\n<figure class=\"wp-block-image size-full\"><img decoding=\"async\" width=\"790\" height=\"856\" src=\"https:\/\/www.hg-cooker.com\/wp-content\/uploads\/2024\/07\/stainless-steel-cookware-set-size-2.webp\" alt=\"bater\u00eda de cocina de acero inoxidable tama\u00f1o (2)\" class=\"wp-image-4661\" srcset=\"https:\/\/www.hg-cooker.com\/wp-content\/uploads\/2024\/07\/stainless-steel-cookware-set-size-2.webp 790w, https:\/\/www.hg-cooker.com\/wp-content\/uploads\/2024\/07\/stainless-steel-cookware-set-size-2-138x150.webp 138w, https:\/\/www.hg-cooker.com\/wp-content\/uploads\/2024\/07\/stainless-steel-cookware-set-size-2-609x660.webp 609w, https:\/\/www.hg-cooker.com\/wp-content\/uploads\/2024\/07\/stainless-steel-cookware-set-size-2-277x300.webp 277w, https:\/\/www.hg-cooker.com\/wp-content\/uploads\/2024\/07\/stainless-steel-cookware-set-size-2-768x832.webp 768w, https:\/\/www.hg-cooker.com\/wp-content\/uploads\/2024\/07\/stainless-steel-cookware-set-size-2-11x12.webp 11w, https:\/\/www.hg-cooker.com\/wp-content\/uploads\/2024\/07\/stainless-steel-cookware-set-size-2-285x309.webp 285w\" sizes=\"(max-width: 790px) 100vw, 790px\" \/><\/figure>\n<\/div>\n<\/div>","protected":false},"excerpt":{"rendered":"<p>Juego de ollas de acero inoxidable triples al por mayor, el cuerpo de la olla del juego de ollas Hengguang est\u00e1 hecho de acero inoxidable 304 de grado alimentario engrosado, la parte inferior de la olla est\u00e1 hecha de estructura de acero inoxidable de tres capas, lo que mejora el rendimiento de cocci\u00f3n en varias estufas (incluyendo cocinas de inducci\u00f3n). El juego incluye una olla para estofado y una olla para sopa, aptas para uso dom\u00e9stico y comercial, p\u00f3ngase en contacto con nosotros.<\/p>\n<h2>Caracter\u00edsticas de las bater\u00edas de cocina de acero inoxidable espesado<\/h2>\n<div>\n<p><strong>Apto para varias estufas:<\/strong> El fondo de la bater\u00eda de cocina de acero inoxidable de tres capas est\u00e1 hecho de acero inoxidable compuesto de tres capas, por lo que es adecuado para m\u00faltiples m\u00e9todos de calentamiento, como cocinas de inducci\u00f3n, cocinas de gas, cocinas el\u00e9ctricas, etc., satisfaciendo diversas necesidades de cocina.<\/p>\n<p><strong>Acero inoxidable 304 de calidad alimentaria:<\/strong> La bater\u00eda de cocina utiliza acero inoxidable 304 de alta calidad apto para uso alimentario, que no contiene sustancias nocivas, es seguro y no t\u00f3xico, y garantiza la salubridad del proceso de cocci\u00f3n.<\/p>\n<p><strong>Amplia gama de usos:<\/strong> El juego de ollas incluye una olla para sopa, una olla para estofado y una sart\u00e9n, que son adecuadas para fre\u00edr, sofre\u00edr, hervir, guisar y otros m\u00e9todos de cocci\u00f3n, proporcionando un amplio apoyo culinario para las cocinas dom\u00e9sticas.<\/p>\n<p><strong>Dise\u00f1o ergon\u00f3mico:<\/strong> Las ollas est\u00e1n equipadas con asas grandes y ensanchadas en ambos extremos, que resultan c\u00f3modas de sujetar y no resbalan f\u00e1cilmente, por lo que resulta muy pr\u00e1ctico moverlas durante la cocci\u00f3n.<\/p>\n<p><strong>Soporte OEM y ODM:<\/strong> Ofrecemos servicios profesionales de OEM y ODM de utensilios de cocina personalizados, y podemos dise\u00f1ar utensilios de cocina de aspecto, tama\u00f1o y funciones \u00fanicos seg\u00fan las necesidades del cliente.<\/p>\n<\/div>","protected":false},"featured_media":4655,"comment_status":"closed","ping_status":"closed","template":"","meta":[],"product_brand":[],"product_cat":[52],"product_tag":[],"class_list":{"0":"post-3944","1":"product","2":"type-product","3":"status-publish","4":"has-post-thumbnail","6":"product_cat-stainless-steel-cookware","8":"first","9":"instock","10":"shipping-taxable","11":"product-type-simple"},"_links":{"self":[{"href":"https:\/\/www.hg-cooker.com\/es\/wp-json\/wp\/v2\/product\/3944","targetHints":{"allow":["GET"]}}],"collection":[{"href":"https:\/\/www.hg-cooker.com\/es\/wp-json\/wp\/v2\/product"}],"about":[{"href":"https:\/\/www.hg-cooker.com\/es\/wp-json\/wp\/v2\/types\/product"}],"replies":[{"embeddable":true,"href":"https:\/\/www.hg-cooker.com\/es\/wp-json\/wp\/v2\/comments?post=3944"}],"wp:featuredmedia":[{"embeddable":true,"href":"https:\/\/www.hg-cooker.com\/es\/wp-json\/wp\/v2\/media\/4655"}],"wp:attachment":[{"href":"https:\/\/www.hg-cooker.com\/es\/wp-json\/wp\/v2\/media?parent=3944"}],"wp:term":[{"taxonomy":"product_brand","embeddable":true,"href":"https:\/\/www.hg-cooker.com\/es\/wp-json\/wp\/v2\/product_brand?post=3944"},{"taxonomy":"product_cat","embeddable":true,"href":"https:\/\/www.hg-cooker.com\/es\/wp-json\/wp\/v2\/product_cat?post=3944"},{"taxonomy":"product_tag","embeddable":true,"href":"https:\/\/www.hg-cooker.com\/es\/wp-json\/wp\/v2\/product_tag?post=3944"}],"curies":[{"name":"wp","href":"https:\/\/api.w.org\/{rel}","templated":true}]}}