{"id":3934,"date":"2025-09-02T15:33:57","date_gmt":"2025-09-02T15:33:57","guid":{"rendered":"https:\/\/www.hg-cooker.com\/?post_type=product&#038;p=3934"},"modified":"2025-09-13T02:04:54","modified_gmt":"2025-09-13T02:04:54","slug":"olla-de-leche-hirviendo-de-acero-inoxidable-al-por-mayor-4","status":"publish","type":"product","link":"https:\/\/www.hg-cooker.com\/es\/producto\/olla-de-leche-hirviendo-de-acero-inoxidable-al-por-mayor-4\/","title":{"rendered":"Mayorista Wok de Acero Inoxidable Tri Ply Antiadherente con Vaporera y Tapa - Hengguang Cookware Manufacturer"},"content":{"rendered":"<div class=\"wp-block-columns is-layout-flex wp-container-core-columns-is-layout-9d6595d7 wp-block-columns-is-layout-flex\">\n<div class=\"wp-block-column is-layout-flow wp-block-column-is-layout-flow\">\n<h3 class=\"wp-block-heading\">Par\u00e1metros del wok de acero inoxidable Tri Ply antiadherente<\/h3>\n\n\n\n<figure class=\"wp-block-table\"><table class=\"has-fixed-layout\"><tbody><tr><td>Nombre del producto<\/td><td>Sart\u00e9n de acero inoxidable compuesto de tres capas<\/td><\/tr><tr><td>Material del producto<\/td><td>Acero inoxidable 304 y acero compuesto tricapa<\/td><\/tr><tr><td>Estufa adecuada<\/td><td>Cocina Radiante \/ Horno Hal\u00f3geno \/ Cocina de Gas \/ Cocina de Inducci\u00f3n<\/td><\/tr><\/tbody><\/table><\/figure>\n\n\n\n<h3 class=\"wp-block-heading\">Opci\u00f3n de bater\u00eda de cocina personalizada<\/h3>\n\n\n\n<figure class=\"wp-block-table\"><table class=\"has-fixed-layout\"><tbody><tr><td>Opci\u00f3n personalizada<\/td><td>Detalles<\/td><\/tr><tr><td>Logotipo<\/td><td>Personalice el logotipo de su marca en el producto y el envase.<\/td><\/tr><tr><td>Material<\/td><td>Acero triple \/ Acero inoxidable 304 \/ Acero inoxidable 316<\/td><\/tr><tr><td>Revestimiento<\/td><td>Acero Acero \/ Nido de abeja Revestimiento f\u00edsico antiadherente<\/td><\/tr><tr><td>Talla<\/td><td>Personaliza el tama\u00f1o de las sartenes<\/td><\/tr><tr><td>Paquete<\/td><td>Cart\u00f3n \/ Caja de color<\/td><\/tr><\/tbody><\/table><\/figure>\n<\/div>\n<\/div>\n\n\n\n<div class=\"wp-block-columns is-layout-flex wp-container-core-columns-is-layout-9d6595d7 wp-block-columns-is-layout-flex\">\n<div class=\"wp-block-column is-layout-flow wp-block-column-is-layout-flow\">\n<figure class=\"wp-block-image size-full\"><img fetchpriority=\"high\" decoding=\"async\" width=\"790\" height=\"1029\" src=\"https:\/\/www.hg-cooker.com\/wp-content\/uploads\/2024\/07\/Non-stick-tri-ply-stainless-steel-wok-details-1.webp\" alt=\"Detalles del wok de acero inoxidable tricapa antiadherente (1)\" class=\"wp-image-5373\" srcset=\"https:\/\/www.hg-cooker.com\/wp-content\/uploads\/2024\/07\/Non-stick-tri-ply-stainless-steel-wok-details-1.webp 790w, https:\/\/www.hg-cooker.com\/wp-content\/uploads\/2024\/07\/Non-stick-tri-ply-stainless-steel-wok-details-1-115x150.webp 115w, https:\/\/www.hg-cooker.com\/wp-content\/uploads\/2024\/07\/Non-stick-tri-ply-stainless-steel-wok-details-1-507x660.webp 507w, https:\/\/www.hg-cooker.com\/wp-content\/uploads\/2024\/07\/Non-stick-tri-ply-stainless-steel-wok-details-1-230x300.webp 230w, https:\/\/www.hg-cooker.com\/wp-content\/uploads\/2024\/07\/Non-stick-tri-ply-stainless-steel-wok-details-1-768x1000.webp 768w, https:\/\/www.hg-cooker.com\/wp-content\/uploads\/2024\/07\/Non-stick-tri-ply-stainless-steel-wok-details-1-9x12.webp 9w, https:\/\/www.hg-cooker.com\/wp-content\/uploads\/2024\/07\/Non-stick-tri-ply-stainless-steel-wok-details-1-285x371.webp 285w\" sizes=\"(max-width: 790px) 100vw, 790px\" \/><\/figure>\n<\/div>\n\n\n\n<div class=\"wp-block-column is-layout-flow wp-block-column-is-layout-flow\">\n<figure class=\"wp-block-image size-full\"><img decoding=\"async\" width=\"790\" height=\"1029\" src=\"https:\/\/www.hg-cooker.com\/wp-content\/uploads\/2024\/07\/Non-stick-tri-ply-stainless-steel-wok-details-2.webp\" alt=\"Detalles del wok de acero inoxidable tricapa antiadherente (2)\" class=\"wp-image-5374\" srcset=\"https:\/\/www.hg-cooker.com\/wp-content\/uploads\/2024\/07\/Non-stick-tri-ply-stainless-steel-wok-details-2.webp 790w, https:\/\/www.hg-cooker.com\/wp-content\/uploads\/2024\/07\/Non-stick-tri-ply-stainless-steel-wok-details-2-115x150.webp 115w, https:\/\/www.hg-cooker.com\/wp-content\/uploads\/2024\/07\/Non-stick-tri-ply-stainless-steel-wok-details-2-507x660.webp 507w, https:\/\/www.hg-cooker.com\/wp-content\/uploads\/2024\/07\/Non-stick-tri-ply-stainless-steel-wok-details-2-230x300.webp 230w, https:\/\/www.hg-cooker.com\/wp-content\/uploads\/2024\/07\/Non-stick-tri-ply-stainless-steel-wok-details-2-768x1000.webp 768w, https:\/\/www.hg-cooker.com\/wp-content\/uploads\/2024\/07\/Non-stick-tri-ply-stainless-steel-wok-details-2-9x12.webp 9w, https:\/\/www.hg-cooker.com\/wp-content\/uploads\/2024\/07\/Non-stick-tri-ply-stainless-steel-wok-details-2-285x371.webp 285w\" sizes=\"(max-width: 790px) 100vw, 790px\" \/><\/figure>\n<\/div>\n<\/div>","protected":false},"excerpt":{"rendered":"<p>Wok de acero inoxidable tricapa antiadherente al por mayor. La superficie interior est\u00e1 cubierta con un revestimiento antiadherente f\u00edsico. En general, tiene buena conductividad t\u00e9rmica y propiedades antiadherentes, muy adecuado para tareas culinarias como fre\u00edr y saltear. Equipado con una vaporera desmontable, puede realizar dos tipos de cocci\u00f3n al mismo tiempo, adecuado para cocinas dom\u00e9sticas y restaurantes. P\u00f3ngase en contacto con nosotros.<\/p>\n<h3>Caracter\u00edsticas del wok de acero inoxidable Tri-Ply antiadherente<\/h3>\n<div>\n<p><strong>Cocina eficiente:<\/strong> El cuerpo de la olla wok es de acero inoxidable triple, que tiene mejor conductividad t\u00e9rmica que los utensilios de cocina ordinarios y calienta los alimentos uniformemente al cocinar.<\/p>\n<p><strong>Duradera:<\/strong> La pared interior del wok adopta un dise\u00f1o de revestimiento de panal s\u00f3lido, que no se pega a la olla y no teme ser rayado por la esp\u00e1tula, y es muy duradero.<\/p>\n<p><strong>Cubierta de cristal templado:<\/strong> Equipado con una cubierta de vidrio templado resistente a ca\u00eddas, altas temperaturas y no f\u00e1cil de romper, es m\u00e1s seguro de usar.<\/p>\n<p><strong>Polivalente:<\/strong> Adecuado para m\u00e9todos de cocci\u00f3n como fre\u00edr, saltear y guisar, y admite diversos tipos de cocinas, como las de inducci\u00f3n, las de gas y las de radiaci\u00f3n.<\/p>\n<p><strong>Soluciones de utensilios de cocina a medida:<\/strong> Como fabricante profesional de utensilios de cocina, Hengguang ofrece soluciones personalizadas para utensilios de cocina, con tama\u00f1os, revestimientos, accesorios, asas, etc. personalizados.<\/p>\n<\/div>","protected":false},"featured_media":5369,"comment_status":"closed","ping_status":"closed","template":"","meta":[],"product_brand":[],"product_cat":[52],"product_tag":[],"class_list":{"0":"post-3934","1":"product","2":"type-product","3":"status-publish","4":"has-post-thumbnail","6":"product_cat-stainless-steel-cookware","8":"first","9":"instock","10":"shipping-taxable","11":"product-type-simple"},"_links":{"self":[{"href":"https:\/\/www.hg-cooker.com\/es\/wp-json\/wp\/v2\/product\/3934","targetHints":{"allow":["GET"]}}],"collection":[{"href":"https:\/\/www.hg-cooker.com\/es\/wp-json\/wp\/v2\/product"}],"about":[{"href":"https:\/\/www.hg-cooker.com\/es\/wp-json\/wp\/v2\/types\/product"}],"replies":[{"embeddable":true,"href":"https:\/\/www.hg-cooker.com\/es\/wp-json\/wp\/v2\/comments?post=3934"}],"wp:featuredmedia":[{"embeddable":true,"href":"https:\/\/www.hg-cooker.com\/es\/wp-json\/wp\/v2\/media\/5369"}],"wp:attachment":[{"href":"https:\/\/www.hg-cooker.com\/es\/wp-json\/wp\/v2\/media?parent=3934"}],"wp:term":[{"taxonomy":"product_brand","embeddable":true,"href":"https:\/\/www.hg-cooker.com\/es\/wp-json\/wp\/v2\/product_brand?post=3934"},{"taxonomy":"product_cat","embeddable":true,"href":"https:\/\/www.hg-cooker.com\/es\/wp-json\/wp\/v2\/product_cat?post=3934"},{"taxonomy":"product_tag","embeddable":true,"href":"https:\/\/www.hg-cooker.com\/es\/wp-json\/wp\/v2\/product_tag?post=3934"}],"curies":[{"name":"wp","href":"https:\/\/api.w.org\/{rel}","templated":true}]}}