{"id":3913,"date":"2025-09-09T10:22:51","date_gmt":"2025-09-09T10:22:51","guid":{"rendered":"https:\/\/www.hg-cooker.com\/?post_type=product&#038;p=3913"},"modified":"2025-09-13T01:42:48","modified_gmt":"2025-09-13T01:42:48","slug":"olla-de-leche-hirviendo-de-acero-inoxidable-al-por-mayor-3","status":"publish","type":"product","link":"https:\/\/www.hg-cooker.com\/es\/producto\/olla-de-leche-hirviendo-de-acero-inoxidable-al-por-mayor-3\/","title":{"rendered":"Venta al por mayor comercial de acero inoxidable utensilios de cocina, 3 piezas utensilios de cocina conjunto de f\u00e1brica de venta directa"},"content":{"rendered":"<div class=\"wp-block-columns is-layout-flex wp-container-core-columns-is-layout-9d6595d7 wp-block-columns-is-layout-flex\">\n<div class=\"wp-block-column is-layout-flow wp-block-column-is-layout-flow\">\n<h3 class=\"wp-block-heading\">Par\u00e1metros de las bater\u00edas de cocina comerciales<\/h3>\n\n\n\n<figure class=\"wp-block-table\"><table class=\"has-fixed-layout\"><tbody><tr><td>Nombre del producto<\/td><td>Bater\u00eda de Cocina Comercial de Acero Inoxidable Tri Ply<\/td><\/tr><tr><td>Material del producto<\/td><td>Acero inoxidable 304 y fondo de acero inoxidable compuesto de tres capas<\/td><\/tr><tr><td>Estufas adecuadas<\/td><td>Cocina Radiante, Horno Hal\u00f3geno, Cocina de Gas, Cocina de Inducci\u00f3n<\/td><\/tr><\/tbody><\/table><\/figure>\n\n\n\n<h3 class=\"wp-block-heading\">Opciones de bater\u00edas de cocina personalizadas<\/h3>\n\n\n\n<p>Logotipo: Personalice el logotipo de su marca en el producto y el envase.<\/p>\n\n\n\n<p>Tama\u00f1o: Tama\u00f1os personalizados<\/p>\n\n\n\n<p>Embalaje: cart\u00f3n\/caja de color.<\/p>\n\n\n\n<p><a href=\"https:\/\/www.hg-cooker.com\/es\/custom-solution\/\" data-type=\"page\" data-id=\"2793\" target=\"_blank\" rel=\"noreferrer noopener\">Explore m\u00e1s soluciones de utensilios de cocina personalizados. <\/a><\/p>\n<\/div>\n<\/div>\n\n\n\n<div class=\"wp-block-columns is-layout-flex wp-container-core-columns-is-layout-9d6595d7 wp-block-columns-is-layout-flex\">\n<div class=\"wp-block-column is-layout-flow wp-block-column-is-layout-flow\">\n<figure class=\"wp-block-image size-full\"><img fetchpriority=\"high\" decoding=\"async\" width=\"790\" height=\"1000\" src=\"https:\/\/www.hg-cooker.com\/wp-content\/uploads\/2024\/07\/Commercial-Cookware-Set-Detail-1.jpg\" alt=\"Bater\u00eda de cocina comercial Detalle (1)\" class=\"wp-image-4674\" srcset=\"https:\/\/www.hg-cooker.com\/wp-content\/uploads\/2024\/07\/Commercial-Cookware-Set-Detail-1.jpg 790w, https:\/\/www.hg-cooker.com\/wp-content\/uploads\/2024\/07\/Commercial-Cookware-Set-Detail-1-119x150.jpg 119w, https:\/\/www.hg-cooker.com\/wp-content\/uploads\/2024\/07\/Commercial-Cookware-Set-Detail-1-521x660.jpg 521w, https:\/\/www.hg-cooker.com\/wp-content\/uploads\/2024\/07\/Commercial-Cookware-Set-Detail-1-237x300.jpg 237w, https:\/\/www.hg-cooker.com\/wp-content\/uploads\/2024\/07\/Commercial-Cookware-Set-Detail-1-768x972.jpg 768w, https:\/\/www.hg-cooker.com\/wp-content\/uploads\/2024\/07\/Commercial-Cookware-Set-Detail-1-9x12.jpg 9w, https:\/\/www.hg-cooker.com\/wp-content\/uploads\/2024\/07\/Commercial-Cookware-Set-Detail-1-285x361.jpg 285w\" sizes=\"(max-width: 790px) 100vw, 790px\" \/><\/figure>\n<\/div>\n\n\n\n<div class=\"wp-block-column is-layout-flow wp-block-column-is-layout-flow\">\n<figure class=\"wp-block-image size-full\"><img decoding=\"async\" width=\"790\" height=\"1000\" src=\"https:\/\/www.hg-cooker.com\/wp-content\/uploads\/2024\/07\/Commercial-Cookware-Set-Detail-2.jpg\" alt=\"Bater\u00eda de cocina comercial Detalle (2)\" class=\"wp-image-4675\" srcset=\"https:\/\/www.hg-cooker.com\/wp-content\/uploads\/2024\/07\/Commercial-Cookware-Set-Detail-2.jpg 790w, https:\/\/www.hg-cooker.com\/wp-content\/uploads\/2024\/07\/Commercial-Cookware-Set-Detail-2-119x150.jpg 119w, https:\/\/www.hg-cooker.com\/wp-content\/uploads\/2024\/07\/Commercial-Cookware-Set-Detail-2-521x660.jpg 521w, https:\/\/www.hg-cooker.com\/wp-content\/uploads\/2024\/07\/Commercial-Cookware-Set-Detail-2-237x300.jpg 237w, https:\/\/www.hg-cooker.com\/wp-content\/uploads\/2024\/07\/Commercial-Cookware-Set-Detail-2-768x972.jpg 768w, https:\/\/www.hg-cooker.com\/wp-content\/uploads\/2024\/07\/Commercial-Cookware-Set-Detail-2-9x12.jpg 9w, https:\/\/www.hg-cooker.com\/wp-content\/uploads\/2024\/07\/Commercial-Cookware-Set-Detail-2-285x361.jpg 285w\" sizes=\"(max-width: 790px) 100vw, 790px\" \/><\/figure>\n<\/div>\n<\/div>","protected":false},"excerpt":{"rendered":"<p>Venta al por mayor de bater\u00edas de cocina comerciales de acero inoxidable para satisfacer las necesidades de uso intensivo de cocinas comerciales como restaurantes, hoteles y cadenas de catering. Nuestra bater\u00eda de cocina al por mayor admite cantidades de pedido m\u00ednimas bajas y ofrece soluciones de bater\u00eda de cocina personalizadas OEM y ODM. P\u00f3ngase en contacto con nosotros.<\/p>\n<h3>Caracter\u00edsticas de las bater\u00edas de cocina comerciales de acero inoxidable<\/h3>\n<div>\n<p><strong>Aplicable a cocinas comerciales:<\/strong> Esta bater\u00eda de cocina de acero inoxidable est\u00e1 fabricada con acero inoxidable engrosado de alta calidad, que tiene una fuerte resistencia a la deformaci\u00f3n y puede soportar altas temperaturas durante mucho tiempo. Puede soportar un uso intensivo en cocinas comerciales.<\/p>\n<p><strong>F\u00e1cil de limpiar:<\/strong> Esta bater\u00eda de cocina comercial utiliza una pared interior pulida a espejo, que es m\u00e1s eficaz de limpiar y es compatible con los lavavajillas comerciales, lo que mejora la eficacia del trabajo.<\/p>\n<p><strong>Cubierta de cristal templado:<\/strong> Equipada con una tapa de vidrio templado resistente a altas temperaturas y no explosiva, puede utilizarse con seguridad durante mucho tiempo, permitiendo al chef observar el estado de cocci\u00f3n en cualquier momento.<\/p>\n<p><strong>Diversas combinaciones:<\/strong> El juego incluye una variedad de tama\u00f1os (ollas soperas, ollas lecheras, ollas para guisar) para satisfacer las necesidades culinarias de diferentes restaurantes comerciales, y puede cocinar platos chinos y occidentales, desde guisar platos grandes hasta cocinar salsas.<\/p>\n<p><strong>Servicios personalizados OEM&amp;ODM:<\/strong> Hennguang ofrece servicios personalizados para restaurantes, hoteles y empresas de catering, proporcionando una gran variedad de tama\u00f1os, revestimientos y opciones de envasado, lo que constituye una opci\u00f3n ideal para hoteles, restaurantes y mayoristas.<\/p>\n<\/div>","protected":false},"featured_media":4676,"comment_status":"closed","ping_status":"closed","template":"","meta":[],"product_brand":[],"product_cat":[52],"product_tag":[],"class_list":{"0":"post-3913","1":"product","2":"type-product","3":"status-publish","4":"has-post-thumbnail","6":"product_cat-stainless-steel-cookware","8":"first","9":"instock","10":"shipping-taxable","11":"product-type-simple"},"_links":{"self":[{"href":"https:\/\/www.hg-cooker.com\/es\/wp-json\/wp\/v2\/product\/3913","targetHints":{"allow":["GET"]}}],"collection":[{"href":"https:\/\/www.hg-cooker.com\/es\/wp-json\/wp\/v2\/product"}],"about":[{"href":"https:\/\/www.hg-cooker.com\/es\/wp-json\/wp\/v2\/types\/product"}],"replies":[{"embeddable":true,"href":"https:\/\/www.hg-cooker.com\/es\/wp-json\/wp\/v2\/comments?post=3913"}],"wp:featuredmedia":[{"embeddable":true,"href":"https:\/\/www.hg-cooker.com\/es\/wp-json\/wp\/v2\/media\/4676"}],"wp:attachment":[{"href":"https:\/\/www.hg-cooker.com\/es\/wp-json\/wp\/v2\/media?parent=3913"}],"wp:term":[{"taxonomy":"product_brand","embeddable":true,"href":"https:\/\/www.hg-cooker.com\/es\/wp-json\/wp\/v2\/product_brand?post=3913"},{"taxonomy":"product_cat","embeddable":true,"href":"https:\/\/www.hg-cooker.com\/es\/wp-json\/wp\/v2\/product_cat?post=3913"},{"taxonomy":"product_tag","embeddable":true,"href":"https:\/\/www.hg-cooker.com\/es\/wp-json\/wp\/v2\/product_tag?post=3913"}],"curies":[{"name":"wp","href":"https:\/\/api.w.org\/{rel}","templated":true}]}}