{"id":3890,"date":"2025-09-12T07:23:06","date_gmt":"2025-09-12T07:23:06","guid":{"rendered":"https:\/\/www.hg-cooker.com\/?post_type=product&#038;p=3890"},"modified":"2025-09-13T01:31:00","modified_gmt":"2025-09-13T01:31:00","slug":"olla-de-leche-hirviendo-de-acero-inoxidable-al-por-mayor-2","status":"publish","type":"product","link":"https:\/\/www.hg-cooker.com\/es\/producto\/olla-de-leche-hirviendo-de-acero-inoxidable-al-por-mayor-2\/","title":{"rendered":"Mayorista de alta calidad de acero inoxidable olla - Henguang fabricante de utensilios de cocina"},"content":{"rendered":"<div class=\"wp-block-columns is-layout-flex wp-container-core-columns-is-layout-9d6595d7 wp-block-columns-is-layout-flex\">\n<div class=\"wp-block-column is-layout-flow wp-block-column-is-layout-flow\">\n<h3 class=\"wp-block-heading\">Par\u00e1metros de la olla de acero inoxidable<\/h3>\n\n\n\n<figure class=\"wp-block-table\"><table class=\"has-fixed-layout\"><tbody><tr><td>Nombre del producto<\/td><td>Olla de acero inoxidable<\/td><\/tr><tr><td>Especificaciones del producto<\/td><td>20cm \/ 22cm \/ 24cm \/ 26cm<\/td><\/tr><tr><td>Material del producto<\/td><td>Acero inoxidable 304 y acero compuesto de tres capas<\/td><\/tr><tr><td>Estufas disponibles<\/td><td>Cocina Radiante \/ Cocina Hal\u00f3gena \/ Cocina de Gas \/ Cocina de Inducci\u00f3n<\/td><\/tr><\/tbody><\/table><\/figure>\n\n\n\n<h3 class=\"wp-block-heading\">Opciones de bater\u00eda de cocina a medida<\/h3>\n\n\n\n<figure class=\"wp-block-table\"><table class=\"has-fixed-layout\"><tbody><tr><td>Opciones personalizadas<\/td><td>Detalles<\/td><\/tr><tr><td>Logotipo<\/td><td>Personalice el logotipo de su marca en el producto y el envase.<\/td><\/tr><tr><td>Material<\/td><td>Triple acero inoxidable\/304 acero inoxidable\/316 acero inoxidable<\/td><\/tr><tr><td>Revestimiento<\/td><td>Revestimiento antiadherente\/Acero inoxidable (sin revestimiento)<\/td><\/tr><tr><td>Talla<\/td><td>Tama\u00f1os de bater\u00eda de cocina a medida<\/td><\/tr><tr><td>Embalaje<\/td><td>Cart\u00f3n, Caja de color<\/td><\/tr><\/tbody><\/table><\/figure>\n<\/div>\n<\/div>\n\n\n\n<div class=\"wp-block-columns is-layout-flex wp-container-core-columns-is-layout-9d6595d7 wp-block-columns-is-layout-flex\">\n<div class=\"wp-block-column is-layout-flow wp-block-column-is-layout-flow\">\n<figure class=\"wp-block-image size-full\"><img fetchpriority=\"high\" decoding=\"async\" width=\"790\" height=\"1111\" src=\"https:\/\/www.hg-cooker.com\/wp-content\/uploads\/2024\/07\/stew-pot-detail-no-coating.webp\" alt=\"detalle olla - sin revestimiento\" class=\"wp-image-4634\" srcset=\"https:\/\/www.hg-cooker.com\/wp-content\/uploads\/2024\/07\/stew-pot-detail-no-coating.webp 790w, https:\/\/www.hg-cooker.com\/wp-content\/uploads\/2024\/07\/stew-pot-detail-no-coating-107x150.webp 107w, https:\/\/www.hg-cooker.com\/wp-content\/uploads\/2024\/07\/stew-pot-detail-no-coating-469x660.webp 469w, https:\/\/www.hg-cooker.com\/wp-content\/uploads\/2024\/07\/stew-pot-detail-no-coating-213x300.webp 213w, https:\/\/www.hg-cooker.com\/wp-content\/uploads\/2024\/07\/stew-pot-detail-no-coating-768x1080.webp 768w, https:\/\/www.hg-cooker.com\/wp-content\/uploads\/2024\/07\/stew-pot-detail-no-coating-9x12.webp 9w, https:\/\/www.hg-cooker.com\/wp-content\/uploads\/2024\/07\/stew-pot-detail-no-coating-285x401.webp 285w\" sizes=\"(max-width: 790px) 100vw, 790px\" \/><\/figure>\n<\/div>\n\n\n\n<div class=\"wp-block-column is-layout-flow wp-block-column-is-layout-flow\">\n<figure class=\"wp-block-image size-full\"><img decoding=\"async\" width=\"790\" height=\"1111\" src=\"https:\/\/www.hg-cooker.com\/wp-content\/uploads\/2024\/07\/stew-pot-detail-tempered-glass-lid.webp\" alt=\"detalle olla - tapa de vidrio templado\" class=\"wp-image-4635\" srcset=\"https:\/\/www.hg-cooker.com\/wp-content\/uploads\/2024\/07\/stew-pot-detail-tempered-glass-lid.webp 790w, https:\/\/www.hg-cooker.com\/wp-content\/uploads\/2024\/07\/stew-pot-detail-tempered-glass-lid-107x150.webp 107w, https:\/\/www.hg-cooker.com\/wp-content\/uploads\/2024\/07\/stew-pot-detail-tempered-glass-lid-469x660.webp 469w, https:\/\/www.hg-cooker.com\/wp-content\/uploads\/2024\/07\/stew-pot-detail-tempered-glass-lid-213x300.webp 213w, https:\/\/www.hg-cooker.com\/wp-content\/uploads\/2024\/07\/stew-pot-detail-tempered-glass-lid-768x1080.webp 768w, https:\/\/www.hg-cooker.com\/wp-content\/uploads\/2024\/07\/stew-pot-detail-tempered-glass-lid-9x12.webp 9w, https:\/\/www.hg-cooker.com\/wp-content\/uploads\/2024\/07\/stew-pot-detail-tempered-glass-lid-285x401.webp 285w\" sizes=\"(max-width: 790px) 100vw, 790px\" \/><\/figure>\n<\/div>\n<\/div>","protected":false},"excerpt":{"rendered":"<p>Hengguang es un fabricante profesional de utensilios de cocina. Ofrecemos ollas de acero inoxidable de alta calidad para la venta. Realiza perfectamente tareas de cocina como hervir sopa, guisar carne, hervir verduras, etc., adecuada para cocinas comerciales o cocinas dom\u00e9sticas. Ofrecemos ollas de acero inoxidable al por mayor a precios de f\u00e1brica, p\u00f3ngase en contacto con nosotros.<\/p>\n<h3>Caracter\u00edsticas de la olla de acero inoxidable<\/h3>\n<div>\n<p><strong>Dise\u00f1o sin revestimiento:<\/strong> Esta olla de acero inoxidable no tiene revestimiento, lo que la hace m\u00e1s duradera y adecuada para cocinas comerciales de uso frecuente, y puede mantener el sabor natural de los ingredientes.<\/p>\n<p><strong>Apto para varias estufas:<\/strong> Esta olla de acero inoxidable puede adaptarse a diversos tipos de estufas, como las de radiaci\u00f3n, las hal\u00f3genas, las de gas y las de inducci\u00f3n, etc., para satisfacer una gran variedad de situaciones de uso.<\/p>\n<p><strong>Material de acero inoxidable de tres capas:<\/strong> La olla est\u00e1 hecha de triple acero inoxidable, y la combinaci\u00f3n de la capa exterior de acero inoxidable y aluminio aumenta la conductividad t\u00e9rmica y la durabilidad de la olla.<\/p>\n<p><strong>Tapa de cristal de acero compuesto:<\/strong> Equipada con una tapa de cristal resistente a altas temperaturas, puede soportar la cocci\u00f3n a altas temperaturas y evitar el riesgo de que la tapa de cristal se agriete. El dise\u00f1o transparente permite observar f\u00e1cilmente los cambios en los alimentos durante la cocci\u00f3n.<\/p>\n<p><strong>Servicio OEM&amp;ODM:<\/strong> Hengguang es un fabricante de utensilios de cocina de China. Apoyamos OEM y ODM soluciones personalizadas para satisfacer sus compras a granel y dise\u00f1os personalizados a trav\u00e9s de fuertes capacidades de producci\u00f3n.<\/p>\n<p><a href=\"https:\/\/www.hg-cooker.com\/es\/sulucion-personalizada\/\" target=\"_blank\" rel=\"noopener\"><strong>Obtenga m\u00e1s informaci\u00f3n sobre las soluciones de utensilios de cocina personalizados.<\/strong><\/a><\/p>\n<\/div>","protected":false},"featured_media":4636,"comment_status":"open","ping_status":"closed","template":"","meta":[],"product_brand":[],"product_cat":[52],"product_tag":[],"class_list":{"0":"post-3890","1":"product","2":"type-product","3":"status-publish","4":"has-post-thumbnail","6":"product_cat-stainless-steel-cookware","8":"first","9":"instock","10":"shipping-taxable","11":"product-type-simple"},"_links":{"self":[{"href":"https:\/\/www.hg-cooker.com\/es\/wp-json\/wp\/v2\/product\/3890","targetHints":{"allow":["GET"]}}],"collection":[{"href":"https:\/\/www.hg-cooker.com\/es\/wp-json\/wp\/v2\/product"}],"about":[{"href":"https:\/\/www.hg-cooker.com\/es\/wp-json\/wp\/v2\/types\/product"}],"replies":[{"embeddable":true,"href":"https:\/\/www.hg-cooker.com\/es\/wp-json\/wp\/v2\/comments?post=3890"}],"wp:featuredmedia":[{"embeddable":true,"href":"https:\/\/www.hg-cooker.com\/es\/wp-json\/wp\/v2\/media\/4636"}],"wp:attachment":[{"href":"https:\/\/www.hg-cooker.com\/es\/wp-json\/wp\/v2\/media?parent=3890"}],"wp:term":[{"taxonomy":"product_brand","embeddable":true,"href":"https:\/\/www.hg-cooker.com\/es\/wp-json\/wp\/v2\/product_brand?post=3890"},{"taxonomy":"product_cat","embeddable":true,"href":"https:\/\/www.hg-cooker.com\/es\/wp-json\/wp\/v2\/product_cat?post=3890"},{"taxonomy":"product_tag","embeddable":true,"href":"https:\/\/www.hg-cooker.com\/es\/wp-json\/wp\/v2\/product_tag?post=3890"}],"curies":[{"name":"wp","href":"https:\/\/api.w.org\/{rel}","templated":true}]}}