{"id":3156,"date":"2025-09-04T10:19:23","date_gmt":"2025-09-04T10:19:23","guid":{"rendered":"https:\/\/www.hg-cooker.com\/?post_type=product&#038;p=3156"},"modified":"2025-09-13T02:01:52","modified_gmt":"2025-09-13T02:01:52","slug":"wholesale-stainless-steel-honeycomb-frying-pan","status":"publish","type":"product","link":"https:\/\/www.hg-cooker.com\/es\/producto\/wholesale-stainless-steel-honeycomb-frying-pan\/","title":{"rendered":"Venta al por mayor Sart\u00e9n de nido de abeja,Sart\u00e9n de acero inoxidable antiadherente a granel para la venta"},"content":{"rendered":"<h3 class=\"wp-block-heading\">Par\u00e1metros de la sart\u00e9n de nido de abeja<\/h3>\n\n\n\n<figure class=\"wp-block-table\"><table class=\"has-fixed-layout\"><tbody><tr><td>Nombre del producto<\/td><td>Sart\u00e9n de nido de abeja de acero inoxidable<\/td><\/tr><tr><td>Especificaciones del producto<\/td><td>24cm \/ 26cm<\/td><\/tr><tr><td>Material del producto<\/td><td>Acero inoxidable 304 y acero inoxidable compuesto de tres capas<\/td><\/tr><tr><td>Estufas adecuadas<\/td><td>Cocina Radiante, Cocina Hal\u00f3gena, Cocina de Gas, Cocina de Inducci\u00f3n<\/td><\/tr><\/tbody><\/table><\/figure>\n\n\n\n<figure class=\"wp-block-table\"><table><tbody><tr><td class=\"has-text-align-center\" data-align=\"center\">Tallas<\/td><td>Di\u00e1metro exterior<\/td><td>Di\u00e1metro interior<\/td><td>Longitud del mango<\/td><td>Altura del cuerpo de la olla<\/td><td>Di\u00e1metro de calentamiento<\/td><td>Peso neto<\/td><\/tr><tr><td class=\"has-text-align-center\" data-align=\"center\">Sart\u00e9n de 24 cm<\/td><td>21,5 cm<\/td><td>20 cm<\/td><td>4,5 cm<\/td><td>10 cm<\/td><td>20 cm<\/td><td>1.479kg<\/td><\/tr><tr><td class=\"has-text-align-center\" data-align=\"center\">Sart\u00e9n de 26 cm<\/td><td>23,5 cm<\/td><td>22 cm<\/td><td>4,5 cm<\/td><td>11,2 cm<\/td><td>22 cm<\/td><td>1.696kg<\/td><\/tr><\/tbody><\/table><\/figure>\n\n\n\n<h3 class=\"wp-block-heading\">Opci\u00f3n de bater\u00eda de cocina a medida<\/h3>\n\n\n\n<figure class=\"wp-block-table\"><table class=\"has-fixed-layout\"><tbody><tr><td>Opciones personalizadas<\/td><td>Detalles<\/td><\/tr><tr><td>Logotipo<\/td><td>Personalice el logotipo de su marca en el producto y el envase.<\/td><\/tr><tr><td>Material<\/td><td>Acero inoxidable triple, acero inoxidable 304, acero inoxidable 316<\/td><\/tr><tr><td>Revestimiento<\/td><td>Revestimiento antiadherente, acero, panal f\u00edsico antiadherente<\/td><\/tr><tr><td>Talla<\/td><td>Personalice diferentes tama\u00f1os de bater\u00eda de cocina seg\u00fan sus necesidades.<\/td><\/tr><tr><td>Paquete<\/td><td>Cart\u00f3n, Caja de color<\/td><\/tr><\/tbody><\/table><\/figure>\n\n\n\n<div class=\"wp-block-columns is-layout-flex wp-container-core-columns-is-layout-9d6595d7 wp-block-columns-is-layout-flex\">\n<div class=\"wp-block-column is-layout-flow wp-block-column-is-layout-flow\">\n<figure class=\"wp-block-image size-full\"><img fetchpriority=\"high\" decoding=\"async\" width=\"790\" height=\"1164\" src=\"https:\/\/www.hg-cooker.com\/wp-content\/uploads\/2024\/06\/Honeycomb-Frying-Pan-Detail.webp\" alt=\"Detalle de la sart\u00e9n nido de abeja\" class=\"wp-image-4609\" srcset=\"https:\/\/www.hg-cooker.com\/wp-content\/uploads\/2024\/06\/Honeycomb-Frying-Pan-Detail.webp 790w, https:\/\/www.hg-cooker.com\/wp-content\/uploads\/2024\/06\/Honeycomb-Frying-Pan-Detail-102x150.webp 102w, https:\/\/www.hg-cooker.com\/wp-content\/uploads\/2024\/06\/Honeycomb-Frying-Pan-Detail-448x660.webp 448w, https:\/\/www.hg-cooker.com\/wp-content\/uploads\/2024\/06\/Honeycomb-Frying-Pan-Detail-204x300.webp 204w, https:\/\/www.hg-cooker.com\/wp-content\/uploads\/2024\/06\/Honeycomb-Frying-Pan-Detail-768x1132.webp 768w, https:\/\/www.hg-cooker.com\/wp-content\/uploads\/2024\/06\/Honeycomb-Frying-Pan-Detail-8x12.webp 8w, https:\/\/www.hg-cooker.com\/wp-content\/uploads\/2024\/06\/Honeycomb-Frying-Pan-Detail-285x420.webp 285w\" sizes=\"(max-width: 790px) 100vw, 790px\" \/><\/figure>\n<\/div>\n\n\n\n<div class=\"wp-block-column is-layout-flow wp-block-column-is-layout-flow\">\n<figure class=\"wp-block-image size-full\"><img decoding=\"async\" width=\"790\" height=\"1164\" src=\"https:\/\/www.hg-cooker.com\/wp-content\/uploads\/2024\/06\/Honeycomb-Frying-Pan-Detail.png\" alt=\"Detalle de la sart\u00e9n nido de abeja\" class=\"wp-image-4608\" srcset=\"https:\/\/www.hg-cooker.com\/wp-content\/uploads\/2024\/06\/Honeycomb-Frying-Pan-Detail.png 790w, https:\/\/www.hg-cooker.com\/wp-content\/uploads\/2024\/06\/Honeycomb-Frying-Pan-Detail-102x150.png 102w, https:\/\/www.hg-cooker.com\/wp-content\/uploads\/2024\/06\/Honeycomb-Frying-Pan-Detail-448x660.png 448w, https:\/\/www.hg-cooker.com\/wp-content\/uploads\/2024\/06\/Honeycomb-Frying-Pan-Detail-204x300.png 204w, https:\/\/www.hg-cooker.com\/wp-content\/uploads\/2024\/06\/Honeycomb-Frying-Pan-Detail-768x1132.png 768w, https:\/\/www.hg-cooker.com\/wp-content\/uploads\/2024\/06\/Honeycomb-Frying-Pan-Detail-8x12.png 8w, https:\/\/www.hg-cooker.com\/wp-content\/uploads\/2024\/06\/Honeycomb-Frying-Pan-Detail-285x420.png 285w\" sizes=\"(max-width: 790px) 100vw, 790px\" \/><\/figure>\n<\/div>\n<\/div>","protected":false},"excerpt":{"rendered":"<p>Sart\u00e9n de panal de acero inoxidable al por mayor, esta sart\u00e9n utiliza un dise\u00f1o \u00fanico de panal tridimensional para reducir eficazmente el contacto entre los alimentos y el fondo de la sart\u00e9n, evitar que se peguen y facilitar la limpieza. El cuerpo de la sart\u00e9n est\u00e1 hecho de acero inoxidable triple, que tiene buena conductividad t\u00e9rmica y durabilidad, y es una excelente opci\u00f3n para cocinas comerciales.<\/p>\n<h3>Caracter\u00edsticas de la sart\u00e9n nido de abeja Non Stick<\/h3>\n<div>\n<p><strong>Antiadherente f\u00edsico:<\/strong> La sart\u00e9n al por mayor adopta un patr\u00f3n tridimensional en forma de panal para conseguir un efecto f\u00edsico antiadherente, evitar eficazmente que se pegue, facilitar la limpieza de la olla y reducir el tiempo de limpieza.<\/p>\n<p><strong>Excelente conductividad t\u00e9rmica:<\/strong> Fabricado en triple acero inoxidable, con capa de aluminio incorporada, aporta una mejor conductividad t\u00e9rmica y hace que los alimentos se calienten uniformemente, mejorando la eficiencia de la cocci\u00f3n.<\/p>\n<p><strong>Amplia aplicabilidad:<\/strong> Adecuado para una gran variedad de cocinas, incluyendo cocinas de inducci\u00f3n, cocinas de gas, cocinas de radiaci\u00f3n, etc., es m\u00e1s ampliamente utilizado en varias cocinas para satisfacer las necesidades de diferentes usuarios.<\/p>\n<p><strong>Material espesado:<\/strong> Esta sart\u00e9n de panal adopta acero inoxidable engrosado de alta calidad, que es m\u00e1s duradero que los utensilios de cocina de acero inoxidable ordinarios y tiene una vida \u00fatil m\u00e1s larga, especialmente adecuada para restaurantes comerciales de uso frecuente.<\/p>\n<p><strong>Servicio OEM&amp;ODM:<\/strong> El fabricante de utensilios de cocina Henguang ofrece soluciones de sartenes personalizadas de un solo proveedor, adecuadas para hoteles y mayoristas que necesitan servicios personalizados.<\/p>\n<p><a href=\"https:\/\/www.hg-cooker.com\/es\/sulucion-personalizada\/\" target=\"_blank\" rel=\"noopener\"><strong>Obtenga m\u00e1s informaci\u00f3n sobre las soluciones de utensilios de cocina personalizados.<\/strong><\/a><\/p>\n<\/div>","protected":false},"featured_media":4610,"comment_status":"closed","ping_status":"closed","template":"","meta":[],"product_brand":[],"product_cat":[52],"product_tag":[],"class_list":{"0":"post-3156","1":"product","2":"type-product","3":"status-publish","4":"has-post-thumbnail","6":"product_cat-stainless-steel-cookware","8":"first","9":"instock","10":"shipping-taxable","11":"product-type-simple"},"_links":{"self":[{"href":"https:\/\/www.hg-cooker.com\/es\/wp-json\/wp\/v2\/product\/3156","targetHints":{"allow":["GET"]}}],"collection":[{"href":"https:\/\/www.hg-cooker.com\/es\/wp-json\/wp\/v2\/product"}],"about":[{"href":"https:\/\/www.hg-cooker.com\/es\/wp-json\/wp\/v2\/types\/product"}],"replies":[{"embeddable":true,"href":"https:\/\/www.hg-cooker.com\/es\/wp-json\/wp\/v2\/comments?post=3156"}],"wp:featuredmedia":[{"embeddable":true,"href":"https:\/\/www.hg-cooker.com\/es\/wp-json\/wp\/v2\/media\/4610"}],"wp:attachment":[{"href":"https:\/\/www.hg-cooker.com\/es\/wp-json\/wp\/v2\/media?parent=3156"}],"wp:term":[{"taxonomy":"product_brand","embeddable":true,"href":"https:\/\/www.hg-cooker.com\/es\/wp-json\/wp\/v2\/product_brand?post=3156"},{"taxonomy":"product_cat","embeddable":true,"href":"https:\/\/www.hg-cooker.com\/es\/wp-json\/wp\/v2\/product_cat?post=3156"},{"taxonomy":"product_tag","embeddable":true,"href":"https:\/\/www.hg-cooker.com\/es\/wp-json\/wp\/v2\/product_tag?post=3156"}],"curies":[{"name":"wp","href":"https:\/\/api.w.org\/{rel}","templated":true}]}}