{"id":3123,"date":"2025-09-01T02:20:41","date_gmt":"2025-09-01T02:20:41","guid":{"rendered":"https:\/\/www.hg-cooker.com\/?post_type=product&#038;p=3123"},"modified":"2025-09-13T02:20:28","modified_gmt":"2025-09-13T02:20:28","slug":"tri-ply-stainless-steel-cookware-set","status":"publish","type":"product","link":"https:\/\/www.hg-cooker.com\/es\/producto\/tri-ply-stainless-steel-cookware-set\/","title":{"rendered":"Venta al por mayor de utensilios de cocina de acero inoxidable - Hengguang Fabricante de utensilios de cocina al por mayor"},"content":{"rendered":"<h3 class=\"wp-block-heading\">Par\u00e1metros de la bater\u00eda de cocina de acero inoxidable antiadherente<\/h3>\n\n\n\n<p><strong>Nombre del producto:<\/strong> Juego de acero inoxidable compuesto #304<\/p>\n\n\n\n<p><strong>Productos incluidos<\/strong>: Sart\u00e9n \/ Wok chino \/ Olla lechera<\/p>\n\n\n\n<p><strong>Material del producto: <\/strong>Acero inoxidable 304 y fondo de acero compuesto de tres capas<\/p>\n\n\n\n<p><strong>Estufa adecuada: <\/strong>Cocina radiante\/Cocina hal\u00f3gena\/Cocina de gas\/Cocina de inducci\u00f3n<\/p>\n\n\n\n<figure class=\"wp-block-table\"><table class=\"has-fixed-layout\"><tbody><tr><td>Tama\u00f1o de la sart\u00e9n<\/td><td>Di\u00e1metro exterior<\/td><td>Di\u00e1metro interior<\/td><td>Longitud del asa<\/td><td>Altura del cuerpo de la olla<\/td><td>Di\u00e1metro de calentamiento<\/td><td>Peso neto<\/td><\/tr><tr><td>24<\/td><td>21,5 cm<\/td><td>20 cm<\/td><td>4,5 cm<\/td><td>10 cm<\/td><td>20 cm<\/td><td>1.479kg<\/td><\/tr><tr><td>26<\/td><td>23,5 cm<\/td><td>22 cm<\/td><td>4,5 cm<\/td><td>11,2 cm<\/td><td>22 cm<\/td><td>1.696kg<\/td><\/tr><\/tbody><\/table><\/figure>\n\n\n\n<figure class=\"wp-block-table\"><table class=\"has-fixed-layout\"><tbody><tr><td>Tama\u00f1o del wok<\/td><td>Di\u00e1metro exterior<\/td><td>Di\u00e1metro interior<\/td><td>Longitud del asa<\/td><td>Altura del cuerpo de la olla<\/td><td>Di\u00e1metro de calentamiento<\/td><td>Peso neto<\/td><\/tr><tr><td>32<\/td><td>34,0 cm<\/td><td>32,0 cm<\/td><td>21,5 cm<\/td><td>9,3 cm<\/td><td>22 cm<\/td><td>1.412kg<\/td><\/tr><\/tbody><\/table><\/figure>\n\n\n\n<figure class=\"wp-block-table\"><table class=\"has-fixed-layout\"><tbody><tr><td>Tama\u00f1o del tarro de leche<\/td><td>Di\u00e1metro exterior<\/td><td>Di\u00e1metro interior<\/td><td>Longitud del asa<\/td><td>Altura del cuerpo de la olla<\/td><td>Di\u00e1metro de calentamiento<\/td><td>Peso neto<\/td><\/tr><tr><td>18<\/td><td>18 cm<\/td><td>17,5 cm<\/td><td>8 cm<\/td><td>22 cm<\/td><td>11,7 cm<\/td><td>0,98 kg<\/td><\/tr><tr><td>22<\/td><td>22 cm<\/td><td>21,5 cm<\/td><td>9 cm<\/td><td>22 cm<\/td><td>15,0 cm<\/td><td>0,987 kg<\/td><\/tr><tr><td>24<\/td><td>24 cm<\/td><td>23,5 cm<\/td><td>9 cm<\/td><td>22 cm<\/td><td>18,0 cm<\/td><td>1,06 kg<\/td><\/tr><\/tbody><\/table><\/figure>\n\n\n\n<h3 class=\"wp-block-heading\">Opci\u00f3n de bater\u00eda de cocina personalizada<\/h3>\n\n\n\n<p>Logotipo:Personalice el logotipo de su marca en los productos y el envase.<\/p>\n\n\n\n<p>Tama\u00f1o: Personaliza el tama\u00f1o de la bater\u00eda de cocina seg\u00fan tus necesidades.<\/p>\n\n\n\n<p>Embalaje: cart\u00f3n\/caja de color.<\/p>\n\n\n\n<p><strong><a href=\"https:\/\/www.hg-cooker.com\/es\/sulucion-personalizada\/\" target=\"_blank\" rel=\"noreferrer noopener\">Explore m\u00e1s sloutions de utensilios de cocina personalizados.<\/a><\/strong><\/p>\n\n\n\n<div class=\"wp-block-columns is-layout-flex wp-container-core-columns-is-layout-9d6595d7 wp-block-columns-is-layout-flex\">\n<div class=\"wp-block-column is-layout-flow wp-block-column-is-layout-flow\">\n<figure class=\"wp-block-image size-full\"><img fetchpriority=\"high\" decoding=\"async\" width=\"790\" height=\"1312\" src=\"https:\/\/www.hg-cooker.com\/wp-content\/uploads\/2024\/06\/stainless-steel-cookware-set-detail-1-1.webp\" alt=\"juego de ollas de acero inoxidable detalle (1)\" class=\"wp-image-4670\" srcset=\"https:\/\/www.hg-cooker.com\/wp-content\/uploads\/2024\/06\/stainless-steel-cookware-set-detail-1-1.webp 790w, https:\/\/www.hg-cooker.com\/wp-content\/uploads\/2024\/06\/stainless-steel-cookware-set-detail-1-1-90x150.webp 90w, https:\/\/www.hg-cooker.com\/wp-content\/uploads\/2024\/06\/stainless-steel-cookware-set-detail-1-1-397x660.webp 397w, https:\/\/www.hg-cooker.com\/wp-content\/uploads\/2024\/06\/stainless-steel-cookware-set-detail-1-1-181x300.webp 181w, https:\/\/www.hg-cooker.com\/wp-content\/uploads\/2024\/06\/stainless-steel-cookware-set-detail-1-1-768x1275.webp 768w, https:\/\/www.hg-cooker.com\/wp-content\/uploads\/2024\/06\/stainless-steel-cookware-set-detail-1-1-7x12.webp 7w, https:\/\/www.hg-cooker.com\/wp-content\/uploads\/2024\/06\/stainless-steel-cookware-set-detail-1-1-285x473.webp 285w\" sizes=\"(max-width: 790px) 100vw, 790px\" \/><\/figure>\n<\/div>\n\n\n\n<div class=\"wp-block-column is-layout-flow wp-block-column-is-layout-flow\">\n<figure class=\"wp-block-image size-full\"><img decoding=\"async\" width=\"790\" height=\"1312\" src=\"https:\/\/www.hg-cooker.com\/wp-content\/uploads\/2024\/06\/stainless-steel-cookware-set-detail-2.png\" alt=\"juego de ollas de acero inoxidable detalle (2)\" class=\"wp-image-4671\" srcset=\"https:\/\/www.hg-cooker.com\/wp-content\/uploads\/2024\/06\/stainless-steel-cookware-set-detail-2.png 790w, https:\/\/www.hg-cooker.com\/wp-content\/uploads\/2024\/06\/stainless-steel-cookware-set-detail-2-90x150.png 90w, https:\/\/www.hg-cooker.com\/wp-content\/uploads\/2024\/06\/stainless-steel-cookware-set-detail-2-397x660.png 397w, https:\/\/www.hg-cooker.com\/wp-content\/uploads\/2024\/06\/stainless-steel-cookware-set-detail-2-181x300.png 181w, https:\/\/www.hg-cooker.com\/wp-content\/uploads\/2024\/06\/stainless-steel-cookware-set-detail-2-768x1275.png 768w, https:\/\/www.hg-cooker.com\/wp-content\/uploads\/2024\/06\/stainless-steel-cookware-set-detail-2-7x12.png 7w, https:\/\/www.hg-cooker.com\/wp-content\/uploads\/2024\/06\/stainless-steel-cookware-set-detail-2-285x473.png 285w\" sizes=\"(max-width: 790px) 100vw, 790px\" \/><\/figure>\n<\/div>\n<\/div>","protected":false},"excerpt":{"rendered":"<p>Venta al por mayor de utensilios de cocina de acero inoxidable antiadherente de alta calidad, este juego de utensilios de cocina incluye sart\u00e9n, cacerola de leche, wok, que puede satisfacer las necesidades de cocci\u00f3n de la mayor\u00eda de las cocinas. La superficie de la olla adopta el dise\u00f1o f\u00edsico antiadherente, que no es f\u00e1cil de adherirse a las manchas de aceite y f\u00e1cil de limpiar. Como fabricante de utensilios de cocina, apoyamos la personalizaci\u00f3n OEM&amp;ODM, proporcionamos un plan de utensilios de cocina personalizado gratuito y servicio de utensilios de cocina al por mayor, bienvenido a contactar con nosotros.<\/p>\n<h3>Caracter\u00edsticas de la bater\u00eda de cocina de acero inoxidable antiadherente<\/h3>\n<div>\n<p><strong>Tecnolog\u00eda antiadherente f\u00edsica:<\/strong> Adopta un patr\u00f3n tridimensional de panal microconvexo, no necesita a\u00f1adir ning\u00fan revestimiento qu\u00edmico, no contiene sustancias nocivas como PFAS, y garantiza la salud y seguridad de los alimentos.<\/p>\n<p><strong>Rendimiento antiadherente superior:<\/strong> Esta bater\u00eda de cocina de acero inoxidable tiene un rendimiento antiadherente superior. Incluso los ingredientes f\u00e1ciles de pegar, como los huevos fritos y el pescado frito, se deslizan con facilidad, reduciendo la carga de la limpieza.<\/p>\n<p><strong>Excelente artesan\u00eda:<\/strong> La bater\u00eda de cocina adopta un proceso de moldeo por estiramiento integrado, no tiene huecos de empalme y est\u00e1 fabricada con material de acero inoxidable engrosado, que satisface las necesidades del uso de alta frecuencia a largo plazo.<\/p>\n<p><strong>Triple fondo de acero inoxidable:<\/strong> El fondo est\u00e1 hecho de un compuesto de capas de acero inoxidable y aluminio, que conduce el calor r\u00e1pida y uniformemente, evitando eficazmente el calentamiento local o que se pegue el fondo, y haciendo que la cocci\u00f3n sea m\u00e1s eficiente y ahorre energ\u00eda.<\/p>\n<p><strong>Servicio de venta al por mayor de utensilios de cocina:<\/strong> Los fabricantes de utensilios de cocina de Hengguang apoyan la venta al por mayor de MOQ bajo, ayudando a los clientes a entrar en el mercado a un coste m\u00e1s bajo, adecuado para empresarios y peque\u00f1as y medianas empresas.<\/p>\n<p><strong>Soporte OEM&amp;ODM:<\/strong> Apoyamos los servicios de personalizaci\u00f3n OEM y ODM, y podemos crear utensilios de cocina de acero inoxidable exclusivos de acuerdo con las necesidades de su marca, incluyendo el ajuste del tama\u00f1o, el dise\u00f1o y la funci\u00f3n, etc.<\/p>\n<\/div>","protected":false},"featured_media":4666,"comment_status":"closed","ping_status":"closed","template":"","meta":[],"product_brand":[],"product_cat":[52],"product_tag":[],"class_list":{"0":"post-3123","1":"product","2":"type-product","3":"status-publish","4":"has-post-thumbnail","6":"product_cat-stainless-steel-cookware","8":"first","9":"instock","10":"shipping-taxable","11":"product-type-simple"},"_links":{"self":[{"href":"https:\/\/www.hg-cooker.com\/es\/wp-json\/wp\/v2\/product\/3123","targetHints":{"allow":["GET"]}}],"collection":[{"href":"https:\/\/www.hg-cooker.com\/es\/wp-json\/wp\/v2\/product"}],"about":[{"href":"https:\/\/www.hg-cooker.com\/es\/wp-json\/wp\/v2\/types\/product"}],"replies":[{"embeddable":true,"href":"https:\/\/www.hg-cooker.com\/es\/wp-json\/wp\/v2\/comments?post=3123"}],"wp:featuredmedia":[{"embeddable":true,"href":"https:\/\/www.hg-cooker.com\/es\/wp-json\/wp\/v2\/media\/4666"}],"wp:attachment":[{"href":"https:\/\/www.hg-cooker.com\/es\/wp-json\/wp\/v2\/media?parent=3123"}],"wp:term":[{"taxonomy":"product_brand","embeddable":true,"href":"https:\/\/www.hg-cooker.com\/es\/wp-json\/wp\/v2\/product_brand?post=3123"},{"taxonomy":"product_cat","embeddable":true,"href":"https:\/\/www.hg-cooker.com\/es\/wp-json\/wp\/v2\/product_cat?post=3123"},{"taxonomy":"product_tag","embeddable":true,"href":"https:\/\/www.hg-cooker.com\/es\/wp-json\/wp\/v2\/product_tag?post=3123"}],"curies":[{"name":"wp","href":"https:\/\/api.w.org\/{rel}","templated":true}]}}