{"id":2802,"date":"2025-09-11T12:40:57","date_gmt":"2025-09-11T12:40:57","guid":{"rendered":"https:\/\/hg-cooker.com\/?post_type=product&#038;p=2802"},"modified":"2025-09-13T01:34:41","modified_gmt":"2025-09-13T01:34:41","slug":"wholesale-and-custom-tri-ply-stainless-steel-wok","status":"publish","type":"product","link":"https:\/\/www.hg-cooker.com\/es\/producto\/wholesale-and-custom-tri-ply-stainless-steel-wok\/","title":{"rendered":"Mayorista Wok Antiadherente Tri-Ply Acero Inoxidable - Hengguang Cookware Manufacturer"},"content":{"rendered":"<h3 class=\"wp-block-heading\">Par\u00e1metros del wok de acero inoxidable antiadherente<\/h3>\n\n\n\n<figure class=\"wp-block-table\"><table class=\"has-fixed-layout\"><tbody><tr><td>Nombre del producto<\/td><td>Sart\u00e9n de acero compuesto 304<\/td><\/tr><tr><td>Especificaciones del producto<\/td><td>32 cm<\/td><\/tr><tr><td>Material del producto<\/td><td>Acero inoxidable 304 y acero compuesto de tres capas<\/td><\/tr><tr><td>Estufa adecuada<\/td><td>Cocina Radiante \/ Horno Hal\u00f3geno \/ Cocina de Gas \/ Cocina de Inducci\u00f3n<\/td><\/tr><\/tbody><\/table><\/figure>\n\n\n\n<figure class=\"wp-block-table\"><table><tbody><tr><td>Tallas<\/td><td>Di\u00e1metro exterior<\/td><td>Di\u00e1metro interior<\/td><td>Longitud del mango<\/td><td>Altura del cuerpo de la olla<\/td><td>Di\u00e1metro de calentamiento<\/td><td>Peso neto<\/td><\/tr><tr><td>32 cm<\/td><td>34,0 cm<\/td><td>32,0 cm<\/td><td>21,5 cm<\/td><td>9,3 cm<\/td><td>22 cm<\/td><td>1.412kg<\/td><\/tr><\/tbody><\/table><\/figure>\n\n\n\n<h3 class=\"wp-block-heading\">Opciones de wok de acero inoxidable a medida<\/h3>\n\n\n\n<figure class=\"wp-block-table\"><table class=\"has-fixed-layout\"><tbody><tr><td>Opciones de personalizaci\u00f3n<\/td><td>Detalles<\/td><\/tr><tr><td>Logotipo<\/td><td>Personalice el logotipo de su marca en el producto y el envase.<\/td><\/tr><tr><td>Talla<\/td><td>Personalice diferentes tama\u00f1os de sartenes seg\u00fan sus necesidades.<\/td><\/tr><tr><td>Paquete<\/td><td>Cart\u00f3n \/ Caja de color.<\/td><\/tr><\/tbody><\/table><\/figure>\n\n\n\n<div class=\"wp-block-columns is-layout-flex wp-container-core-columns-is-layout-9d6595d7 wp-block-columns-is-layout-flex\">\n<div class=\"wp-block-column is-layout-flow wp-block-column-is-layout-flow\">\n<figure class=\"wp-block-image size-full\"><img fetchpriority=\"high\" decoding=\"async\" width=\"395\" height=\"620\" src=\"https:\/\/www.hg-cooker.com\/wp-content\/uploads\/2024\/06\/Custom-Tri-Ply-Stainless-Steel-Wok-Detail-1-1.png\" alt=\"Wok de acero inoxidable Tri Ply a medida Detalle (1)\" class=\"wp-image-4747\" srcset=\"https:\/\/www.hg-cooker.com\/wp-content\/uploads\/2024\/06\/Custom-Tri-Ply-Stainless-Steel-Wok-Detail-1-1.png 395w, https:\/\/www.hg-cooker.com\/wp-content\/uploads\/2024\/06\/Custom-Tri-Ply-Stainless-Steel-Wok-Detail-1-1-96x150.png 96w, https:\/\/www.hg-cooker.com\/wp-content\/uploads\/2024\/06\/Custom-Tri-Ply-Stainless-Steel-Wok-Detail-1-1-191x300.png 191w, https:\/\/www.hg-cooker.com\/wp-content\/uploads\/2024\/06\/Custom-Tri-Ply-Stainless-Steel-Wok-Detail-1-1-8x12.png 8w, https:\/\/www.hg-cooker.com\/wp-content\/uploads\/2024\/06\/Custom-Tri-Ply-Stainless-Steel-Wok-Detail-1-1-285x447.png 285w\" sizes=\"(max-width: 395px) 100vw, 395px\" \/><\/figure>\n<\/div>\n\n\n\n<div class=\"wp-block-column is-layout-flow wp-block-column-is-layout-flow\">\n<figure class=\"wp-block-image size-full\"><img decoding=\"async\" width=\"395\" height=\"620\" src=\"https:\/\/www.hg-cooker.com\/wp-content\/uploads\/2024\/06\/Custom-Tri-Ply-Stainless-Steel-Wok-Detail-2-1.png\" alt=\"Wok de acero inoxidable Tri Ply a medida Detalle (2)\" class=\"wp-image-4748\" srcset=\"https:\/\/www.hg-cooker.com\/wp-content\/uploads\/2024\/06\/Custom-Tri-Ply-Stainless-Steel-Wok-Detail-2-1.png 395w, https:\/\/www.hg-cooker.com\/wp-content\/uploads\/2024\/06\/Custom-Tri-Ply-Stainless-Steel-Wok-Detail-2-1-96x150.png 96w, https:\/\/www.hg-cooker.com\/wp-content\/uploads\/2024\/06\/Custom-Tri-Ply-Stainless-Steel-Wok-Detail-2-1-191x300.png 191w, https:\/\/www.hg-cooker.com\/wp-content\/uploads\/2024\/06\/Custom-Tri-Ply-Stainless-Steel-Wok-Detail-2-1-8x12.png 8w, https:\/\/www.hg-cooker.com\/wp-content\/uploads\/2024\/06\/Custom-Tri-Ply-Stainless-Steel-Wok-Detail-2-1-285x447.png 285w\" sizes=\"(max-width: 395px) 100vw, 395px\" \/><\/figure>\n<\/div>\n<\/div>","protected":false},"excerpt":{"rendered":"<p>Wok de acero inoxidable tricapa antiadherente al por mayor. Este wok est\u00e1 hecho de acero compuesto de tres capas, que combina las ventajas del n\u00facleo de aluminio y la capa exterior de acero inoxidable 430, mejora la durabilidad y la conductividad t\u00e9rmica del cuerpo de la olla, y la capa interior adopta revestimiento antiadherente f\u00edsico de nido de abeja, que tiene buen efecto antiadherente. Para disfrutar del precio de f\u00e1brica, p\u00f3ngase en contacto con nosotros.<\/p>\n<h2>Caracter\u00edsticas del Wok de acero inoxidable Tri-Ply antiadherente<\/h2>\n<p><strong>Proceso de fundici\u00f3n compuesto multicapa:<\/strong> Gracias al proceso de fundici\u00f3n compuesto multicapa, este wok de acero inoxidable tiene una mayor durabilidad y conductividad t\u00e9rmica. El calor se distribuye uniformemente y el efecto de cocci\u00f3n es m\u00e1s estable.<\/p>\n<p><strong>Materiales de alta calidad:<\/strong> El wok est\u00e1 fabricado con materiales de alta calidad. Aunque se cocine durante mucho tiempo, la forma y el rendimiento del cuerpo de la olla no se ven afectados, y tiene una vida \u00fatil m\u00e1s larga y una buena eficiencia de cocci\u00f3n.<\/p>\n<p><strong>Antiadherente f\u00edsico:<\/strong> Este wok de acero inoxidable adopta un dise\u00f1o tridimensional de panal microconvexo, y los alimentos pueden deslizarse f\u00e1cilmente por la superficie interior del wok para evitar que se peguen a la olla. Es m\u00e1s f\u00e1cil de limpiar y puede reducir el uso de grasa, haciendo que cocinar sea m\u00e1s saludable.<\/p>\n<p><strong>Amplia aplicabilidad:<\/strong> Esta sart\u00e9n antiadherente de acero inoxidable es adecuada para diversos m\u00e9todos de cocci\u00f3n, como fre\u00edr y guisar. Es apta para diversos fogones, como cocinas de gas, de inducci\u00f3n y vitrocer\u00e1micas el\u00e9ctricas, para satisfacer las necesidades culinarias diarias de la familia.<\/p>","protected":false},"featured_media":4741,"comment_status":"closed","ping_status":"closed","template":"","meta":[],"product_brand":[],"product_cat":[52],"product_tag":[],"class_list":{"0":"post-2802","1":"product","2":"type-product","3":"status-publish","4":"has-post-thumbnail","6":"product_cat-stainless-steel-cookware","8":"first","9":"instock","10":"shipping-taxable","11":"product-type-simple"},"_links":{"self":[{"href":"https:\/\/www.hg-cooker.com\/es\/wp-json\/wp\/v2\/product\/2802","targetHints":{"allow":["GET"]}}],"collection":[{"href":"https:\/\/www.hg-cooker.com\/es\/wp-json\/wp\/v2\/product"}],"about":[{"href":"https:\/\/www.hg-cooker.com\/es\/wp-json\/wp\/v2\/types\/product"}],"replies":[{"embeddable":true,"href":"https:\/\/www.hg-cooker.com\/es\/wp-json\/wp\/v2\/comments?post=2802"}],"wp:featuredmedia":[{"embeddable":true,"href":"https:\/\/www.hg-cooker.com\/es\/wp-json\/wp\/v2\/media\/4741"}],"wp:attachment":[{"href":"https:\/\/www.hg-cooker.com\/es\/wp-json\/wp\/v2\/media?parent=2802"}],"wp:term":[{"taxonomy":"product_brand","embeddable":true,"href":"https:\/\/www.hg-cooker.com\/es\/wp-json\/wp\/v2\/product_brand?post=2802"},{"taxonomy":"product_cat","embeddable":true,"href":"https:\/\/www.hg-cooker.com\/es\/wp-json\/wp\/v2\/product_cat?post=2802"},{"taxonomy":"product_tag","embeddable":true,"href":"https:\/\/www.hg-cooker.com\/es\/wp-json\/wp\/v2\/product_tag?post=2802"}],"curies":[{"name":"wp","href":"https:\/\/api.w.org\/{rel}","templated":true}]}}