{"id":6383,"date":"2024-09-11T09:46:02","date_gmt":"2024-09-11T09:46:02","guid":{"rendered":"https:\/\/www.hg-cooker.com\/?post_type=product&#038;p=6383"},"modified":"2025-11-13T02:17:40","modified_gmt":"2025-11-13T02:17:40","slug":"wholesale-multi-function-pressure-cooker","status":"publish","type":"product","link":"https:\/\/www.hg-cooker.com\/de\/produkt\/wholesale-multi-function-pressure-cooker\/","title":{"rendered":"Gro\u00dfhandels-Multifunktions-Schnellkochtopf - \"Ein-Klick-\u00d6ffnen\/Schlie\u00dfen\"-Design"},"content":{"rendered":"<h3 class=\"wp-block-heading\">Parameter des Multifunktions-Schnellkochtopfs<\/h3>\n\n\n\n<div class=\"wp-block-columns is-layout-flex wp-container-core-columns-is-layout-9d6595d7 wp-block-columns-is-layout-flex\">\n<div class=\"wp-block-column is-layout-flow wp-block-column-is-layout-flow\" style=\"flex-basis:66.66%\">\n<figure class=\"wp-block-image size-full\"><img fetchpriority=\"high\" decoding=\"async\" width=\"4060\" height=\"2032\" src=\"https:\/\/www.hg-cooker.com\/wp-content\/uploads\/2025\/09\/Specifications-of-multi-function-pressure-cooker.webp\" alt=\"Spezifikationen des Multifunktions-Schnellkochtopfs\" class=\"wp-image-6384\" srcset=\"https:\/\/www.hg-cooker.com\/wp-content\/uploads\/2025\/09\/Specifications-of-multi-function-pressure-cooker.webp 4060w, https:\/\/www.hg-cooker.com\/wp-content\/uploads\/2025\/09\/Specifications-of-multi-function-pressure-cooker-300x150.webp 300w, https:\/\/www.hg-cooker.com\/wp-content\/uploads\/2025\/09\/Specifications-of-multi-function-pressure-cooker-768x384.webp 768w, https:\/\/www.hg-cooker.com\/wp-content\/uploads\/2025\/09\/Specifications-of-multi-function-pressure-cooker-18x9.webp 18w, https:\/\/www.hg-cooker.com\/wp-content\/uploads\/2025\/09\/Specifications-of-multi-function-pressure-cooker-285x143.webp 285w, https:\/\/www.hg-cooker.com\/wp-content\/uploads\/2025\/09\/Specifications-of-multi-function-pressure-cooker-1600x801.webp 1600w, https:\/\/www.hg-cooker.com\/wp-content\/uploads\/2025\/09\/Specifications-of-multi-function-pressure-cooker-660x330.webp 660w, https:\/\/www.hg-cooker.com\/wp-content\/uploads\/2025\/09\/Specifications-of-multi-function-pressure-cooker-150x75.webp 150w\" sizes=\"(max-width: 4060px) 100vw, 4060px\" \/><\/figure>\n<\/div>\n\n\n\n<div class=\"wp-block-column is-layout-flow wp-block-column-is-layout-flow\" style=\"flex-basis:33.33%\"><\/div>\n<\/div>\n\n\n\n<h3 class=\"wp-block-heading\">Individuelle Kochgeschirr-Optionen<\/h3>\n\n\n\n<p><strong>Logo:<\/strong> Anpassbar mit Ihrem Markenlogo<br><strong>Verpackung:<\/strong>&nbsp;Farbige Schachtel\/Karton, etc<br><strong>Material: <\/strong>Anpassbar<\/p>","protected":false},"excerpt":{"rendered":"<p>Gro\u00dfhandel Multifunktions-Schnellkochtopf, ausgestattet mit einem Ein-Klick-\u00d6ffnen und Schlie\u00dfen des Deckels, Benutzer m\u00fcssen nur leicht dr\u00fccken, um den Schnellkochtopf Deckel zu \u00f6ffnen. Dieser Schnellkochtopf bietet mehrere Kapazit\u00e4ten von 4 Litern bis 8 Litern, um verschiedene Kochanforderungen zu erf\u00fcllen. Das Produkt entspricht den internationalen Normen wie CE, LFGB, FDA und ISO. Gro\u00dfh\u00e4ndler, Distributoren und H\u00e4ndler sind herzlich eingeladen, in gro\u00dfen Mengen zu kaufen.<\/p>\n<h2>Merkmale des Multifunktions-Schnellkochtopfs<\/h2>\n<p><strong>\u00d6ffnen und Schlie\u00dfen mit einem Klick:<\/strong> Die Benutzer k\u00f6nnen den Topfdeckel mit nur einem Druck \u00f6ffnen. Diese Funktion verbessert nicht nur die Sicherheit der Benutzer, sondern macht das Kochen auch schneller und angenehmer.<\/p>\n<p><strong>Langlebiges und lebensmittelechtes Material:<\/strong> Dieser Schnellkochtopf ist aus rostfreiem Edelstahl 304 gefertigt, der eine ausgezeichnete Rost- und Korrosionsbest\u00e4ndigkeit aufweist und sehr langlebig ist, was ihn zu einer sicheren und langlebigen Investition macht.<\/p>\n<p><strong>Sie k\u00f6nnen aus mehreren Gr\u00f6\u00dfen w\u00e4hlen:<\/strong> Dieser Schnellkochtopf bietet mehrere Kapazit\u00e4tsoptionen, darunter 4 Liter, 6 Liter, 7 Liter und 8 Liter. Geeignet f\u00fcr Kochbed\u00fcrfnisse verschiedener Gr\u00f6\u00dfen und Gr\u00f6\u00dfenordnungen.<\/p>\n<p><strong>Sparen Sie Kochzeit:<\/strong> Der versiegelte Topfk\u00f6rper kann den Druck im Inneren des Topfes erh\u00f6hen, so dass die Speisen schneller garen und der Benutzer eine gro\u00dfe Menge an Mahlzeiten in kurzer Zeit zubereiten kann, was die K\u00fccheneffizienz verbessert.<\/p>\n<p><strong>Strenge Qualit\u00e4tskontrolle und Zertifizierung:<\/strong> Als f\u00fchrender Hersteller von Schnellkocht\u00f6pfen in China f\u00fchren unsere Produkte strenge Qualit\u00e4tskontrollen durch und entsprechen internationalen Standards wie CE, LFGB, FDA und ISO.<\/p>","protected":false},"featured_media":6385,"comment_status":"closed","ping_status":"closed","template":"","meta":[],"product_brand":[],"product_cat":[54],"product_tag":[],"class_list":{"0":"post-6383","1":"product","2":"type-product","3":"status-publish","4":"has-post-thumbnail","6":"product_cat-pressure-cooker","8":"first","9":"instock","10":"shipping-taxable","11":"product-type-simple"},"_links":{"self":[{"href":"https:\/\/www.hg-cooker.com\/de\/wp-json\/wp\/v2\/product\/6383","targetHints":{"allow":["GET"]}}],"collection":[{"href":"https:\/\/www.hg-cooker.com\/de\/wp-json\/wp\/v2\/product"}],"about":[{"href":"https:\/\/www.hg-cooker.com\/de\/wp-json\/wp\/v2\/types\/product"}],"replies":[{"embeddable":true,"href":"https:\/\/www.hg-cooker.com\/de\/wp-json\/wp\/v2\/comments?post=6383"}],"wp:featuredmedia":[{"embeddable":true,"href":"https:\/\/www.hg-cooker.com\/de\/wp-json\/wp\/v2\/media\/6385"}],"wp:attachment":[{"href":"https:\/\/www.hg-cooker.com\/de\/wp-json\/wp\/v2\/media?parent=6383"}],"wp:term":[{"taxonomy":"product_brand","embeddable":true,"href":"https:\/\/www.hg-cooker.com\/de\/wp-json\/wp\/v2\/product_brand?post=6383"},{"taxonomy":"product_cat","embeddable":true,"href":"https:\/\/www.hg-cooker.com\/de\/wp-json\/wp\/v2\/product_cat?post=6383"},{"taxonomy":"product_tag","embeddable":true,"href":"https:\/\/www.hg-cooker.com\/de\/wp-json\/wp\/v2\/product_tag?post=6383"}],"curies":[{"name":"wp","href":"https:\/\/api.w.org\/{rel}","templated":true}]}}