{"id":6371,"date":"2024-09-11T07:20:34","date_gmt":"2024-09-11T07:20:34","guid":{"rendered":"https:\/\/www.hg-cooker.com\/?post_type=product&#038;p=6371"},"modified":"2025-11-13T02:17:21","modified_gmt":"2025-11-13T02:17:21","slug":"wholesale-pressure-cooker-in-bulk","status":"publish","type":"product","link":"https:\/\/www.hg-cooker.com\/de\/produkt\/wholesale-pressure-cooker-in-bulk\/","title":{"rendered":"Gro\u00dfhandel Schnellkochtopf, langlebig, effizient, Fabrik in gro\u00dfen Mengen geliefert"},"content":{"rendered":"<h3 class=\"wp-block-heading\">Parameter von Schnellkocht\u00f6pfen aus Edelstahl<\/h3>\n\n\n\n<div class=\"wp-block-columns is-layout-flex wp-container-core-columns-is-layout-9d6595d7 wp-block-columns-is-layout-flex\">\n<div class=\"wp-block-column is-layout-flow wp-block-column-is-layout-flow\" style=\"flex-basis:66.66%\">\n<figure class=\"wp-block-image size-full\"><img fetchpriority=\"high\" decoding=\"async\" width=\"4964\" height=\"2700\" src=\"https:\/\/www.hg-cooker.com\/wp-content\/uploads\/2025\/09\/specifications-of-pressure-cooker.webp\" alt=\"Spezifikationen des Schnellkochtopfs\" class=\"wp-image-6382\" srcset=\"https:\/\/www.hg-cooker.com\/wp-content\/uploads\/2025\/09\/specifications-of-pressure-cooker.webp 4964w, https:\/\/www.hg-cooker.com\/wp-content\/uploads\/2025\/09\/specifications-of-pressure-cooker-300x163.webp 300w, https:\/\/www.hg-cooker.com\/wp-content\/uploads\/2025\/09\/specifications-of-pressure-cooker-768x418.webp 768w, https:\/\/www.hg-cooker.com\/wp-content\/uploads\/2025\/09\/specifications-of-pressure-cooker-18x10.webp 18w, https:\/\/www.hg-cooker.com\/wp-content\/uploads\/2025\/09\/specifications-of-pressure-cooker-285x155.webp 285w, https:\/\/www.hg-cooker.com\/wp-content\/uploads\/2025\/09\/specifications-of-pressure-cooker-1600x870.webp 1600w, https:\/\/www.hg-cooker.com\/wp-content\/uploads\/2025\/09\/specifications-of-pressure-cooker-660x359.webp 660w, https:\/\/www.hg-cooker.com\/wp-content\/uploads\/2025\/09\/specifications-of-pressure-cooker-150x82.webp 150w\" sizes=\"(max-width: 4964px) 100vw, 4964px\" \/><\/figure>\n<\/div>\n\n\n\n<div class=\"wp-block-column is-layout-flow wp-block-column-is-layout-flow\" style=\"flex-basis:33.33%\"><\/div>\n<\/div>\n\n\n\n<h3 class=\"wp-block-heading\">Kundenspezifische Schnellkocht\u00f6pfe Optionen<\/h3>\n\n\n\n<p><strong>Logo:<\/strong> Anpassbar mit Ihrem Markenlogo; <strong>Verpackung:<\/strong>&nbsp;Farbige Schachtel\/Karton, etc; <strong>Material: <\/strong>Anpassbar<\/p>","protected":false},"excerpt":{"rendered":"<p>Schnellkocht\u00f6pfe f\u00fcr den Gro\u00dfhandel, die speziell f\u00fcr die K\u00fcche zu Hause und f\u00fcr den professionellen Einsatz entwickelt wurden und in acht verschiedenen Gr\u00f6\u00dfen erh\u00e4ltlich sind. Jeder Schnellkochtopf ist mit einem dreischichtigen Boden aus Edelstahl ausgestattet, der eine hervorragende W\u00e4rmeleitf\u00e4higkeit bietet und die Kocheffizienz und Gesamtleistung erheblich verbessert. Wir freuen uns, wenn H\u00e4ndler, Gro\u00dfh\u00e4ndler und Distributoren aus aller Welt uns f\u00fcr Gro\u00dfeink\u00e4ufe kontaktieren.<\/p>\n<h2>Merkmale von Schnellkocht\u00f6pfen<\/h2>\n<p><strong>Dreilagiger Boden aus rostfreiem Stahl:<\/strong> Diese Struktur kombiniert die Festigkeit und Korrosionsbest\u00e4ndigkeit von Edelstahl mit der ausgezeichneten W\u00e4rmeleitf\u00e4higkeit von Aluminium und sorgt f\u00fcr eine gleichm\u00e4\u00dfige W\u00e4rmeverteilung \u00fcber die gesamte Kochfl\u00e4che des Schnellkochtopfs, was die Effizienz und Effektivit\u00e4t des Kochens erheblich verbessert.<\/p>\n<p><strong>Acht Gr\u00f6\u00dfen:<\/strong> Diese Schnellkocht\u00f6pfe sind in acht verschiedenen Gr\u00f6\u00dfen erh\u00e4ltlich, von kompakten Modellen f\u00fcr kleine Haushalte bis hin zu Modellen mit hohem Fassungsverm\u00f6gen, die sich f\u00fcr Restaurants oder Cateringservices eignen, so dass die Benutzer eine gro\u00dfe Auswahl haben.<\/p>\n<p><strong>Ausgezeichnete Haltbarkeit:<\/strong> Diese Schnellkocht\u00f6pfe sind aus hochwertigem Edelstahl gefertigt und halten auch h\u00e4ufigem, intensivem Gebrauch stand, ohne sich zu verformen, einzudr\u00fccken oder zu korrodieren.<\/p>\n<p><strong>Effizientes Kochen:<\/strong> Die Kombination aus druckversiegeltem Kochen und einem dreischichtigen Edelstahlboden erm\u00f6glicht es diesen Schnellkocht\u00f6pfen 50%, schneller zu kochen als herk\u00f6mmliche Kochmethoden.<\/p>\n<p><strong>Zuverl\u00e4ssige Lieferung ab Werk:<\/strong> Da diese Schnellkocht\u00f6pfe direkt vom Werk geliefert werden, k\u00f6nnen sich Gro\u00dfh\u00e4ndler und Distributoren auf eine stabile, gro\u00dffl\u00e4chige Versorgung ohne Unterbrechung verlassen.<\/p>","protected":false},"featured_media":6372,"comment_status":"closed","ping_status":"closed","template":"","meta":[],"product_brand":[],"product_cat":[54],"product_tag":[],"class_list":{"0":"post-6371","1":"product","2":"type-product","3":"status-publish","4":"has-post-thumbnail","6":"product_cat-pressure-cooker","8":"first","9":"instock","10":"shipping-taxable","11":"product-type-simple"},"_links":{"self":[{"href":"https:\/\/www.hg-cooker.com\/de\/wp-json\/wp\/v2\/product\/6371","targetHints":{"allow":["GET"]}}],"collection":[{"href":"https:\/\/www.hg-cooker.com\/de\/wp-json\/wp\/v2\/product"}],"about":[{"href":"https:\/\/www.hg-cooker.com\/de\/wp-json\/wp\/v2\/types\/product"}],"replies":[{"embeddable":true,"href":"https:\/\/www.hg-cooker.com\/de\/wp-json\/wp\/v2\/comments?post=6371"}],"wp:featuredmedia":[{"embeddable":true,"href":"https:\/\/www.hg-cooker.com\/de\/wp-json\/wp\/v2\/media\/6372"}],"wp:attachment":[{"href":"https:\/\/www.hg-cooker.com\/de\/wp-json\/wp\/v2\/media?parent=6371"}],"wp:term":[{"taxonomy":"product_brand","embeddable":true,"href":"https:\/\/www.hg-cooker.com\/de\/wp-json\/wp\/v2\/product_brand?post=6371"},{"taxonomy":"product_cat","embeddable":true,"href":"https:\/\/www.hg-cooker.com\/de\/wp-json\/wp\/v2\/product_cat?post=6371"},{"taxonomy":"product_tag","embeddable":true,"href":"https:\/\/www.hg-cooker.com\/de\/wp-json\/wp\/v2\/product_tag?post=6371"}],"curies":[{"name":"wp","href":"https:\/\/api.w.org\/{rel}","templated":true}]}}