{"id":6368,"date":"2024-09-11T06:58:04","date_gmt":"2024-09-11T06:58:04","guid":{"rendered":"https:\/\/www.hg-cooker.com\/?post_type=product&#038;p=6368"},"modified":"2025-11-13T02:12:44","modified_gmt":"2025-11-13T02:12:44","slug":"wholesale-mini-pressure-cooker-for-home-and-outdoor-cooking","status":"publish","type":"product","link":"https:\/\/www.hg-cooker.com\/de\/produkt\/wholesale-mini-pressure-cooker-for-home-and-outdoor-cooking\/","title":{"rendered":"Gro\u00dfhandel Mini Schnellkochtopf - geeignet f\u00fcr Outdoor und Home Cooking"},"content":{"rendered":"<h3 class=\"wp-block-heading\">Parameter des Mini-Schnellkochtopfs<\/h3>\n\n\n\n<div class=\"wp-block-columns is-layout-flex wp-container-core-columns-is-layout-9d6595d7 wp-block-columns-is-layout-flex\">\n<div class=\"wp-block-column is-layout-flow wp-block-column-is-layout-flow\" style=\"flex-basis:66.66%\">\n<figure class=\"wp-block-image size-full\"><img fetchpriority=\"high\" decoding=\"async\" width=\"4460\" height=\"2056\" src=\"https:\/\/www.hg-cooker.com\/wp-content\/uploads\/2025\/09\/specifications-of-mini-pressure-cooker-1.webp\" alt=\"Spezifikationen des Mini-Schnellkochtopfs\" class=\"wp-image-6370\" srcset=\"https:\/\/www.hg-cooker.com\/wp-content\/uploads\/2025\/09\/specifications-of-mini-pressure-cooker-1.webp 4460w, https:\/\/www.hg-cooker.com\/wp-content\/uploads\/2025\/09\/specifications-of-mini-pressure-cooker-1-300x138.webp 300w, https:\/\/www.hg-cooker.com\/wp-content\/uploads\/2025\/09\/specifications-of-mini-pressure-cooker-1-768x354.webp 768w, https:\/\/www.hg-cooker.com\/wp-content\/uploads\/2025\/09\/specifications-of-mini-pressure-cooker-1-18x8.webp 18w, https:\/\/www.hg-cooker.com\/wp-content\/uploads\/2025\/09\/specifications-of-mini-pressure-cooker-1-285x131.webp 285w, https:\/\/www.hg-cooker.com\/wp-content\/uploads\/2025\/09\/specifications-of-mini-pressure-cooker-1-1600x738.webp 1600w, https:\/\/www.hg-cooker.com\/wp-content\/uploads\/2025\/09\/specifications-of-mini-pressure-cooker-1-660x304.webp 660w, https:\/\/www.hg-cooker.com\/wp-content\/uploads\/2025\/09\/specifications-of-mini-pressure-cooker-1-150x69.webp 150w\" sizes=\"(max-width: 4460px) 100vw, 4460px\" \/><\/figure>\n<\/div>\n\n\n\n<div class=\"wp-block-column is-layout-flow wp-block-column-is-layout-flow\" style=\"flex-basis:33.33%\"><\/div>\n<\/div>\n\n\n\n<h3 class=\"wp-block-heading\">Individuelle Schnellkochtopf-Optionen<\/h3>\n\n\n\n<p><strong>Logo:<\/strong> Anpassbar mit Ihrem Markenlogo; <strong>Verpackung:<\/strong>\u00a0Farbige Schachtel\/Karton, etc; <strong>Material: <\/strong>Anpassbar<\/p>\n\n\n\n<p><\/p>","protected":false},"excerpt":{"rendered":"<p>Gro\u00dfhandels-Mini-Schnellkocht\u00f6pfe sind ideal f\u00fcr Haushalte, Wohnungen, Wohnheime oder Wohnmobile mit begrenztem K\u00fcchenplatz. Die Kochgeschwindigkeit von Mini-Schnellkocht\u00f6pfen ist 70% schneller als traditionelle Kochmethoden, und ihre leichte und tragbare Konstruktion macht sie zu einer idealen Wahl f\u00fcr Aktivit\u00e4ten im Freien wie Camping, Picknick und Reisen. Wir freuen uns, wenn H\u00e4ndler, Gro\u00dfh\u00e4ndler und Distributoren aus aller Welt mit uns Kontakt aufnehmen.<\/p>\n<h2>Merkmale von Mini-Schnellkocht\u00f6pfen<\/h2>\n<p><strong>Platzsparendes Design:<\/strong> Dieser Mini-Schnellkochtopf hat ein kleines Fassungsverm\u00f6gen von nur 0,8 bis 1,6 Litern und ist damit die ideale Wahl f\u00fcr Haushalte, Wohnungen, Wohnheime oder Wohnmobile mit wenig Platz in der K\u00fcche.<\/p>\n<p><strong>Geeignet f\u00fcr verschiedene Anwendungen im Innen- und Au\u00dfenbereich:<\/strong> Der Mini-Schnellkochtopf vertr\u00e4gt das Erhitzen durch offene Flammen oder tragbare Kocher. F\u00fcr Camping-Enthusiasten ist ein Mini-Schnellkochtopf ein zuverl\u00e4ssiges Werkzeug f\u00fcr die Zubereitung k\u00f6stlicher Speisen im Freien.<\/p>\n<p><strong>Erhaltung von N\u00e4hrwert und Geschmack:<\/strong> Durch eine geschlossene Kochumgebung k\u00f6nnen Vitamine und Mineralstoffe wirksam erhalten werden, ohne dass sie durch herk\u00f6mmliche Koch- oder Bratmethoden verloren gehen.<\/p>\n<p><strong>Sichere und benutzerfreundliche Funktionen:<\/strong> Bei Mini-Schnellkocht\u00f6pfen steht die Sicherheit im Vordergrund. Er ist mit mehreren Schutzvorrichtungen ausgestattet, darunter ein verriegelbarer Deckel, der ein versehentliches \u00d6ffnen unter Druck verhindert, ein \u00dcberdruckventil, das den Dampfaustritt kontrolliert, und ein hitzebest\u00e4ndiger Griff, der Verbrennungen an beiden H\u00e4nden verhindert.<\/p>\n<p><strong>Globale Exporterfahrung:<\/strong> als professioneller Hersteller von Schnellkocht\u00f6pfen. Wir verf\u00fcgen \u00fcber umfangreiche Erfahrung im weltweiten Export von Produkten und bieten zuverl\u00e4ssige Lieferketten und gleichbleibende Produktqualit\u00e4t f\u00fcr K\u00e4ufer in aller Welt.<\/p>","protected":false},"featured_media":6369,"comment_status":"closed","ping_status":"closed","template":"","meta":[],"product_brand":[],"product_cat":[49],"product_tag":[],"class_list":{"0":"post-6368","1":"product","2":"type-product","3":"status-publish","4":"has-post-thumbnail","6":"product_cat-mini-pressure-cooker","8":"first","9":"instock","10":"shipping-taxable","11":"product-type-simple"},"_links":{"self":[{"href":"https:\/\/www.hg-cooker.com\/de\/wp-json\/wp\/v2\/product\/6368","targetHints":{"allow":["GET"]}}],"collection":[{"href":"https:\/\/www.hg-cooker.com\/de\/wp-json\/wp\/v2\/product"}],"about":[{"href":"https:\/\/www.hg-cooker.com\/de\/wp-json\/wp\/v2\/types\/product"}],"replies":[{"embeddable":true,"href":"https:\/\/www.hg-cooker.com\/de\/wp-json\/wp\/v2\/comments?post=6368"}],"wp:featuredmedia":[{"embeddable":true,"href":"https:\/\/www.hg-cooker.com\/de\/wp-json\/wp\/v2\/media\/6369"}],"wp:attachment":[{"href":"https:\/\/www.hg-cooker.com\/de\/wp-json\/wp\/v2\/media?parent=6368"}],"wp:term":[{"taxonomy":"product_brand","embeddable":true,"href":"https:\/\/www.hg-cooker.com\/de\/wp-json\/wp\/v2\/product_brand?post=6368"},{"taxonomy":"product_cat","embeddable":true,"href":"https:\/\/www.hg-cooker.com\/de\/wp-json\/wp\/v2\/product_cat?post=6368"},{"taxonomy":"product_tag","embeddable":true,"href":"https:\/\/www.hg-cooker.com\/de\/wp-json\/wp\/v2\/product_tag?post=6368"}],"curies":[{"name":"wp","href":"https:\/\/api.w.org\/{rel}","templated":true}]}}