{"id":6365,"date":"2024-09-11T06:17:23","date_gmt":"2024-09-11T06:17:23","guid":{"rendered":"https:\/\/www.hg-cooker.com\/?post_type=product&#038;p=6365"},"modified":"2025-11-13T02:12:54","modified_gmt":"2025-11-13T02:12:54","slug":"wholesale-mini-pressure-cooker-with-handle","status":"publish","type":"product","link":"https:\/\/www.hg-cooker.com\/de\/produkt\/wholesale-mini-pressure-cooker-with-handle\/","title":{"rendered":"Gro\u00dfhandel Mini Schnellkochtopf mit Griff - Factory Bulk Supply"},"content":{"rendered":"<h3 class=\"wp-block-heading\">Parameter des Mini-Schnellkochtopfs<\/h3>\n\n\n\n<div class=\"wp-block-columns is-layout-flex wp-container-core-columns-is-layout-9d6595d7 wp-block-columns-is-layout-flex\">\n<div class=\"wp-block-column is-layout-flow wp-block-column-is-layout-flow\" style=\"flex-basis:66.66%\">\n<figure class=\"wp-block-image size-full\"><img fetchpriority=\"high\" decoding=\"async\" width=\"5120\" height=\"2304\" src=\"https:\/\/www.hg-cooker.com\/wp-content\/uploads\/2025\/09\/specifications-of-mini-pressure-cooker.webp\" alt=\"Spezifikationen des Mini-Schnellkochtopfs\" class=\"wp-image-6366\" srcset=\"https:\/\/www.hg-cooker.com\/wp-content\/uploads\/2025\/09\/specifications-of-mini-pressure-cooker.webp 5120w, https:\/\/www.hg-cooker.com\/wp-content\/uploads\/2025\/09\/specifications-of-mini-pressure-cooker-300x135.webp 300w, https:\/\/www.hg-cooker.com\/wp-content\/uploads\/2025\/09\/specifications-of-mini-pressure-cooker-768x346.webp 768w, https:\/\/www.hg-cooker.com\/wp-content\/uploads\/2025\/09\/specifications-of-mini-pressure-cooker-18x8.webp 18w, https:\/\/www.hg-cooker.com\/wp-content\/uploads\/2025\/09\/specifications-of-mini-pressure-cooker-285x128.webp 285w, https:\/\/www.hg-cooker.com\/wp-content\/uploads\/2025\/09\/specifications-of-mini-pressure-cooker-1600x720.webp 1600w, https:\/\/www.hg-cooker.com\/wp-content\/uploads\/2025\/09\/specifications-of-mini-pressure-cooker-660x297.webp 660w, https:\/\/www.hg-cooker.com\/wp-content\/uploads\/2025\/09\/specifications-of-mini-pressure-cooker-150x68.webp 150w\" sizes=\"(max-width: 5120px) 100vw, 5120px\" \/><\/figure>\n<\/div>\n\n\n\n<div class=\"wp-block-column is-layout-flow wp-block-column-is-layout-flow\" style=\"flex-basis:33.33%\"><\/div>\n<\/div>\n\n\n\n<h3 class=\"wp-block-heading\">Individuelle Kochgeschirr-Optionen<\/h3>\n\n\n\n<p><strong>Logo:<\/strong> Anpassbar mit Ihrem Markenlogo; <strong>Verpackung:<\/strong>\u00a0Farbige Schachtel\/Karton, etc; <strong>Material: <\/strong>Anpassbar<\/p>","protected":false},"excerpt":{"rendered":"<p>Die Fabrik liefert Mini-Schnellkocht\u00f6pfe in gro\u00dfen Mengen. Geeignet f\u00fcr Gro\u00dfh\u00e4ndler, Einzelh\u00e4ndler und Anbieter von K\u00fcchenger\u00e4ten. Wir bieten wettbewerbsf\u00e4hige Preise, stabile Qualit\u00e4t und zuverl\u00e4ssige Lieferung.<\/p>\n<h2>Eigenschaften des Mini-Schnellkochtopfs<\/h2>\n<p><strong>Platzsparendes Design:<\/strong> Wir bieten Mini-Schnellkocht\u00f6pfe mit einem Fassungsverm\u00f6gen von 0,8 bis 2,0 Litern an, die sich dank ihres Mini-Designs leicht an kleinere K\u00fcchen, Wohnungen, Wohnheime oder Wohnmobile anpassen lassen.<\/p>\n<p><strong>Energieeffizienz:<\/strong> Der Gro\u00dfhandels-Mini-Schnellkochtopf verwendet dreilagiges Edelstahlmaterial, das weniger Energie verbraucht und eine h\u00f6here Kocheffizienz aufweist, was die Gesamtkochzeit erheblich verk\u00fcrzt.<\/p>\n<p><strong>N\u00e4hrwert- und Geschmackserhalt:<\/strong> Die versiegelte Kochumgebung des Schnellkochtopfs kann den Dampf einschlie\u00dfen und so dazu beitragen, dass die nat\u00fcrlichen Vitamine, Mineralien und Aromen der Lebensmittel erhalten bleiben.<\/p>\n<p><strong>Leicht zu reinigen:<\/strong> Unser Mini-Schnellkochtopf ist aus rostfreiem Stahl gefertigt, was die Reinigung und Wartung erleichtert.<\/p>\n<p><strong>Strenge Qualit\u00e4tskontrolle und Zertifizierung:<\/strong> Von der Rohstoffkontrolle bis zur Pr\u00fcfung des Endprodukts haben unsere Produkte internationale Normen wie CE, LFGB, FDA und ISO erf\u00fcllt.<\/p>","protected":false},"featured_media":6367,"comment_status":"closed","ping_status":"closed","template":"","meta":[],"product_brand":[],"product_cat":[49],"product_tag":[],"class_list":{"0":"post-6365","1":"product","2":"type-product","3":"status-publish","4":"has-post-thumbnail","6":"product_cat-mini-pressure-cooker","8":"first","9":"instock","10":"shipping-taxable","11":"product-type-simple"},"_links":{"self":[{"href":"https:\/\/www.hg-cooker.com\/de\/wp-json\/wp\/v2\/product\/6365","targetHints":{"allow":["GET"]}}],"collection":[{"href":"https:\/\/www.hg-cooker.com\/de\/wp-json\/wp\/v2\/product"}],"about":[{"href":"https:\/\/www.hg-cooker.com\/de\/wp-json\/wp\/v2\/types\/product"}],"replies":[{"embeddable":true,"href":"https:\/\/www.hg-cooker.com\/de\/wp-json\/wp\/v2\/comments?post=6365"}],"wp:featuredmedia":[{"embeddable":true,"href":"https:\/\/www.hg-cooker.com\/de\/wp-json\/wp\/v2\/media\/6367"}],"wp:attachment":[{"href":"https:\/\/www.hg-cooker.com\/de\/wp-json\/wp\/v2\/media?parent=6365"}],"wp:term":[{"taxonomy":"product_brand","embeddable":true,"href":"https:\/\/www.hg-cooker.com\/de\/wp-json\/wp\/v2\/product_brand?post=6365"},{"taxonomy":"product_cat","embeddable":true,"href":"https:\/\/www.hg-cooker.com\/de\/wp-json\/wp\/v2\/product_cat?post=6365"},{"taxonomy":"product_tag","embeddable":true,"href":"https:\/\/www.hg-cooker.com\/de\/wp-json\/wp\/v2\/product_tag?post=6365"}],"curies":[{"name":"wp","href":"https:\/\/api.w.org\/{rel}","templated":true}]}}