{"id":6353,"date":"2025-09-11T01:17:51","date_gmt":"2025-09-11T01:17:51","guid":{"rendered":"https:\/\/www.hg-cooker.com\/?post_type=product&#038;p=6353"},"modified":"2025-09-11T01:48:38","modified_gmt":"2025-09-11T01:48:38","slug":"wholesale-titanium-cookware-in-bulk","status":"publish","type":"product","link":"https:\/\/www.hg-cooker.com\/de\/produkt\/wholesale-titanium-cookware-in-bulk\/","title":{"rendered":"Gro\u00dfhandel Titanium Kochgeschirr, langlebig, leicht, korrosionsbest\u00e4ndig, Fabrik-produziert in Bulk"},"content":{"rendered":"<h3 class=\"wp-block-heading\">Individuelle Kochgeschirr-Optionen<\/h3>\n\n\n\n<ul class=\"wp-block-list\">\n<li><strong>Logo:<\/strong> Anpassbar mit Ihrem Markenlogo<\/li>\n\n\n\n<li><strong>Verpackung:<\/strong>\u00a0Farbige Schachtel\/Karton, etc<\/li>\n\n\n\n<li><strong>Material: <\/strong>Anpassbar<\/li>\n<\/ul>\n\n\n\n<div class=\"wp-block-columns is-layout-flex wp-container-core-columns-is-layout-9d6595d7 wp-block-columns-is-layout-flex\">\n<div class=\"wp-block-column is-layout-flow wp-block-column-is-layout-flow\"><\/div>\n\n\n\n<div class=\"wp-block-column is-layout-flow wp-block-column-is-layout-flow\"><\/div>\n<\/div>","protected":false},"excerpt":{"rendered":"<p>Unser hochwertiges Titan-Kochgeschirr zeichnet sich durch seine ausgezeichnete Haltbarkeit, sein geringes Gewicht und seine hervorragende Korrosionsbest\u00e4ndigkeit aus und ist damit die ideale Wahl f\u00fcr die professionelle K\u00fcche, das Kochen im Freien und den Einzelhandel. Das unempfindliche und lebensmittelechte Design des Kochgeschirrs bietet dem Benutzer ein ausgezeichnetes Kocherlebnis. Wir freuen uns, wenn H\u00e4ndler, Gro\u00dfh\u00e4ndler und Einzelh\u00e4ndler aus aller Welt mit uns Kontakt aufnehmen, um Angebote einzuholen.<\/p>\n<h2>Eigenschaften von Titanium Kochgeschirr<\/h2>\n<p><!-- wp:list --><\/p>\n<ul class=\"wp-block-list\"><!-- wp:list-item --><\/p>\n<li><strong>\u00dcberlegene Langlebigkeit: <\/strong>Im Gegensatz zu weicheren Metallen widersteht Titan Beulen, Biegungen und Verformungen beim Kochen bei hohen Temperaturen oder bei l\u00e4ngerem, intensivem Gebrauch.<\/li>\n<p><!-- \/wp:list-item --><\/p>\n<p><!-- wp:list-item --><\/p>\n<li><strong>Leichtes Design:<\/strong> Einer der bekanntesten Vorteile von Titan-Kochgeschirr ist sein geringes Gewicht. Unser Titan-Kochgeschirr kann 45% bis 50% leichter sein, was eine erhebliche Verbesserung beim t\u00e4glichen Kochen darstellt.<\/li>\n<p><!-- \/wp:list-item --><\/p>\n<p><!-- wp:list-item --><\/p>\n<li><strong>Gro\u00dfartig f\u00fcr den Au\u00dfenbereich:<\/strong> Titan-Kochgeschirr kombiniert au\u00dfergew\u00f6hnliche Festigkeit mit minimalem Gewicht, und sein geringes Gewicht sorgt daf\u00fcr, dass es nicht unn\u00f6tig viel Platz in Ihrem Rucksack einnimmt.<\/li>\n<p><!-- \/wp:list-item --><\/p>\n<p><!-- wp:list-item --><\/p>\n<li><strong>Geringer Wartungsaufwand:<\/strong> Die kratzfeste Oberfl\u00e4che von Titan-Kochgeschirr verhindert ein \u00fcberm\u00e4\u00dfiges Anhaften von Speisen, so dass sich die meisten R\u00fcckst\u00e4nde einfach mit warmem Wasser und einem weichen Schwamm entfernen lassen.<\/li>\n<p><!-- \/wp:list-item --><\/p>\n<p><!-- wp:list-item --><\/p>\n<li><strong>Gesund und sicher: <\/strong>Titan bietet eine sichere und inerte Kochoberfl\u00e4che, die die Zubereitung gesunder Mahlzeiten erm\u00f6glicht.<\/li>\n<p><!-- \/wp:list-item --><\/ul>\n<p><!-- \/wp:list --><\/p>","protected":false},"featured_media":6355,"comment_status":"closed","ping_status":"closed","template":"","meta":[],"product_brand":[],"product_cat":[69],"product_tag":[],"class_list":{"0":"post-6353","1":"product","2":"type-product","3":"status-publish","4":"has-post-thumbnail","6":"product_cat-wholesale-titanium-cookware","8":"first","9":"instock","10":"shipping-taxable","11":"product-type-simple"},"_links":{"self":[{"href":"https:\/\/www.hg-cooker.com\/de\/wp-json\/wp\/v2\/product\/6353","targetHints":{"allow":["GET"]}}],"collection":[{"href":"https:\/\/www.hg-cooker.com\/de\/wp-json\/wp\/v2\/product"}],"about":[{"href":"https:\/\/www.hg-cooker.com\/de\/wp-json\/wp\/v2\/types\/product"}],"replies":[{"embeddable":true,"href":"https:\/\/www.hg-cooker.com\/de\/wp-json\/wp\/v2\/comments?post=6353"}],"wp:featuredmedia":[{"embeddable":true,"href":"https:\/\/www.hg-cooker.com\/de\/wp-json\/wp\/v2\/media\/6355"}],"wp:attachment":[{"href":"https:\/\/www.hg-cooker.com\/de\/wp-json\/wp\/v2\/media?parent=6353"}],"wp:term":[{"taxonomy":"product_brand","embeddable":true,"href":"https:\/\/www.hg-cooker.com\/de\/wp-json\/wp\/v2\/product_brand?post=6353"},{"taxonomy":"product_cat","embeddable":true,"href":"https:\/\/www.hg-cooker.com\/de\/wp-json\/wp\/v2\/product_cat?post=6353"},{"taxonomy":"product_tag","embeddable":true,"href":"https:\/\/www.hg-cooker.com\/de\/wp-json\/wp\/v2\/product_tag?post=6353"}],"curies":[{"name":"wp","href":"https:\/\/api.w.org\/{rel}","templated":true}]}}