{"id":6193,"date":"2025-08-18T07:34:58","date_gmt":"2025-08-18T07:34:58","guid":{"rendered":"https:\/\/www.hg-cooker.com\/?post_type=product&#038;p=6193"},"modified":"2025-08-18T08:09:28","modified_gmt":"2025-08-18T08:09:28","slug":"wholesale-3-tier-steamer-pots","status":"publish","type":"product","link":"https:\/\/www.hg-cooker.com\/de\/produkt\/wholesale-3-tier-steamer-pots\/","title":{"rendered":"Gro\u00dfhandel 3 Tier Steamer T\u00f6pfe - geeignet f\u00fcr beide kommerziellen und privaten Gebrauch"},"content":{"rendered":"<figure class=\"wp-block-image size-full\"><img fetchpriority=\"high\" decoding=\"async\" width=\"1920\" height=\"510\" src=\"https:\/\/www.hg-cooker.com\/wp-content\/uploads\/2025\/08\/wholesale-3-tier-steamer-pots.webp\" alt=\"Gro\u00dfhandel 3-Etagen-Dampfkocht\u00f6pfe\" class=\"wp-image-6194\" srcset=\"https:\/\/www.hg-cooker.com\/wp-content\/uploads\/2025\/08\/wholesale-3-tier-steamer-pots.webp 1920w, https:\/\/www.hg-cooker.com\/wp-content\/uploads\/2025\/08\/wholesale-3-tier-steamer-pots-300x80.webp 300w, https:\/\/www.hg-cooker.com\/wp-content\/uploads\/2025\/08\/wholesale-3-tier-steamer-pots-768x204.webp 768w, https:\/\/www.hg-cooker.com\/wp-content\/uploads\/2025\/08\/wholesale-3-tier-steamer-pots-18x5.webp 18w, https:\/\/www.hg-cooker.com\/wp-content\/uploads\/2025\/08\/wholesale-3-tier-steamer-pots-285x76.webp 285w, https:\/\/www.hg-cooker.com\/wp-content\/uploads\/2025\/08\/wholesale-3-tier-steamer-pots-1600x425.webp 1600w, https:\/\/www.hg-cooker.com\/wp-content\/uploads\/2025\/08\/wholesale-3-tier-steamer-pots-660x175.webp 660w, https:\/\/www.hg-cooker.com\/wp-content\/uploads\/2025\/08\/wholesale-3-tier-steamer-pots-150x40.webp 150w\" sizes=\"(max-width: 1920px) 100vw, 1920px\" \/><\/figure>","protected":false},"excerpt":{"rendered":"<p>Gro\u00dfhandel 3-Etagen-Edelstahl-Dampfkocht\u00f6pfe, entworfen f\u00fcr gesundes und effizientes Kochen, sind ideal f\u00fcr Hausk\u00fcchen und den professionellen Einsatz. Wir bieten Fabrik Gro\u00dfhandelspreise und begr\u00fc\u00dfen Gro\u00dfeink\u00e4ufe.<\/p>\n<h2>Merkmale des 3-stufigen Dampfgarers<\/h2>\n<p><strong>Hochwertiger rostfreier Stahl:<\/strong> Gro\u00dfhandels-Dampfkocht\u00f6pfe sind aus hochwertigem Edelstahl gefertigt, der rostfrei, korrosionsbest\u00e4ndig und langlebig ist.<\/p>\n<p><strong>Erh\u00f6hen Sie die Effizienz beim Kochen: <\/strong>Der 3-stufige Dampfkochtopf verbessert die Effizienz beim Kochen erheblich, da Sie mit nur einem Dampfkochtopf mehrere Gerichte gleichzeitig zubereiten k\u00f6nnen.<\/p>\n<p><strong>Gesunde Kochmethode:<\/strong> D\u00e4mpfen gilt weithin als eine der ges\u00fcndesten Garmethoden, da ein h\u00f6herer Prozentsatz der nat\u00fcrlichen N\u00e4hrstoffe, Vitamine und Mineralien der Lebensmittel erhalten bleibt.<\/p>\n<p><strong>Leicht zu reinigen und zu pflegen:<\/strong> Die glatte, hochglanzpolierte Innen- und Au\u00dfenseite dieses dreistufigen Dampfgarers aus Edelstahl ist antihaftbeschichtet, leicht zu reinigen und sp\u00fclmaschinenfest.<\/p>\n<p><strong>Sowohl f\u00fcr den gewerblichen als auch f\u00fcr den privaten Gebrauch geeignet:<\/strong> Dank des mehrstufigen Designs k\u00f6nnen Sie mehrere Gerichte gleichzeitig zubereiten, was die Zubereitung von Mahlzeiten f\u00fcr Kunden oder die ganze Familie erleichtert.<\/p>","protected":false},"featured_media":6195,"comment_status":"closed","ping_status":"closed","template":"","meta":[],"product_brand":[],"product_cat":[52],"product_tag":[],"class_list":{"0":"post-6193","1":"product","2":"type-product","3":"status-publish","4":"has-post-thumbnail","6":"product_cat-stainless-steel-cookware","8":"first","9":"instock","10":"shipping-taxable","11":"product-type-simple"},"_links":{"self":[{"href":"https:\/\/www.hg-cooker.com\/de\/wp-json\/wp\/v2\/product\/6193","targetHints":{"allow":["GET"]}}],"collection":[{"href":"https:\/\/www.hg-cooker.com\/de\/wp-json\/wp\/v2\/product"}],"about":[{"href":"https:\/\/www.hg-cooker.com\/de\/wp-json\/wp\/v2\/types\/product"}],"replies":[{"embeddable":true,"href":"https:\/\/www.hg-cooker.com\/de\/wp-json\/wp\/v2\/comments?post=6193"}],"wp:featuredmedia":[{"embeddable":true,"href":"https:\/\/www.hg-cooker.com\/de\/wp-json\/wp\/v2\/media\/6195"}],"wp:attachment":[{"href":"https:\/\/www.hg-cooker.com\/de\/wp-json\/wp\/v2\/media?parent=6193"}],"wp:term":[{"taxonomy":"product_brand","embeddable":true,"href":"https:\/\/www.hg-cooker.com\/de\/wp-json\/wp\/v2\/product_brand?post=6193"},{"taxonomy":"product_cat","embeddable":true,"href":"https:\/\/www.hg-cooker.com\/de\/wp-json\/wp\/v2\/product_cat?post=6193"},{"taxonomy":"product_tag","embeddable":true,"href":"https:\/\/www.hg-cooker.com\/de\/wp-json\/wp\/v2\/product_tag?post=6193"}],"curies":[{"name":"wp","href":"https:\/\/api.w.org\/{rel}","templated":true}]}}