{"id":6143,"date":"2025-08-26T03:26:55","date_gmt":"2025-08-26T03:26:55","guid":{"rendered":"https:\/\/www.hg-cooker.com\/?post_type=product&#038;p=6143"},"modified":"2025-09-13T02:35:33","modified_gmt":"2025-09-13T02:35:33","slug":"wholesale-stainless-steel-stew-pots","status":"publish","type":"product","link":"https:\/\/www.hg-cooker.com\/de\/produkt\/wholesale-stainless-steel-stew-pots\/","title":{"rendered":"Gro\u00dfhandel Edelstahl Eintopf T\u00f6pfe mit geh\u00e4rtetem Glasdeckel - Multi-Gr\u00f6\u00dfen &amp; stapelbar"},"content":{"rendered":"<div class=\"wp-block-columns is-layout-flex wp-container-core-columns-is-layout-9d6595d7 wp-block-columns-is-layout-flex\">\n<div class=\"wp-block-column is-layout-flow wp-block-column-is-layout-flow\">\n<figure class=\"wp-block-image size-full\"><img fetchpriority=\"high\" decoding=\"async\" width=\"2351\" height=\"2351\" src=\"https:\/\/www.hg-cooker.com\/wp-content\/uploads\/2025\/08\/wholesale-stainless-steel-stewing-soup-pot-2.webp\" alt=\"Gro\u00dfhandel Edelstahl Eintopf Suppe Topf (2)\" class=\"wp-image-6147\" srcset=\"https:\/\/www.hg-cooker.com\/wp-content\/uploads\/2025\/08\/wholesale-stainless-steel-stewing-soup-pot-2.webp 2351w, https:\/\/www.hg-cooker.com\/wp-content\/uploads\/2025\/08\/wholesale-stainless-steel-stewing-soup-pot-2-300x300.webp 300w, https:\/\/www.hg-cooker.com\/wp-content\/uploads\/2025\/08\/wholesale-stainless-steel-stewing-soup-pot-2-150x150.webp 150w, https:\/\/www.hg-cooker.com\/wp-content\/uploads\/2025\/08\/wholesale-stainless-steel-stewing-soup-pot-2-768x768.webp 768w, https:\/\/www.hg-cooker.com\/wp-content\/uploads\/2025\/08\/wholesale-stainless-steel-stewing-soup-pot-2-12x12.webp 12w, https:\/\/www.hg-cooker.com\/wp-content\/uploads\/2025\/08\/wholesale-stainless-steel-stewing-soup-pot-2-285x285.webp 285w, https:\/\/www.hg-cooker.com\/wp-content\/uploads\/2025\/08\/wholesale-stainless-steel-stewing-soup-pot-2-1600x1600.webp 1600w, https:\/\/www.hg-cooker.com\/wp-content\/uploads\/2025\/08\/wholesale-stainless-steel-stewing-soup-pot-2-270x270.webp 270w, https:\/\/www.hg-cooker.com\/wp-content\/uploads\/2025\/08\/wholesale-stainless-steel-stewing-soup-pot-2-540x540.webp 540w, https:\/\/www.hg-cooker.com\/wp-content\/uploads\/2025\/08\/wholesale-stainless-steel-stewing-soup-pot-2-660x660.webp 660w\" sizes=\"(max-width: 2351px) 100vw, 2351px\" \/><\/figure>\n<\/div>\n\n\n\n<div class=\"wp-block-column is-layout-flow wp-block-column-is-layout-flow\">\n<figure class=\"wp-block-image size-full\"><img decoding=\"async\" width=\"2309\" height=\"2309\" src=\"https:\/\/www.hg-cooker.com\/wp-content\/uploads\/2025\/08\/wholesale-stainless-steel-stewing-soup-pot-3.webp\" alt=\"Gro\u00dfhandel Edelstahl Eintopf Suppe Topf (3)\" class=\"wp-image-6148\" srcset=\"https:\/\/www.hg-cooker.com\/wp-content\/uploads\/2025\/08\/wholesale-stainless-steel-stewing-soup-pot-3.webp 2309w, https:\/\/www.hg-cooker.com\/wp-content\/uploads\/2025\/08\/wholesale-stainless-steel-stewing-soup-pot-3-300x300.webp 300w, https:\/\/www.hg-cooker.com\/wp-content\/uploads\/2025\/08\/wholesale-stainless-steel-stewing-soup-pot-3-150x150.webp 150w, https:\/\/www.hg-cooker.com\/wp-content\/uploads\/2025\/08\/wholesale-stainless-steel-stewing-soup-pot-3-768x768.webp 768w, https:\/\/www.hg-cooker.com\/wp-content\/uploads\/2025\/08\/wholesale-stainless-steel-stewing-soup-pot-3-12x12.webp 12w, https:\/\/www.hg-cooker.com\/wp-content\/uploads\/2025\/08\/wholesale-stainless-steel-stewing-soup-pot-3-285x285.webp 285w, https:\/\/www.hg-cooker.com\/wp-content\/uploads\/2025\/08\/wholesale-stainless-steel-stewing-soup-pot-3-1600x1600.webp 1600w, https:\/\/www.hg-cooker.com\/wp-content\/uploads\/2025\/08\/wholesale-stainless-steel-stewing-soup-pot-3-270x270.webp 270w, https:\/\/www.hg-cooker.com\/wp-content\/uploads\/2025\/08\/wholesale-stainless-steel-stewing-soup-pot-3-540x540.webp 540w, https:\/\/www.hg-cooker.com\/wp-content\/uploads\/2025\/08\/wholesale-stainless-steel-stewing-soup-pot-3-660x660.webp 660w\" sizes=\"(max-width: 2309px) 100vw, 2309px\" \/><\/figure>\n<\/div>\n<\/div>","protected":false},"excerpt":{"rendered":"<p>Gro\u00dfhandel Edelstahl-Eintopf T\u00f6pfe. Diese T\u00f6pfe aus hochglanzpoliertem, lebensmittelechtem Edelstahl sind langlebig, sicher und zuverl\u00e4ssig und bieten gleichzeitig einen modernen Stil. Sie k\u00f6nnen f\u00fcr eine Vielzahl von Kochmethoden verwendet werden, z. B. zum Kochen von Suppen, Brei, Schmoren und Kochen von Nudeln. Sie eignen sich sowohl f\u00fcr gewerbliche als auch f\u00fcr private K\u00fcchen. Wir freuen uns \u00fcber Gro\u00dfeink\u00e4ufe.<\/p>\n<p><!-- wp:heading --><\/p>\n<h2 class=\"wp-block-heading\">Eigenschaften des Edelstahltopfs f\u00fcr Schmorsuppe<\/h2>\n<ul>\n<li><strong>Hochwertiger rostfreier Stahl:<\/strong> Diese Gro\u00dfhandelst\u00f6pfe sind aus hochglanzpoliertem Edelstahl gefertigt und haben eine spiegelglatte Oberfl\u00e4che ohne Grate oder Flecken. Sie bieten eine Antihaftbeschichtung und sind leicht zu reinigen.<\/li>\n<li><strong>Qualit\u00e4t in der Fertigung:<\/strong> Die hohe Dichte und gleichm\u00e4\u00dfige Dicke dieser Kocht\u00f6pfe machen sie korrosionsbest\u00e4ndig, rostfrei und verformungsbest\u00e4ndig, so dass sie den normalen Gebrauch und sogar St\u00f6\u00dfe \u00fcberstehen, ohne zu verbeulen.<\/li>\n<li><strong>Einheitliche Heizung:<\/strong> Diese Gro\u00dfhandels-Edelstahlt\u00f6pfe sind f\u00fcr das langsame Kochen und Garen von Suppen konzipiert und sorgen f\u00fcr eine gleichm\u00e4\u00dfige W\u00e4rmeverteilung, wodurch sie ideal f\u00fcr H\u00fchnersuppe, Schweinerippensuppe oder lang gekochte Gerichte sind.<\/li>\n<li><strong>Doppelgriff-Design:<\/strong> Das Design mit zwei Griffen erm\u00f6glicht eine einfache Handhabung und eine gleichm\u00e4\u00dfige Druckverteilung. Die ergonomisch geformten Griffe bieten einen bequemen Halt.<\/li>\n<li><strong>Gro\u00dfhandel Kochgeschirr Service:<\/strong> Als professioneller Hersteller von Kochgeschirr bieten wir Gro\u00dfhandel Kochgeschirr, die eine breite Palette von Edelstahl-Kochgeschirr Arten und Gr\u00f6\u00dfen zu Fabrikpreisen.<\/li>\n<\/ul>\n<p><!-- \/wp:paragraph --><\/p>","protected":false},"featured_media":6154,"comment_status":"closed","ping_status":"closed","template":"","meta":[],"product_brand":[],"product_cat":[52],"product_tag":[],"class_list":{"0":"post-6143","1":"product","2":"type-product","3":"status-publish","4":"has-post-thumbnail","6":"product_cat-stainless-steel-cookware","8":"first","9":"instock","10":"shipping-taxable","11":"product-type-simple"},"_links":{"self":[{"href":"https:\/\/www.hg-cooker.com\/de\/wp-json\/wp\/v2\/product\/6143","targetHints":{"allow":["GET"]}}],"collection":[{"href":"https:\/\/www.hg-cooker.com\/de\/wp-json\/wp\/v2\/product"}],"about":[{"href":"https:\/\/www.hg-cooker.com\/de\/wp-json\/wp\/v2\/types\/product"}],"replies":[{"embeddable":true,"href":"https:\/\/www.hg-cooker.com\/de\/wp-json\/wp\/v2\/comments?post=6143"}],"wp:featuredmedia":[{"embeddable":true,"href":"https:\/\/www.hg-cooker.com\/de\/wp-json\/wp\/v2\/media\/6154"}],"wp:attachment":[{"href":"https:\/\/www.hg-cooker.com\/de\/wp-json\/wp\/v2\/media?parent=6143"}],"wp:term":[{"taxonomy":"product_brand","embeddable":true,"href":"https:\/\/www.hg-cooker.com\/de\/wp-json\/wp\/v2\/product_brand?post=6143"},{"taxonomy":"product_cat","embeddable":true,"href":"https:\/\/www.hg-cooker.com\/de\/wp-json\/wp\/v2\/product_cat?post=6143"},{"taxonomy":"product_tag","embeddable":true,"href":"https:\/\/www.hg-cooker.com\/de\/wp-json\/wp\/v2\/product_tag?post=6143"}],"curies":[{"name":"wp","href":"https:\/\/api.w.org\/{rel}","templated":true}]}}