{"id":6130,"date":"2025-08-28T06:19:05","date_gmt":"2025-08-28T06:19:05","guid":{"rendered":"https:\/\/www.hg-cooker.com\/?post_type=product&#038;p=6130"},"modified":"2025-09-13T02:31:34","modified_gmt":"2025-09-13T02:31:34","slug":"wholesale-premium-stainless-steel-stew-pots","status":"publish","type":"product","link":"https:\/\/www.hg-cooker.com\/de\/produkt\/wholesale-premium-stainless-steel-stew-pots\/","title":{"rendered":"Gro\u00dfhandel Premium poliertem Edelstahl Eintopf T\u00f6pfe - Multi-Gr\u00f6\u00dfen &amp; stapelbar"},"content":{"rendered":"<figure class=\"wp-block-image size-full\"><img fetchpriority=\"high\" decoding=\"async\" width=\"1920\" height=\"597\" src=\"https:\/\/www.hg-cooker.com\/wp-content\/uploads\/2025\/08\/parameters-of-stew-pot.webp\" alt=\"Parameter des Kochtopfs\" class=\"wp-image-6190\" srcset=\"https:\/\/www.hg-cooker.com\/wp-content\/uploads\/2025\/08\/parameters-of-stew-pot.webp 1920w, https:\/\/www.hg-cooker.com\/wp-content\/uploads\/2025\/08\/parameters-of-stew-pot-300x93.webp 300w, https:\/\/www.hg-cooker.com\/wp-content\/uploads\/2025\/08\/parameters-of-stew-pot-768x239.webp 768w, https:\/\/www.hg-cooker.com\/wp-content\/uploads\/2025\/08\/parameters-of-stew-pot-18x6.webp 18w, https:\/\/www.hg-cooker.com\/wp-content\/uploads\/2025\/08\/parameters-of-stew-pot-285x89.webp 285w, https:\/\/www.hg-cooker.com\/wp-content\/uploads\/2025\/08\/parameters-of-stew-pot-1600x498.webp 1600w, https:\/\/www.hg-cooker.com\/wp-content\/uploads\/2025\/08\/parameters-of-stew-pot-660x205.webp 660w, https:\/\/www.hg-cooker.com\/wp-content\/uploads\/2025\/08\/parameters-of-stew-pot-150x47.webp 150w\" sizes=\"(max-width: 1920px) 100vw, 1920px\" \/><\/figure>","protected":false},"excerpt":{"rendered":"<p>Premium-Edelstahl-Suppent\u00f6pfe f\u00fcr den Gro\u00dfhandel. Dieser Allzweck-Suppentopf aus poliertem Edelstahl in Lebensmittelqualit\u00e4t wurde nach den Grunds\u00e4tzen der Langlebigkeit, des ergonomischen Komforts und des modernen, minimalistischen Stils gebaut. Er eignet sich ideal zum Kochen von hei\u00dfen Gerichten, Suppen und Eint\u00f6pfen und verleiht jeder K\u00fcche Effizienz und Sch\u00f6nheit. Wir unterst\u00fctzen OEM\/ODM-Services und freuen uns \u00fcber Gro\u00dfeink\u00e4ufe.<\/p>\n<p><!-- wp:heading --><\/p>\n<h2 class=\"wp-block-heading\">Merkmale des Premium-Edelstahltopfs aus poliertem Edelstahl<\/h2>\n<ul>\n<li><strong>Leicht zu reinigen:<\/strong> Unsere Kocht\u00f6pfe f\u00fcr den Gro\u00dfhandel sind aus hochwertigem, hochglanzpoliertem Edelstahl mit einer glatten Oberfl\u00e4che, frei von Makeln oder Graten, was die Fleckenbest\u00e4ndigkeit erh\u00f6ht. Sie lassen sich leicht mit Sp\u00fclmittel und einem feuchten K\u00fcchentuch reinigen.<\/li>\n<li><strong>Zwei Deckelstile:<\/strong> Erh\u00e4ltlich mit einem Deckel aus rostfreiem Stahl oder einem Deckel aus geh\u00e4rtetem Glas, um verschiedenen Kochsituationen und Benutzerpr\u00e4ferenzen gerecht zu werden.<\/li>\n<li><strong>Zweifach-Griff-Design:<\/strong> Unsere hochwertigen, polierten Edelstahlt\u00f6pfe f\u00fcr den Gro\u00dfhandel verf\u00fcgen \u00fcber doppelseitige Griffe mit einem nat\u00fcrlich gebogenen Design zum einfachen Anheben und Ausgie\u00dfen.<\/li>\n<li><strong>Stapelbar:<\/strong> Die in vier Gr\u00f6\u00dfen erh\u00e4ltlichen T\u00f6pfe lassen sich platzsparend ineinander stapeln und schaffen so Platz in der K\u00fcche.<\/li>\n<li><strong>Vielseitig:<\/strong> Perfekt f\u00fcr die Herstellung von hausgemachten Br\u00fchen, So\u00dfen oder zum Blanchieren von Gem\u00fcse.<\/li>\n<\/ul>\n<p><!-- \/wp:paragraph --><\/p>","protected":false},"featured_media":6181,"comment_status":"closed","ping_status":"closed","template":"","meta":[],"product_brand":[],"product_cat":[52],"product_tag":[],"class_list":{"0":"post-6130","1":"product","2":"type-product","3":"status-publish","4":"has-post-thumbnail","6":"product_cat-stainless-steel-cookware","8":"first","9":"instock","10":"shipping-taxable","11":"product-type-simple"},"_links":{"self":[{"href":"https:\/\/www.hg-cooker.com\/de\/wp-json\/wp\/v2\/product\/6130","targetHints":{"allow":["GET"]}}],"collection":[{"href":"https:\/\/www.hg-cooker.com\/de\/wp-json\/wp\/v2\/product"}],"about":[{"href":"https:\/\/www.hg-cooker.com\/de\/wp-json\/wp\/v2\/types\/product"}],"replies":[{"embeddable":true,"href":"https:\/\/www.hg-cooker.com\/de\/wp-json\/wp\/v2\/comments?post=6130"}],"wp:featuredmedia":[{"embeddable":true,"href":"https:\/\/www.hg-cooker.com\/de\/wp-json\/wp\/v2\/media\/6181"}],"wp:attachment":[{"href":"https:\/\/www.hg-cooker.com\/de\/wp-json\/wp\/v2\/media?parent=6130"}],"wp:term":[{"taxonomy":"product_brand","embeddable":true,"href":"https:\/\/www.hg-cooker.com\/de\/wp-json\/wp\/v2\/product_brand?post=6130"},{"taxonomy":"product_cat","embeddable":true,"href":"https:\/\/www.hg-cooker.com\/de\/wp-json\/wp\/v2\/product_cat?post=6130"},{"taxonomy":"product_tag","embeddable":true,"href":"https:\/\/www.hg-cooker.com\/de\/wp-json\/wp\/v2\/product_tag?post=6130"}],"curies":[{"name":"wp","href":"https:\/\/api.w.org\/{rel}","templated":true}]}}