{"id":6123,"date":"2025-03-31T07:09:54","date_gmt":"2025-03-31T07:09:54","guid":{"rendered":"https:\/\/www.hg-cooker.com\/?post_type=product&#038;p=6123"},"modified":"2025-11-13T01:56:29","modified_gmt":"2025-11-13T01:56:29","slug":"wholesale-premium-stainless-steel-dry-pots","status":"publish","type":"product","link":"https:\/\/www.hg-cooker.com\/de\/produkt\/wholesale-premium-stainless-steel-dry-pots\/","title":{"rendered":"Gro\u00dfhandel Premium Edelstahl trocknen T\u00f6pfe - Durable &amp; Multi-Funktions"},"content":{"rendered":"<div class=\"wp-block-columns is-layout-flex wp-container-core-columns-is-layout-9d6595d7 wp-block-columns-is-layout-flex\">\n<div class=\"wp-block-column is-layout-flow wp-block-column-is-layout-flow\">\n<figure class=\"wp-block-image size-full\"><img fetchpriority=\"high\" decoding=\"async\" width=\"2958\" height=\"2958\" src=\"https:\/\/www.hg-cooker.com\/wp-content\/uploads\/2025\/08\/Wholesale-Premium-Stainless-Steel-Dry-Pot-1.webp\" alt=\"Gro\u00dfhandel Premium-Edelstahl-Trockentopf (1)\" class=\"wp-image-6124\" srcset=\"https:\/\/www.hg-cooker.com\/wp-content\/uploads\/2025\/08\/Wholesale-Premium-Stainless-Steel-Dry-Pot-1.webp 2958w, https:\/\/www.hg-cooker.com\/wp-content\/uploads\/2025\/08\/Wholesale-Premium-Stainless-Steel-Dry-Pot-1-300x300.webp 300w, https:\/\/www.hg-cooker.com\/wp-content\/uploads\/2025\/08\/Wholesale-Premium-Stainless-Steel-Dry-Pot-1-150x150.webp 150w, https:\/\/www.hg-cooker.com\/wp-content\/uploads\/2025\/08\/Wholesale-Premium-Stainless-Steel-Dry-Pot-1-768x768.webp 768w, https:\/\/www.hg-cooker.com\/wp-content\/uploads\/2025\/08\/Wholesale-Premium-Stainless-Steel-Dry-Pot-1-12x12.webp 12w, https:\/\/www.hg-cooker.com\/wp-content\/uploads\/2025\/08\/Wholesale-Premium-Stainless-Steel-Dry-Pot-1-285x285.webp 285w, https:\/\/www.hg-cooker.com\/wp-content\/uploads\/2025\/08\/Wholesale-Premium-Stainless-Steel-Dry-Pot-1-1600x1600.webp 1600w, https:\/\/www.hg-cooker.com\/wp-content\/uploads\/2025\/08\/Wholesale-Premium-Stainless-Steel-Dry-Pot-1-270x270.webp 270w, https:\/\/www.hg-cooker.com\/wp-content\/uploads\/2025\/08\/Wholesale-Premium-Stainless-Steel-Dry-Pot-1-540x540.webp 540w, https:\/\/www.hg-cooker.com\/wp-content\/uploads\/2025\/08\/Wholesale-Premium-Stainless-Steel-Dry-Pot-1-660x660.webp 660w\" sizes=\"(max-width: 2958px) 100vw, 2958px\" \/><\/figure>\n<\/div>\n\n\n\n<div class=\"wp-block-column is-layout-flow wp-block-column-is-layout-flow\">\n<figure class=\"wp-block-image size-full\"><img decoding=\"async\" width=\"2930\" height=\"2930\" src=\"https:\/\/www.hg-cooker.com\/wp-content\/uploads\/2025\/08\/Wholesale-Premium-Stainless-Steel-Dry-Pot-5.webp\" alt=\"Gro\u00dfhandel Premium-Edelstahl-Trockentopf (5)\" class=\"wp-image-6128\" srcset=\"https:\/\/www.hg-cooker.com\/wp-content\/uploads\/2025\/08\/Wholesale-Premium-Stainless-Steel-Dry-Pot-5.webp 2930w, https:\/\/www.hg-cooker.com\/wp-content\/uploads\/2025\/08\/Wholesale-Premium-Stainless-Steel-Dry-Pot-5-300x300.webp 300w, https:\/\/www.hg-cooker.com\/wp-content\/uploads\/2025\/08\/Wholesale-Premium-Stainless-Steel-Dry-Pot-5-150x150.webp 150w, https:\/\/www.hg-cooker.com\/wp-content\/uploads\/2025\/08\/Wholesale-Premium-Stainless-Steel-Dry-Pot-5-768x768.webp 768w, https:\/\/www.hg-cooker.com\/wp-content\/uploads\/2025\/08\/Wholesale-Premium-Stainless-Steel-Dry-Pot-5-12x12.webp 12w, https:\/\/www.hg-cooker.com\/wp-content\/uploads\/2025\/08\/Wholesale-Premium-Stainless-Steel-Dry-Pot-5-285x285.webp 285w, https:\/\/www.hg-cooker.com\/wp-content\/uploads\/2025\/08\/Wholesale-Premium-Stainless-Steel-Dry-Pot-5-1600x1600.webp 1600w, https:\/\/www.hg-cooker.com\/wp-content\/uploads\/2025\/08\/Wholesale-Premium-Stainless-Steel-Dry-Pot-5-270x270.webp 270w, https:\/\/www.hg-cooker.com\/wp-content\/uploads\/2025\/08\/Wholesale-Premium-Stainless-Steel-Dry-Pot-5-540x540.webp 540w, https:\/\/www.hg-cooker.com\/wp-content\/uploads\/2025\/08\/Wholesale-Premium-Stainless-Steel-Dry-Pot-5-660x660.webp 660w\" sizes=\"(max-width: 2930px) 100vw, 2930px\" \/><\/figure>\n<\/div>\n<\/div>","protected":false},"excerpt":{"rendered":"<p>Gro\u00dfhandel Premium Edelstahl trocknen T\u00f6pfe. Hergestellt aus poliertem Edelstahl in Lebensmittelqualit\u00e4t, bietet dieser Gro\u00dfhandelstopf aus Edelstahl Langlebigkeit, ergonomische Nutzung und ein modernes, minimalistisches Design. Perfekt zum Anbraten und Servieren, ist er sowohl funktional als auch schick f\u00fcr jede K\u00fcche. Unterst\u00fctzung von OEM\/ODM-Dienstleistungen, Gro\u00dfeinkauf ist willkommen.<\/p>\n<p><!-- wp:heading --><\/p>\n<h2 class=\"wp-block-heading\">Merkmale des Edelstahl-Trockentopfs<\/h2>\n<ul>\n<li><strong>Shallow Plate Design:<\/strong> Das flache Design dieser Gro\u00dfhandels-Trockent\u00f6pfe erm\u00f6glicht es, die Lebensmittel flach im Topf auszubreiten, was die Heizfl\u00e4che vergr\u00f6\u00dfert und sie ideal f\u00fcr das Kochen in Trockent\u00f6pfen macht.<\/li>\n<li><strong>Leicht zu halten: <\/strong>Der geschwungene Griff sorgt au\u00dferdem f\u00fcr einen besseren Halt und Stabilit\u00e4t, so dass er sich leicht vom Herd abnehmen und zum Tisch tragen l\u00e4sst.<\/li>\n<li><strong>Vielseitig einsetzbar:<\/strong> Diese Trockent\u00f6pfe aus dem Gro\u00dfhandel k\u00f6nnen zum Kochen in Trockent\u00f6pfen, als Warmhalteutensilien oder als Schalen f\u00fcr Lebensmittel verwendet werden, was sie \u00e4u\u00dferst vielseitig macht.<\/li>\n<li><strong>Lebensmittelgeeigneter rostfreier Stahl:<\/strong> Diese Trockent\u00f6pfe f\u00fcr den Gro\u00dfhandel sind aus hochwertigem, korrosionsbest\u00e4ndigem Edelstahl gefertigt und gew\u00e4hrleisten einen sicheren Kontakt mit Lebensmitteln. Sie k\u00f6nnen auch s\u00e4urehaltige oder alkalische Lebensmittel wie Zitronen und Tomaten aufnehmen.<\/li>\n<li><strong>Leicht zu reinigen:<\/strong> Durch Polieren und andere Verfahren haben die trockenen T\u00f6pfe eine sehr glatte Oberfl\u00e4che, die das Anhaften von Speiser\u00fcckst\u00e4nden verringert. Wischen Sie sie einfach ab oder waschen Sie sie mit Sp\u00fclmittel, um ihren Glanz wiederherzustellen.<\/li>\n<\/ul>\n<p><!-- \/wp:paragraph --><\/p>","protected":false},"featured_media":6126,"comment_status":"closed","ping_status":"closed","template":"","meta":[],"product_brand":[],"product_cat":[52,65],"product_tag":[],"class_list":{"0":"post-6123","1":"product","2":"type-product","3":"status-publish","4":"has-post-thumbnail","6":"product_cat-stainless-steel-cookware","7":"product_cat-dry-pot","9":"first","10":"instock","11":"shipping-taxable","12":"product-type-simple"},"_links":{"self":[{"href":"https:\/\/www.hg-cooker.com\/de\/wp-json\/wp\/v2\/product\/6123","targetHints":{"allow":["GET"]}}],"collection":[{"href":"https:\/\/www.hg-cooker.com\/de\/wp-json\/wp\/v2\/product"}],"about":[{"href":"https:\/\/www.hg-cooker.com\/de\/wp-json\/wp\/v2\/types\/product"}],"replies":[{"embeddable":true,"href":"https:\/\/www.hg-cooker.com\/de\/wp-json\/wp\/v2\/comments?post=6123"}],"wp:featuredmedia":[{"embeddable":true,"href":"https:\/\/www.hg-cooker.com\/de\/wp-json\/wp\/v2\/media\/6126"}],"wp:attachment":[{"href":"https:\/\/www.hg-cooker.com\/de\/wp-json\/wp\/v2\/media?parent=6123"}],"wp:term":[{"taxonomy":"product_brand","embeddable":true,"href":"https:\/\/www.hg-cooker.com\/de\/wp-json\/wp\/v2\/product_brand?post=6123"},{"taxonomy":"product_cat","embeddable":true,"href":"https:\/\/www.hg-cooker.com\/de\/wp-json\/wp\/v2\/product_cat?post=6123"},{"taxonomy":"product_tag","embeddable":true,"href":"https:\/\/www.hg-cooker.com\/de\/wp-json\/wp\/v2\/product_tag?post=6123"}],"curies":[{"name":"wp","href":"https:\/\/api.w.org\/{rel}","templated":true}]}}