{"id":6100,"date":"2025-08-27T06:51:20","date_gmt":"2025-08-27T06:51:20","guid":{"rendered":"https:\/\/www.hg-cooker.com\/?post_type=product&#038;p=6100"},"modified":"2025-09-13T02:33:01","modified_gmt":"2025-09-13T02:33:01","slug":"wholesale-stainless-steel-snow-pans","status":"publish","type":"product","link":"https:\/\/www.hg-cooker.com\/de\/produkt\/wholesale-stainless-steel-snow-pans\/","title":{"rendered":"Gro\u00dfhandel Edelstahl Schnee Pfannen mit h\u00f6lzernen Griff &amp; Glasdeckel"},"content":{"rendered":"<figure class=\"wp-block-image size-full\"><img fetchpriority=\"high\" decoding=\"async\" width=\"1752\" height=\"476\" src=\"https:\/\/www.hg-cooker.com\/wp-content\/uploads\/2025\/08\/parameters-of-snow-pan.webp\" alt=\"Parameter der Schneeschale\" class=\"wp-image-6192\" srcset=\"https:\/\/www.hg-cooker.com\/wp-content\/uploads\/2025\/08\/parameters-of-snow-pan.webp 1752w, https:\/\/www.hg-cooker.com\/wp-content\/uploads\/2025\/08\/parameters-of-snow-pan-300x82.webp 300w, https:\/\/www.hg-cooker.com\/wp-content\/uploads\/2025\/08\/parameters-of-snow-pan-768x209.webp 768w, https:\/\/www.hg-cooker.com\/wp-content\/uploads\/2025\/08\/parameters-of-snow-pan-18x5.webp 18w, https:\/\/www.hg-cooker.com\/wp-content\/uploads\/2025\/08\/parameters-of-snow-pan-285x77.webp 285w, https:\/\/www.hg-cooker.com\/wp-content\/uploads\/2025\/08\/parameters-of-snow-pan-1600x435.webp 1600w, https:\/\/www.hg-cooker.com\/wp-content\/uploads\/2025\/08\/parameters-of-snow-pan-660x179.webp 660w, https:\/\/www.hg-cooker.com\/wp-content\/uploads\/2025\/08\/parameters-of-snow-pan-150x41.webp 150w\" sizes=\"(max-width: 1752px) 100vw, 1752px\" \/><\/figure>","protected":false},"excerpt":{"rendered":"<p>Gro\u00dfhandel Edelstahl Schneekanonen. Dies ist eine sch\u00f6n konstruierte, geh\u00e4mmerte Edelstahl-Schneepfanne, mit gleichm\u00e4\u00dfiger W\u00e4rmeverteilung und einem warmen Holzgriff f\u00fcr einen bequemen Griff. Kommt mit einem transparenten Glasdeckel f\u00fcr einfache Sichtbarkeit und eignet sich f\u00fcr Suppen, Breie, flaches Braten und allgemeine Kochen. Wir unterst\u00fctzen OEM\/ODM-Dienstleistungen, Gro\u00dfbestellungen sind willkommen.<\/p>\n<p><!-- wp:heading --><\/p>\n<h2 class=\"wp-block-heading\">Eigenschaften der geh\u00e4mmerten Schneeschale aus Edelstahl<\/h2>\n<ul>\n<li><strong>Geh\u00e4mmertes Design:<\/strong> Die Pfanne hat ein robustes, geh\u00e4mmertes Design. Dieses Design ist nicht nur \u00e4sthetisch ansprechend, sondern vergr\u00f6\u00dfert auch die W\u00e4rmeverteilungsfl\u00e4che und sorgt f\u00fcr eine gleichm\u00e4\u00dfigere Erw\u00e4rmung.<\/li>\n<li><strong>Griffe aus Holz:<\/strong> Die Gro\u00dfhandels-Schneepfannen sind mit Holzgriffen ausgestattet, die f\u00fcr eine hervorragende W\u00e4rmeisolierung sorgen, so dass keine Ofenhandschuhe oder Lappen erforderlich sind, die Pfanne bequem in der Hand liegt und Verbrennungen vermieden werden.<\/li>\n<li><strong>Einzigartige \u00c4sthetik:<\/strong> Die nat\u00fcrliche Maserung und Farbe des Holzes verleihen den Pfannen eine einzigartige, bodenst\u00e4ndige \u00c4sthetik. Es erg\u00e4nzt die moderne Textur von Edelstahl und verleiht jeder K\u00fcche einen warmen und luxuri\u00f6sen Touch.<\/li>\n<li><strong>Einfach einschenken:<\/strong> Die Schneeschalen f\u00fcr den Gro\u00dfhandel sind mit einem praktischen Ausgie\u00dfer versehen, der das Ausgie\u00dfen von Suppen, Nudeln und mehr erleichtert, ohne dass etwas versch\u00fcttet wird.<\/li>\n<li><strong>Vielseitigkeit:<\/strong> Die Schneepfanne ist unglaublich vielseitig und eignet sich f\u00fcr nahezu jede Kochaufgabe. Sie eignet sich besonders gut zum Kochen, Schmoren, Blanchieren, Braten und Zubereiten von So\u00dfen.<\/li>\n<\/ul>\n<p><!-- \/wp:paragraph --><\/p>","protected":false},"featured_media":6167,"comment_status":"closed","ping_status":"closed","template":"","meta":[],"product_brand":[],"product_cat":[52],"product_tag":[],"class_list":{"0":"post-6100","1":"product","2":"type-product","3":"status-publish","4":"has-post-thumbnail","6":"product_cat-stainless-steel-cookware","8":"first","9":"instock","10":"shipping-taxable","11":"product-type-simple"},"_links":{"self":[{"href":"https:\/\/www.hg-cooker.com\/de\/wp-json\/wp\/v2\/product\/6100","targetHints":{"allow":["GET"]}}],"collection":[{"href":"https:\/\/www.hg-cooker.com\/de\/wp-json\/wp\/v2\/product"}],"about":[{"href":"https:\/\/www.hg-cooker.com\/de\/wp-json\/wp\/v2\/types\/product"}],"replies":[{"embeddable":true,"href":"https:\/\/www.hg-cooker.com\/de\/wp-json\/wp\/v2\/comments?post=6100"}],"wp:featuredmedia":[{"embeddable":true,"href":"https:\/\/www.hg-cooker.com\/de\/wp-json\/wp\/v2\/media\/6167"}],"wp:attachment":[{"href":"https:\/\/www.hg-cooker.com\/de\/wp-json\/wp\/v2\/media?parent=6100"}],"wp:term":[{"taxonomy":"product_brand","embeddable":true,"href":"https:\/\/www.hg-cooker.com\/de\/wp-json\/wp\/v2\/product_brand?post=6100"},{"taxonomy":"product_cat","embeddable":true,"href":"https:\/\/www.hg-cooker.com\/de\/wp-json\/wp\/v2\/product_cat?post=6100"},{"taxonomy":"product_tag","embeddable":true,"href":"https:\/\/www.hg-cooker.com\/de\/wp-json\/wp\/v2\/product_tag?post=6100"}],"curies":[{"name":"wp","href":"https:\/\/api.w.org\/{rel}","templated":true}]}}