{"id":6095,"date":"2025-08-30T06:01:52","date_gmt":"2025-08-30T06:01:52","guid":{"rendered":"https:\/\/www.hg-cooker.com\/?post_type=product&#038;p=6095"},"modified":"2025-09-13T02:28:02","modified_gmt":"2025-09-13T02:28:02","slug":"wholesale-hammered-stainless-steel-milk-pots","status":"publish","type":"product","link":"https:\/\/www.hg-cooker.com\/de\/produkt\/wholesale-hammered-stainless-steel-milk-pots\/","title":{"rendered":"Gro\u00dfhandel geh\u00e4mmert Edelstahl Milch T\u00f6pfe - zwei Griff Stile verf\u00fcgbar"},"content":{"rendered":"<div class=\"wp-block-columns is-layout-flex wp-container-core-columns-is-layout-9d6595d7 wp-block-columns-is-layout-flex\">\n<div class=\"wp-block-column is-layout-flow wp-block-column-is-layout-flow\">\n<figure class=\"wp-block-image size-full\"><img fetchpriority=\"high\" decoding=\"async\" width=\"2240\" height=\"2240\" src=\"https:\/\/www.hg-cooker.com\/wp-content\/uploads\/2025\/08\/wholesale-hammered-texture-milk-pots.webp\" alt=\"Gro\u00dfhandel geh\u00e4mmert Textur Milchkannen\" class=\"wp-image-6099\" srcset=\"https:\/\/www.hg-cooker.com\/wp-content\/uploads\/2025\/08\/wholesale-hammered-texture-milk-pots.webp 2240w, https:\/\/www.hg-cooker.com\/wp-content\/uploads\/2025\/08\/wholesale-hammered-texture-milk-pots-300x300.webp 300w, https:\/\/www.hg-cooker.com\/wp-content\/uploads\/2025\/08\/wholesale-hammered-texture-milk-pots-150x150.webp 150w, https:\/\/www.hg-cooker.com\/wp-content\/uploads\/2025\/08\/wholesale-hammered-texture-milk-pots-768x768.webp 768w, https:\/\/www.hg-cooker.com\/wp-content\/uploads\/2025\/08\/wholesale-hammered-texture-milk-pots-12x12.webp 12w, https:\/\/www.hg-cooker.com\/wp-content\/uploads\/2025\/08\/wholesale-hammered-texture-milk-pots-285x285.webp 285w, https:\/\/www.hg-cooker.com\/wp-content\/uploads\/2025\/08\/wholesale-hammered-texture-milk-pots-1600x1600.webp 1600w, https:\/\/www.hg-cooker.com\/wp-content\/uploads\/2025\/08\/wholesale-hammered-texture-milk-pots-270x270.webp 270w, https:\/\/www.hg-cooker.com\/wp-content\/uploads\/2025\/08\/wholesale-hammered-texture-milk-pots-540x540.webp 540w, https:\/\/www.hg-cooker.com\/wp-content\/uploads\/2025\/08\/wholesale-hammered-texture-milk-pots-660x660.webp 660w\" sizes=\"(max-width: 2240px) 100vw, 2240px\" \/><\/figure>\n<\/div>\n\n\n\n<div class=\"wp-block-column is-layout-flow wp-block-column-is-layout-flow\">\n<figure class=\"wp-block-image size-full\"><img decoding=\"async\" width=\"2337\" height=\"2337\" src=\"https:\/\/www.hg-cooker.com\/wp-content\/uploads\/2025\/08\/wholesale-hammered-texture-milk-pots-3.webp\" alt=\"Gro\u00dfhandel geh\u00e4mmert Textur Milchk\u00e4nnchen (3)\" class=\"wp-image-6097\" srcset=\"https:\/\/www.hg-cooker.com\/wp-content\/uploads\/2025\/08\/wholesale-hammered-texture-milk-pots-3.webp 2337w, https:\/\/www.hg-cooker.com\/wp-content\/uploads\/2025\/08\/wholesale-hammered-texture-milk-pots-3-300x300.webp 300w, https:\/\/www.hg-cooker.com\/wp-content\/uploads\/2025\/08\/wholesale-hammered-texture-milk-pots-3-150x150.webp 150w, https:\/\/www.hg-cooker.com\/wp-content\/uploads\/2025\/08\/wholesale-hammered-texture-milk-pots-3-768x768.webp 768w, https:\/\/www.hg-cooker.com\/wp-content\/uploads\/2025\/08\/wholesale-hammered-texture-milk-pots-3-12x12.webp 12w, https:\/\/www.hg-cooker.com\/wp-content\/uploads\/2025\/08\/wholesale-hammered-texture-milk-pots-3-285x285.webp 285w, https:\/\/www.hg-cooker.com\/wp-content\/uploads\/2025\/08\/wholesale-hammered-texture-milk-pots-3-1600x1600.webp 1600w, https:\/\/www.hg-cooker.com\/wp-content\/uploads\/2025\/08\/wholesale-hammered-texture-milk-pots-3-270x270.webp 270w, https:\/\/www.hg-cooker.com\/wp-content\/uploads\/2025\/08\/wholesale-hammered-texture-milk-pots-3-540x540.webp 540w, https:\/\/www.hg-cooker.com\/wp-content\/uploads\/2025\/08\/wholesale-hammered-texture-milk-pots-3-660x660.webp 660w\" sizes=\"(max-width: 2337px) 100vw, 2337px\" \/><\/figure>\n<\/div>\n<\/div>","protected":false},"excerpt":{"rendered":"<p>Gro\u00dfhandel geh\u00e4mmert Edelstahl Milchkannen. Dieser geh\u00e4mmerte Milchtopf verbindet perfekt traditionelle Handwerkskunst mit moderner \u00c4sthetik. Er kann zum Erw\u00e4rmen von Milch, zum Kochen von Nudeln oder zum Erhitzen von Suppe verwendet werden und ist damit eine ideale Wahl f\u00fcr den privaten und gewerblichen Gebrauch. Als professioneller Kochgeschirrhersteller bieten wir wettbewerbsf\u00e4hige Gro\u00dfhandelspreise und stabile Lieferkan\u00e4le. Wir begr\u00fc\u00dfen Gro\u00dfeink\u00e4ufe.<\/p>\n<p><!-- wp:heading --><\/p>\n<h2 class=\"wp-block-heading\">Merkmale der Edelstahl-Milchkanne<\/h2>\n<ul>\n<li><strong>Hochwertiger Edelstahl 304 in Lebensmittelqualit\u00e4t: <\/strong>Gratfreie, glatte Oberfl\u00e4che, sicher f\u00fcr den Kontakt mit Lebensmitteln. Geruchsfrei und korrosionsbest\u00e4ndig, ideal f\u00fcr Milch, Brei und s\u00e4urehaltige Lebensmittel. Die hochgl\u00e4nzende Oberfl\u00e4che erh\u00f6ht die Fleckenbest\u00e4ndigkeit, und die Reinigung ist schnell und m\u00fchelos.<\/li>\n<li><strong>Elegante geh\u00e4mmerte Textur: <\/strong>Die raffinierte, geh\u00e4mmerte Textur verleiht dem silbernen Edelstahlk\u00f6rper Raffinesse und Tiefe und verhindert den Glanz von traditionellem Kochgeschirr. Die mikrogepr\u00e4gte Oberfl\u00e4che minimiert das Anhaften und verhindert eine punktuelle \u00dcberhitzung.<\/li>\n<li><strong>Ergonomischer, genieteter Griff: <\/strong>Der lange Edelstahlgriff mit nat\u00fcrlicher Biegung liegt gut in der Hand. Die doppelte Nietenkonstruktion bietet St\u00e4rke und Stabilit\u00e4t f\u00fcr sicheres Ausgie\u00dfen und Anheben.<\/li>\n<li><strong>Verl\u00e4ngerter Handgriff:<\/strong> Der verl\u00e4ngerte Griff ist mit robusten Nieten sicher am Topf befestigt und sorgt f\u00fcr Stabilit\u00e4t. Am Ende des Griffs befindet sich ein Loch zum Aufh\u00e4ngen, das eine bequeme Aufbewahrung erm\u00f6glicht.<\/li>\n<li><strong>Vielseitig:<\/strong> Dank seines kompakten und praktischen Designs eignet er sich nicht nur zum Milchkochen. Er eignet sich auch perfekt f\u00fcr die t\u00e4gliche Zubereitung kleiner Portionen wie Nudeln, Kn\u00f6del, Eier und Haferflocken.<\/li>\n<\/ul>\n<p><!-- \/wp:paragraph --><\/p>","protected":false},"featured_media":6099,"comment_status":"closed","ping_status":"closed","template":"","meta":[],"product_brand":[],"product_cat":[52],"product_tag":[],"class_list":{"0":"post-6095","1":"product","2":"type-product","3":"status-publish","4":"has-post-thumbnail","6":"product_cat-stainless-steel-cookware","8":"first","9":"instock","10":"shipping-taxable","11":"product-type-simple"},"_links":{"self":[{"href":"https:\/\/www.hg-cooker.com\/de\/wp-json\/wp\/v2\/product\/6095","targetHints":{"allow":["GET"]}}],"collection":[{"href":"https:\/\/www.hg-cooker.com\/de\/wp-json\/wp\/v2\/product"}],"about":[{"href":"https:\/\/www.hg-cooker.com\/de\/wp-json\/wp\/v2\/types\/product"}],"replies":[{"embeddable":true,"href":"https:\/\/www.hg-cooker.com\/de\/wp-json\/wp\/v2\/comments?post=6095"}],"wp:featuredmedia":[{"embeddable":true,"href":"https:\/\/www.hg-cooker.com\/de\/wp-json\/wp\/v2\/media\/6099"}],"wp:attachment":[{"href":"https:\/\/www.hg-cooker.com\/de\/wp-json\/wp\/v2\/media?parent=6095"}],"wp:term":[{"taxonomy":"product_brand","embeddable":true,"href":"https:\/\/www.hg-cooker.com\/de\/wp-json\/wp\/v2\/product_brand?post=6095"},{"taxonomy":"product_cat","embeddable":true,"href":"https:\/\/www.hg-cooker.com\/de\/wp-json\/wp\/v2\/product_cat?post=6095"},{"taxonomy":"product_tag","embeddable":true,"href":"https:\/\/www.hg-cooker.com\/de\/wp-json\/wp\/v2\/product_tag?post=6095"}],"curies":[{"name":"wp","href":"https:\/\/api.w.org\/{rel}","templated":true}]}}