{"id":6079,"date":"2025-08-16T03:22:32","date_gmt":"2025-08-15T03:58:40","guid":{"rendered":"https:\/\/www.hg-cooker.com\/?post_type=product&#038;p=6079"},"modified":"2025-08-16T03:51:09","modified_gmt":"2025-08-16T03:51:09","slug":"wholesale-stainless-steel-milk-pot-with-glass-lid","status":"publish","type":"product","link":"https:\/\/www.hg-cooker.com\/de\/produkt\/wholesale-stainless-steel-milk-pot-with-glass-lid\/","title":{"rendered":"Gro\u00dfhandel Edelstahl Milcht\u00f6pfe mit Glasdeckel - zwei Gr\u00f6\u00dfen verf\u00fcgbar"},"content":{"rendered":"<figure class=\"wp-block-image size-full\"><img fetchpriority=\"high\" decoding=\"async\" width=\"1920\" height=\"697\" src=\"https:\/\/www.hg-cooker.com\/wp-content\/uploads\/2025\/08\/parameters-of-stainless-steel-milk-pot-1.webp\" alt=\"Parameter des Milchk\u00e4nnchens aus rostfreiem Stahl\" class=\"wp-image-6175\" srcset=\"https:\/\/www.hg-cooker.com\/wp-content\/uploads\/2025\/08\/parameters-of-stainless-steel-milk-pot-1.webp 1920w, https:\/\/www.hg-cooker.com\/wp-content\/uploads\/2025\/08\/parameters-of-stainless-steel-milk-pot-1-300x109.webp 300w, https:\/\/www.hg-cooker.com\/wp-content\/uploads\/2025\/08\/parameters-of-stainless-steel-milk-pot-1-768x279.webp 768w, https:\/\/www.hg-cooker.com\/wp-content\/uploads\/2025\/08\/parameters-of-stainless-steel-milk-pot-1-18x7.webp 18w, https:\/\/www.hg-cooker.com\/wp-content\/uploads\/2025\/08\/parameters-of-stainless-steel-milk-pot-1-285x103.webp 285w, https:\/\/www.hg-cooker.com\/wp-content\/uploads\/2025\/08\/parameters-of-stainless-steel-milk-pot-1-1600x581.webp 1600w, https:\/\/www.hg-cooker.com\/wp-content\/uploads\/2025\/08\/parameters-of-stainless-steel-milk-pot-1-660x240.webp 660w, https:\/\/www.hg-cooker.com\/wp-content\/uploads\/2025\/08\/parameters-of-stainless-steel-milk-pot-1-150x54.webp 150w\" sizes=\"(max-width: 1920px) 100vw, 1920px\" \/><\/figure>","protected":false},"excerpt":{"rendered":"<p>Gro\u00dfhandel Edelstahl Milchkannen. Dieser Topf aus hochwertigem, poliertem 304er-Edelstahl ist leicht zu reinigen, langlebig und sicher. Ausgestattet mit einem transparenten Glas, erm\u00f6glicht es Ihnen, den Kochprozess leicht zu \u00fcberwachen, so dass es ideal f\u00fcr die Erw\u00e4rmung von Milch, Brei und andere Lebensmittel. Wir bieten OEM\/ODM-Dienstleistungen und freuen uns \u00fcber Gro\u00dfeink\u00e4ufe.<\/p>\n<p><!-- wp:heading --><\/p>\n<h2 class=\"wp-block-heading\">Merkmale der Edelstahl-Milchkanne<\/h2>\n<ul>\n<li><strong>Hochwertiger 304-Edelstahl:<\/strong> Er besteht aus lebensmittelechtem Edelstahl 304, ist korrosionsbest\u00e4ndig, verschlei\u00dffest, leicht zu reinigen und rostfrei und damit ideal f\u00fcr die t\u00e4gliche K\u00fcche.<\/li>\n<li><strong>Ergonomischer Handgriff:<\/strong> Der gebogene Griff ist ergonomisch geformt und liegt angenehm in der Hand. Der Griff ist fest mit dem Topfk\u00f6rper verbunden, was eine stabile Struktur und einfaches Anheben und Ausgie\u00dfen gew\u00e4hrleistet.<\/li>\n<li><strong>Vielseitig:<\/strong> Dieser kleine Topf eignet sich f\u00fcr eine Vielzahl von Anwendungen, z. B. zum Erhitzen von Milch, zum Erw\u00e4rmen von Babynahrung, zum Schmelzen von Butter, zum Schmelzen von Schokolade und vielem mehr.<\/li>\n<li><strong>Leicht zu reinigen:<\/strong> Die glatte Edelstahloberfl\u00e4che ist fleckenunempfindlich und sehr leicht zu reinigen.<\/li>\n<li><strong>Gro\u00dfhandel Kochgeschirr Service:<\/strong> Hengguang Kochgeschirr Hersteller bietet Gro\u00dfhandel Kochgeschirr Service, bietet eine Vielzahl von Stilen und Fabrik Kostenvoranschl\u00e4ge.<\/li>\n<\/ul>\n<p><!-- \/wp:paragraph --><\/p>","protected":false},"featured_media":6081,"comment_status":"closed","ping_status":"closed","template":"","meta":[],"product_brand":[],"product_cat":[52],"product_tag":[],"class_list":{"0":"post-6079","1":"product","2":"type-product","3":"status-publish","4":"has-post-thumbnail","6":"product_cat-stainless-steel-cookware","8":"first","9":"instock","10":"shipping-taxable","11":"product-type-simple"},"_links":{"self":[{"href":"https:\/\/www.hg-cooker.com\/de\/wp-json\/wp\/v2\/product\/6079","targetHints":{"allow":["GET"]}}],"collection":[{"href":"https:\/\/www.hg-cooker.com\/de\/wp-json\/wp\/v2\/product"}],"about":[{"href":"https:\/\/www.hg-cooker.com\/de\/wp-json\/wp\/v2\/types\/product"}],"replies":[{"embeddable":true,"href":"https:\/\/www.hg-cooker.com\/de\/wp-json\/wp\/v2\/comments?post=6079"}],"wp:featuredmedia":[{"embeddable":true,"href":"https:\/\/www.hg-cooker.com\/de\/wp-json\/wp\/v2\/media\/6081"}],"wp:attachment":[{"href":"https:\/\/www.hg-cooker.com\/de\/wp-json\/wp\/v2\/media?parent=6079"}],"wp:term":[{"taxonomy":"product_brand","embeddable":true,"href":"https:\/\/www.hg-cooker.com\/de\/wp-json\/wp\/v2\/product_brand?post=6079"},{"taxonomy":"product_cat","embeddable":true,"href":"https:\/\/www.hg-cooker.com\/de\/wp-json\/wp\/v2\/product_cat?post=6079"},{"taxonomy":"product_tag","embeddable":true,"href":"https:\/\/www.hg-cooker.com\/de\/wp-json\/wp\/v2\/product_tag?post=6079"}],"curies":[{"name":"wp","href":"https:\/\/api.w.org\/{rel}","templated":true}]}}