{"id":6031,"date":"2025-08-25T02:04:48","date_gmt":"2025-08-25T02:04:48","guid":{"rendered":"https:\/\/www.hg-cooker.com\/?post_type=product&#038;p=6031"},"modified":"2025-09-13T02:43:18","modified_gmt":"2025-09-13T02:43:18","slug":"wholesale-stainless-steel-frying-pans","status":"publish","type":"product","link":"https:\/\/www.hg-cooker.com\/de\/produkt\/wholesale-stainless-steel-frying-pans\/","title":{"rendered":"Gro\u00dfhandel Edelstahl Bratpfanne mit Glasdeckel - Polierte Oberfl\u00e4che &amp; Ergonomischer Griff"},"content":{"rendered":"<figure class=\"wp-block-image size-full\"><img fetchpriority=\"high\" decoding=\"async\" width=\"1752\" height=\"498\" src=\"https:\/\/www.hg-cooker.com\/wp-content\/uploads\/2025\/08\/parameters-of-stainless-steel-frying-pan.webp\" alt=\"Parameter einer Bratpfanne aus rostfreiem Stahl\" class=\"wp-image-6179\" srcset=\"https:\/\/www.hg-cooker.com\/wp-content\/uploads\/2025\/08\/parameters-of-stainless-steel-frying-pan.webp 1752w, https:\/\/www.hg-cooker.com\/wp-content\/uploads\/2025\/08\/parameters-of-stainless-steel-frying-pan-300x85.webp 300w, https:\/\/www.hg-cooker.com\/wp-content\/uploads\/2025\/08\/parameters-of-stainless-steel-frying-pan-768x218.webp 768w, https:\/\/www.hg-cooker.com\/wp-content\/uploads\/2025\/08\/parameters-of-stainless-steel-frying-pan-18x5.webp 18w, https:\/\/www.hg-cooker.com\/wp-content\/uploads\/2025\/08\/parameters-of-stainless-steel-frying-pan-285x81.webp 285w, https:\/\/www.hg-cooker.com\/wp-content\/uploads\/2025\/08\/parameters-of-stainless-steel-frying-pan-1600x455.webp 1600w, https:\/\/www.hg-cooker.com\/wp-content\/uploads\/2025\/08\/parameters-of-stainless-steel-frying-pan-660x188.webp 660w, https:\/\/www.hg-cooker.com\/wp-content\/uploads\/2025\/08\/parameters-of-stainless-steel-frying-pan-150x43.webp 150w\" sizes=\"(max-width: 1752px) 100vw, 1752px\" \/><\/figure>","protected":false},"excerpt":{"rendered":"<p>Bratpfannen aus Edelstahl im Gro\u00dfhandel. Sie verf\u00fcgen \u00fcber einen Klarglasdeckel und einen ergonomischen Griff. Sie bestehen aus lebensmittelechtem Edelstahl 304 mit polierter Oberfl\u00e4che, sind langlebig, rostfrei und leicht zu reinigen. Sie eignen sich perfekt zum Grillen, Braten und f\u00fcr die t\u00e4gliche K\u00fcche. Wir bieten OEM\/ODM-Dienstleistungen und freuen uns \u00fcber Gro\u00dfeink\u00e4ufe.<\/p>\n<p><!-- wp:heading --><\/p>\n<h2 class=\"wp-block-heading\">Eigenschaften der Bratpfanne aus Edelstahl<\/h2>\n<ul>\n<li><strong>Langlebig:<\/strong> Die Gro\u00dfhandelspfannen sind aus hochwertigem Edelstahl gefertigt, der sehr korrosions-, verschlei\u00df- und oxidationsbest\u00e4ndig ist und eine au\u00dfergew\u00f6hnlich lange Lebensdauer hat.<\/li>\n<li><strong>Sicher und gesund:<\/strong> Lebensmittelgeeigneter Edelstahl ist ein anerkanntes, gesundes Material, das eine sichere Wahl f\u00fcr Familien darstellt, die gesund kochen wollen.<\/li>\n<li><strong>Leicht zu reinigen:<\/strong> Die Bratpfannen f\u00fcr den Gro\u00dfhandel haben eine sorgf\u00e4ltig polierte, glatte, porenfreie Oberfl\u00e4che, die undurchl\u00e4ssig f\u00fcr Fett und Speisereste ist, und sind sp\u00fclmaschinengeeignet.<\/li>\n<li><strong>Transparenter Glasdeckel:<\/strong> Der transparente Glasdeckel erm\u00f6glicht es dem Benutzer, den Kochvorgang zu kontrollieren, ohne den Deckel h\u00e4ufig abnehmen zu m\u00fcssen.<\/li>\n<li><strong>Komfortable und sichere verbr\u00fchungssichere Griffe:<\/strong> Die Gro\u00dfhandelspfannen verf\u00fcgen \u00fcber ergonomisch geformte Griffe mit einer sanften Kurve f\u00fcr einen bequemen Griff.<\/li>\n<\/ul>\n<p><!-- \/wp:paragraph --><\/p>","protected":false},"featured_media":6068,"comment_status":"closed","ping_status":"closed","template":"","meta":[],"product_brand":[],"product_cat":[52],"product_tag":[],"class_list":{"0":"post-6031","1":"product","2":"type-product","3":"status-publish","4":"has-post-thumbnail","6":"product_cat-stainless-steel-cookware","8":"first","9":"instock","10":"shipping-taxable","11":"product-type-simple"},"_links":{"self":[{"href":"https:\/\/www.hg-cooker.com\/de\/wp-json\/wp\/v2\/product\/6031","targetHints":{"allow":["GET"]}}],"collection":[{"href":"https:\/\/www.hg-cooker.com\/de\/wp-json\/wp\/v2\/product"}],"about":[{"href":"https:\/\/www.hg-cooker.com\/de\/wp-json\/wp\/v2\/types\/product"}],"replies":[{"embeddable":true,"href":"https:\/\/www.hg-cooker.com\/de\/wp-json\/wp\/v2\/comments?post=6031"}],"wp:featuredmedia":[{"embeddable":true,"href":"https:\/\/www.hg-cooker.com\/de\/wp-json\/wp\/v2\/media\/6068"}],"wp:attachment":[{"href":"https:\/\/www.hg-cooker.com\/de\/wp-json\/wp\/v2\/media?parent=6031"}],"wp:term":[{"taxonomy":"product_brand","embeddable":true,"href":"https:\/\/www.hg-cooker.com\/de\/wp-json\/wp\/v2\/product_brand?post=6031"},{"taxonomy":"product_cat","embeddable":true,"href":"https:\/\/www.hg-cooker.com\/de\/wp-json\/wp\/v2\/product_cat?post=6031"},{"taxonomy":"product_tag","embeddable":true,"href":"https:\/\/www.hg-cooker.com\/de\/wp-json\/wp\/v2\/product_tag?post=6031"}],"curies":[{"name":"wp","href":"https:\/\/api.w.org\/{rel}","templated":true}]}}