{"id":5985,"date":"2025-08-15T09:10:06","date_gmt":"2025-08-14T06:23:16","guid":{"rendered":"https:\/\/www.hg-cooker.com\/?post_type=product&#038;p=5985"},"modified":"2025-08-15T09:40:21","modified_gmt":"2025-08-15T09:40:21","slug":"wholesale-honeycomb-non-stick-woks","status":"publish","type":"product","link":"https:\/\/www.hg-cooker.com\/de\/produkt\/wholesale-honeycomb-non-stick-woks\/","title":{"rendered":"Gro\u00dfhandel Honeycomb Non-Stick Woks - mit Tri hitzebest\u00e4ndig Comfort Handle"},"content":{"rendered":"<figure class=\"wp-block-image size-full\"><img fetchpriority=\"high\" decoding=\"async\" width=\"1920\" height=\"682\" src=\"https:\/\/www.hg-cooker.com\/wp-content\/uploads\/2025\/08\/parameters-of-stainless-steel-non-stick-wok-1.webp\" alt=\"Parameter des Edelstahl-Antihaft-Woks\" class=\"wp-image-6129\" srcset=\"https:\/\/www.hg-cooker.com\/wp-content\/uploads\/2025\/08\/parameters-of-stainless-steel-non-stick-wok-1.webp 1920w, https:\/\/www.hg-cooker.com\/wp-content\/uploads\/2025\/08\/parameters-of-stainless-steel-non-stick-wok-1-300x107.webp 300w, https:\/\/www.hg-cooker.com\/wp-content\/uploads\/2025\/08\/parameters-of-stainless-steel-non-stick-wok-1-768x273.webp 768w, https:\/\/www.hg-cooker.com\/wp-content\/uploads\/2025\/08\/parameters-of-stainless-steel-non-stick-wok-1-18x6.webp 18w, https:\/\/www.hg-cooker.com\/wp-content\/uploads\/2025\/08\/parameters-of-stainless-steel-non-stick-wok-1-285x101.webp 285w, https:\/\/www.hg-cooker.com\/wp-content\/uploads\/2025\/08\/parameters-of-stainless-steel-non-stick-wok-1-1600x568.webp 1600w, https:\/\/www.hg-cooker.com\/wp-content\/uploads\/2025\/08\/parameters-of-stainless-steel-non-stick-wok-1-660x234.webp 660w, https:\/\/www.hg-cooker.com\/wp-content\/uploads\/2025\/08\/parameters-of-stainless-steel-non-stick-wok-1-150x53.webp 150w\" sizes=\"(max-width: 1920px) 100vw, 1920px\" \/><\/figure>","protected":false},"excerpt":{"rendered":"<p>Wholesale Honeycomb Non-Stick Stainless Steel Wok. This wok features a honeycomb non-stick surface for superior non-stick performance. It comes with an ergonomic, heat-resistant handle and a tempered glass lid. Its triply composite steel construction makes it perfect for various cooking styles on gas, induction, and other stovetops.<\/p>\n<p>As a cookware manufacturer, we offer factory quotes and welcome bulk purchases.<\/p>\n<p><!-- wp:heading --><\/p>\n<h2 class=\"wp-block-heading\">Eigenschaften des Honeycomb Antihaft-Woks<\/h2>\n<ul>\n<li><strong>Lebensmittelgeeignetes Material:<\/strong> Der antihaftbeschichtete Wok wurde strengen Tests unterzogen und von offizieller Seite zertifiziert, um sicherzustellen, dass beim Kochen bei hohen Temperaturen keine sch\u00e4dlichen Elemente in die Speisen gelangen.<\/li>\n<li><strong>Wabenf\u00f6rmige Antihaftbeschichtung:<\/strong> Die Wabenstruktur vergr\u00f6\u00dfert die Kochfl\u00e4che, reduziert den direkten Kontakt mit den Lebensmitteln, hat eine gute Antihaftwirkung und kann zum Braten, Wenden und Frittieren mit einer geringen Menge \u00d6l verwendet werden, wodurch die \u00d6laufnahme des K\u00f6rpers reduziert wird.<\/li>\n<li><strong>Sicherer und komfortabler Griff: <\/strong>Der silberne Metallgriff ist von rotem, rutschfestem Silikon umgeben, das f\u00fcr einen sicheren Halt sorgt und Erm\u00fcdungserscheinungen der H\u00e4nde bei der Zubereitung von Speisen \u00fcber einen l\u00e4ngeren Zeitraum verhindert. Der Griff ist sanft nach oben gew\u00f6lbt, um sich der nat\u00fcrlichen Form der Handfl\u00e4che anzupassen, und die doppelt vernietete Verbindung sorgt f\u00fcr eine felsenfeste Verbindung ohne Wackeln auf der Stra\u00dfe.<\/li>\n<li><strong>Kompatibel mit verschiedenen \u00d6fen:\u00a0 <\/strong>Der Boden besteht aus Verbundstahl und eignet sich f\u00fcr eine Vielzahl von Herden wie Induktionsherde, Gasherde, Elektroherde, Keramikherde usw. und kann eine schnelle W\u00e4rmeleitung und gleichm\u00e4\u00dfige W\u00e4rme\u00fcbertragung gew\u00e4hrleisten.<\/li>\n<\/ul>\n<p><!-- \/wp:paragraph --><\/p>","protected":false},"featured_media":6024,"comment_status":"closed","ping_status":"closed","template":"","meta":[],"product_brand":[],"product_cat":[68],"product_tag":[],"class_list":{"0":"post-5985","1":"product","2":"type-product","3":"status-publish","4":"has-post-thumbnail","6":"product_cat-wholesale-non-stick-cookware","8":"first","9":"instock","10":"shipping-taxable","11":"product-type-simple"},"_links":{"self":[{"href":"https:\/\/www.hg-cooker.com\/de\/wp-json\/wp\/v2\/product\/5985","targetHints":{"allow":["GET"]}}],"collection":[{"href":"https:\/\/www.hg-cooker.com\/de\/wp-json\/wp\/v2\/product"}],"about":[{"href":"https:\/\/www.hg-cooker.com\/de\/wp-json\/wp\/v2\/types\/product"}],"replies":[{"embeddable":true,"href":"https:\/\/www.hg-cooker.com\/de\/wp-json\/wp\/v2\/comments?post=5985"}],"wp:featuredmedia":[{"embeddable":true,"href":"https:\/\/www.hg-cooker.com\/de\/wp-json\/wp\/v2\/media\/6024"}],"wp:attachment":[{"href":"https:\/\/www.hg-cooker.com\/de\/wp-json\/wp\/v2\/media?parent=5985"}],"wp:term":[{"taxonomy":"product_brand","embeddable":true,"href":"https:\/\/www.hg-cooker.com\/de\/wp-json\/wp\/v2\/product_brand?post=5985"},{"taxonomy":"product_cat","embeddable":true,"href":"https:\/\/www.hg-cooker.com\/de\/wp-json\/wp\/v2\/product_cat?post=5985"},{"taxonomy":"product_tag","embeddable":true,"href":"https:\/\/www.hg-cooker.com\/de\/wp-json\/wp\/v2\/product_tag?post=5985"}],"curies":[{"name":"wp","href":"https:\/\/api.w.org\/{rel}","templated":true}]}}