{"id":5977,"date":"2025-08-16T03:51:43","date_gmt":"2025-08-14T03:39:59","guid":{"rendered":"https:\/\/www.hg-cooker.com\/?post_type=product&#038;p=5977"},"modified":"2025-08-16T04:19:25","modified_gmt":"2025-08-16T04:19:25","slug":"wholesale-stainless-steel-nonstick-frying-pans","status":"publish","type":"product","link":"https:\/\/www.hg-cooker.com\/de\/produkt\/wholesale-stainless-steel-nonstick-frying-pans\/","title":{"rendered":"Gro\u00dfhandel Edelstahl Honeycomb Antihaft Bratpfannen mit Drahtgriff und Glasabdeckung"},"content":{"rendered":"<figure class=\"wp-block-image size-full\"><img fetchpriority=\"high\" decoding=\"async\" width=\"5120\" height=\"1348\" src=\"https:\/\/www.hg-cooker.com\/wp-content\/uploads\/2025\/08\/parameters-of-non-stick-frying-pan-1.webp\" alt=\"Parameter einer antihaftbeschichteten Bratpfanne\" class=\"wp-image-6176\" srcset=\"https:\/\/www.hg-cooker.com\/wp-content\/uploads\/2025\/08\/parameters-of-non-stick-frying-pan-1.webp 5120w, https:\/\/www.hg-cooker.com\/wp-content\/uploads\/2025\/08\/parameters-of-non-stick-frying-pan-1-300x79.webp 300w, https:\/\/www.hg-cooker.com\/wp-content\/uploads\/2025\/08\/parameters-of-non-stick-frying-pan-1-768x202.webp 768w, https:\/\/www.hg-cooker.com\/wp-content\/uploads\/2025\/08\/parameters-of-non-stick-frying-pan-1-18x5.webp 18w, https:\/\/www.hg-cooker.com\/wp-content\/uploads\/2025\/08\/parameters-of-non-stick-frying-pan-1-285x75.webp 285w, https:\/\/www.hg-cooker.com\/wp-content\/uploads\/2025\/08\/parameters-of-non-stick-frying-pan-1-1600x421.webp 1600w, https:\/\/www.hg-cooker.com\/wp-content\/uploads\/2025\/08\/parameters-of-non-stick-frying-pan-1-660x174.webp 660w, https:\/\/www.hg-cooker.com\/wp-content\/uploads\/2025\/08\/parameters-of-non-stick-frying-pan-1-150x39.webp 150w\" sizes=\"(max-width: 5120px) 100vw, 5120px\" \/><figcaption class=\"wp-element-caption\">Parameter einer antihaftbeschichteten Bratpfanne<\/figcaption><\/figure>","protected":false},"excerpt":{"rendered":"<p>Gro\u00dfhandel Edelstahl Wabe Antihaft-Bratpfanne. Die innovative Wabentextur isoliert die Lebensmittel effektiv und erzielt echte physikalische Antihafteigenschaften. Sie ist verschlei\u00dffest und langlebig und kann mit einem Metallspatel verwendet werden. Der Kochgeschirrhersteller Hengguang bietet Fabrikpreise und OEM-Anpassung. Gro\u00dfeink\u00e4ufe sind willkommen.<\/p>\n<p><!-- wp:heading --><\/p>\n<h2 class=\"wp-block-heading\">Eigenschaften der Antihaft-Bratpfanne aus Edelstahl<\/h2>\n<ul>\n<li><strong>Hochwertiger, lebensmittelechter Edelstahl:<\/strong> Hergestellt aus hochwertigem Edelstahl 304, unsere Gro\u00dfhandel Antihaft-Bratpfannen erf\u00fcllen Lebensmittelkontakt Sicherheitsstandards, mit einer glatten Oberfl\u00e4che ohne Grate und abgerundeten Kanten, ist es stark und langlebig f\u00fcr den langfristigen Einsatz.<\/li>\n<li><strong>Wabenf\u00f6rmiges Design:<\/strong> Das sechseckige, wabenf\u00f6rmige Design reduziert den direkten Kontakt zwischen Lebensmitteln und T\u00f6pfen, verhindert das Ankleben am Topf und erleichtert das Herausnehmen aus dem Topf. Es eignet sich hervorragend zum Braten von Steaks, Pfannkuchen und Spiegeleiern.<\/li>\n<li><strong>Hohle Griffkonstruktion:<\/strong> Der Griff hat ein hohles Design, das stilvoll und leicht ist und dazu beitr\u00e4gt, die W\u00e4rme abzuleiten und die \u00dcberhitzung des Griffs zu reduzieren.<\/li>\n<li><strong>Hohe Lebensdauer:<\/strong> Die Wabenpfanne mit Antihaftbeschichtung aus dem Gro\u00dfhandel kombiniert die Haltbarkeit von Edelstahl mit dem Komfort der Antihaftbeschichtung. Der erh\u00f6hte Edelstahlteil sch\u00fctzt die Antihaftbeschichtung und macht diese Pfanne haltbarer als gew\u00f6hnliche Antihaftpfannen.<\/li>\n<\/ul>\n<p><!-- \/wp:paragraph --><\/p>","protected":false},"featured_media":6017,"comment_status":"closed","ping_status":"closed","template":"","meta":[],"product_brand":[],"product_cat":[68],"product_tag":[],"class_list":{"0":"post-5977","1":"product","2":"type-product","3":"status-publish","4":"has-post-thumbnail","6":"product_cat-wholesale-non-stick-cookware","8":"first","9":"instock","10":"shipping-taxable","11":"product-type-simple"},"_links":{"self":[{"href":"https:\/\/www.hg-cooker.com\/de\/wp-json\/wp\/v2\/product\/5977","targetHints":{"allow":["GET"]}}],"collection":[{"href":"https:\/\/www.hg-cooker.com\/de\/wp-json\/wp\/v2\/product"}],"about":[{"href":"https:\/\/www.hg-cooker.com\/de\/wp-json\/wp\/v2\/types\/product"}],"replies":[{"embeddable":true,"href":"https:\/\/www.hg-cooker.com\/de\/wp-json\/wp\/v2\/comments?post=5977"}],"wp:featuredmedia":[{"embeddable":true,"href":"https:\/\/www.hg-cooker.com\/de\/wp-json\/wp\/v2\/media\/6017"}],"wp:attachment":[{"href":"https:\/\/www.hg-cooker.com\/de\/wp-json\/wp\/v2\/media?parent=5977"}],"wp:term":[{"taxonomy":"product_brand","embeddable":true,"href":"https:\/\/www.hg-cooker.com\/de\/wp-json\/wp\/v2\/product_brand?post=5977"},{"taxonomy":"product_cat","embeddable":true,"href":"https:\/\/www.hg-cooker.com\/de\/wp-json\/wp\/v2\/product_cat?post=5977"},{"taxonomy":"product_tag","embeddable":true,"href":"https:\/\/www.hg-cooker.com\/de\/wp-json\/wp\/v2\/product_tag?post=5977"}],"curies":[{"name":"wp","href":"https:\/\/api.w.org\/{rel}","templated":true}]}}