{"id":5970,"date":"2025-08-15T09:51:52","date_gmt":"2025-08-14T03:00:07","guid":{"rendered":"https:\/\/www.hg-cooker.com\/?post_type=product&#038;p=5970"},"modified":"2025-08-15T10:14:38","modified_gmt":"2025-08-15T10:14:38","slug":"wholesale-stainless-steel-non-stick-milk-pots","status":"publish","type":"product","link":"https:\/\/www.hg-cooker.com\/de\/produkt\/wholesale-stainless-steel-non-stick-milk-pots\/","title":{"rendered":"Gro\u00dfhandel Edelstahl Antihaft-Milch T\u00f6pfe- mit langen Griff und Glasdeckel"},"content":{"rendered":"<figure class=\"wp-block-image size-full\"><img fetchpriority=\"high\" decoding=\"async\" width=\"1920\" height=\"631\" src=\"https:\/\/www.hg-cooker.com\/wp-content\/uploads\/2025\/08\/parameters-of-non-stick-milk-pot.webp\" alt=\"Parameter der Milchkanne mit Antihaftbeschichtung\" class=\"wp-image-6140\" srcset=\"https:\/\/www.hg-cooker.com\/wp-content\/uploads\/2025\/08\/parameters-of-non-stick-milk-pot.webp 1920w, https:\/\/www.hg-cooker.com\/wp-content\/uploads\/2025\/08\/parameters-of-non-stick-milk-pot-300x99.webp 300w, https:\/\/www.hg-cooker.com\/wp-content\/uploads\/2025\/08\/parameters-of-non-stick-milk-pot-768x252.webp 768w, https:\/\/www.hg-cooker.com\/wp-content\/uploads\/2025\/08\/parameters-of-non-stick-milk-pot-18x6.webp 18w, https:\/\/www.hg-cooker.com\/wp-content\/uploads\/2025\/08\/parameters-of-non-stick-milk-pot-285x94.webp 285w, https:\/\/www.hg-cooker.com\/wp-content\/uploads\/2025\/08\/parameters-of-non-stick-milk-pot-1600x526.webp 1600w, https:\/\/www.hg-cooker.com\/wp-content\/uploads\/2025\/08\/parameters-of-non-stick-milk-pot-660x217.webp 660w, https:\/\/www.hg-cooker.com\/wp-content\/uploads\/2025\/08\/parameters-of-non-stick-milk-pot-150x49.webp 150w\" sizes=\"(max-width: 1920px) 100vw, 1920px\" \/><\/figure>","protected":false},"excerpt":{"rendered":"<p>Wholesale non-stick milk pan. This pan features a honeycomb surface design for excellent non-stick properties. Its three-layer stainless steel construction ensures durability, quick heat conduction, and even heating. It comes with a visible tempered glass lid for easy viewing while cooking. It&#8217;s perfect for boiling milk, simmering porridge, or preparing baby food.<\/p>\n<p>Als <a href=\"https:\/\/www.hg-cooker.com\/de\/produktkategorie\/kochgeschirr-aus-rostfreiem-stahl\/\" target=\"_blank\" rel=\"noopener\"><strong>Kochgeschirrhersteller<\/strong><\/a>Hengguang bietet Produkte in Fabrikqualit\u00e4t und unterst\u00fctzt OEM\/ODM-Dienstleistungen. Gro\u00dfeink\u00e4ufe sind willkommen.<\/p>\n<p><!-- wp:heading --><\/p>\n<h2 class=\"wp-block-heading\">Eigenschaften der Antihaft-Milchkanne<\/h2>\n<p><!-- \/wp:heading --> <!-- wp:paragraph --><\/p>\n<ul>\n<li><strong>Dreischichtiger Verbundstoffboden:<\/strong> Der dreifach verleimte Edelstahlboden ist mit einer Vielzahl von Kochfeldern, einschlie\u00dflich Induktions- und Gasherden, kompatibel und gew\u00e4hrleistet eine gleichm\u00e4\u00dfige Erw\u00e4rmung.<\/li>\n<li><strong>Wabentextur:<\/strong> Die sechseckige Wabenstruktur vergr\u00f6\u00dfert die Kontaktfl\u00e4che, verringert die direkte Reibung und verhindert das Festkleben, wodurch sie sich ideal zum Garen empfindlicher Speisen wie Eier und Pfannkuchen eignet. Dieses Design minimiert auch die R\u00fcckst\u00e4nde von Lebensmitteln und beschleunigt die Reinigung.<\/li>\n<li><strong>Ergonomischer langer Griff f\u00fcr Komfort und Sicherheit:<\/strong> Der verst\u00e4rkte, Y-f\u00f6rmige Edelstahlgriff ist fest mit dem Topf vernietet und liegt gut in der Hand, um einen sicheren Halt zu gew\u00e4hrleisten.<\/li>\n<li><strong>Bel\u00fcfteter Deckel aus geh\u00e4rtetem Glas:<\/strong> Der transparente Deckel aus geh\u00e4rtetem Glas erm\u00f6glicht einen einfachen Blick auf den Kochvorgang, ohne dass der Deckel ge\u00f6ffnet werden muss, und die feinen L\u00fcftungsschlitze sorgen f\u00fcr einen Druckausgleich, um ein \u00dcberlaufen zu verhindern.<\/li>\n<li><strong>Gro\u00dfhandel f\u00fcr Antihaft-Kochgeschirr Service:<\/strong> Hengguang bietet Gro\u00dfhandel mit antihaftbeschichtetem Kochgeschirr f\u00fcr B2B-K\u00e4ufer. Wir bieten eine Vielzahl von Stilen und Gr\u00f6\u00dfen, einschlie\u00dflich Milchpfannen und Woks. Bitte kontaktieren Sie uns f\u00fcr den Kauf.<\/li>\n<\/ul>\n<p><!-- \/wp:paragraph --><\/p>","protected":false},"featured_media":6011,"comment_status":"closed","ping_status":"closed","template":"","meta":[],"product_brand":[],"product_cat":[68],"product_tag":[],"class_list":{"0":"post-5970","1":"product","2":"type-product","3":"status-publish","4":"has-post-thumbnail","6":"product_cat-wholesale-non-stick-cookware","8":"first","9":"instock","10":"shipping-taxable","11":"product-type-simple"},"_links":{"self":[{"href":"https:\/\/www.hg-cooker.com\/de\/wp-json\/wp\/v2\/product\/5970","targetHints":{"allow":["GET"]}}],"collection":[{"href":"https:\/\/www.hg-cooker.com\/de\/wp-json\/wp\/v2\/product"}],"about":[{"href":"https:\/\/www.hg-cooker.com\/de\/wp-json\/wp\/v2\/types\/product"}],"replies":[{"embeddable":true,"href":"https:\/\/www.hg-cooker.com\/de\/wp-json\/wp\/v2\/comments?post=5970"}],"wp:featuredmedia":[{"embeddable":true,"href":"https:\/\/www.hg-cooker.com\/de\/wp-json\/wp\/v2\/media\/6011"}],"wp:attachment":[{"href":"https:\/\/www.hg-cooker.com\/de\/wp-json\/wp\/v2\/media?parent=5970"}],"wp:term":[{"taxonomy":"product_brand","embeddable":true,"href":"https:\/\/www.hg-cooker.com\/de\/wp-json\/wp\/v2\/product_brand?post=5970"},{"taxonomy":"product_cat","embeddable":true,"href":"https:\/\/www.hg-cooker.com\/de\/wp-json\/wp\/v2\/product_cat?post=5970"},{"taxonomy":"product_tag","embeddable":true,"href":"https:\/\/www.hg-cooker.com\/de\/wp-json\/wp\/v2\/product_tag?post=5970"}],"curies":[{"name":"wp","href":"https:\/\/api.w.org\/{rel}","templated":true}]}}