{"id":5961,"date":"2025-08-16T03:21:17","date_gmt":"2025-08-16T03:21:17","guid":{"rendered":"https:\/\/www.hg-cooker.com\/?post_type=product&#038;p=5961"},"modified":"2025-08-16T03:21:59","modified_gmt":"2025-08-16T03:21:59","slug":"wholesale-non-stick-frying-pans","status":"publish","type":"product","link":"https:\/\/www.hg-cooker.com\/de\/produkt\/wholesale-non-stick-frying-pans\/","title":{"rendered":"Gro\u00dfhandel Antihaft Bratpfannen - mit Composite Edelstahl Boden und ergonomischen Griff"},"content":{"rendered":"<figure class=\"wp-block-image size-full\"><img fetchpriority=\"high\" decoding=\"async\" width=\"1920\" height=\"586\" src=\"https:\/\/www.hg-cooker.com\/wp-content\/uploads\/2025\/08\/parameters-of-non-stick-frying-pan.webp\" alt=\"Parameter einer antihaftbeschichteten Bratpfanne\" class=\"wp-image-6174\" srcset=\"https:\/\/www.hg-cooker.com\/wp-content\/uploads\/2025\/08\/parameters-of-non-stick-frying-pan.webp 1920w, https:\/\/www.hg-cooker.com\/wp-content\/uploads\/2025\/08\/parameters-of-non-stick-frying-pan-300x92.webp 300w, https:\/\/www.hg-cooker.com\/wp-content\/uploads\/2025\/08\/parameters-of-non-stick-frying-pan-768x234.webp 768w, https:\/\/www.hg-cooker.com\/wp-content\/uploads\/2025\/08\/parameters-of-non-stick-frying-pan-18x5.webp 18w, https:\/\/www.hg-cooker.com\/wp-content\/uploads\/2025\/08\/parameters-of-non-stick-frying-pan-285x87.webp 285w, https:\/\/www.hg-cooker.com\/wp-content\/uploads\/2025\/08\/parameters-of-non-stick-frying-pan-1600x488.webp 1600w, https:\/\/www.hg-cooker.com\/wp-content\/uploads\/2025\/08\/parameters-of-non-stick-frying-pan-660x201.webp 660w, https:\/\/www.hg-cooker.com\/wp-content\/uploads\/2025\/08\/parameters-of-non-stick-frying-pan-150x46.webp 150w\" sizes=\"(max-width: 1920px) 100vw, 1920px\" \/><\/figure>","protected":false},"excerpt":{"rendered":"<p>Gro\u00dfhandel Antihaft-Bratpfanne. Diese hochwertige Bratpfanne aus rostfreiem Edelstahl 304 verf\u00fcgt \u00fcber ein wabenf\u00f6rmiges Antihaft-Design f\u00fcr hervorragende Antihaft-Eigenschaften und einen Deckel aus geh\u00e4rtetem Glas f\u00fcr eine einfache \u00dcberwachung w\u00e4hrend des Kochens. Sie heizt gleichm\u00e4\u00dfig auf, ist leicht zu reinigen und kann mit einer Vielzahl von W\u00e4rmequellen verwendet werden. Sie eignet sich perfekt zum Braten, Anbraten und f\u00fcr andere Kochmethoden. Gro\u00dfbestellungen sind willkommen.<\/p>\n<p><!-- wp:heading --><\/p>\n<h2 class=\"wp-block-heading\">Eigenschaften der Antihaft-Bratpfanne<\/h2>\n<ul>\n<li><strong>F\u00fcnf Gr\u00f6\u00dfen zur Auswahl:<\/strong> Unsere Gro\u00dfhandelspfannen gibt es in f\u00fcnf verschiedenen Gr\u00f6\u00dfen: 22 cm, 24 cm, 26 cm, 28 cm und 30 cm, die f\u00fcr unterschiedliche Familien und Kochbed\u00fcrfnisse geeignet sind.<\/li>\n<li><strong>Wabenf\u00f6rmige Antihaftbeschichtung:<\/strong> Das Wabenmuster verbessert die Antihaftwirkung und sorgt f\u00fcr eine gleichm\u00e4\u00dfige W\u00e4rmeverteilung, wodurch ein Anhaften verhindert wird. Auch klebrige Speisen wie Omeletts und Pfannkuchen bleiben nicht so leicht kleben.<\/li>\n<li><strong>Ergonomischer Handgriff:<\/strong> Der Griff besteht aus einem silbernen Metallkern mit einer roten, rutschfesten Beschichtung, die Verbrennungen und Abrutschen verhindert und einen angenehmen Griff bietet.<\/li>\n<li><strong>Leicht zu reinigen, wartungsarm:<\/strong> Verhindert wirksam das Anhaften von Lebensmitteln und erm\u00f6glicht eine schnelle und einfache Reinigung durch einfaches Absp\u00fclen.<\/li>\n<li><strong>Boden aus dreilagigem Edelstahl:<\/strong> Unsere Antihaft-Bratpfannen f\u00fcr den Gro\u00dfhandel verf\u00fcgen \u00fcber einen Boden aus dreilagigem Edelstahl. Der Aluminium- oder Kupferkern im dreilagigen Edelstahlboden nimmt die Hitze schnell auf und verteilt sie gleichm\u00e4\u00dfig \u00fcber den Boden und die Seiten, wodurch hei\u00dfe Stellen beim Kochen effektiv vermieden werden.<\/li>\n<\/ul>\n<p><!-- \/wp:paragraph --><\/p>","protected":false},"featured_media":6005,"comment_status":"closed","ping_status":"closed","template":"","meta":[],"product_brand":[],"product_cat":[68],"product_tag":[],"class_list":{"0":"post-5961","1":"product","2":"type-product","3":"status-publish","4":"has-post-thumbnail","6":"product_cat-wholesale-non-stick-cookware","8":"first","9":"instock","10":"shipping-taxable","11":"product-type-simple"},"_links":{"self":[{"href":"https:\/\/www.hg-cooker.com\/de\/wp-json\/wp\/v2\/product\/5961","targetHints":{"allow":["GET"]}}],"collection":[{"href":"https:\/\/www.hg-cooker.com\/de\/wp-json\/wp\/v2\/product"}],"about":[{"href":"https:\/\/www.hg-cooker.com\/de\/wp-json\/wp\/v2\/types\/product"}],"replies":[{"embeddable":true,"href":"https:\/\/www.hg-cooker.com\/de\/wp-json\/wp\/v2\/comments?post=5961"}],"wp:featuredmedia":[{"embeddable":true,"href":"https:\/\/www.hg-cooker.com\/de\/wp-json\/wp\/v2\/media\/6005"}],"wp:attachment":[{"href":"https:\/\/www.hg-cooker.com\/de\/wp-json\/wp\/v2\/media?parent=5961"}],"wp:term":[{"taxonomy":"product_brand","embeddable":true,"href":"https:\/\/www.hg-cooker.com\/de\/wp-json\/wp\/v2\/product_brand?post=5961"},{"taxonomy":"product_cat","embeddable":true,"href":"https:\/\/www.hg-cooker.com\/de\/wp-json\/wp\/v2\/product_cat?post=5961"},{"taxonomy":"product_tag","embeddable":true,"href":"https:\/\/www.hg-cooker.com\/de\/wp-json\/wp\/v2\/product_tag?post=5961"}],"curies":[{"name":"wp","href":"https:\/\/api.w.org\/{rel}","templated":true}]}}