{"id":5722,"date":"2025-05-05T07:43:24","date_gmt":"2025-05-05T07:43:24","guid":{"rendered":"https:\/\/www.hg-cooker.com\/?post_type=product&#038;p=5722"},"modified":"2025-09-13T02:44:28","modified_gmt":"2025-09-13T02:44:28","slug":"milchkannchen-aus-edelstahl-im-groshandel-76","status":"publish","type":"product","link":"https:\/\/www.hg-cooker.com\/de\/produkt\/milchkannchen-aus-edelstahl-im-groshandel-76\/","title":{"rendered":"Gro\u00dfhandel 3-Teilige Antihaft-Kochgeschirr-Sets - langlebig und effizient"},"content":{"rendered":"<h3 class=\"wp-block-heading\">Parameter von 3-teiligen Antihaft-Kochgeschirr-Sets<\/h3>\n\n\n\n<figure class=\"wp-block-image size-full\"><img fetchpriority=\"high\" decoding=\"async\" width=\"2400\" height=\"800\" src=\"https:\/\/www.hg-cooker.com\/wp-content\/uploads\/2025\/08\/parameters-of-non-stick-cookware-set.webp\" alt=\"Parameter des Antihaft-Kochgeschirr-Sets\" class=\"wp-image-5723\" srcset=\"https:\/\/www.hg-cooker.com\/wp-content\/uploads\/2025\/08\/parameters-of-non-stick-cookware-set.webp 2400w, https:\/\/www.hg-cooker.com\/wp-content\/uploads\/2025\/08\/parameters-of-non-stick-cookware-set-150x50.webp 150w, https:\/\/www.hg-cooker.com\/wp-content\/uploads\/2025\/08\/parameters-of-non-stick-cookware-set-660x220.webp 660w, https:\/\/www.hg-cooker.com\/wp-content\/uploads\/2025\/08\/parameters-of-non-stick-cookware-set-300x100.webp 300w, https:\/\/www.hg-cooker.com\/wp-content\/uploads\/2025\/08\/parameters-of-non-stick-cookware-set-768x256.webp 768w, https:\/\/www.hg-cooker.com\/wp-content\/uploads\/2025\/08\/parameters-of-non-stick-cookware-set-18x6.webp 18w, https:\/\/www.hg-cooker.com\/wp-content\/uploads\/2025\/08\/parameters-of-non-stick-cookware-set-285x95.webp 285w, https:\/\/www.hg-cooker.com\/wp-content\/uploads\/2025\/08\/parameters-of-non-stick-cookware-set-1600x533.webp 1600w\" sizes=\"(max-width: 2400px) 100vw, 2400px\" \/><\/figure>\n\n\n\n<h3 class=\"wp-block-heading\">Individuelle Kochgeschirr-Optionen<\/h3>\n\n\n\n<p><strong>Logo:<\/strong> Anpassbar mit Ihrem Markenlogo<br><strong>Verpackung:<\/strong>&nbsp;Farbige Schachtel\/Karton, etc<br><strong>Material: <\/strong>Anpassbar<\/p>","protected":false},"excerpt":{"rendered":"<p>Gro\u00dfhandel mit 3-teiligen Antihaft-Kochgeschirr-Sets. Dieses Set kombiniert eine wabenf\u00f6rmige Antihaftbeschichtung mit einem Verbundwerkstoffboden f\u00fcr hervorragende, gleichm\u00e4\u00dfige Erhitzung und eine Antihaftbeschichtung. Es ist mit einer Vielzahl von W\u00e4rmequellen kompatibel, einschlie\u00dflich Gas- und Induktionskochfeldern, und passt sich den unterschiedlichen Bed\u00fcrfnissen moderner K\u00fcchen an. Erh\u00e4ltlich in einer Vielzahl von Gr\u00f6\u00dfen, Gro\u00dfeink\u00e4ufe sind willkommen.<\/p>\n<h2>Eigenschaften der Antihaft-Kochgeschirr-Sets<\/h2>\n<ul>\n<li><strong>Fortschrittliche Verbundboden-Technologie:<\/strong> Der Boden des Kochgeschirrs besteht aus drei Materialschichten und ist mit einer Verbundboden-Technologie ausgestattet. Dies sorgt f\u00fcr eine schnelle und gleichm\u00e4\u00dfige W\u00e4rmeleitung und verhindert, dass die Zutaten ungleichm\u00e4\u00dfig erhitzt werden, wodurch das Kochen effizienter wird.<\/li>\n<li><strong>Super Non-Stick-Leistung:<\/strong> Der Boden und die Seiten des Topfes sind mit einer hochwertigen, wabenf\u00f6rmigen Antihaftbeschichtung versehen, die verhindert, dass Zutaten am Boden und an den Seiten des Topfes haften bleiben, und die Reinigung erleichtert.<\/li>\n<li><strong>Ergonomische Form des Griffs:<\/strong> Der extra geformte Griff liegt nicht nur bequemer in der Hand, sondern verbessert auch die Kontrolle und erleichtert die Handhabung, insbesondere beim Pfannenr\u00fchren oder beim Schleppen eines schweren Topfes.<\/li>\n<li><strong>Genaue Verpackung:<\/strong> Jeder Topf ist pr\u00e4zise verpackt und im Inneren mit einer Schicht aus sto\u00dfd\u00e4mpfendem Material versehen, um ihn w\u00e4hrend des Transports wirksam vor St\u00f6\u00dfen und St\u00fcrzen zu sch\u00fctzen.<\/li>\n<li><strong>Gro\u00dfhandel Kochgeschirr:<\/strong> Die Hengguang Edelstahl Kochgeschirr Hersteller bietet hervorragende Qualit\u00e4t Edelstahl Gro\u00dfhandel Kochgeschirr und Bulk-Anpassung, dient Gro\u00dfhandel Gro\u00dfabnehmer.<\/li>\n<\/ul>","protected":false},"featured_media":5724,"comment_status":"closed","ping_status":"closed","template":"","meta":[],"product_brand":[],"product_cat":[52],"product_tag":[],"class_list":{"0":"post-5722","1":"product","2":"type-product","3":"status-publish","4":"has-post-thumbnail","6":"product_cat-stainless-steel-cookware","8":"first","9":"instock","10":"shipping-taxable","11":"product-type-simple"},"_links":{"self":[{"href":"https:\/\/www.hg-cooker.com\/de\/wp-json\/wp\/v2\/product\/5722","targetHints":{"allow":["GET"]}}],"collection":[{"href":"https:\/\/www.hg-cooker.com\/de\/wp-json\/wp\/v2\/product"}],"about":[{"href":"https:\/\/www.hg-cooker.com\/de\/wp-json\/wp\/v2\/types\/product"}],"replies":[{"embeddable":true,"href":"https:\/\/www.hg-cooker.com\/de\/wp-json\/wp\/v2\/comments?post=5722"}],"wp:featuredmedia":[{"embeddable":true,"href":"https:\/\/www.hg-cooker.com\/de\/wp-json\/wp\/v2\/media\/5724"}],"wp:attachment":[{"href":"https:\/\/www.hg-cooker.com\/de\/wp-json\/wp\/v2\/media?parent=5722"}],"wp:term":[{"taxonomy":"product_brand","embeddable":true,"href":"https:\/\/www.hg-cooker.com\/de\/wp-json\/wp\/v2\/product_brand?post=5722"},{"taxonomy":"product_cat","embeddable":true,"href":"https:\/\/www.hg-cooker.com\/de\/wp-json\/wp\/v2\/product_cat?post=5722"},{"taxonomy":"product_tag","embeddable":true,"href":"https:\/\/www.hg-cooker.com\/de\/wp-json\/wp\/v2\/product_tag?post=5722"}],"curies":[{"name":"wp","href":"https:\/\/api.w.org\/{rel}","templated":true}]}}