{"id":5700,"date":"2025-05-05T03:27:54","date_gmt":"2025-05-05T03:27:54","guid":{"rendered":"https:\/\/www.hg-cooker.com\/?post_type=product&#038;p=5700"},"modified":"2025-09-13T02:44:56","modified_gmt":"2025-09-13T02:44:56","slug":"milchkannchen-aus-edelstahl-im-groshandel-74","status":"publish","type":"product","link":"https:\/\/www.hg-cooker.com\/de\/produkt\/milchkannchen-aus-edelstahl-im-groshandel-74\/","title":{"rendered":"Gro\u00dfhandel Kochgeschirr Sets - Edelstahl 3 St\u00fcck Kochgeschirr Set"},"content":{"rendered":"<h3 class=\"wp-block-heading\">Parameter von Kochgeschirr-Sets <\/h3>\n\n\n\n<figure class=\"wp-block-image size-full\"><img fetchpriority=\"high\" decoding=\"async\" width=\"1920\" height=\"800\" src=\"https:\/\/www.hg-cooker.com\/wp-content\/uploads\/2025\/08\/wholesale-cookware-sets-2.webp\" alt=\"Gro\u00dfhandel Kochgeschirr-Sets (2)\" class=\"wp-image-5708\" srcset=\"https:\/\/www.hg-cooker.com\/wp-content\/uploads\/2025\/08\/wholesale-cookware-sets-2.webp 1920w, https:\/\/www.hg-cooker.com\/wp-content\/uploads\/2025\/08\/wholesale-cookware-sets-2-150x63.webp 150w, https:\/\/www.hg-cooker.com\/wp-content\/uploads\/2025\/08\/wholesale-cookware-sets-2-660x275.webp 660w, https:\/\/www.hg-cooker.com\/wp-content\/uploads\/2025\/08\/wholesale-cookware-sets-2-300x125.webp 300w, https:\/\/www.hg-cooker.com\/wp-content\/uploads\/2025\/08\/wholesale-cookware-sets-2-768x320.webp 768w, https:\/\/www.hg-cooker.com\/wp-content\/uploads\/2025\/08\/wholesale-cookware-sets-2-18x8.webp 18w, https:\/\/www.hg-cooker.com\/wp-content\/uploads\/2025\/08\/wholesale-cookware-sets-2-285x119.webp 285w, https:\/\/www.hg-cooker.com\/wp-content\/uploads\/2025\/08\/wholesale-cookware-sets-2-1600x667.webp 1600w\" sizes=\"(max-width: 1920px) 100vw, 1920px\" \/><\/figure>\n\n\n\n<h2 class=\"wp-block-heading\">Individuelle Kochgeschirr-Option<\/h2>\n\n\n\n<p><strong>Logo: <\/strong>Anpassbar mit Ihrem Markenlogo<br><strong>Verpackung: <\/strong>Farbige Schachtel\/Karton, etc<br><strong>Material:<\/strong> Anpassbar<\/p>\n\n\n\n<div class=\"wp-block-columns is-layout-flex wp-container-core-columns-is-layout-9d6595d7 wp-block-columns-is-layout-flex\">\n<div class=\"wp-block-column is-layout-flow wp-block-column-is-layout-flow\"><\/div>\n\n\n\n<div class=\"wp-block-column is-layout-flow wp-block-column-is-layout-flow\"><\/div>\n\n\n\n<div class=\"wp-block-column is-layout-flow wp-block-column-is-layout-flow\"><\/div>\n<\/div>\n\n\n\n<div class=\"wp-block-columns is-layout-flex wp-container-core-columns-is-layout-9d6595d7 wp-block-columns-is-layout-flex\">\n<div class=\"wp-block-column is-layout-flow wp-block-column-is-layout-flow\"><\/div>\n\n\n\n<div class=\"wp-block-column is-layout-flow wp-block-column-is-layout-flow\"><\/div>\n\n\n\n<div class=\"wp-block-column is-layout-flow wp-block-column-is-layout-flow\"><\/div>\n<\/div>\n\n\n\n<div class=\"wp-block-columns is-layout-flex wp-container-core-columns-is-layout-9d6595d7 wp-block-columns-is-layout-flex\">\n<div class=\"wp-block-column is-layout-flow wp-block-column-is-layout-flow\"><\/div>\n\n\n\n<div class=\"wp-block-column is-layout-flow wp-block-column-is-layout-flow\"><\/div>\n\n\n\n<div class=\"wp-block-column is-layout-flow wp-block-column-is-layout-flow\"><\/div>\n<\/div>\n\n\n\n<div class=\"wp-block-columns is-layout-flex wp-container-core-columns-is-layout-9d6595d7 wp-block-columns-is-layout-flex\">\n<div class=\"wp-block-column is-layout-flow wp-block-column-is-layout-flow\"><\/div>\n\n\n\n<div class=\"wp-block-column is-layout-flow wp-block-column-is-layout-flow\"><\/div>\n\n\n\n<div class=\"wp-block-column is-layout-flow wp-block-column-is-layout-flow\"><\/div>\n<\/div>\n\n\n\n<div class=\"wp-block-columns is-layout-flex wp-container-core-columns-is-layout-9d6595d7 wp-block-columns-is-layout-flex\">\n<div class=\"wp-block-column is-layout-flow wp-block-column-is-layout-flow\"><\/div>\n\n\n\n<div class=\"wp-block-column is-layout-flow wp-block-column-is-layout-flow\"><\/div>\n\n\n\n<div class=\"wp-block-column is-layout-flow wp-block-column-is-layout-flow\"><\/div>\n<\/div>\n\n\n\n<div class=\"wp-block-columns is-layout-flex wp-container-core-columns-is-layout-9d6595d7 wp-block-columns-is-layout-flex\">\n<div class=\"wp-block-column is-layout-flow wp-block-column-is-layout-flow\"><\/div>\n\n\n\n<div class=\"wp-block-column is-layout-flow wp-block-column-is-layout-flow\"><\/div>\n\n\n\n<div class=\"wp-block-column is-layout-flow wp-block-column-is-layout-flow\"><\/div>\n<\/div>","protected":false},"excerpt":{"rendered":"<p>Gro\u00dfhandel Kochgeschirr-Sets. Dieses 3-teilige Kochgeschirrset besteht aus einem Milchtopf, einem Suppentopf und einer Bratpfanne und deckt eine Vielzahl von Kochbed\u00fcrfnissen ab. Es ist aus dreifach rostfreiem Stahl gefertigt und bietet eine hervorragende W\u00e4rmeverteilung und einfache Pflege. Es ist in verschiedenen Gr\u00f6\u00dfen erh\u00e4ltlich und eignet sich sowohl f\u00fcr die heimische K\u00fcche als auch f\u00fcr den gewerblichen Einsatz.<\/p>\n<p>Als professioneller Kochgeschirrhersteller bietet Hengguang einen Gro\u00dfhandelsservice f\u00fcr Kochgeschirr und Unterst\u00fctzung bei der Anpassung an Kundenw\u00fcnsche aus einer Hand. Kontaktieren Sie uns noch heute!<\/p>\n<h2>Eigenschaften des 3-teiligen Kochgeschirrsets<\/h2>\n<ul>\n<li><strong>304 Edelstahl in Lebensmittelqualit\u00e4t:<\/strong> Das 3-teilige Kochgeschirr besteht aus hochwertigem 304er Edelstahl, der den internationalen Lebensmittelsicherheitsstandards entspricht, eine ausgezeichnete Korrosionsbest\u00e4ndigkeit aufweist und frei von giftigen Substanzen wie PFAS ist.<\/li>\n<li><strong>Vielseitig kochen:<\/strong> Das 3-teilige Kochgeschirrset umfasst einen Milchtopf, einen Suppentopf und eine Bratpfanne f\u00fcr verschiedene Kochanwendungen wie das Aufkochen von Milch, das D\u00fcnsten von Suppe und das Braten von Gem\u00fcse.<\/li>\n<li><strong>Langlebig und leicht zu reinigen:<\/strong> Das 3-teilige Kochgeschirrset ist nicht antihaftbeschichtet und besteht aus einem Stahlverbundwerkstoff, der f\u00fcr hohe H\u00e4rte, Langlebigkeit und einfache Reinigung sorgt.<\/li>\n<li><strong>In verschiedenen Gr\u00f6\u00dfen erh\u00e4ltlich:<\/strong> Alle Produkte des Sets sind in verschiedenen Gr\u00f6\u00dfen erh\u00e4ltlich, so dass Sie das Produkt ausw\u00e4hlen k\u00f6nnen, das am besten zu Ihren Kochbed\u00fcrfnissen passt. Ob kleine oder gro\u00dfe Portionen oder das Kochen f\u00fcr die ganze Familie, dieses Set bietet Flexibilit\u00e4t f\u00fcr alle Arten des Kochens.<\/li>\n<li><strong>Gro\u00dfhandel Kochgeschirr Service:<\/strong> Wir sind ein professioneller Kochgeschirrhersteller und Experten f\u00fcr hochwertiges Kochgeschirr, das den internationalen Qualit\u00e4tsstandards entspricht. Wir bieten OEM- und ODM-Dienstleistungen und wettbewerbsf\u00e4hige Preise.<\/li>\n<\/ul>","protected":false},"featured_media":5707,"comment_status":"closed","ping_status":"closed","template":"","meta":[],"product_brand":[],"product_cat":[52],"product_tag":[],"class_list":{"0":"post-5700","1":"product","2":"type-product","3":"status-publish","4":"has-post-thumbnail","6":"product_cat-stainless-steel-cookware","8":"first","9":"instock","10":"shipping-taxable","11":"product-type-simple"},"_links":{"self":[{"href":"https:\/\/www.hg-cooker.com\/de\/wp-json\/wp\/v2\/product\/5700","targetHints":{"allow":["GET"]}}],"collection":[{"href":"https:\/\/www.hg-cooker.com\/de\/wp-json\/wp\/v2\/product"}],"about":[{"href":"https:\/\/www.hg-cooker.com\/de\/wp-json\/wp\/v2\/types\/product"}],"replies":[{"embeddable":true,"href":"https:\/\/www.hg-cooker.com\/de\/wp-json\/wp\/v2\/comments?post=5700"}],"wp:featuredmedia":[{"embeddable":true,"href":"https:\/\/www.hg-cooker.com\/de\/wp-json\/wp\/v2\/media\/5707"}],"wp:attachment":[{"href":"https:\/\/www.hg-cooker.com\/de\/wp-json\/wp\/v2\/media?parent=5700"}],"wp:term":[{"taxonomy":"product_brand","embeddable":true,"href":"https:\/\/www.hg-cooker.com\/de\/wp-json\/wp\/v2\/product_brand?post=5700"},{"taxonomy":"product_cat","embeddable":true,"href":"https:\/\/www.hg-cooker.com\/de\/wp-json\/wp\/v2\/product_cat?post=5700"},{"taxonomy":"product_tag","embeddable":true,"href":"https:\/\/www.hg-cooker.com\/de\/wp-json\/wp\/v2\/product_tag?post=5700"}],"curies":[{"name":"wp","href":"https:\/\/api.w.org\/{rel}","templated":true}]}}