{"id":5458,"date":"2025-05-22T09:01:27","date_gmt":"2025-05-22T09:01:27","guid":{"rendered":"https:\/\/www.hg-cooker.com\/?post_type=product&#038;p=5458"},"modified":"2025-06-01T15:33:09","modified_gmt":"2025-06-01T15:33:09","slug":"milchkannchen-aus-edelstahl-im-groshandel-73","status":"publish","type":"product","link":"https:\/\/www.hg-cooker.com\/de\/produkt\/milchkannchen-aus-edelstahl-im-groshandel-73\/","title":{"rendered":"Gro\u00dfhandel Non-Stick chinesischen Wok aus Tri Ply Edelstahl Material - Gr\u00f6\u00dfe: 34cm"},"content":{"rendered":"<h3 class=\"wp-block-heading\">Parameter des chinesischen Woks mit Antihaftbeschichtung<\/h3>\n\n\n\n<figure class=\"wp-block-table\"><table class=\"has-fixed-layout\"><tbody><tr><td>Artikel<\/td><td>Spezifikationen<\/td><td>Material<\/td><td>Verpackung Menge<\/td><td>Packungsgr\u00f6\u00dfe (cm)<\/td><\/tr><tr><td>HG-SBBZCG34<\/td><td>34cm<\/td><td>304<\/td><td>6<\/td><td>54\u00d768\u00d748<\/td><\/tr><\/tbody><\/table><\/figure>\n\n\n\n<h3 class=\"wp-block-heading\">Verwandte Parameter der Kochgeschirrserie<\/h3>\n\n\n\n<figure class=\"wp-block-image size-full\"><img fetchpriority=\"high\" decoding=\"async\" width=\"3354\" height=\"1701\" src=\"https:\/\/www.hg-cooker.com\/wp-content\/uploads\/2025\/05\/Skillets-and-wok-series-parameters.webp\" alt=\"Parameter der Bratpfannen und Wok-Serien\" class=\"wp-image-5440\" srcset=\"https:\/\/www.hg-cooker.com\/wp-content\/uploads\/2025\/05\/Skillets-and-wok-series-parameters.webp 3354w, https:\/\/www.hg-cooker.com\/wp-content\/uploads\/2025\/05\/Skillets-and-wok-series-parameters-150x76.webp 150w, https:\/\/www.hg-cooker.com\/wp-content\/uploads\/2025\/05\/Skillets-and-wok-series-parameters-660x335.webp 660w, https:\/\/www.hg-cooker.com\/wp-content\/uploads\/2025\/05\/Skillets-and-wok-series-parameters-300x152.webp 300w, https:\/\/www.hg-cooker.com\/wp-content\/uploads\/2025\/05\/Skillets-and-wok-series-parameters-768x389.webp 768w, https:\/\/www.hg-cooker.com\/wp-content\/uploads\/2025\/05\/Skillets-and-wok-series-parameters-18x9.webp 18w, https:\/\/www.hg-cooker.com\/wp-content\/uploads\/2025\/05\/Skillets-and-wok-series-parameters-285x145.webp 285w, https:\/\/www.hg-cooker.com\/wp-content\/uploads\/2025\/05\/Skillets-and-wok-series-parameters-1600x811.webp 1600w\" sizes=\"(max-width: 3354px) 100vw, 3354px\" \/><figcaption class=\"wp-element-caption\">Parameter der Bratpfannen und Wok-Serien<\/figcaption><\/figure>\n\n\n\n<p><\/p>","protected":false},"excerpt":{"rendered":"<p>Der chinesische Wok mit Antihaftbeschichtung aus dem Gro\u00dfhandel besteht aus hochwertigen Materialien und einer dauerhaften Antihaftbeschichtung und eignet sich ideal f\u00fcr alle Arten des Kochens, wie z. B. Braten unter R\u00fchren, Frittieren und Braten in der Pfanne. Enth\u00e4lt keine PFOA, Lebensmittelqualit\u00e4t zertifiziert. Hengguang unterst\u00fctzt OEM und ODM, willkommen, uns zu kontaktieren.<\/p>\n<h2>Eigenschaften des chinesischen Woks mit Antihaftbeschichtung<\/h2>\n<p><strong>Geeignet f\u00fcr Gro\u00dfk\u00fcchen:<\/strong> Der Wok mit Antihaftbeschichtung h\u00e4lt dem st\u00e4ndigen Braten bei hohen Temperaturen stand, ohne sich zu verformen, und ist mit einer Antihaftbeschichtung versehen, die die Reinigung erleichtert.<\/p>\n<p><strong>Gesund und sicher:<\/strong> Dieser Wok ist nach den FDA- und GB-Normen f\u00fcr Lebensmittel zertifiziert und enth\u00e4lt keine sch\u00e4dlichen Stoffe wie PFOA und PTFE, was ein sicheres Kocherlebnis f\u00fcr die Benutzer gew\u00e4hrleistet.<\/p>\n<p><strong>Langlebige dreischichtige Struktur:<\/strong> Dieser Wok besteht aus drei Schichten rostfreien Stahls, der eine hervorragende W\u00e4rmeleitf\u00e4higkeit und eine gleichm\u00e4\u00dfige Verteilung der W\u00e4rmeenergie aufweist. Er kann hei\u00dfe Stellen minimieren und dazu beitragen, den Geschmack und die N\u00e4hrstoffe der Speisen zu erhalten.<\/p>\n<p><strong>Humanisiertes Design:<\/strong> Der Wok hat einen ergonomischen, hitzebest\u00e4ndigen Griff und einen optionalen Deckel aus geh\u00e4rtetem Glas, der eine einfache \u00dcberwachung w\u00e4hrend des Kochens erm\u00f6glicht.<\/p>","protected":false},"featured_media":5463,"comment_status":"closed","ping_status":"closed","template":"","meta":[],"product_brand":[],"product_cat":[52],"product_tag":[],"class_list":{"0":"post-5458","1":"product","2":"type-product","3":"status-publish","4":"has-post-thumbnail","6":"product_cat-stainless-steel-cookware","8":"first","9":"instock","10":"shipping-taxable","11":"product-type-simple"},"_links":{"self":[{"href":"https:\/\/www.hg-cooker.com\/de\/wp-json\/wp\/v2\/product\/5458","targetHints":{"allow":["GET"]}}],"collection":[{"href":"https:\/\/www.hg-cooker.com\/de\/wp-json\/wp\/v2\/product"}],"about":[{"href":"https:\/\/www.hg-cooker.com\/de\/wp-json\/wp\/v2\/types\/product"}],"replies":[{"embeddable":true,"href":"https:\/\/www.hg-cooker.com\/de\/wp-json\/wp\/v2\/comments?post=5458"}],"wp:featuredmedia":[{"embeddable":true,"href":"https:\/\/www.hg-cooker.com\/de\/wp-json\/wp\/v2\/media\/5463"}],"wp:attachment":[{"href":"https:\/\/www.hg-cooker.com\/de\/wp-json\/wp\/v2\/media?parent=5458"}],"wp:term":[{"taxonomy":"product_brand","embeddable":true,"href":"https:\/\/www.hg-cooker.com\/de\/wp-json\/wp\/v2\/product_brand?post=5458"},{"taxonomy":"product_cat","embeddable":true,"href":"https:\/\/www.hg-cooker.com\/de\/wp-json\/wp\/v2\/product_cat?post=5458"},{"taxonomy":"product_tag","embeddable":true,"href":"https:\/\/www.hg-cooker.com\/de\/wp-json\/wp\/v2\/product_tag?post=5458"}],"curies":[{"name":"wp","href":"https:\/\/api.w.org\/{rel}","templated":true}]}}