{"id":5453,"date":"2025-05-22T08:11:58","date_gmt":"2025-05-22T08:11:58","guid":{"rendered":"https:\/\/www.hg-cooker.com\/?post_type=product&#038;p=5453"},"modified":"2025-06-01T15:40:25","modified_gmt":"2025-06-01T15:40:25","slug":"milchkannchen-aus-edelstahl-im-groshandel-72","status":"publish","type":"product","link":"https:\/\/www.hg-cooker.com\/de\/produkt\/milchkannchen-aus-edelstahl-im-groshandel-72\/","title":{"rendered":"Gro\u00dfhandel Tri-Ply Edelstahl Wok mit explosionssicherem Glasdeckel"},"content":{"rendered":"<h3 class=\"wp-block-heading\">Parameter des Edelstahl-Woks mit Deckel<\/h3>\n\n\n\n<figure class=\"wp-block-table\"><table class=\"has-fixed-layout\"><tbody><tr><td>Artikel<\/td><td>Spezifikationen<\/td><td>Material<\/td><td>Verpackung Menge<\/td><td>Packungsgr\u00f6\u00dfe (cm)<\/td><\/tr><tr><td>HG-CWCG30<\/td><td>30cm<\/td><td>304<\/td><td>6<\/td><td>-<\/td><\/tr><tr><td>HG-CWCG32<\/td><td>32cm<\/td><td>304<\/td><td>6<\/td><td>-<\/td><\/tr><tr><td>HG-CWCG34<\/td><td>34cm<\/td><td>304<\/td><td>6<\/td><td>54\u00d734\u00d716<\/td><\/tr><\/tbody><\/table><\/figure>\n\n\n\n<h3 class=\"wp-block-heading\">Verwandte Parameter der Kochgeschirrserie<\/h3>\n\n\n\n<figure class=\"wp-block-image size-full\"><img fetchpriority=\"high\" decoding=\"async\" width=\"3354\" height=\"1701\" src=\"https:\/\/www.hg-cooker.com\/wp-content\/uploads\/2025\/05\/Skillets-and-wok-series-parameters.webp\" alt=\"Parameter der Bratpfannen und Wok-Serien\" class=\"wp-image-5440\" srcset=\"https:\/\/www.hg-cooker.com\/wp-content\/uploads\/2025\/05\/Skillets-and-wok-series-parameters.webp 3354w, https:\/\/www.hg-cooker.com\/wp-content\/uploads\/2025\/05\/Skillets-and-wok-series-parameters-150x76.webp 150w, https:\/\/www.hg-cooker.com\/wp-content\/uploads\/2025\/05\/Skillets-and-wok-series-parameters-660x335.webp 660w, https:\/\/www.hg-cooker.com\/wp-content\/uploads\/2025\/05\/Skillets-and-wok-series-parameters-300x152.webp 300w, https:\/\/www.hg-cooker.com\/wp-content\/uploads\/2025\/05\/Skillets-and-wok-series-parameters-768x389.webp 768w, https:\/\/www.hg-cooker.com\/wp-content\/uploads\/2025\/05\/Skillets-and-wok-series-parameters-18x9.webp 18w, https:\/\/www.hg-cooker.com\/wp-content\/uploads\/2025\/05\/Skillets-and-wok-series-parameters-285x145.webp 285w, https:\/\/www.hg-cooker.com\/wp-content\/uploads\/2025\/05\/Skillets-and-wok-series-parameters-1600x811.webp 1600w\" sizes=\"(max-width: 3354px) 100vw, 3354px\" \/><figcaption class=\"wp-element-caption\">Parameter der Bratpfannen und Wok-Serien<\/figcaption><\/figure>","protected":false},"excerpt":{"rendered":"<p>Hochwertige Bratpfanne aus Edelstahl mit Deckel f\u00fcr den Gro\u00dfhandel, geeignet f\u00fcr private und gewerbliche K\u00fcchen. Geeignet zum Braten, Frittieren, D\u00fcnsten und f\u00fcr andere Kochmethoden. Kompatibel mit Gasherden, Elektroherden und Induktionsherden. Es stehen 3 Gr\u00f6\u00dfen zur Auswahl: 30 cm, 32 cm und 34 cm. Kontaktieren Sie uns f\u00fcr ein Angebot.<\/p>\n<h2>Eigenschaften von Edelstahl-Wok mit Deckel<\/h2>\n<p><strong>Multifunktional:<\/strong> Der Wok aus Edelstahl eignet sich f\u00fcr chinesisches R\u00fchrbraten, Braten, Schmoren und andere Kochmethoden.<\/p>\n<p><strong>Deckel aus hochfestem, geh\u00e4rtetem Glas:<\/strong> Ausgestattet mit einem hochwertigen, explosionssicheren Glasdeckel, h\u00e4lt er hohen Temperaturen und Explosionen stand und kann pl\u00f6tzlicher K\u00e4lte und Hitze standhalten, was seine Verwendung sicherer macht.<\/p>\n<p><strong>Professionelles Design f\u00fcr den gewerblichen Einsatz:<\/strong> Tiefer Topfk\u00f6rper, gro\u00dfes Fassungsverm\u00f6gen, komfortableres Pfannenr\u00fchren, geeignet f\u00fcr den Gebrauch zu Hause und im Restaurant.<\/p>\n<p><strong>Fabrik Gro\u00dfhandelspreis:<\/strong> Hergestellt von Hengguang Kochgeschirr Fabrik, Fabrik direkt liefern, bieten wettbewerbsf\u00e4hige Preise.<\/p>\n<p><strong>OEM- und ODM-Dienstleistungen:<\/strong> Hengguang bietet kundenspezifische L\u00f6sungen f\u00fcr Kochgeschirr aus einer Hand, die Produktdesign, Materialauswahl, Logodruck und Verpackungsanpassung umfassen.<\/p>","protected":false},"featured_media":5457,"comment_status":"closed","ping_status":"closed","template":"","meta":[],"product_brand":[],"product_cat":[52],"product_tag":[],"class_list":{"0":"post-5453","1":"product","2":"type-product","3":"status-publish","4":"has-post-thumbnail","6":"product_cat-stainless-steel-cookware","8":"first","9":"instock","10":"shipping-taxable","11":"product-type-simple"},"_links":{"self":[{"href":"https:\/\/www.hg-cooker.com\/de\/wp-json\/wp\/v2\/product\/5453","targetHints":{"allow":["GET"]}}],"collection":[{"href":"https:\/\/www.hg-cooker.com\/de\/wp-json\/wp\/v2\/product"}],"about":[{"href":"https:\/\/www.hg-cooker.com\/de\/wp-json\/wp\/v2\/types\/product"}],"replies":[{"embeddable":true,"href":"https:\/\/www.hg-cooker.com\/de\/wp-json\/wp\/v2\/comments?post=5453"}],"wp:featuredmedia":[{"embeddable":true,"href":"https:\/\/www.hg-cooker.com\/de\/wp-json\/wp\/v2\/media\/5457"}],"wp:attachment":[{"href":"https:\/\/www.hg-cooker.com\/de\/wp-json\/wp\/v2\/media?parent=5453"}],"wp:term":[{"taxonomy":"product_brand","embeddable":true,"href":"https:\/\/www.hg-cooker.com\/de\/wp-json\/wp\/v2\/product_brand?post=5453"},{"taxonomy":"product_cat","embeddable":true,"href":"https:\/\/www.hg-cooker.com\/de\/wp-json\/wp\/v2\/product_cat?post=5453"},{"taxonomy":"product_tag","embeddable":true,"href":"https:\/\/www.hg-cooker.com\/de\/wp-json\/wp\/v2\/product_tag?post=5453"}],"curies":[{"name":"wp","href":"https:\/\/api.w.org\/{rel}","templated":true}]}}