{"id":5447,"date":"2025-05-22T07:31:40","date_gmt":"2025-05-22T07:31:40","guid":{"rendered":"https:\/\/www.hg-cooker.com\/?post_type=product&#038;p=5447"},"modified":"2025-06-01T15:15:06","modified_gmt":"2025-06-01T15:15:06","slug":"milchkannchen-aus-edelstahl-im-groshandel-71","status":"publish","type":"product","link":"https:\/\/www.hg-cooker.com\/de\/produkt\/milchkannchen-aus-edelstahl-im-groshandel-71\/","title":{"rendered":"Gro\u00dfhandel Tri Ply Edelstahl Bratpfanne, Induktion kompatibel, in mehreren Gr\u00f6\u00dfen erh\u00e4ltlich"},"content":{"rendered":"<h3 class=\"wp-block-heading\">Parameter der Tri-Ply-Edelstahl-Bratpfanne<\/h3>\n\n\n\n<figure class=\"wp-block-table\"><table class=\"has-fixed-layout\"><tbody><tr><td>Artikel<\/td><td>Spezifikationen<\/td><td>Material<\/td><td>Verpackung Menge<\/td><td>Packungsgr\u00f6\u00dfe (cm)<\/td><\/tr><tr><td>HG-BZJG22<\/td><td>22cm<\/td><td>304 Edelstahl<\/td><td>8<\/td><td>41.5\u00d747\u00d740<\/td><\/tr><tr><td>HG-BZJG24<\/td><td>24cm<\/td><td>304 Edelstahl<\/td><td>8<\/td><td>45.5\u00d751\u00d740<\/td><\/tr><tr><td>HG-BZJG26<\/td><td>26cm<\/td><td>304 Edelstahl<\/td><td>8<\/td><td>47.5\u00d759\u00d740<\/td><\/tr><tr><td>HG-BZJG28<\/td><td>28cm<\/td><td>304 Edelstahl<\/td><td>8<\/td><td>49.5\u00d763\u00d740<\/td><\/tr><tr><td>HG-BZJG30<\/td><td>30cm<\/td><td>304 Edelstahl<\/td><td>8<\/td><td>51.5\u00d767\u00d740<\/td><\/tr><\/tbody><\/table><\/figure>\n\n\n\n<h3 class=\"wp-block-heading\">Verwandte Parameter der Kochgeschirrserie<\/h3>\n\n\n\n<figure class=\"wp-block-image size-full\"><img fetchpriority=\"high\" decoding=\"async\" width=\"3354\" height=\"1701\" src=\"https:\/\/www.hg-cooker.com\/wp-content\/uploads\/2025\/05\/Skillets-and-wok-series-parameters.webp\" alt=\"Parameter der Bratpfannen und Wok-Serien\" class=\"wp-image-5440\" srcset=\"https:\/\/www.hg-cooker.com\/wp-content\/uploads\/2025\/05\/Skillets-and-wok-series-parameters.webp 3354w, https:\/\/www.hg-cooker.com\/wp-content\/uploads\/2025\/05\/Skillets-and-wok-series-parameters-150x76.webp 150w, https:\/\/www.hg-cooker.com\/wp-content\/uploads\/2025\/05\/Skillets-and-wok-series-parameters-660x335.webp 660w, https:\/\/www.hg-cooker.com\/wp-content\/uploads\/2025\/05\/Skillets-and-wok-series-parameters-300x152.webp 300w, https:\/\/www.hg-cooker.com\/wp-content\/uploads\/2025\/05\/Skillets-and-wok-series-parameters-768x389.webp 768w, https:\/\/www.hg-cooker.com\/wp-content\/uploads\/2025\/05\/Skillets-and-wok-series-parameters-18x9.webp 18w, https:\/\/www.hg-cooker.com\/wp-content\/uploads\/2025\/05\/Skillets-and-wok-series-parameters-285x145.webp 285w, https:\/\/www.hg-cooker.com\/wp-content\/uploads\/2025\/05\/Skillets-and-wok-series-parameters-1600x811.webp 1600w\" sizes=\"(max-width: 3354px) 100vw, 3354px\" \/><\/figure>\n\n\n\n<div class=\"wp-block-columns is-layout-flex wp-container-core-columns-is-layout-9d6595d7 wp-block-columns-is-layout-flex\">\n<div class=\"wp-block-column is-layout-flow wp-block-column-is-layout-flow\"><\/div>\n\n\n\n<div class=\"wp-block-column is-layout-flow wp-block-column-is-layout-flow\"><\/div>\n\n\n\n<div class=\"wp-block-column is-layout-flow wp-block-column-is-layout-flow\"><\/div>\n<\/div>\n\n\n\n<div class=\"wp-block-columns is-layout-flex wp-container-core-columns-is-layout-9d6595d7 wp-block-columns-is-layout-flex\">\n<div class=\"wp-block-column is-layout-flow wp-block-column-is-layout-flow\"><\/div>\n\n\n\n<div class=\"wp-block-column is-layout-flow wp-block-column-is-layout-flow\"><\/div>\n\n\n\n<div class=\"wp-block-column is-layout-flow wp-block-column-is-layout-flow\"><\/div>\n<\/div>\n\n\n\n<div class=\"wp-block-columns is-layout-flex wp-container-core-columns-is-layout-9d6595d7 wp-block-columns-is-layout-flex\">\n<div class=\"wp-block-column is-layout-flow wp-block-column-is-layout-flow\"><\/div>\n\n\n\n<div class=\"wp-block-column is-layout-flow wp-block-column-is-layout-flow\"><\/div>\n\n\n\n<div class=\"wp-block-column is-layout-flow wp-block-column-is-layout-flow\"><\/div>\n<\/div>\n\n\n\n<div class=\"wp-block-columns is-layout-flex wp-container-core-columns-is-layout-9d6595d7 wp-block-columns-is-layout-flex\">\n<div class=\"wp-block-column is-layout-flow wp-block-column-is-layout-flow\"><\/div>\n\n\n\n<div class=\"wp-block-column is-layout-flow wp-block-column-is-layout-flow\"><\/div>\n\n\n\n<div class=\"wp-block-column is-layout-flow wp-block-column-is-layout-flow\"><\/div>\n<\/div>\n\n\n\n<div class=\"wp-block-columns is-layout-flex wp-container-core-columns-is-layout-9d6595d7 wp-block-columns-is-layout-flex\">\n<div class=\"wp-block-column is-layout-flow wp-block-column-is-layout-flow\"><\/div>\n\n\n\n<div class=\"wp-block-column is-layout-flow wp-block-column-is-layout-flow\"><\/div>\n\n\n\n<div class=\"wp-block-column is-layout-flow wp-block-column-is-layout-flow\"><\/div>\n<\/div>\n\n\n\n<div class=\"wp-block-columns is-layout-flex wp-container-core-columns-is-layout-9d6595d7 wp-block-columns-is-layout-flex\">\n<div class=\"wp-block-column is-layout-flow wp-block-column-is-layout-flow\"><\/div>\n\n\n\n<div class=\"wp-block-column is-layout-flow wp-block-column-is-layout-flow\"><\/div>\n\n\n\n<div class=\"wp-block-column is-layout-flow wp-block-column-is-layout-flow\"><\/div>\n<\/div>","protected":false},"excerpt":{"rendered":"<p>Gro\u00dfhandel Edelstahl Bratpfanne, aus hochwertigem dreifach Edelstahl Material, gleichm\u00e4\u00dfig und schnell leitet W\u00e4rme, hat professionelle K\u00fcche-Level-Leistung, und hat eine schwere Basis, um Verformungen zu verhindern. Restaurants, Hotels und B2B-K\u00e4ufer sind willkommen, in gro\u00dfen Mengen zu kaufen.<\/p>\n<h2>Merkmale der Tri-Ply-Edelstahl-Bratpfanne<\/h2>\n<p><strong>Schnelle und gleichm\u00e4\u00dfige Erw\u00e4rmung:<\/strong> Die Bratpfanne besteht aus einem dreischichtigen Verbundwerkstoff, der die Vorteile verschiedener Metalle vereint: Der Aluminiumkern leitet die W\u00e4rme schnell ab, w\u00e4hrend die \u00e4u\u00dfere Schicht aus rostfreiem Stahl die W\u00e4rme gleichm\u00e4\u00dfig ableitet und so gute Kochergebnisse erzielt.<\/p>\n<p><strong>Strapazierf\u00e4higkeit und lange Lebensdauer:<\/strong> Das nicht beschichtete Design verhindert Kratzer oder Abbl\u00e4ttern, und das Edelstahlmaterial ist best\u00e4ndig gegen \u00d6fen und offene Flammen und hat eine stabile Leistung f\u00fcr den langfristigen Gebrauch.<\/p>\n<p><strong>Vielseitiges Kochen:<\/strong> Die Bratpfanne aus dreifachem Edelstahl ist mit einer Vielzahl von Herden kompatibel, darunter Gasherde, Induktionsherde, elektrische Keramikherde, Back\u00f6fen usw.<\/p>\n<p><strong>Vorteile f\u00fcr den Gro\u00dfhandel:<\/strong> Direktverkauf ab Werk, niedrige Gro\u00dfeinkaufskosten, geeignet f\u00fcr Restaurants, Hotels, K\u00fcchenger\u00e4teh\u00e4ndler, Reduzierung der St\u00fcckkosten.<\/p>","protected":false},"featured_media":5452,"comment_status":"closed","ping_status":"closed","template":"","meta":[],"product_brand":[],"product_cat":[52],"product_tag":[],"class_list":{"0":"post-5447","1":"product","2":"type-product","3":"status-publish","4":"has-post-thumbnail","6":"product_cat-stainless-steel-cookware","8":"first","9":"instock","10":"shipping-taxable","11":"product-type-simple"},"_links":{"self":[{"href":"https:\/\/www.hg-cooker.com\/de\/wp-json\/wp\/v2\/product\/5447","targetHints":{"allow":["GET"]}}],"collection":[{"href":"https:\/\/www.hg-cooker.com\/de\/wp-json\/wp\/v2\/product"}],"about":[{"href":"https:\/\/www.hg-cooker.com\/de\/wp-json\/wp\/v2\/types\/product"}],"replies":[{"embeddable":true,"href":"https:\/\/www.hg-cooker.com\/de\/wp-json\/wp\/v2\/comments?post=5447"}],"wp:featuredmedia":[{"embeddable":true,"href":"https:\/\/www.hg-cooker.com\/de\/wp-json\/wp\/v2\/media\/5452"}],"wp:attachment":[{"href":"https:\/\/www.hg-cooker.com\/de\/wp-json\/wp\/v2\/media?parent=5447"}],"wp:term":[{"taxonomy":"product_brand","embeddable":true,"href":"https:\/\/www.hg-cooker.com\/de\/wp-json\/wp\/v2\/product_brand?post=5447"},{"taxonomy":"product_cat","embeddable":true,"href":"https:\/\/www.hg-cooker.com\/de\/wp-json\/wp\/v2\/product_cat?post=5447"},{"taxonomy":"product_tag","embeddable":true,"href":"https:\/\/www.hg-cooker.com\/de\/wp-json\/wp\/v2\/product_tag?post=5447"}],"curies":[{"name":"wp","href":"https:\/\/api.w.org\/{rel}","templated":true}]}}