{"id":5438,"date":"2025-05-22T07:05:34","date_gmt":"2025-05-22T07:05:34","guid":{"rendered":"https:\/\/www.hg-cooker.com\/?post_type=product&#038;p=5438"},"modified":"2025-06-01T15:11:15","modified_gmt":"2025-06-01T15:11:15","slug":"milchkannchen-aus-edelstahl-im-groshandel-70","status":"publish","type":"product","link":"https:\/\/www.hg-cooker.com\/de\/produkt\/milchkannchen-aus-edelstahl-im-groshandel-70\/","title":{"rendered":"Gro\u00dfhandel hohe Qualit\u00e4t Antihaft-Bratpfanne, geeignet f\u00fcr Induktionsherd, Tri Ply Material"},"content":{"rendered":"<h3 class=\"wp-block-heading\">Parameter der hochwertigen Antihaft-Bratpfanne<\/h3>\n\n\n\n<figure class=\"wp-block-table\"><table class=\"has-fixed-layout\"><tbody><tr><td>Artikel<\/td><td>Gr\u00f6\u00dfe<\/td><td>Material<\/td><td>Menge\/Packung<\/td><td>Abmessungen der Verpackung (cm)<\/td><\/tr><tr><td>HG-WGJG22<\/td><td>22cm<\/td><td>304 Edelstahl<\/td><td>8<\/td><td>41.5\u00d747\u00d739<\/td><\/tr><tr><td>HG-WGJG24<\/td><td>24cm<\/td><td>304 Edelstahl<\/td><td>8<\/td><td>45.5\u00d751\u00d739<\/td><\/tr><tr><td>HG-WGJG26<\/td><td>26cm<\/td><td>304 Edelstahl<\/td><td>8<\/td><td>47.5\u00d759\u00d739<\/td><\/tr><tr><td>HG-WGJG28<\/td><td>28cm<\/td><td>304 Edelstahl<\/td><td>8<\/td><td>49.5\u00d763\u00d739<\/td><\/tr><tr><td>HG-WGJG30<\/td><td>30cm<\/td><td>304 Edelstahl<\/td><td>8<\/td><td>51.5\u00d767\u00d739<\/td><\/tr><\/tbody><\/table><\/figure>\n\n\n\n<div class=\"wp-block-columns is-layout-flex wp-container-core-columns-is-layout-9d6595d7 wp-block-columns-is-layout-flex\">\n<div class=\"wp-block-column is-layout-flow wp-block-column-is-layout-flow\"><\/div>\n\n\n\n<div class=\"wp-block-column is-layout-flow wp-block-column-is-layout-flow\"><\/div>\n<\/div>\n\n\n\n<h3 class=\"wp-block-heading\">Verwandte Parameter der Kochgeschirrserie<\/h3>\n\n\n\n<figure class=\"wp-block-image size-full\"><img fetchpriority=\"high\" decoding=\"async\" width=\"3354\" height=\"1701\" src=\"https:\/\/www.hg-cooker.com\/wp-content\/uploads\/2025\/05\/Skillets-and-wok-series-parameters.webp\" alt=\"Parameter der Bratpfannen und Wok-Serien\" class=\"wp-image-5440\" srcset=\"https:\/\/www.hg-cooker.com\/wp-content\/uploads\/2025\/05\/Skillets-and-wok-series-parameters.webp 3354w, https:\/\/www.hg-cooker.com\/wp-content\/uploads\/2025\/05\/Skillets-and-wok-series-parameters-150x76.webp 150w, https:\/\/www.hg-cooker.com\/wp-content\/uploads\/2025\/05\/Skillets-and-wok-series-parameters-660x335.webp 660w, https:\/\/www.hg-cooker.com\/wp-content\/uploads\/2025\/05\/Skillets-and-wok-series-parameters-300x152.webp 300w, https:\/\/www.hg-cooker.com\/wp-content\/uploads\/2025\/05\/Skillets-and-wok-series-parameters-768x389.webp 768w, https:\/\/www.hg-cooker.com\/wp-content\/uploads\/2025\/05\/Skillets-and-wok-series-parameters-18x9.webp 18w, https:\/\/www.hg-cooker.com\/wp-content\/uploads\/2025\/05\/Skillets-and-wok-series-parameters-285x145.webp 285w, https:\/\/www.hg-cooker.com\/wp-content\/uploads\/2025\/05\/Skillets-and-wok-series-parameters-1600x811.webp 1600w\" sizes=\"(max-width: 3354px) 100vw, 3354px\" \/><\/figure>\n\n\n\n<div class=\"wp-block-columns is-layout-flex wp-container-core-columns-is-layout-9d6595d7 wp-block-columns-is-layout-flex\">\n<div class=\"wp-block-column is-layout-flow wp-block-column-is-layout-flow\"><\/div>\n\n\n\n<div class=\"wp-block-column is-layout-flow wp-block-column-is-layout-flow\"><\/div>\n\n\n\n<div class=\"wp-block-column is-layout-flow wp-block-column-is-layout-flow\"><\/div>\n<\/div>\n\n\n\n<div class=\"wp-block-columns is-layout-flex wp-container-core-columns-is-layout-9d6595d7 wp-block-columns-is-layout-flex\">\n<div class=\"wp-block-column is-layout-flow wp-block-column-is-layout-flow\"><\/div>\n\n\n\n<div class=\"wp-block-column is-layout-flow wp-block-column-is-layout-flow\"><\/div>\n\n\n\n<div class=\"wp-block-column is-layout-flow wp-block-column-is-layout-flow\"><\/div>\n<\/div>\n\n\n\n<div class=\"wp-block-columns is-layout-flex wp-container-core-columns-is-layout-9d6595d7 wp-block-columns-is-layout-flex\">\n<div class=\"wp-block-column is-layout-flow wp-block-column-is-layout-flow\"><\/div>\n\n\n\n<div class=\"wp-block-column is-layout-flow wp-block-column-is-layout-flow\"><\/div>\n\n\n\n<div class=\"wp-block-column is-layout-flow wp-block-column-is-layout-flow\"><\/div>\n<\/div>\n\n\n\n<div class=\"wp-block-columns is-layout-flex wp-container-core-columns-is-layout-9d6595d7 wp-block-columns-is-layout-flex\">\n<div class=\"wp-block-column is-layout-flow wp-block-column-is-layout-flow\"><\/div>\n\n\n\n<div class=\"wp-block-column is-layout-flow wp-block-column-is-layout-flow\"><\/div>\n\n\n\n<div class=\"wp-block-column is-layout-flow wp-block-column-is-layout-flow\"><\/div>\n<\/div>\n\n\n\n<div class=\"wp-block-columns is-layout-flex wp-container-core-columns-is-layout-9d6595d7 wp-block-columns-is-layout-flex\">\n<div class=\"wp-block-column is-layout-flow wp-block-column-is-layout-flow\"><\/div>\n\n\n\n<div class=\"wp-block-column is-layout-flow wp-block-column-is-layout-flow\"><\/div>\n\n\n\n<div class=\"wp-block-column is-layout-flow wp-block-column-is-layout-flow\"><\/div>\n<\/div>\n\n\n\n<div class=\"wp-block-columns is-layout-flex wp-container-core-columns-is-layout-9d6595d7 wp-block-columns-is-layout-flex\">\n<div class=\"wp-block-column is-layout-flow wp-block-column-is-layout-flow\"><\/div>\n\n\n\n<div class=\"wp-block-column is-layout-flow wp-block-column-is-layout-flow\"><\/div>\n\n\n\n<div class=\"wp-block-column is-layout-flow wp-block-column-is-layout-flow\"><\/div>\n<\/div>\n\n\n\n<div class=\"wp-block-columns is-layout-flex wp-container-core-columns-is-layout-9d6595d7 wp-block-columns-is-layout-flex\">\n<div class=\"wp-block-column is-layout-flow wp-block-column-is-layout-flow\"><\/div>\n\n\n\n<div class=\"wp-block-column is-layout-flow wp-block-column-is-layout-flow\"><\/div>\n\n\n\n<div class=\"wp-block-column is-layout-flow wp-block-column-is-layout-flow\"><\/div>\n<\/div>","protected":false},"excerpt":{"rendered":"<p>Gro\u00dfhandel hochwertige Antihaft-Bratpfannen, unsere Antihaft-Bratpfannen sind aus hochwertigem dreifach Edelstahl-Material und dicke Antihaft-Beschichtung, die leicht erreichen k\u00f6nnen weniger \u00d6l Kochen. Geeignet f\u00fcr Gasherde, Induktionsherde, elektrische Keramikherde und andere W\u00e4rmequellen, um die Bed\u00fcrfnisse von verschiedenen Szenarien wie Restaurants, Hotels und Familien zu erf\u00fcllen. Kontaktieren Sie uns f\u00fcr ein Angebot.<\/p>\n<h2>Eigenschaften der hochwertigen Antihaft-Bratpfanne<\/h2>\n<p><strong>Hochwertige Antihaft-Beschichtung:<\/strong> Die Antihaft-Bratpfanne verf\u00fcgt \u00fcber eine erstklassige, lebensmittelechte Antihaft-Oberfl\u00e4che f\u00fcr m\u00fcheloses Kochen, perfekt zum Braten von Eiern, Fisch, Fleisch und Gem\u00fcse mit wenig \u00d6l.<\/p>\n<p><strong>Gleichm\u00e4\u00dfige W\u00e4rmeverteilung:<\/strong> Er besteht aus dreifach rostfreiem Edelstahl und sorgt f\u00fcr eine gleichm\u00e4\u00dfige W\u00e4rmeverteilung \u00fcber die gesamte Oberfl\u00e4che, was die Garzeit verk\u00fcrzt und ein Anbrennen der Speisen verhindert.<\/p>\n<p><strong>Mehrere Gr\u00f6\u00dfen zur Auswahl:<\/strong> Erh\u00e4ltlich in den Gr\u00f6\u00dfen 22 cm, 24 cm, 26 cm, 28 cm und 30 cm, um eine Vielzahl von Kochanforderungen zu erf\u00fcllen.<\/p>\n<p><strong>OEM- und ODM-Anpassung verf\u00fcgbar:<\/strong> Anpassbare Beschichtungen, Logos, Verpackungen und Griffdesigns f\u00fcr Ihre Markenanforderungen - perfekt f\u00fcr Eigenmarkenprojekte oder den Einzelhandel.<\/p>","protected":false},"featured_media":5445,"comment_status":"closed","ping_status":"closed","template":"","meta":[],"product_brand":[],"product_cat":[52],"product_tag":[],"class_list":{"0":"post-5438","1":"product","2":"type-product","3":"status-publish","4":"has-post-thumbnail","6":"product_cat-stainless-steel-cookware","8":"first","9":"instock","10":"shipping-taxable","11":"product-type-simple"},"_links":{"self":[{"href":"https:\/\/www.hg-cooker.com\/de\/wp-json\/wp\/v2\/product\/5438","targetHints":{"allow":["GET"]}}],"collection":[{"href":"https:\/\/www.hg-cooker.com\/de\/wp-json\/wp\/v2\/product"}],"about":[{"href":"https:\/\/www.hg-cooker.com\/de\/wp-json\/wp\/v2\/types\/product"}],"replies":[{"embeddable":true,"href":"https:\/\/www.hg-cooker.com\/de\/wp-json\/wp\/v2\/comments?post=5438"}],"wp:featuredmedia":[{"embeddable":true,"href":"https:\/\/www.hg-cooker.com\/de\/wp-json\/wp\/v2\/media\/5445"}],"wp:attachment":[{"href":"https:\/\/www.hg-cooker.com\/de\/wp-json\/wp\/v2\/media?parent=5438"}],"wp:term":[{"taxonomy":"product_brand","embeddable":true,"href":"https:\/\/www.hg-cooker.com\/de\/wp-json\/wp\/v2\/product_brand?post=5438"},{"taxonomy":"product_cat","embeddable":true,"href":"https:\/\/www.hg-cooker.com\/de\/wp-json\/wp\/v2\/product_cat?post=5438"},{"taxonomy":"product_tag","embeddable":true,"href":"https:\/\/www.hg-cooker.com\/de\/wp-json\/wp\/v2\/product_tag?post=5438"}],"curies":[{"name":"wp","href":"https:\/\/api.w.org\/{rel}","templated":true}]}}