{"id":5434,"date":"2025-08-29T04:05:36","date_gmt":"2025-08-29T04:05:36","guid":{"rendered":"https:\/\/www.hg-cooker.com\/?post_type=product&#038;p=5434"},"modified":"2025-09-13T02:29:15","modified_gmt":"2025-09-13T02:29:15","slug":"milchkannchen-aus-edelstahl-im-groshandel-69","status":"publish","type":"product","link":"https:\/\/www.hg-cooker.com\/de\/produkt\/milchkannchen-aus-edelstahl-im-groshandel-69\/","title":{"rendered":"Gro\u00dfhandel Antihaft-Milch Pfanne, Tri Ply Edelstahl Material, verf\u00fcgbare Gr\u00f6\u00dfen: 18cm, 20cm, 22cm"},"content":{"rendered":"<h3 class=\"wp-block-heading\"> Parameter der Antihaft-Milchpfanne<\/h3>\n\n\n\n<figure class=\"wp-block-table\"><table class=\"has-fixed-layout\"><tbody><tr><td>Artikel<\/td><td>Gr\u00f6\u00dfe<\/td><td>Material<\/td><td>Menge\/Packung<\/td><td>Abmessungen der Verpackung (cm)<\/td><\/tr><tr><td>HG-BZNG18<\/td><td>18cm<\/td><td>304 Edelstahl<\/td><td>8 St\u00fcck<\/td><td>41 \u00d7 42 \u00d7 55<\/td><\/tr><tr><td>HG-BZNG20<\/td><td>20cm<\/td><td>304 Edelstahl<\/td><td>8 St\u00fcck<\/td><td>43 \u00d7 46 \u00d7 57<\/td><\/tr><tr><td>HG-BZNG22<\/td><td>22cm<\/td><td>304 Edelstahl<\/td><td>8 St\u00fcck<\/td><td>45 \u00d7 50 \u00d7 59<\/td><\/tr><\/tbody><\/table><\/figure>\n\n\n\n<h3 class=\"wp-block-heading\">Verwandte Parameter der Kochgeschirrserie<\/h3>\n\n\n\n<figure class=\"wp-block-image size-full\"><img fetchpriority=\"high\" decoding=\"async\" width=\"3354\" height=\"1701\" src=\"https:\/\/www.hg-cooker.com\/wp-content\/uploads\/2025\/05\/Hengguang-cooking-pot-series-parameters.jpg\" alt=\"Hengguang Kochtopf Serie Parameter\" class=\"wp-image-5428\" srcset=\"https:\/\/www.hg-cooker.com\/wp-content\/uploads\/2025\/05\/Hengguang-cooking-pot-series-parameters.jpg 3354w, https:\/\/www.hg-cooker.com\/wp-content\/uploads\/2025\/05\/Hengguang-cooking-pot-series-parameters-150x76.jpg 150w, https:\/\/www.hg-cooker.com\/wp-content\/uploads\/2025\/05\/Hengguang-cooking-pot-series-parameters-660x335.jpg 660w, https:\/\/www.hg-cooker.com\/wp-content\/uploads\/2025\/05\/Hengguang-cooking-pot-series-parameters-300x152.jpg 300w, https:\/\/www.hg-cooker.com\/wp-content\/uploads\/2025\/05\/Hengguang-cooking-pot-series-parameters-768x389.jpg 768w, https:\/\/www.hg-cooker.com\/wp-content\/uploads\/2025\/05\/Hengguang-cooking-pot-series-parameters-18x9.jpg 18w, https:\/\/www.hg-cooker.com\/wp-content\/uploads\/2025\/05\/Hengguang-cooking-pot-series-parameters-285x145.jpg 285w, https:\/\/www.hg-cooker.com\/wp-content\/uploads\/2025\/05\/Hengguang-cooking-pot-series-parameters-1600x811.jpg 1600w\" sizes=\"(max-width: 3354px) 100vw, 3354px\" \/><figcaption class=\"wp-element-caption\">Hengguang Kochtopf Serie Parameter<\/figcaption><\/figure>\n\n\n\n<div class=\"wp-block-columns is-layout-flex wp-container-core-columns-is-layout-9d6595d7 wp-block-columns-is-layout-flex\">\n<div class=\"wp-block-column is-layout-flow wp-block-column-is-layout-flow\"><\/div>\n\n\n\n<div class=\"wp-block-column is-layout-flow wp-block-column-is-layout-flow\"><\/div>\n\n\n\n<div class=\"wp-block-column is-layout-flow wp-block-column-is-layout-flow\"><\/div>\n<\/div>\n\n\n\n<div class=\"wp-block-columns is-layout-flex wp-container-core-columns-is-layout-9d6595d7 wp-block-columns-is-layout-flex\">\n<div class=\"wp-block-column is-layout-flow wp-block-column-is-layout-flow\"><\/div>\n\n\n\n<div class=\"wp-block-column is-layout-flow wp-block-column-is-layout-flow\"><\/div>\n\n\n\n<div class=\"wp-block-column is-layout-flow wp-block-column-is-layout-flow\"><\/div>\n<\/div>\n\n\n\n<div class=\"wp-block-columns is-layout-flex wp-container-core-columns-is-layout-9d6595d7 wp-block-columns-is-layout-flex\">\n<div class=\"wp-block-column is-layout-flow wp-block-column-is-layout-flow\"><\/div>\n\n\n\n<div class=\"wp-block-column is-layout-flow wp-block-column-is-layout-flow\"><\/div>\n\n\n\n<div class=\"wp-block-column is-layout-flow wp-block-column-is-layout-flow\"><\/div>\n<\/div>\n\n\n\n<div class=\"wp-block-columns is-layout-flex wp-container-core-columns-is-layout-9d6595d7 wp-block-columns-is-layout-flex\">\n<div class=\"wp-block-column is-layout-flow wp-block-column-is-layout-flow\"><\/div>\n\n\n\n<div class=\"wp-block-column is-layout-flow wp-block-column-is-layout-flow\"><\/div>\n\n\n\n<div class=\"wp-block-column is-layout-flow wp-block-column-is-layout-flow\"><\/div>\n<\/div>\n\n\n\n<div class=\"wp-block-columns is-layout-flex wp-container-core-columns-is-layout-9d6595d7 wp-block-columns-is-layout-flex\">\n<div class=\"wp-block-column is-layout-flow wp-block-column-is-layout-flow\"><\/div>\n\n\n\n<div class=\"wp-block-column is-layout-flow wp-block-column-is-layout-flow\"><\/div>\n\n\n\n<div class=\"wp-block-column is-layout-flow wp-block-column-is-layout-flow\"><\/div>\n<\/div>\n\n\n\n<div class=\"wp-block-columns is-layout-flex wp-container-core-columns-is-layout-9d6595d7 wp-block-columns-is-layout-flex\">\n<div class=\"wp-block-column is-layout-flow wp-block-column-is-layout-flow\"><\/div>\n\n\n\n<div class=\"wp-block-column is-layout-flow wp-block-column-is-layout-flow\"><\/div>\n\n\n\n<div class=\"wp-block-column is-layout-flow wp-block-column-is-layout-flow\"><\/div>\n<\/div>\n\n\n\n<div class=\"wp-block-columns is-layout-flex wp-container-core-columns-is-layout-9d6595d7 wp-block-columns-is-layout-flex\">\n<div class=\"wp-block-column is-layout-flow wp-block-column-is-layout-flow\"><\/div>\n\n\n\n<div class=\"wp-block-column is-layout-flow wp-block-column-is-layout-flow\"><\/div>\n\n\n\n<div class=\"wp-block-column is-layout-flow wp-block-column-is-layout-flow\"><\/div>\n<\/div>","protected":false},"excerpt":{"rendered":"<p>Gro\u00dfhandel Edelstahl Antihaft-Milchpfanne, geeignet f\u00fcr die Erw\u00e4rmung von Milch, die Zubereitung von So\u00dfen oder kleinen Mahlzeiten. Geeignet f\u00fcr eine Vielzahl von Herden, einschlie\u00dflich Induktionsherde, Gasherde, etc. Kann zum Kochen in vielen Arten von K\u00fcchen verwendet werden. Erh\u00e4ltlich in drei Gr\u00f6\u00dfen: 18 cm, 20 cm und 22 cm. Kontaktieren Sie uns f\u00fcr ein Angebot.<\/p>\n<h2>Merkmale der Antihaft-Milchpfanne<\/h2>\n<p><strong>Ausgie\u00dfer-Design:<\/strong> Der integrierte Ausgie\u00dfer erm\u00f6glicht es Ihnen, Milch oder Fl\u00fcssigkeit gleichm\u00e4\u00dfig und sauber auszugie\u00dfen.<\/p>\n<p><strong>Multifunktional:<\/strong> Die Milchpfanne kann f\u00fcr das t\u00e4gliche Kochen zu Hause verwendet werden, eignet sich zum Erhitzen von Milch, Sojamilch usw. und ist auch zum Schmelzen von Butter, Schokolade und zum Erhitzen von Milch in Caf\u00e9s geeignet.<\/p>\n<p><strong>Mehrere Gr\u00f6\u00dfenoptionen:<\/strong> Die Milchpfanne ist in den Gr\u00f6\u00dfen 18 cm, 20 cm und 22 cm erh\u00e4ltlich und eignet sich f\u00fcr Haushalte, Restaurants und Catering-K\u00fcchen mit unterschiedlichen Anforderungen.<\/p>\n<p><strong>Kompatibel mit mehreren Herden:<\/strong> Der Milchtopf eignet sich f\u00fcr Gas-, Elektro-, Keramik- und Induktionsherde und ist somit eine ideale Wahl f\u00fcr moderne K\u00fcchen.<\/p>\n<p><strong>OEM\/ODM-Unterst\u00fctzung:<\/strong> Hengguang bietet professionelle OEM- und ODM-Dienstleistungen an, mit denen Gr\u00f6\u00dfe, Griffe, Bodendesign, Antihaftbeschichtung und Verpackung individuell angepasst werden k\u00f6nnen, was sich f\u00fcr private Marken eignet.<\/p>","protected":false},"featured_media":5437,"comment_status":"closed","ping_status":"closed","template":"","meta":[],"product_brand":[],"product_cat":[52],"product_tag":[],"class_list":{"0":"post-5434","1":"product","2":"type-product","3":"status-publish","4":"has-post-thumbnail","6":"product_cat-stainless-steel-cookware","8":"first","9":"instock","10":"shipping-taxable","11":"product-type-simple"},"_links":{"self":[{"href":"https:\/\/www.hg-cooker.com\/de\/wp-json\/wp\/v2\/product\/5434","targetHints":{"allow":["GET"]}}],"collection":[{"href":"https:\/\/www.hg-cooker.com\/de\/wp-json\/wp\/v2\/product"}],"about":[{"href":"https:\/\/www.hg-cooker.com\/de\/wp-json\/wp\/v2\/types\/product"}],"replies":[{"embeddable":true,"href":"https:\/\/www.hg-cooker.com\/de\/wp-json\/wp\/v2\/comments?post=5434"}],"wp:featuredmedia":[{"embeddable":true,"href":"https:\/\/www.hg-cooker.com\/de\/wp-json\/wp\/v2\/media\/5437"}],"wp:attachment":[{"href":"https:\/\/www.hg-cooker.com\/de\/wp-json\/wp\/v2\/media?parent=5434"}],"wp:term":[{"taxonomy":"product_brand","embeddable":true,"href":"https:\/\/www.hg-cooker.com\/de\/wp-json\/wp\/v2\/product_brand?post=5434"},{"taxonomy":"product_cat","embeddable":true,"href":"https:\/\/www.hg-cooker.com\/de\/wp-json\/wp\/v2\/product_cat?post=5434"},{"taxonomy":"product_tag","embeddable":true,"href":"https:\/\/www.hg-cooker.com\/de\/wp-json\/wp\/v2\/product_tag?post=5434"}],"curies":[{"name":"wp","href":"https:\/\/api.w.org\/{rel}","templated":true}]}}