{"id":5429,"date":"2025-05-22T03:32:08","date_gmt":"2025-05-22T03:32:08","guid":{"rendered":"https:\/\/www.hg-cooker.com\/?post_type=product&#038;p=5429"},"modified":"2025-06-01T14:59:41","modified_gmt":"2025-06-01T14:59:41","slug":"milchkannchen-aus-edelstahl-im-groshandel-68","status":"publish","type":"product","link":"https:\/\/www.hg-cooker.com\/de\/produkt\/milchkannchen-aus-edelstahl-im-groshandel-68\/","title":{"rendered":"Gro\u00dfhandel Antihaft-Kochtopf \/ Milchtopf, Tri Ply Edelstahl Material, drei Gr\u00f6\u00dfen: 18cm, 20cm und 22cm"},"content":{"rendered":"<h3 class=\"wp-block-heading\">Parameter des Antihaft-Kochtopfes <\/h3>\n\n\n\n<figure class=\"wp-block-table\"><table class=\"has-fixed-layout\"><tbody><tr><td>Artikel Nr.<\/td><td>Gr\u00f6\u00dfe<\/td><td>Material<\/td><td>Menge\/Packung<\/td><td>Abmessungen der Verpackung (cm)<\/td><\/tr><tr><td>HG-SCGNG18<\/td><td>18 cm<\/td><td>304 Edelstahl<\/td><td>8 St\u00fcck\/Karton<\/td><td>41 \u00d7 42 \u00d7 55<\/td><\/tr><tr><td>HG-SCGNG20<\/td><td>20 cm<\/td><td>304 Edelstahl<\/td><td>8 St\u00fcck\/Karton<\/td><td>43 \u00d7 46 \u00d7 57<\/td><\/tr><tr><td>HG-SCGNG22<\/td><td>22 cm<\/td><td>304 Edelstahl<\/td><td>8 St\u00fcck\/Karton<\/td><td>45 \u00d7 50 \u00d7 59<\/td><\/tr><\/tbody><\/table><\/figure>\n\n\n\n<div class=\"wp-block-columns is-layout-flex wp-container-core-columns-is-layout-9d6595d7 wp-block-columns-is-layout-flex\">\n<div class=\"wp-block-column is-layout-flow wp-block-column-is-layout-flow\"><\/div>\n\n\n\n<div class=\"wp-block-column is-layout-flow wp-block-column-is-layout-flow\"><\/div>\n<\/div>\n\n\n\n<h3 class=\"wp-block-heading\">Verwandte Parameter der Kochgeschirrserie<\/h3>\n\n\n\n<figure class=\"wp-block-image size-full\"><img fetchpriority=\"high\" decoding=\"async\" width=\"3354\" height=\"1701\" src=\"https:\/\/www.hg-cooker.com\/wp-content\/uploads\/2025\/05\/Hengguang-cooking-pot-series-parameters.jpg\" alt=\"Hengguang Kochtopf Serie Parameter\" class=\"wp-image-5428\" srcset=\"https:\/\/www.hg-cooker.com\/wp-content\/uploads\/2025\/05\/Hengguang-cooking-pot-series-parameters.jpg 3354w, https:\/\/www.hg-cooker.com\/wp-content\/uploads\/2025\/05\/Hengguang-cooking-pot-series-parameters-150x76.jpg 150w, https:\/\/www.hg-cooker.com\/wp-content\/uploads\/2025\/05\/Hengguang-cooking-pot-series-parameters-660x335.jpg 660w, https:\/\/www.hg-cooker.com\/wp-content\/uploads\/2025\/05\/Hengguang-cooking-pot-series-parameters-300x152.jpg 300w, https:\/\/www.hg-cooker.com\/wp-content\/uploads\/2025\/05\/Hengguang-cooking-pot-series-parameters-768x389.jpg 768w, https:\/\/www.hg-cooker.com\/wp-content\/uploads\/2025\/05\/Hengguang-cooking-pot-series-parameters-18x9.jpg 18w, https:\/\/www.hg-cooker.com\/wp-content\/uploads\/2025\/05\/Hengguang-cooking-pot-series-parameters-285x145.jpg 285w, https:\/\/www.hg-cooker.com\/wp-content\/uploads\/2025\/05\/Hengguang-cooking-pot-series-parameters-1600x811.jpg 1600w\" sizes=\"(max-width: 3354px) 100vw, 3354px\" \/><figcaption class=\"wp-element-caption\">Hengguang Kochtopf Serie Parameter<\/figcaption><\/figure>\n\n\n\n<div class=\"wp-block-columns is-layout-flex wp-container-core-columns-is-layout-9d6595d7 wp-block-columns-is-layout-flex\">\n<div class=\"wp-block-column is-layout-flow wp-block-column-is-layout-flow\"><\/div>\n\n\n\n<div class=\"wp-block-column is-layout-flow wp-block-column-is-layout-flow\"><\/div>\n\n\n\n<div class=\"wp-block-column is-layout-flow wp-block-column-is-layout-flow\"><\/div>\n<\/div>\n\n\n\n<div class=\"wp-block-columns is-layout-flex wp-container-core-columns-is-layout-9d6595d7 wp-block-columns-is-layout-flex\">\n<div class=\"wp-block-column is-layout-flow wp-block-column-is-layout-flow\"><\/div>\n\n\n\n<div class=\"wp-block-column is-layout-flow wp-block-column-is-layout-flow\"><\/div>\n\n\n\n<div class=\"wp-block-column is-layout-flow wp-block-column-is-layout-flow\"><\/div>\n<\/div>\n\n\n\n<div class=\"wp-block-columns is-layout-flex wp-container-core-columns-is-layout-9d6595d7 wp-block-columns-is-layout-flex\">\n<div class=\"wp-block-column is-layout-flow wp-block-column-is-layout-flow\"><\/div>\n\n\n\n<div class=\"wp-block-column is-layout-flow wp-block-column-is-layout-flow\"><\/div>\n\n\n\n<div class=\"wp-block-column is-layout-flow wp-block-column-is-layout-flow\"><\/div>\n<\/div>\n\n\n\n<div class=\"wp-block-columns is-layout-flex wp-container-core-columns-is-layout-9d6595d7 wp-block-columns-is-layout-flex\">\n<div class=\"wp-block-column is-layout-flow wp-block-column-is-layout-flow\"><\/div>\n\n\n\n<div class=\"wp-block-column is-layout-flow wp-block-column-is-layout-flow\"><\/div>\n\n\n\n<div class=\"wp-block-column is-layout-flow wp-block-column-is-layout-flow\"><\/div>\n<\/div>\n\n\n\n<div class=\"wp-block-columns is-layout-flex wp-container-core-columns-is-layout-9d6595d7 wp-block-columns-is-layout-flex\">\n<div class=\"wp-block-column is-layout-flow wp-block-column-is-layout-flow\"><\/div>\n\n\n\n<div class=\"wp-block-column is-layout-flow wp-block-column-is-layout-flow\"><\/div>\n\n\n\n<div class=\"wp-block-column is-layout-flow wp-block-column-is-layout-flow\"><\/div>\n<\/div>\n\n\n\n<div class=\"wp-block-columns is-layout-flex wp-container-core-columns-is-layout-9d6595d7 wp-block-columns-is-layout-flex\">\n<div class=\"wp-block-column is-layout-flow wp-block-column-is-layout-flow\"><\/div>\n\n\n\n<div class=\"wp-block-column is-layout-flow wp-block-column-is-layout-flow\"><\/div>\n\n\n\n<div class=\"wp-block-column is-layout-flow wp-block-column-is-layout-flow\"><\/div>\n<\/div>\n\n\n\n<div class=\"wp-block-columns is-layout-flex wp-container-core-columns-is-layout-9d6595d7 wp-block-columns-is-layout-flex\">\n<div class=\"wp-block-column is-layout-flow wp-block-column-is-layout-flow\"><\/div>\n\n\n\n<div class=\"wp-block-column is-layout-flow wp-block-column-is-layout-flow\"><\/div>\n\n\n\n<div class=\"wp-block-column is-layout-flow wp-block-column-is-layout-flow\"><\/div>\n<\/div>","protected":false},"excerpt":{"rendered":"<p>Gro\u00dfhandel Antihaft-Kochtopf, aus hochwertigem dreischichtigem Edelstahl, heizt schnell auf und leitet die W\u00e4rme gleichm\u00e4\u00dfig. Die innere Oberfl\u00e4che ist eine lebensmittelechte Antihaftbeschichtung f\u00fcr ges\u00fcnderes und sparsameres Kochen. Support OEM-und ODM-Anpassung, willkommen, uns f\u00fcr ein Angebot zu kontaktieren.<\/p>\n<h2>Eigenschaften von Antihaft-Kochtopf<\/h2>\n<p><strong>Dreilagige Konstruktion aus rostfreiem Stahl:<\/strong> Mit einer dreischichtigen Verbundstruktur - Edelstahl + Aluminiumkern + Edelstahl - erhitzt dieser Milchtopf die Speisen schnell und gleichm\u00e4\u00dfig.<\/p>\n<p><strong>Lebensmittelsichere Materialien:<\/strong> Dieser Kochtopf ist aus hochwertigem 304er-Edelstahl gefertigt, der sich perfekt f\u00fcr den langfristigen Einsatz in privaten und gewerblichen K\u00fcchen eignet.<\/p>\n<p><strong>Antihaftbeschichtete Innenfl\u00e4che:<\/strong> Dank der lebensmittelechten Antihaftbeschichtung ist die Reinigung einfacher. Sie verbrauchen weniger \u00d6l, was perfekt f\u00fcr die Zubereitung fettarmer Speisen ist.<\/p>\n<p><strong>Mehrere Gr\u00f6\u00dfen verf\u00fcgbar:<\/strong> Erh\u00e4ltlich in drei Gr\u00f6\u00dfen von 18 cm, 20 cm und 22 cm, kann er verschiedene Kochbed\u00fcrfnisse in unterschiedlichen Szenarien erf\u00fcllen.<\/p>\n<p><strong>Kompatibel mit mehreren Herden:<\/strong> Geeignet f\u00fcr Gasherde, Induktionsherde und andere Herde, geeignet f\u00fcr verschiedene K\u00fcchentypen.<\/p>","protected":false},"featured_media":5433,"comment_status":"closed","ping_status":"closed","template":"","meta":[],"product_brand":[],"product_cat":[52],"product_tag":[],"class_list":{"0":"post-5429","1":"product","2":"type-product","3":"status-publish","4":"has-post-thumbnail","6":"product_cat-stainless-steel-cookware","8":"first","9":"instock","10":"shipping-taxable","11":"product-type-simple"},"_links":{"self":[{"href":"https:\/\/www.hg-cooker.com\/de\/wp-json\/wp\/v2\/product\/5429","targetHints":{"allow":["GET"]}}],"collection":[{"href":"https:\/\/www.hg-cooker.com\/de\/wp-json\/wp\/v2\/product"}],"about":[{"href":"https:\/\/www.hg-cooker.com\/de\/wp-json\/wp\/v2\/types\/product"}],"replies":[{"embeddable":true,"href":"https:\/\/www.hg-cooker.com\/de\/wp-json\/wp\/v2\/comments?post=5429"}],"wp:featuredmedia":[{"embeddable":true,"href":"https:\/\/www.hg-cooker.com\/de\/wp-json\/wp\/v2\/media\/5433"}],"wp:attachment":[{"href":"https:\/\/www.hg-cooker.com\/de\/wp-json\/wp\/v2\/media?parent=5429"}],"wp:term":[{"taxonomy":"product_brand","embeddable":true,"href":"https:\/\/www.hg-cooker.com\/de\/wp-json\/wp\/v2\/product_brand?post=5429"},{"taxonomy":"product_cat","embeddable":true,"href":"https:\/\/www.hg-cooker.com\/de\/wp-json\/wp\/v2\/product_cat?post=5429"},{"taxonomy":"product_tag","embeddable":true,"href":"https:\/\/www.hg-cooker.com\/de\/wp-json\/wp\/v2\/product_tag?post=5429"}],"curies":[{"name":"wp","href":"https:\/\/api.w.org\/{rel}","templated":true}]}}