{"id":5422,"date":"2025-08-27T03:03:27","date_gmt":"2025-08-27T03:03:27","guid":{"rendered":"https:\/\/www.hg-cooker.com\/?post_type=product&#038;p=5422"},"modified":"2025-09-13T02:33:31","modified_gmt":"2025-09-13T02:33:31","slug":"milchkannchen-aus-edelstahl-im-groshandel-67","status":"publish","type":"product","link":"https:\/\/www.hg-cooker.com\/de\/produkt\/milchkannchen-aus-edelstahl-im-groshandel-67\/","title":{"rendered":"Gro\u00dfhandel Edelstahl Schnee Pan\/Yukinabe, 304 Material, drei Gr\u00f6\u00dfen\uff1a18cm, 20cm, 22cm"},"content":{"rendered":"<h3 class=\"wp-block-heading\">Parameter der Schneeschale aus Edelstahl<\/h3>\n\n\n\n<figure class=\"wp-block-table\"><table class=\"has-fixed-layout\"><tbody><tr><td>Artikel Nr.<\/td><td>Gr\u00f6\u00dfe<\/td><td>Material<\/td><td>Menge\/Packung<\/td><td>Abmessungen der Verpackung (cm)<\/td><\/tr><tr><td>HG-WTCNG16<\/td><td>16cm<\/td><td>304 Edelstahl<\/td><td>6 St\u00fcck<\/td><td>67 \u00d7 51 \u00d7 38<\/td><\/tr><tr><td>HG-WTCNG18<\/td><td>18cm<\/td><td>304 Edelstahl<\/td><td>6 St\u00fcck<\/td><td><br>71 \u00d7 56 \u00d7 42<\/td><\/tr><\/tbody><\/table><\/figure>\n\n\n\n<h3 class=\"wp-block-heading\">Verwandte Parameter der Kochgeschirrserie<\/h3>\n\n\n\n<figure class=\"wp-block-image size-full\"><img fetchpriority=\"high\" decoding=\"async\" width=\"3354\" height=\"1701\" src=\"https:\/\/www.hg-cooker.com\/wp-content\/uploads\/2025\/05\/Hengguang-cooking-pot-series-parameters.webp\" alt=\"Hengguang Kochtopf Serie Parameter\" class=\"wp-image-5420\" srcset=\"https:\/\/www.hg-cooker.com\/wp-content\/uploads\/2025\/05\/Hengguang-cooking-pot-series-parameters.webp 3354w, https:\/\/www.hg-cooker.com\/wp-content\/uploads\/2025\/05\/Hengguang-cooking-pot-series-parameters-150x76.webp 150w, https:\/\/www.hg-cooker.com\/wp-content\/uploads\/2025\/05\/Hengguang-cooking-pot-series-parameters-660x335.webp 660w, https:\/\/www.hg-cooker.com\/wp-content\/uploads\/2025\/05\/Hengguang-cooking-pot-series-parameters-300x152.webp 300w, https:\/\/www.hg-cooker.com\/wp-content\/uploads\/2025\/05\/Hengguang-cooking-pot-series-parameters-768x389.webp 768w, https:\/\/www.hg-cooker.com\/wp-content\/uploads\/2025\/05\/Hengguang-cooking-pot-series-parameters-18x9.webp 18w, https:\/\/www.hg-cooker.com\/wp-content\/uploads\/2025\/05\/Hengguang-cooking-pot-series-parameters-285x145.webp 285w, https:\/\/www.hg-cooker.com\/wp-content\/uploads\/2025\/05\/Hengguang-cooking-pot-series-parameters-1600x811.webp 1600w\" sizes=\"(max-width: 3354px) 100vw, 3354px\" \/><figcaption class=\"wp-element-caption\">Hengguang Kochtopf Serie Parameter<\/figcaption><\/figure>\n\n\n\n<div class=\"wp-block-columns is-layout-flex wp-container-core-columns-is-layout-9d6595d7 wp-block-columns-is-layout-flex\">\n<div class=\"wp-block-column is-layout-flow wp-block-column-is-layout-flow\"><\/div>\n\n\n\n<div class=\"wp-block-column is-layout-flow wp-block-column-is-layout-flow\"><\/div>\n\n\n\n<div class=\"wp-block-column is-layout-flow wp-block-column-is-layout-flow\"><\/div>\n<\/div>\n\n\n\n<div class=\"wp-block-columns is-layout-flex wp-container-core-columns-is-layout-9d6595d7 wp-block-columns-is-layout-flex\">\n<div class=\"wp-block-column is-layout-flow wp-block-column-is-layout-flow\"><\/div>\n\n\n\n<div class=\"wp-block-column is-layout-flow wp-block-column-is-layout-flow\"><\/div>\n\n\n\n<div class=\"wp-block-column is-layout-flow wp-block-column-is-layout-flow\"><\/div>\n<\/div>\n\n\n\n<div class=\"wp-block-columns is-layout-flex wp-container-core-columns-is-layout-9d6595d7 wp-block-columns-is-layout-flex\">\n<div class=\"wp-block-column is-layout-flow wp-block-column-is-layout-flow\"><\/div>\n\n\n\n<div class=\"wp-block-column is-layout-flow wp-block-column-is-layout-flow\"><\/div>\n\n\n\n<div class=\"wp-block-column is-layout-flow wp-block-column-is-layout-flow\"><\/div>\n<\/div>\n\n\n\n<div class=\"wp-block-columns is-layout-flex wp-container-core-columns-is-layout-9d6595d7 wp-block-columns-is-layout-flex\">\n<div class=\"wp-block-column is-layout-flow wp-block-column-is-layout-flow\"><\/div>\n\n\n\n<div class=\"wp-block-column is-layout-flow wp-block-column-is-layout-flow\"><\/div>\n\n\n\n<div class=\"wp-block-column is-layout-flow wp-block-column-is-layout-flow\"><\/div>\n<\/div>\n\n\n\n<div class=\"wp-block-columns is-layout-flex wp-container-core-columns-is-layout-9d6595d7 wp-block-columns-is-layout-flex\">\n<div class=\"wp-block-column is-layout-flow wp-block-column-is-layout-flow\"><\/div>\n\n\n\n<div class=\"wp-block-column is-layout-flow wp-block-column-is-layout-flow\"><\/div>\n\n\n\n<div class=\"wp-block-column is-layout-flow wp-block-column-is-layout-flow\"><\/div>\n<\/div>\n\n\n\n<div class=\"wp-block-columns is-layout-flex wp-container-core-columns-is-layout-9d6595d7 wp-block-columns-is-layout-flex\">\n<div class=\"wp-block-column is-layout-flow wp-block-column-is-layout-flow\"><\/div>\n\n\n\n<div class=\"wp-block-column is-layout-flow wp-block-column-is-layout-flow\"><\/div>\n\n\n\n<div class=\"wp-block-column is-layout-flow wp-block-column-is-layout-flow\"><\/div>\n<\/div>\n\n\n\n<div class=\"wp-block-columns is-layout-flex wp-container-core-columns-is-layout-9d6595d7 wp-block-columns-is-layout-flex\">\n<div class=\"wp-block-column is-layout-flow wp-block-column-is-layout-flow\"><\/div>\n\n\n\n<div class=\"wp-block-column is-layout-flow wp-block-column-is-layout-flow\"><\/div>\n\n\n\n<div class=\"wp-block-column is-layout-flow wp-block-column-is-layout-flow\"><\/div>\n<\/div>","protected":false},"excerpt":{"rendered":"<p>Gro\u00dfhandel Edelstahl Schnee Pfannen, ideal zum Kochen, Schmoren und Kochen hei\u00dfen Topf. Wir bieten drei g\u00e4ngige Gr\u00f6\u00dfen: 18cm, 20cm und 22cm. Unterst\u00fctzung OEM-Service, willkommen, uns f\u00fcr ein Angebot zu kontaktieren.<\/p>\n<h2>Eigenschaften von Edelstahl-Schneewanne<\/h2>\n<p><strong>Elegantes Aussehen:<\/strong> Die Kombination des Designstils der traditionellen Yukinabe mit der zarten Textur ist sowohl praktisch als auch sch\u00f6n.<\/p>\n<p><strong>Griff aus Holz:<\/strong> Die Schneepfanne ist mit einem Holzgriff ausgestattet, der bequem in der Hand liegt und Verbrennungen beim Kochen bei hohen Temperaturen wirksam verhindern kann, was ihre Verwendung sicherer macht.<\/p>\n<p><strong>Leicht zu reinigen:<\/strong> Die glatte Innenwand aus rostfreiem Stahl ist leicht zu reinigen und unterst\u00fctzt die Reinigung in der Sp\u00fclmaschine, geeignet f\u00fcr schnelllebige Familien oder Gro\u00dfk\u00fcchen.<\/p>\n<p><strong>Anwendbare Szenarien:<\/strong> Die Schneepfanne eignet sich sehr gut f\u00fcr den Gebrauch in Haushalten und japanischen Restaurants. Sie kann zum Schmoren von Suppe, Kochen von Nudeln, Hot Pot, Oden usw. verwendet werden.<\/p>\n<p><strong>OEM&amp;ODM-Service-Unterst\u00fctzung:<\/strong> Unterst\u00fctzt mehrdimensionale Anpassungen, einschlie\u00dflich Lasergravur des Logos, individuelle Gr\u00f6\u00dfe und Verpackung usw.<\/p>","protected":false},"featured_media":5427,"comment_status":"closed","ping_status":"closed","template":"","meta":[],"product_brand":[],"product_cat":[52],"product_tag":[],"class_list":{"0":"post-5422","1":"product","2":"type-product","3":"status-publish","4":"has-post-thumbnail","6":"product_cat-stainless-steel-cookware","8":"first","9":"instock","10":"shipping-taxable","11":"product-type-simple"},"_links":{"self":[{"href":"https:\/\/www.hg-cooker.com\/de\/wp-json\/wp\/v2\/product\/5422","targetHints":{"allow":["GET"]}}],"collection":[{"href":"https:\/\/www.hg-cooker.com\/de\/wp-json\/wp\/v2\/product"}],"about":[{"href":"https:\/\/www.hg-cooker.com\/de\/wp-json\/wp\/v2\/types\/product"}],"replies":[{"embeddable":true,"href":"https:\/\/www.hg-cooker.com\/de\/wp-json\/wp\/v2\/comments?post=5422"}],"wp:featuredmedia":[{"embeddable":true,"href":"https:\/\/www.hg-cooker.com\/de\/wp-json\/wp\/v2\/media\/5427"}],"wp:attachment":[{"href":"https:\/\/www.hg-cooker.com\/de\/wp-json\/wp\/v2\/media?parent=5422"}],"wp:term":[{"taxonomy":"product_brand","embeddable":true,"href":"https:\/\/www.hg-cooker.com\/de\/wp-json\/wp\/v2\/product_brand?post=5422"},{"taxonomy":"product_cat","embeddable":true,"href":"https:\/\/www.hg-cooker.com\/de\/wp-json\/wp\/v2\/product_cat?post=5422"},{"taxonomy":"product_tag","embeddable":true,"href":"https:\/\/www.hg-cooker.com\/de\/wp-json\/wp\/v2\/product_tag?post=5422"}],"curies":[{"name":"wp","href":"https:\/\/api.w.org\/{rel}","templated":true}]}}