{"id":5414,"date":"2025-08-16T01:08:31","date_gmt":"2025-08-16T01:08:31","guid":{"rendered":"https:\/\/www.hg-cooker.com\/?post_type=product&#038;p=5414"},"modified":"2025-09-13T02:45:35","modified_gmt":"2025-09-13T02:45:35","slug":"milchkannchen-aus-edelstahl-im-groshandel-66","status":"publish","type":"product","link":"https:\/\/www.hg-cooker.com\/de\/produkt\/milchkannchen-aus-edelstahl-im-groshandel-66\/","title":{"rendered":"Gro\u00dfhandel Edelstahl Milchtopf, zwei Gr\u00f6\u00dfen: 16cm und 18cm - Unbeschichtet, Lebensmittelqualit\u00e4t aus Edelstahl"},"content":{"rendered":"<h3 class=\"wp-block-heading\">Parameter der Edelstahl-Milchkanne<\/h3>\n\n\n\n<figure class=\"wp-block-table\"><table class=\"has-fixed-layout\"><tbody><tr><td>Art Nummer<\/td><td>Spezifikationen<\/td><td>Material<\/td><td>Verpackung Menge<\/td><td>Packungsgr\u00f6\u00dfe (cm)<\/td><\/tr><tr><td>HG-WTCNG16<\/td><td>16cm<\/td><td>304 Edelstahl<\/td><td>6 St\u00fcck<\/td><td>67\u00d751\u00d738<\/td><\/tr><tr><td>HG-WTCNG18<\/td><td>18cm<\/td><td>304 Edelstahl<\/td><td>6 St\u00fcck<\/td><td>71\u00d756\u00d742<\/td><\/tr><\/tbody><\/table><\/figure>\n\n\n\n<h3 class=\"wp-block-heading\">Verwandte Parameter der Kochgeschirrserie<\/h3>\n\n\n<div class=\"wp-block-image\">\n<figure class=\"aligncenter size-full\"><img fetchpriority=\"high\" decoding=\"async\" width=\"3354\" height=\"1701\" src=\"https:\/\/www.hg-cooker.com\/wp-content\/uploads\/2025\/05\/Hengguang-cooking-pot-series-parameters.webp\" alt=\"Hengguang Kochtopf Serie Parameter\" class=\"wp-image-5420\" srcset=\"https:\/\/www.hg-cooker.com\/wp-content\/uploads\/2025\/05\/Hengguang-cooking-pot-series-parameters.webp 3354w, https:\/\/www.hg-cooker.com\/wp-content\/uploads\/2025\/05\/Hengguang-cooking-pot-series-parameters-150x76.webp 150w, https:\/\/www.hg-cooker.com\/wp-content\/uploads\/2025\/05\/Hengguang-cooking-pot-series-parameters-660x335.webp 660w, https:\/\/www.hg-cooker.com\/wp-content\/uploads\/2025\/05\/Hengguang-cooking-pot-series-parameters-300x152.webp 300w, https:\/\/www.hg-cooker.com\/wp-content\/uploads\/2025\/05\/Hengguang-cooking-pot-series-parameters-768x389.webp 768w, https:\/\/www.hg-cooker.com\/wp-content\/uploads\/2025\/05\/Hengguang-cooking-pot-series-parameters-18x9.webp 18w, https:\/\/www.hg-cooker.com\/wp-content\/uploads\/2025\/05\/Hengguang-cooking-pot-series-parameters-285x145.webp 285w, https:\/\/www.hg-cooker.com\/wp-content\/uploads\/2025\/05\/Hengguang-cooking-pot-series-parameters-1600x811.webp 1600w\" sizes=\"(max-width: 3354px) 100vw, 3354px\" \/><figcaption class=\"wp-element-caption\">Hengguang Kochtopf Serie Parameter<\/figcaption><\/figure>\n<\/div>\n\n\n<p><\/p>","protected":false},"excerpt":{"rendered":"<p>Gro\u00dfhandel Edelstahl-Milchkannen, 16cm und 18cm in zwei Gr\u00f6\u00dfen, geeignet f\u00fcr Hausk\u00fcchen, Schlafs\u00e4le und sogar f\u00fcr den Au\u00dfenbereich, zum Erw\u00e4rmen von Milch, zur Zubereitung von Babynahrung, zum Kochen von Eiern oder zum Zubereiten von So\u00dfen.<\/p>\n<h2>Merkmale der Edelstahl-Milchkanne<\/h2>\n<p><strong>Lebensmittelgeeignetes Material aus Edelstahl:<\/strong> Er ist aus hochwertigem 304er-Edelstahl gefertigt und entspricht den internationalen Standards f\u00fcr Lebensmittelsicherheit.<\/p>\n<p><strong>Unbeschichtetes Design:<\/strong> Unbeschichtetes Design, so dass diese Edelstahl-Milchkanne keine Angst vor Kratzern oder Beschichtungsabl\u00f6sung haben muss und eine l\u00e4ngere Lebensdauer hat.<\/p>\n<p><strong>Ergonomisch geformter Griff:<\/strong> Ausgestattet mit einem verbr\u00fchungssicheren Griff, liegt er stabil in der Hand und l\u00e4sst sich sicher bewegen.<\/p>\n<p><strong>Multiszenen-Anwendung:<\/strong> Die kleine Milchkanne kann in K\u00fcchen zu Hause, in Studentenwohnheimen, bei Campingpicknicks und in der Gastronomie verwendet werden.<\/p>\n<p><strong>OEM- und ODM-Service:<\/strong> Logo, \u00e4u\u00dfere Verpackung, Grifffarbe, Gr\u00f6\u00dfe und Dicke sind anpassbar. Der Deckel kann aus Glas oder Edelstahl sein, um verschiedenen Marktpr\u00e4ferenzen gerecht zu werden.<\/p>","protected":false},"featured_media":5418,"comment_status":"closed","ping_status":"closed","template":"","meta":[],"product_brand":[],"product_cat":[52],"product_tag":[],"class_list":{"0":"post-5414","1":"product","2":"type-product","3":"status-publish","4":"has-post-thumbnail","6":"product_cat-stainless-steel-cookware","8":"first","9":"instock","10":"shipping-taxable","11":"product-type-simple"},"_links":{"self":[{"href":"https:\/\/www.hg-cooker.com\/de\/wp-json\/wp\/v2\/product\/5414","targetHints":{"allow":["GET"]}}],"collection":[{"href":"https:\/\/www.hg-cooker.com\/de\/wp-json\/wp\/v2\/product"}],"about":[{"href":"https:\/\/www.hg-cooker.com\/de\/wp-json\/wp\/v2\/types\/product"}],"replies":[{"embeddable":true,"href":"https:\/\/www.hg-cooker.com\/de\/wp-json\/wp\/v2\/comments?post=5414"}],"wp:featuredmedia":[{"embeddable":true,"href":"https:\/\/www.hg-cooker.com\/de\/wp-json\/wp\/v2\/media\/5418"}],"wp:attachment":[{"href":"https:\/\/www.hg-cooker.com\/de\/wp-json\/wp\/v2\/media?parent=5414"}],"wp:term":[{"taxonomy":"product_brand","embeddable":true,"href":"https:\/\/www.hg-cooker.com\/de\/wp-json\/wp\/v2\/product_brand?post=5414"},{"taxonomy":"product_cat","embeddable":true,"href":"https:\/\/www.hg-cooker.com\/de\/wp-json\/wp\/v2\/product_cat?post=5414"},{"taxonomy":"product_tag","embeddable":true,"href":"https:\/\/www.hg-cooker.com\/de\/wp-json\/wp\/v2\/product_tag?post=5414"}],"curies":[{"name":"wp","href":"https:\/\/api.w.org\/{rel}","templated":true}]}}