{"id":5301,"date":"2025-04-10T08:53:49","date_gmt":"2025-04-10T08:53:49","guid":{"rendered":"https:\/\/www.hg-cooker.com\/?post_type=product&#038;p=5301"},"modified":"2025-04-10T09:20:37","modified_gmt":"2025-04-10T09:20:37","slug":"milchkannchen-aus-edelstahl-im-groshandel-65","status":"publish","type":"product","link":"https:\/\/www.hg-cooker.com\/de\/produkt\/milchkannchen-aus-edelstahl-im-groshandel-65\/","title":{"rendered":"Gro\u00dfhandel Tri Ply Edelstahl Material f\u00fcr Kochgeschirr Herstellung"},"content":{"rendered":"<div class=\"wp-block-columns is-layout-flex wp-container-core-columns-is-layout-9d6595d7 wp-block-columns-is-layout-flex\">\n<div class=\"wp-block-column is-layout-flow wp-block-column-is-layout-flow\">\n<h2 class=\"wp-block-heading\">Parameter von dreilagigen Scheiben aus Edelstahl<\/h2>\n\n\n\n<p><strong>Produktname<\/strong>Dreilagige Verbundscheiben aus rostfreiem Stahl<\/p>\n\n\n\n<p><strong>Material des Produkts<\/strong>304\/316-Edelstahl + Aluminium+430-Edelstahl<br><br><strong>Optionale Produktdicke<\/strong>:<br>1.8mm\/2.0mm\/2.2mm\/2.5mm\/3.0mm<\/p>\n\n\n\n<p><strong>Produktformen<\/strong>:kreisf\u00f6rmig \/ speziell geformt<\/p>\n\n\n\n<p><strong>Optionale Gr\u00f6\u00dfe des Produkts<\/strong>:<br>Die Kreisgr\u00f6\u00dfe kann 250mm-500mm betragen.<br>Sonderformate k\u00f6nnen 900 mm lang sein.<\/p>\n<\/div>\n\n\n\n<div class=\"wp-block-column is-layout-flow wp-block-column-is-layout-flow\">\n<h2 class=\"wp-block-heading\">Anpassbare Optionen<\/h2>\n\n\n\n<p><strong>Muster<\/strong>Passen Sie alle Arten von Mustern auf den dreilagigen Edelstahlscheiben an.<br><br><strong>Material<\/strong>:304\/316 Edelstahl + Aluminium + 430 Edelstahl<br><br><strong>Gr\u00f6\u00dfe<\/strong>:Passen Sie die verschiedenen Gr\u00f6\u00dfen der dreilagigen Edelstahlscheiben an.<br><br><strong>Formen<\/strong>:Runde Platten \/ Jede Sonderform<br><br><strong>MOQ<\/strong>:1000 St\u00fcck<\/p>\n\n\n\n<p><a href=\"https:\/\/www.hg-cooker.com\/de\/dreilagige-scheiben-aus-rostfreiem-stahl\/\" target=\"_blank\" rel=\"noreferrer noopener\"><strong>Entdecken Sie weitere Details zu dreilagigen Scheiben aus Edelstahl<\/strong><\/a><\/p>\n<\/div>\n<\/div>\n\n\n\n<div class=\"wp-block-columns is-layout-flex wp-container-core-columns-is-layout-9d6595d7 wp-block-columns-is-layout-flex\">\n<div class=\"wp-block-column is-layout-flow wp-block-column-is-layout-flow\">\n<figure class=\"wp-block-image size-full\"><img fetchpriority=\"high\" decoding=\"async\" width=\"1800\" height=\"1350\" src=\"https:\/\/www.hg-cooker.com\/wp-content\/uploads\/2025\/04\/Henguang-tri-ply-stainless-steel-material-manufacturing-factory-1.webp\" alt=\"Henguang dreilagige Fabrik zur Herstellung von rostfreiem Stahlmaterial (1)\" class=\"wp-image-5306\" srcset=\"https:\/\/www.hg-cooker.com\/wp-content\/uploads\/2025\/04\/Henguang-tri-ply-stainless-steel-material-manufacturing-factory-1.webp 1800w, https:\/\/www.hg-cooker.com\/wp-content\/uploads\/2025\/04\/Henguang-tri-ply-stainless-steel-material-manufacturing-factory-1-150x113.webp 150w, https:\/\/www.hg-cooker.com\/wp-content\/uploads\/2025\/04\/Henguang-tri-ply-stainless-steel-material-manufacturing-factory-1-660x495.webp 660w, https:\/\/www.hg-cooker.com\/wp-content\/uploads\/2025\/04\/Henguang-tri-ply-stainless-steel-material-manufacturing-factory-1-300x225.webp 300w, https:\/\/www.hg-cooker.com\/wp-content\/uploads\/2025\/04\/Henguang-tri-ply-stainless-steel-material-manufacturing-factory-1-768x576.webp 768w, https:\/\/www.hg-cooker.com\/wp-content\/uploads\/2025\/04\/Henguang-tri-ply-stainless-steel-material-manufacturing-factory-1-16x12.webp 16w, https:\/\/www.hg-cooker.com\/wp-content\/uploads\/2025\/04\/Henguang-tri-ply-stainless-steel-material-manufacturing-factory-1-285x214.webp 285w, https:\/\/www.hg-cooker.com\/wp-content\/uploads\/2025\/04\/Henguang-tri-ply-stainless-steel-material-manufacturing-factory-1-1600x1200.webp 1600w, https:\/\/www.hg-cooker.com\/wp-content\/uploads\/2025\/04\/Henguang-tri-ply-stainless-steel-material-manufacturing-factory-1-800x600.webp 800w\" sizes=\"(max-width: 1800px) 100vw, 1800px\" \/><\/figure>\n<\/div>\n\n\n\n<div class=\"wp-block-column is-layout-flow wp-block-column-is-layout-flow\">\n<figure class=\"wp-block-image size-full\"><img decoding=\"async\" width=\"1800\" height=\"1350\" src=\"https:\/\/www.hg-cooker.com\/wp-content\/uploads\/2025\/04\/Henguang-tri-ply-stainless-steel-material-manufacturing-factory-2.webp\" alt=\"Henguang dreilagige Fabrik zur Herstellung von rostfreiem Stahlmaterial (2)\" class=\"wp-image-5308\" srcset=\"https:\/\/www.hg-cooker.com\/wp-content\/uploads\/2025\/04\/Henguang-tri-ply-stainless-steel-material-manufacturing-factory-2.webp 1800w, https:\/\/www.hg-cooker.com\/wp-content\/uploads\/2025\/04\/Henguang-tri-ply-stainless-steel-material-manufacturing-factory-2-150x113.webp 150w, https:\/\/www.hg-cooker.com\/wp-content\/uploads\/2025\/04\/Henguang-tri-ply-stainless-steel-material-manufacturing-factory-2-660x495.webp 660w, https:\/\/www.hg-cooker.com\/wp-content\/uploads\/2025\/04\/Henguang-tri-ply-stainless-steel-material-manufacturing-factory-2-300x225.webp 300w, https:\/\/www.hg-cooker.com\/wp-content\/uploads\/2025\/04\/Henguang-tri-ply-stainless-steel-material-manufacturing-factory-2-768x576.webp 768w, https:\/\/www.hg-cooker.com\/wp-content\/uploads\/2025\/04\/Henguang-tri-ply-stainless-steel-material-manufacturing-factory-2-16x12.webp 16w, https:\/\/www.hg-cooker.com\/wp-content\/uploads\/2025\/04\/Henguang-tri-ply-stainless-steel-material-manufacturing-factory-2-285x214.webp 285w, https:\/\/www.hg-cooker.com\/wp-content\/uploads\/2025\/04\/Henguang-tri-ply-stainless-steel-material-manufacturing-factory-2-1600x1200.webp 1600w, https:\/\/www.hg-cooker.com\/wp-content\/uploads\/2025\/04\/Henguang-tri-ply-stainless-steel-material-manufacturing-factory-2-800x600.webp 800w\" sizes=\"(max-width: 1800px) 100vw, 1800px\" \/><\/figure>\n<\/div>\n<\/div>","protected":false},"excerpt":{"rendered":"<p>Hengguang bietet qualitativ hochwertige dreischichtige Edelstahlmaterialien f\u00fcr die Herstellung von Kochgeschirr an und unterst\u00fctzt eine umfassende Anpassung, einschlie\u00dflich Dicke, Gr\u00f6\u00dfe, Textur, Form usw. Zuverl\u00e4ssige Lieferung, wettbewerbsf\u00e4higer Preis und schnelle Lieferung innerhalb von 15 Tagen.<\/p>\n<h2>Merkmale und Vorteile von dreilagigem Edelstahlmaterial<\/h2>\n<p><strong>Erstklassige Leistung:<\/strong> Dreilagiger rostfreier Stahl ist das Material der Wahl f\u00fcr Kochgeschirr von Profik\u00f6chen. Die Aufnahme dieses Materials in Ihre Produktlinie erm\u00f6glicht es Ihnen, hochwertige Verbraucher anzusprechen und den Markt f\u00fcr hochwertiges Kochgeschirr zu erschlie\u00dfen.<\/p>\n<p><strong>Hohe Langlebigkeit und strukturelle St\u00e4rke:<\/strong> Die dreilagige Konstruktion widersteht Verformungen selbst bei Hochtemperatur-Fertigungsverfahren wie Schlagverklebung und Druckverformung. Das bedeutet weniger Defekte, weniger R\u00fccksendungen und eine langfristige Produkthaltbarkeit.<\/p>\n<p><strong>Induktionstauglich und vielseitig:<\/strong> Der magnetische Edelstahlmantel macht das ultimative Kochgeschirr sowohl induktionsf\u00e4hig als auch mit allen anderen Herdarten kompatibel. Jetzt k\u00f6nnen Sie Ihr Kochgeschirr als ein wirklich universelles Produkt verkaufen und so einen breiteren Kundenstamm gewinnen.<\/p>\n<p><strong>Einfach zu verarbeiten:<\/strong> Unser dreilagiger Edelstahl ist leicht zu formen, zu schwei\u00dfen und zu polieren, so dass Sie Ihren Produktionsprozess rationalisieren und gleichzeitig eine hohe Qualit\u00e4t erzielen k\u00f6nnen.<\/p>\n<p><strong>Benutzerdefinierter Service:<\/strong> Wir bieten kundenspezifische Muster, Dicken, Gr\u00f6\u00dfen und Formen f\u00fcr dreifach rostfreien Stahl an, um Ihre Anforderungen an die Herstellung von Kochgeschirr zu erf\u00fcllen.<\/p>","protected":false},"featured_media":5303,"comment_status":"closed","ping_status":"closed","template":"","meta":[],"product_brand":[],"product_cat":[53],"product_tag":[],"class_list":{"0":"post-5301","1":"product","2":"type-product","3":"status-publish","4":"has-post-thumbnail","6":"product_cat-tri-ply-stainless-steel-discs","8":"first","9":"instock","10":"shipping-taxable","11":"product-type-simple"},"_links":{"self":[{"href":"https:\/\/www.hg-cooker.com\/de\/wp-json\/wp\/v2\/product\/5301","targetHints":{"allow":["GET"]}}],"collection":[{"href":"https:\/\/www.hg-cooker.com\/de\/wp-json\/wp\/v2\/product"}],"about":[{"href":"https:\/\/www.hg-cooker.com\/de\/wp-json\/wp\/v2\/types\/product"}],"replies":[{"embeddable":true,"href":"https:\/\/www.hg-cooker.com\/de\/wp-json\/wp\/v2\/comments?post=5301"}],"wp:featuredmedia":[{"embeddable":true,"href":"https:\/\/www.hg-cooker.com\/de\/wp-json\/wp\/v2\/media\/5303"}],"wp:attachment":[{"href":"https:\/\/www.hg-cooker.com\/de\/wp-json\/wp\/v2\/media?parent=5301"}],"wp:term":[{"taxonomy":"product_brand","embeddable":true,"href":"https:\/\/www.hg-cooker.com\/de\/wp-json\/wp\/v2\/product_brand?post=5301"},{"taxonomy":"product_cat","embeddable":true,"href":"https:\/\/www.hg-cooker.com\/de\/wp-json\/wp\/v2\/product_cat?post=5301"},{"taxonomy":"product_tag","embeddable":true,"href":"https:\/\/www.hg-cooker.com\/de\/wp-json\/wp\/v2\/product_tag?post=5301"}],"curies":[{"name":"wp","href":"https:\/\/api.w.org\/{rel}","templated":true}]}}